{"id":75716,"date":"2025-08-13T17:04:17","date_gmt":"2025-08-13T15:04:17","guid":{"rendered":"https:\/\/maisonroca.ad\/?post_type=product&#038;p=75716"},"modified":"2026-01-27T10:18:27","modified_gmt":"2026-01-27T09:18:27","slug":"boucles-doreilles-creoles-signature-tamara-comolli","status":"publish","type":"product","link":"https:\/\/maisonroca.ad\/fr\/boutique\/boucles-doreilles-creoles-signature-tamara-comolli\/","title":{"rendered":"BOUCLES D\u2019OREILLES CR\u00c9OLES SIGNATURE &#8211; TAMARA COMOLLI"},"content":{"rendered":"<p>Boucles d\u2019oreilles cr\u00e9oles Tamara Comolli Signature en or blanc et diamants.<\/p>\n<p>Les boucles d\u2019oreilles cr\u00e9oles Signature en or blanc, sont serties d\u2019un pavage de diamants, scintillant \u00e0 l\u2019int\u00e9rieur comme \u00e0 l\u2019ext\u00e9rieur pour un \u00e9clat incomparable. Leur forme torsad\u00e9e en goutte \u00e9voque le mouvement \u00e9l\u00e9gant de l\u2019eau et \u00e9pouse le lobe pour un maintien confortable et s\u00fbr.<\/p>\n<p>D\u00e9tails:<\/p>\n<p>\u2022 Or blanc 18k<br \/>\n\u2022 Pav\u00e9e diamants 0,40 ct gsi<\/p>\n","protected":false},"excerpt":{"rendered":"<p>Arracades Tamara Comolli Signature Hoop Twisted d&rsquo;or blanc i diamant.<\/p>\n<p>Amb un disseny elegant i un toc contemporani, aquests arracades de c\u00e8rcol amb forma de gota i gir subtil s\u2019inspiren en la passi\u00f3 de TAMARA COMOLLI pel mar. Les seves l\u00ednies suaus evoquen el moviment de l\u2019aigua, mentre que el detall del pav\u00e9 de diamants, tant a l\u2019interior com a l\u2019exterior, crea un efecte de brillantor constant. S\u00f3n una proposta fresca i sofisticada, pensada per a les noves generacions amants de la joieria.<\/p>\n","protected":false},"featured_media":73135,"comment_status":"closed","ping_status":"closed","template":"","meta":{"_acf_changed":false,"_monsterinsights_skip_tracking":false,"_monsterinsights_sitenote_active":false,"_monsterinsights_sitenote_note":"","_monsterinsights_sitenote_category":0},"product_brand":[],"product_cat":[1244,3446],"product_tag":[2828,2192,2171,2787],"class_list":{"0":"post-75716","1":"product","2":"type-product","3":"status-publish","4":"has-post-thumbnail","6":"product_cat-bijou","7":"product_cat-tamara-comolli-fr","8":"product_tag-arracades-fr","9":"product_tag-diamants-2","10":"product_tag-or-blanc-2","11":"product_tag-tamara-comolli-fr","13":"first","14":"instock","15":"shipping-taxable","16":"purchasable","17":"product-type-simple"},"acf":[],"yoast_head":"<!-- This site is optimized with the Yoast SEO Premium plugin v26.8 (Yoast SEO v27.4) - https:\/\/yoast.com\/product\/yoast-seo-premium-wordpress\/ -->\n<title>BOUCLES D\u2019OREILLES CR\u00c9OLES SIGNATURE - TAMARA COMOLLI - Maison Roca<\/title>\n<meta name=\"robots\" content=\"index, follow, max-snippet:-1, max-image-preview:large, max-video-preview:-1\" \/>\n<link rel=\"canonical\" href=\"https:\/\/maisonroca.ad\/fr\/boutique\/boucles-doreilles-creoles-signature-tamara-comolli\/\" \/>\n<meta property=\"og:locale\" content=\"fr_FR\" \/>\n<meta property=\"og:type\" content=\"article\" \/>\n<meta property=\"og:title\" content=\"BOUCLES D\u2019OREILLES CR\u00c9OLES SIGNATURE - TAMARA COMOLLI\" \/>\n<meta property=\"og:description\" content=\"Arracades Tamara Comolli Signature Hoop Twisted d&#039;or blanc i diamant.  Amb un disseny elegant i un toc contemporani, aquests arracades de c\u00e8rcol amb forma de gota i gir subtil s\u2019inspiren en la passi\u00f3 de TAMARA COMOLLI pel mar. Les seves l\u00ednies suaus evoquen el moviment de l\u2019aigua, mentre que el detall del pav\u00e9 de diamants, tant a l\u2019interior com a l\u2019exterior, crea un efecte de brillantor constant. S\u00f3n una proposta fresca i sofisticada, pensada per a les noves generacions amants de la joieria.\" \/>\n<meta property=\"og:url\" content=\"https:\/\/maisonroca.ad\/fr\/boutique\/boucles-doreilles-creoles-signature-tamara-comolli\/\" \/>\n<meta property=\"og:site_name\" content=\"Maison Roca\" \/>\n<meta property=\"article:publisher\" content=\"https:\/\/www.facebook.com\/maisonroca\" \/>\n<meta property=\"article:modified_time\" content=\"2026-01-27T09:18:27+00:00\" \/>\n<meta property=\"og:image\" content=\"https:\/\/maisonroca.ad\/wp-content\/uploads\/2025\/05\/e-sig-ho-tdr-p-wg.jpg\" \/>\n\t<meta property=\"og:image:width\" content=\"1080\" \/>\n\t<meta property=\"og:image:height\" content=\"1080\" \/>\n\t<meta property=\"og:image:type\" content=\"image\/jpeg\" \/>\n<meta name=\"twitter:card\" content=\"summary_large_image\" \/>\n<meta name=\"twitter:label1\" content=\"Prix\" \/>\n\t<meta name=\"twitter:data1\" content=\"5.310,00&nbsp;&euro;\" \/>\n\t<meta name=\"twitter:label2\" content=\"Disponibilit\u00e9\" \/>\n\t<meta name=\"twitter:data2\" content=\"En stock\" \/>\n<script type=\"application\/ld+json\" class=\"yoast-schema-graph\">{\"@context\":\"https:\\\/\\\/schema.org\",\"@graph\":[{\"@type\":\"WebPage\",\"@id\":\"https:\\\/\\\/maisonroca.ad\\\/fr\\\/boutique\\\/boucles-doreilles-creoles-signature-tamara-comolli\\\/\",\"url\":\"https:\\\/\\\/maisonroca.ad\\\/fr\\\/boutique\\\/boucles-doreilles-creoles-signature-tamara-comolli\\\/\",\"name\":\"BOUCLES D\u2019OREILLES CR\u00c9OLES SIGNATURE - TAMARA COMOLLI - Maison Roca\",\"isPartOf\":{\"@id\":\"https:\\\/\\\/maisonroca.ad\\\/fr\\\/#website\"},\"primaryImageOfPage\":{\"@id\":\"https:\\\/\\\/maisonroca.ad\\\/fr\\\/boutique\\\/boucles-doreilles-creoles-signature-tamara-comolli\\\/#primaryimage\"},\"image\":{\"@id\":\"https:\\\/\\\/maisonroca.ad\\\/fr\\\/boutique\\\/boucles-doreilles-creoles-signature-tamara-comolli\\\/#primaryimage\"},\"thumbnailUrl\":\"https:\\\/\\\/maisonroca.ad\\\/wp-content\\\/uploads\\\/2025\\\/05\\\/e-sig-ho-tdr-p-wg.jpg\",\"datePublished\":\"2025-08-13T15:04:17+00:00\",\"dateModified\":\"2026-01-27T09:18:27+00:00\",\"breadcrumb\":{\"@id\":\"https:\\\/\\\/maisonroca.ad\\\/fr\\\/boutique\\\/boucles-doreilles-creoles-signature-tamara-comolli\\\/#breadcrumb\"},\"inLanguage\":\"fr-FR\",\"potentialAction\":[{\"@type\":\"ReadAction\",\"target\":[\"https:\\\/\\\/maisonroca.ad\\\/fr\\\/boutique\\\/boucles-doreilles-creoles-signature-tamara-comolli\\\/\"]}]},{\"@type\":\"ImageObject\",\"inLanguage\":\"fr-FR\",\"@id\":\"https:\\\/\\\/maisonroca.ad\\\/fr\\\/boutique\\\/boucles-doreilles-creoles-signature-tamara-comolli\\\/#primaryimage\",\"url\":\"https:\\\/\\\/maisonroca.ad\\\/wp-content\\\/uploads\\\/2025\\\/05\\\/e-sig-ho-tdr-p-wg.jpg\",\"contentUrl\":\"https:\\\/\\\/maisonroca.ad\\\/wp-content\\\/uploads\\\/2025\\\/05\\\/e-sig-ho-tdr-p-wg.jpg\",\"width\":1080,\"height\":1080},{\"@type\":\"BreadcrumbList\",\"@id\":\"https:\\\/\\\/maisonroca.ad\\\/fr\\\/boutique\\\/boucles-doreilles-creoles-signature-tamara-comolli\\\/#breadcrumb\",\"itemListElement\":[{\"@type\":\"ListItem\",\"position\":1,\"name\":\"Portada\",\"item\":\"https:\\\/\\\/maisonroca.ad\\\/fr\\\/\"},{\"@type\":\"ListItem\",\"position\":2,\"name\":\"Botiga\",\"item\":\"https:\\\/\\\/maisonroca.ad\\\/botiga\\\/\"},{\"@type\":\"ListItem\",\"position\":3,\"name\":\"BOUCLES D\u2019OREILLES CR\u00c9OLES SIGNATURE &#8211; TAMARA COMOLLI\"}]},{\"@type\":\"WebSite\",\"@id\":\"https:\\\/\\\/maisonroca.ad\\\/fr\\\/#website\",\"url\":\"https:\\\/\\\/maisonroca.ad\\\/fr\\\/\",\"name\":\"Maison Roca\",\"description\":\"Bold Luxury Life - joieria d&#039;autor - Andorra\",\"publisher\":{\"@id\":\"https:\\\/\\\/maisonroca.ad\\\/fr\\\/#organization\"},\"potentialAction\":[{\"@type\":\"SearchAction\",\"target\":{\"@type\":\"EntryPoint\",\"urlTemplate\":\"https:\\\/\\\/maisonroca.ad\\\/fr\\\/?s={search_term_string}\"},\"query-input\":{\"@type\":\"PropertyValueSpecification\",\"valueRequired\":true,\"valueName\":\"search_term_string\"}}],\"inLanguage\":\"fr-FR\"},{\"@type\":\"Organization\",\"@id\":\"https:\\\/\\\/maisonroca.ad\\\/fr\\\/#organization\",\"name\":\"Maison Roca\",\"url\":\"https:\\\/\\\/maisonroca.ad\\\/fr\\\/\",\"logo\":{\"@type\":\"ImageObject\",\"inLanguage\":\"fr-FR\",\"@id\":\"https:\\\/\\\/maisonroca.ad\\\/fr\\\/#\\\/schema\\\/logo\\\/image\\\/\",\"url\":\"https:\\\/\\\/maisonroca.ad\\\/wp-content\\\/uploads\\\/2023\\\/10\\\/icono.png\",\"contentUrl\":\"https:\\\/\\\/maisonroca.ad\\\/wp-content\\\/uploads\\\/2023\\\/10\\\/icono.png\",\"width\":512,\"height\":512,\"caption\":\"Maison Roca\"},\"image\":{\"@id\":\"https:\\\/\\\/maisonroca.ad\\\/fr\\\/#\\\/schema\\\/logo\\\/image\\\/\"},\"sameAs\":[\"https:\\\/\\\/www.facebook.com\\\/maisonroca\",\"https:\\\/\\\/www.instagram.com\\\/maisonroca\\\/\"]}]}<\/script>\n<meta property=\"product:price:amount\" content=\"5310.00\" \/>\n<meta property=\"product:price:currency\" content=\"EUR\" \/>\n<meta property=\"og:availability\" content=\"instock\" \/>\n<meta property=\"product:availability\" content=\"instock\" \/>\n<meta property=\"product:retailer_item_id\" content=\"E-SIG-HO-TDR-P-WG\" \/>\n<meta property=\"product:condition\" content=\"new\" \/>\n<!-- \/ Yoast SEO Premium plugin. -->","yoast_head_json":{"title":"BOUCLES D\u2019OREILLES CR\u00c9OLES SIGNATURE - TAMARA COMOLLI - Maison Roca","robots":{"index":"index","follow":"follow","max-snippet":"max-snippet:-1","max-image-preview":"max-image-preview:large","max-video-preview":"max-video-preview:-1"},"canonical":"https:\/\/maisonroca.ad\/fr\/boutique\/boucles-doreilles-creoles-signature-tamara-comolli\/","og_locale":"fr_FR","og_type":"article","og_title":"BOUCLES D\u2019OREILLES CR\u00c9OLES SIGNATURE - TAMARA COMOLLI","og_description":"Arracades Tamara Comolli Signature Hoop Twisted d'or blanc i diamant.  Amb un disseny elegant i un toc contemporani, aquests arracades de c\u00e8rcol amb forma de gota i gir subtil s\u2019inspiren en la passi\u00f3 de TAMARA COMOLLI pel mar. Les seves l\u00ednies suaus evoquen el moviment de l\u2019aigua, mentre que el detall del pav\u00e9 de diamants, tant a l\u2019interior com a l\u2019exterior, crea un efecte de brillantor constant. S\u00f3n una proposta fresca i sofisticada, pensada per a les noves generacions amants de la joieria.","og_url":"https:\/\/maisonroca.ad\/fr\/boutique\/boucles-doreilles-creoles-signature-tamara-comolli\/","og_site_name":"Maison Roca","article_publisher":"https:\/\/www.facebook.com\/maisonroca","article_modified_time":"2026-01-27T09:18:27+00:00","og_image":[{"width":1080,"height":1080,"url":"https:\/\/maisonroca.ad\/wp-content\/uploads\/2025\/05\/e-sig-ho-tdr-p-wg.jpg","type":"image\/jpeg"}],"twitter_card":"summary_large_image","twitter_misc":{"Prix":"5.310,00&nbsp;&euro;","Disponibilit\u00e9":"En stock"},"schema":{"@context":"https:\/\/schema.org","@graph":[{"@type":"WebPage","@id":"https:\/\/maisonroca.ad\/fr\/boutique\/boucles-doreilles-creoles-signature-tamara-comolli\/","url":"https:\/\/maisonroca.ad\/fr\/boutique\/boucles-doreilles-creoles-signature-tamara-comolli\/","name":"BOUCLES D\u2019OREILLES CR\u00c9OLES SIGNATURE - TAMARA COMOLLI - Maison Roca","isPartOf":{"@id":"https:\/\/maisonroca.ad\/fr\/#website"},"primaryImageOfPage":{"@id":"https:\/\/maisonroca.ad\/fr\/boutique\/boucles-doreilles-creoles-signature-tamara-comolli\/#primaryimage"},"image":{"@id":"https:\/\/maisonroca.ad\/fr\/boutique\/boucles-doreilles-creoles-signature-tamara-comolli\/#primaryimage"},"thumbnailUrl":"https:\/\/maisonroca.ad\/wp-content\/uploads\/2025\/05\/e-sig-ho-tdr-p-wg.jpg","datePublished":"2025-08-13T15:04:17+00:00","dateModified":"2026-01-27T09:18:27+00:00","breadcrumb":{"@id":"https:\/\/maisonroca.ad\/fr\/boutique\/boucles-doreilles-creoles-signature-tamara-comolli\/#breadcrumb"},"inLanguage":"fr-FR","potentialAction":[{"@type":"ReadAction","target":["https:\/\/maisonroca.ad\/fr\/boutique\/boucles-doreilles-creoles-signature-tamara-comolli\/"]}]},{"@type":"ImageObject","inLanguage":"fr-FR","@id":"https:\/\/maisonroca.ad\/fr\/boutique\/boucles-doreilles-creoles-signature-tamara-comolli\/#primaryimage","url":"https:\/\/maisonroca.ad\/wp-content\/uploads\/2025\/05\/e-sig-ho-tdr-p-wg.jpg","contentUrl":"https:\/\/maisonroca.ad\/wp-content\/uploads\/2025\/05\/e-sig-ho-tdr-p-wg.jpg","width":1080,"height":1080},{"@type":"BreadcrumbList","@id":"https:\/\/maisonroca.ad\/fr\/boutique\/boucles-doreilles-creoles-signature-tamara-comolli\/#breadcrumb","itemListElement":[{"@type":"ListItem","position":1,"name":"Portada","item":"https:\/\/maisonroca.ad\/fr\/"},{"@type":"ListItem","position":2,"name":"Botiga","item":"https:\/\/maisonroca.ad\/botiga\/"},{"@type":"ListItem","position":3,"name":"BOUCLES D\u2019OREILLES CR\u00c9OLES SIGNATURE &#8211; TAMARA COMOLLI"}]},{"@type":"WebSite","@id":"https:\/\/maisonroca.ad\/fr\/#website","url":"https:\/\/maisonroca.ad\/fr\/","name":"Maison Roca","description":"Bold Luxury Life - joieria d&#039;autor - Andorra","publisher":{"@id":"https:\/\/maisonroca.ad\/fr\/#organization"},"potentialAction":[{"@type":"SearchAction","target":{"@type":"EntryPoint","urlTemplate":"https:\/\/maisonroca.ad\/fr\/?s={search_term_string}"},"query-input":{"@type":"PropertyValueSpecification","valueRequired":true,"valueName":"search_term_string"}}],"inLanguage":"fr-FR"},{"@type":"Organization","@id":"https:\/\/maisonroca.ad\/fr\/#organization","name":"Maison Roca","url":"https:\/\/maisonroca.ad\/fr\/","logo":{"@type":"ImageObject","inLanguage":"fr-FR","@id":"https:\/\/maisonroca.ad\/fr\/#\/schema\/logo\/image\/","url":"https:\/\/maisonroca.ad\/wp-content\/uploads\/2023\/10\/icono.png","contentUrl":"https:\/\/maisonroca.ad\/wp-content\/uploads\/2023\/10\/icono.png","width":512,"height":512,"caption":"Maison Roca"},"image":{"@id":"https:\/\/maisonroca.ad\/fr\/#\/schema\/logo\/image\/"},"sameAs":["https:\/\/www.facebook.com\/maisonroca","https:\/\/www.instagram.com\/maisonroca\/"]}]},"product_price_amount":"5310.00","product_price_currency":"EUR","og_availability":"instock","product_availability":"instock","product_retailer_item_id":"E-SIG-HO-TDR-P-WG","product_condition":"new"},"_links":{"self":[{"href":"https:\/\/maisonroca.ad\/fr\/wp-json\/wp\/v2\/product\/75716","targetHints":{"allow":["GET"]}}],"collection":[{"href":"https:\/\/maisonroca.ad\/fr\/wp-json\/wp\/v2\/product"}],"about":[{"href":"https:\/\/maisonroca.ad\/fr\/wp-json\/wp\/v2\/types\/product"}],"replies":[{"embeddable":true,"href":"https:\/\/maisonroca.ad\/fr\/wp-json\/wp\/v2\/comments?post=75716"}],"version-history":[{"count":11,"href":"https:\/\/maisonroca.ad\/fr\/wp-json\/wp\/v2\/product\/75716\/revisions"}],"predecessor-version":[{"id":83251,"href":"https:\/\/maisonroca.ad\/fr\/wp-json\/wp\/v2\/product\/75716\/revisions\/83251"}],"wp:featuredmedia":[{"embeddable":true,"href":"https:\/\/maisonroca.ad\/fr\/wp-json\/wp\/v2\/media\/73135"}],"wp:attachment":[{"href":"https:\/\/maisonroca.ad\/fr\/wp-json\/wp\/v2\/media?parent=75716"}],"wp:term":[{"taxonomy":"product_brand","embeddable":true,"href":"https:\/\/maisonroca.ad\/fr\/wp-json\/wp\/v2\/product_brand?post=75716"},{"taxonomy":"product_cat","embeddable":true,"href":"https:\/\/maisonroca.ad\/fr\/wp-json\/wp\/v2\/product_cat?post=75716"},{"taxonomy":"product_tag","embeddable":true,"href":"https:\/\/maisonroca.ad\/fr\/wp-json\/wp\/v2\/product_tag?post=75716"}],"curies":[{"name":"wp","href":"https:\/\/api.w.org\/{rel}","templated":true}]}}