{"id":75726,"date":"2025-08-13T17:04:03","date_gmt":"2025-08-13T15:04:03","guid":{"rendered":"https:\/\/maisonroca.ad\/?post_type=product&#038;p=75726"},"modified":"2026-01-27T16:48:10","modified_gmt":"2026-01-27T15:48:10","slug":"bague-bouton-london-pm-tamara-comolli","status":"publish","type":"product","link":"https:\/\/maisonroca.ad\/fr\/boutique\/bague-bouton-london-pm-tamara-comolli\/","title":{"rendered":"BAGUE BOUTON LONDON PM &#8211; TAMARA COMOLLI"},"content":{"rendered":"<p>La bague BOUTON London PM de Tamara Comolli, r\u00e9alis\u00e9e en or blanc et orn\u00e9e d\u2019une topaze bleu London taill\u00e9e en cabochon, se distingue par sa taille discr\u00e8te et sa grande polyvalence.<\/p>\n<p>Ce bijou d\u00e9licat, parfait \u00e0 porter seul ou en accumulation, est disponible dans une large vari\u00e9t\u00e9 de pierres et de nuances d\u2019or. Amusez-vous \u00e0 combiner les diff\u00e9rentes tailles de la collection BOUTON \u2014 des plus petites aux plus grandes ou avec des motifs Solitaire \u2014 et cr\u00e9ez une composition qui refl\u00e8te votre style.<\/p>\n<p>D\u00e9tails:<\/p>\n<p>\u2022 Or blanc 18k<br \/>\n\u2022 Topaze bleu London 2,50 ct<\/p>\n","protected":false},"excerpt":{"rendered":"<p>L\u2019anell BOUTON London PM de Tamara Comolli, elaborat en or blanc i amb un topazi de Londres de talla cabutx\u00f3, destaca per la seva mida discreta i la seva versatilitat per combinar.<\/p>\n<p>Aquesta joia delicada, perfecta per portar sola o apilada, est\u00e0 disponible en una gran varietat de pedres i tonalitats d\u2019or. Juga amb diferents mides de la col\u00b7lecci\u00f3 BOUTON \u2014des de les m\u00e9s petites fins a les m\u00e9s grans o amb motius Solitaire\u2014 i crea una combinaci\u00f3 que parli del teu estil.<\/p>\n","protected":false},"featured_media":73015,"comment_status":"closed","ping_status":"closed","template":"","meta":{"_acf_changed":false,"_monsterinsights_skip_tracking":false,"_monsterinsights_sitenote_active":false,"_monsterinsights_sitenote_note":"","_monsterinsights_sitenote_category":0},"product_brand":[],"product_cat":[1244,3446],"product_tag":[3546,2171,2787,2805],"class_list":{"0":"post-75726","1":"product","2":"type-product","3":"status-publish","4":"has-post-thumbnail","6":"product_cat-bijou","7":"product_cat-tamara-comolli-fr","8":"product_tag-anells-fr-2","9":"product_tag-or-blanc-2","10":"product_tag-tamara-comolli-fr","11":"product_tag-topazi-fr","13":"first","14":"instock","15":"shipping-taxable","16":"purchasable","17":"product-type-simple"},"acf":[],"yoast_head":"<!-- This site is optimized with the Yoast SEO Premium plugin v26.8 (Yoast SEO v27.4) - https:\/\/yoast.com\/product\/yoast-seo-premium-wordpress\/ -->\n<title>BAGUE BOUTON LONDON PM - TAMARA COMOLLI - Maison Roca<\/title>\n<meta name=\"robots\" content=\"index, follow, max-snippet:-1, max-image-preview:large, max-video-preview:-1\" \/>\n<link rel=\"canonical\" href=\"https:\/\/maisonroca.ad\/fr\/boutique\/bague-bouton-london-pm-tamara-comolli\/\" \/>\n<meta property=\"og:locale\" content=\"fr_FR\" \/>\n<meta property=\"og:type\" content=\"article\" \/>\n<meta property=\"og:title\" content=\"BAGUE BOUTON LONDON PM - TAMARA COMOLLI\" \/>\n<meta property=\"og:description\" content=\"L\u2019anell BOUTON London PM de Tamara Comolli, elaborat en or blanc i amb un topazi de Londres de talla cabutx\u00f3, destaca per la seva mida discreta i la seva versatilitat per combinar.  Aquesta joia delicada, perfecta per portar sola o apilada, est\u00e0 disponible en una gran varietat de pedres i tonalitats d\u2019or. Juga amb diferents mides de la col\u00b7lecci\u00f3 BOUTON \u2014des de les m\u00e9s petites fins a les m\u00e9s grans o amb motius Solitaire\u2014 i crea una combinaci\u00f3 que parli del teu estil.\" \/>\n<meta property=\"og:url\" content=\"https:\/\/maisonroca.ad\/fr\/boutique\/bague-bouton-london-pm-tamara-comolli\/\" \/>\n<meta property=\"og:site_name\" content=\"Maison Roca\" \/>\n<meta property=\"article:publisher\" content=\"https:\/\/www.facebook.com\/maisonroca\" \/>\n<meta property=\"article:modified_time\" content=\"2026-01-27T15:48:10+00:00\" \/>\n<meta property=\"og:image\" content=\"https:\/\/maisonroca.ad\/wp-content\/uploads\/2025\/05\/r-bou-s-tolo-wg.jpg\" \/>\n\t<meta property=\"og:image:width\" content=\"1080\" \/>\n\t<meta property=\"og:image:height\" content=\"1080\" \/>\n\t<meta property=\"og:image:type\" content=\"image\/jpeg\" \/>\n<meta name=\"twitter:card\" content=\"summary_large_image\" \/>\n<meta name=\"twitter:label1\" content=\"Prix\" \/>\n\t<meta name=\"twitter:data1\" content=\"1.710,00&nbsp;&euro;\" \/>\n\t<meta name=\"twitter:label2\" content=\"Disponibilit\u00e9\" \/>\n\t<meta name=\"twitter:data2\" content=\"En stock\" \/>\n<script type=\"application\/ld+json\" class=\"yoast-schema-graph\">{\"@context\":\"https:\\\/\\\/schema.org\",\"@graph\":[{\"@type\":\"WebPage\",\"@id\":\"https:\\\/\\\/maisonroca.ad\\\/fr\\\/boutique\\\/bague-bouton-london-pm-tamara-comolli\\\/\",\"url\":\"https:\\\/\\\/maisonroca.ad\\\/fr\\\/boutique\\\/bague-bouton-london-pm-tamara-comolli\\\/\",\"name\":\"BAGUE BOUTON LONDON PM - TAMARA COMOLLI - Maison Roca\",\"isPartOf\":{\"@id\":\"https:\\\/\\\/maisonroca.ad\\\/fr\\\/#website\"},\"primaryImageOfPage\":{\"@id\":\"https:\\\/\\\/maisonroca.ad\\\/fr\\\/boutique\\\/bague-bouton-london-pm-tamara-comolli\\\/#primaryimage\"},\"image\":{\"@id\":\"https:\\\/\\\/maisonroca.ad\\\/fr\\\/boutique\\\/bague-bouton-london-pm-tamara-comolli\\\/#primaryimage\"},\"thumbnailUrl\":\"https:\\\/\\\/maisonroca.ad\\\/wp-content\\\/uploads\\\/2025\\\/05\\\/r-bou-s-tolo-wg.jpg\",\"datePublished\":\"2025-08-13T15:04:03+00:00\",\"dateModified\":\"2026-01-27T15:48:10+00:00\",\"breadcrumb\":{\"@id\":\"https:\\\/\\\/maisonroca.ad\\\/fr\\\/boutique\\\/bague-bouton-london-pm-tamara-comolli\\\/#breadcrumb\"},\"inLanguage\":\"fr-FR\",\"potentialAction\":[{\"@type\":\"ReadAction\",\"target\":[\"https:\\\/\\\/maisonroca.ad\\\/fr\\\/boutique\\\/bague-bouton-london-pm-tamara-comolli\\\/\"]}]},{\"@type\":\"ImageObject\",\"inLanguage\":\"fr-FR\",\"@id\":\"https:\\\/\\\/maisonroca.ad\\\/fr\\\/boutique\\\/bague-bouton-london-pm-tamara-comolli\\\/#primaryimage\",\"url\":\"https:\\\/\\\/maisonroca.ad\\\/wp-content\\\/uploads\\\/2025\\\/05\\\/r-bou-s-tolo-wg.jpg\",\"contentUrl\":\"https:\\\/\\\/maisonroca.ad\\\/wp-content\\\/uploads\\\/2025\\\/05\\\/r-bou-s-tolo-wg.jpg\",\"width\":1080,\"height\":1080},{\"@type\":\"BreadcrumbList\",\"@id\":\"https:\\\/\\\/maisonroca.ad\\\/fr\\\/boutique\\\/bague-bouton-london-pm-tamara-comolli\\\/#breadcrumb\",\"itemListElement\":[{\"@type\":\"ListItem\",\"position\":1,\"name\":\"Portada\",\"item\":\"https:\\\/\\\/maisonroca.ad\\\/fr\\\/\"},{\"@type\":\"ListItem\",\"position\":2,\"name\":\"Botiga\",\"item\":\"https:\\\/\\\/maisonroca.ad\\\/botiga\\\/\"},{\"@type\":\"ListItem\",\"position\":3,\"name\":\"BAGUE BOUTON LONDON PM &#8211; TAMARA COMOLLI\"}]},{\"@type\":\"WebSite\",\"@id\":\"https:\\\/\\\/maisonroca.ad\\\/fr\\\/#website\",\"url\":\"https:\\\/\\\/maisonroca.ad\\\/fr\\\/\",\"name\":\"Maison Roca\",\"description\":\"Bold Luxury Life - joieria d&#039;autor - Andorra\",\"publisher\":{\"@id\":\"https:\\\/\\\/maisonroca.ad\\\/fr\\\/#organization\"},\"potentialAction\":[{\"@type\":\"SearchAction\",\"target\":{\"@type\":\"EntryPoint\",\"urlTemplate\":\"https:\\\/\\\/maisonroca.ad\\\/fr\\\/?s={search_term_string}\"},\"query-input\":{\"@type\":\"PropertyValueSpecification\",\"valueRequired\":true,\"valueName\":\"search_term_string\"}}],\"inLanguage\":\"fr-FR\"},{\"@type\":\"Organization\",\"@id\":\"https:\\\/\\\/maisonroca.ad\\\/fr\\\/#organization\",\"name\":\"Maison Roca\",\"url\":\"https:\\\/\\\/maisonroca.ad\\\/fr\\\/\",\"logo\":{\"@type\":\"ImageObject\",\"inLanguage\":\"fr-FR\",\"@id\":\"https:\\\/\\\/maisonroca.ad\\\/fr\\\/#\\\/schema\\\/logo\\\/image\\\/\",\"url\":\"https:\\\/\\\/maisonroca.ad\\\/wp-content\\\/uploads\\\/2023\\\/10\\\/icono.png\",\"contentUrl\":\"https:\\\/\\\/maisonroca.ad\\\/wp-content\\\/uploads\\\/2023\\\/10\\\/icono.png\",\"width\":512,\"height\":512,\"caption\":\"Maison Roca\"},\"image\":{\"@id\":\"https:\\\/\\\/maisonroca.ad\\\/fr\\\/#\\\/schema\\\/logo\\\/image\\\/\"},\"sameAs\":[\"https:\\\/\\\/www.facebook.com\\\/maisonroca\",\"https:\\\/\\\/www.instagram.com\\\/maisonroca\\\/\"]}]}<\/script>\n<meta property=\"product:price:amount\" content=\"1710.00\" \/>\n<meta property=\"product:price:currency\" content=\"EUR\" \/>\n<meta property=\"og:availability\" content=\"instock\" \/>\n<meta property=\"product:availability\" content=\"instock\" \/>\n<meta property=\"product:retailer_item_id\" content=\"R-BOU-S-TOLO-WG\" \/>\n<meta property=\"product:condition\" content=\"new\" \/>\n<!-- \/ Yoast SEO Premium plugin. -->","yoast_head_json":{"title":"BAGUE BOUTON LONDON PM - TAMARA COMOLLI - Maison Roca","robots":{"index":"index","follow":"follow","max-snippet":"max-snippet:-1","max-image-preview":"max-image-preview:large","max-video-preview":"max-video-preview:-1"},"canonical":"https:\/\/maisonroca.ad\/fr\/boutique\/bague-bouton-london-pm-tamara-comolli\/","og_locale":"fr_FR","og_type":"article","og_title":"BAGUE BOUTON LONDON PM - TAMARA COMOLLI","og_description":"L\u2019anell BOUTON London PM de Tamara Comolli, elaborat en or blanc i amb un topazi de Londres de talla cabutx\u00f3, destaca per la seva mida discreta i la seva versatilitat per combinar.  Aquesta joia delicada, perfecta per portar sola o apilada, est\u00e0 disponible en una gran varietat de pedres i tonalitats d\u2019or. Juga amb diferents mides de la col\u00b7lecci\u00f3 BOUTON \u2014des de les m\u00e9s petites fins a les m\u00e9s grans o amb motius Solitaire\u2014 i crea una combinaci\u00f3 que parli del teu estil.","og_url":"https:\/\/maisonroca.ad\/fr\/boutique\/bague-bouton-london-pm-tamara-comolli\/","og_site_name":"Maison Roca","article_publisher":"https:\/\/www.facebook.com\/maisonroca","article_modified_time":"2026-01-27T15:48:10+00:00","og_image":[{"width":1080,"height":1080,"url":"https:\/\/maisonroca.ad\/wp-content\/uploads\/2025\/05\/r-bou-s-tolo-wg.jpg","type":"image\/jpeg"}],"twitter_card":"summary_large_image","twitter_misc":{"Prix":"1.710,00&nbsp;&euro;","Disponibilit\u00e9":"En stock"},"schema":{"@context":"https:\/\/schema.org","@graph":[{"@type":"WebPage","@id":"https:\/\/maisonroca.ad\/fr\/boutique\/bague-bouton-london-pm-tamara-comolli\/","url":"https:\/\/maisonroca.ad\/fr\/boutique\/bague-bouton-london-pm-tamara-comolli\/","name":"BAGUE BOUTON LONDON PM - TAMARA COMOLLI - Maison Roca","isPartOf":{"@id":"https:\/\/maisonroca.ad\/fr\/#website"},"primaryImageOfPage":{"@id":"https:\/\/maisonroca.ad\/fr\/boutique\/bague-bouton-london-pm-tamara-comolli\/#primaryimage"},"image":{"@id":"https:\/\/maisonroca.ad\/fr\/boutique\/bague-bouton-london-pm-tamara-comolli\/#primaryimage"},"thumbnailUrl":"https:\/\/maisonroca.ad\/wp-content\/uploads\/2025\/05\/r-bou-s-tolo-wg.jpg","datePublished":"2025-08-13T15:04:03+00:00","dateModified":"2026-01-27T15:48:10+00:00","breadcrumb":{"@id":"https:\/\/maisonroca.ad\/fr\/boutique\/bague-bouton-london-pm-tamara-comolli\/#breadcrumb"},"inLanguage":"fr-FR","potentialAction":[{"@type":"ReadAction","target":["https:\/\/maisonroca.ad\/fr\/boutique\/bague-bouton-london-pm-tamara-comolli\/"]}]},{"@type":"ImageObject","inLanguage":"fr-FR","@id":"https:\/\/maisonroca.ad\/fr\/boutique\/bague-bouton-london-pm-tamara-comolli\/#primaryimage","url":"https:\/\/maisonroca.ad\/wp-content\/uploads\/2025\/05\/r-bou-s-tolo-wg.jpg","contentUrl":"https:\/\/maisonroca.ad\/wp-content\/uploads\/2025\/05\/r-bou-s-tolo-wg.jpg","width":1080,"height":1080},{"@type":"BreadcrumbList","@id":"https:\/\/maisonroca.ad\/fr\/boutique\/bague-bouton-london-pm-tamara-comolli\/#breadcrumb","itemListElement":[{"@type":"ListItem","position":1,"name":"Portada","item":"https:\/\/maisonroca.ad\/fr\/"},{"@type":"ListItem","position":2,"name":"Botiga","item":"https:\/\/maisonroca.ad\/botiga\/"},{"@type":"ListItem","position":3,"name":"BAGUE BOUTON LONDON PM &#8211; TAMARA COMOLLI"}]},{"@type":"WebSite","@id":"https:\/\/maisonroca.ad\/fr\/#website","url":"https:\/\/maisonroca.ad\/fr\/","name":"Maison Roca","description":"Bold Luxury Life - joieria d&#039;autor - Andorra","publisher":{"@id":"https:\/\/maisonroca.ad\/fr\/#organization"},"potentialAction":[{"@type":"SearchAction","target":{"@type":"EntryPoint","urlTemplate":"https:\/\/maisonroca.ad\/fr\/?s={search_term_string}"},"query-input":{"@type":"PropertyValueSpecification","valueRequired":true,"valueName":"search_term_string"}}],"inLanguage":"fr-FR"},{"@type":"Organization","@id":"https:\/\/maisonroca.ad\/fr\/#organization","name":"Maison Roca","url":"https:\/\/maisonroca.ad\/fr\/","logo":{"@type":"ImageObject","inLanguage":"fr-FR","@id":"https:\/\/maisonroca.ad\/fr\/#\/schema\/logo\/image\/","url":"https:\/\/maisonroca.ad\/wp-content\/uploads\/2023\/10\/icono.png","contentUrl":"https:\/\/maisonroca.ad\/wp-content\/uploads\/2023\/10\/icono.png","width":512,"height":512,"caption":"Maison Roca"},"image":{"@id":"https:\/\/maisonroca.ad\/fr\/#\/schema\/logo\/image\/"},"sameAs":["https:\/\/www.facebook.com\/maisonroca","https:\/\/www.instagram.com\/maisonroca\/"]}]},"product_price_amount":"1710.00","product_price_currency":"EUR","og_availability":"instock","product_availability":"instock","product_retailer_item_id":"R-BOU-S-TOLO-WG","product_condition":"new"},"_links":{"self":[{"href":"https:\/\/maisonroca.ad\/fr\/wp-json\/wp\/v2\/product\/75726","targetHints":{"allow":["GET"]}}],"collection":[{"href":"https:\/\/maisonroca.ad\/fr\/wp-json\/wp\/v2\/product"}],"about":[{"href":"https:\/\/maisonroca.ad\/fr\/wp-json\/wp\/v2\/types\/product"}],"replies":[{"embeddable":true,"href":"https:\/\/maisonroca.ad\/fr\/wp-json\/wp\/v2\/comments?post=75726"}],"version-history":[{"count":8,"href":"https:\/\/maisonroca.ad\/fr\/wp-json\/wp\/v2\/product\/75726\/revisions"}],"predecessor-version":[{"id":83288,"href":"https:\/\/maisonroca.ad\/fr\/wp-json\/wp\/v2\/product\/75726\/revisions\/83288"}],"wp:featuredmedia":[{"embeddable":true,"href":"https:\/\/maisonroca.ad\/fr\/wp-json\/wp\/v2\/media\/73015"}],"wp:attachment":[{"href":"https:\/\/maisonroca.ad\/fr\/wp-json\/wp\/v2\/media?parent=75726"}],"wp:term":[{"taxonomy":"product_brand","embeddable":true,"href":"https:\/\/maisonroca.ad\/fr\/wp-json\/wp\/v2\/product_brand?post=75726"},{"taxonomy":"product_cat","embeddable":true,"href":"https:\/\/maisonroca.ad\/fr\/wp-json\/wp\/v2\/product_cat?post=75726"},{"taxonomy":"product_tag","embeddable":true,"href":"https:\/\/maisonroca.ad\/fr\/wp-json\/wp\/v2\/product_tag?post=75726"}],"curies":[{"name":"wp","href":"https:\/\/api.w.org\/{rel}","templated":true}]}}