{"id":77346,"date":"2025-08-04T14:05:55","date_gmt":"2025-08-04T12:05:55","guid":{"rendered":"https:\/\/maisonroca.ad\/?post_type=product&#038;p=77346"},"modified":"2025-08-20T10:34:35","modified_gmt":"2025-08-20T08:34:35","slug":"collier-messika-my-twin-toi-moi-or-rose-diamants","status":"publish","type":"product","link":"https:\/\/maisonroca.ad\/fr\/boutique\/collier-messika-my-twin-toi-moi-or-rose-diamants\/","title":{"rendered":"COLLIER MESSIKA MY TWIN TOI &#038; MOI EN OR ROSE ET DIAMANTS"},"content":{"rendered":"<p>Collier Messika My Twin Toi &amp; Moi en or rose et diamants.<\/p>\n<p>My Twin c\u00e9l\u00e8bre l\u2019harmonie des contraires : la pr\u00e9cision des diamants taille \u00e9meraude et la sensualit\u00e9 des tailles poire. Ce collier en or rose, avec un pav\u00e9e ajour\u00e9 et des pierres centrales inclin\u00e9es, se distingue par sa luminosit\u00e9 et sa modernit\u00e9. Id\u00e9al pour toutes les occasions, il peut \u00eatre associ\u00e9 \u00e0 d\u2019autres bijoux de la Maison pour un style plus audacieux.<\/p>\n<p>D\u00e9tails:<\/p>\n<p>\u2022 Or rose 18k<br \/>\n\u2022 37 diamants 0,19 ct gvs1<br \/>\n\u2022 2 diamants 0,18 ct fgvs<\/p>\n","protected":false},"excerpt":{"rendered":"<p>Collier Messika My Twin Toi &amp; Moi en or rose avec diamants, alliant lumi\u00e8re, modernit\u00e9 et harmonie des contraires.<\/p>\n","protected":false},"featured_media":77414,"comment_status":"closed","ping_status":"closed","template":"","meta":{"_acf_changed":false,"_monsterinsights_skip_tracking":false,"_monsterinsights_sitenote_active":false,"_monsterinsights_sitenote_note":"","_monsterinsights_sitenote_category":0},"product_brand":[],"product_cat":[1244,1258],"product_tag":[1824,2192,2341,1756],"class_list":{"0":"post-77346","1":"product","2":"type-product","3":"status-publish","4":"has-post-thumbnail","6":"product_cat-bijou","7":"product_cat-messika-fr","8":"product_tag-colliers","9":"product_tag-diamants-2","10":"product_tag-messika-2-3","11":"product_tag-or-rose","13":"first","14":"instock","15":"shipping-taxable","16":"purchasable","17":"product-type-simple"},"acf":[],"yoast_head":"<!-- This site is optimized with the Yoast SEO Premium plugin v26.8 (Yoast SEO v27.3) - https:\/\/yoast.com\/product\/yoast-seo-premium-wordpress\/ -->\n<title>Collier Messika My Twin Toi &amp; Moi en or rose avec diamants | Maison Roca<\/title>\n<meta name=\"description\" content=\"Collier Messika My Twin Toi &amp; Moi en or rose et diamants, c\u00e9l\u00e9brant l\u2019harmonie des contraires avec lumi\u00e8re et modernit\u00e9. D\u00e9couvrez-le chez Maison Roca.\" \/>\n<meta name=\"robots\" content=\"index, follow, max-snippet:-1, max-image-preview:large, max-video-preview:-1\" \/>\n<link rel=\"canonical\" href=\"https:\/\/maisonroca.ad\/fr\/boutique\/collier-messika-my-twin-toi-moi-or-rose-diamants\/\" \/>\n<meta property=\"og:locale\" content=\"fr_FR\" \/>\n<meta property=\"og:type\" content=\"article\" \/>\n<meta property=\"og:title\" content=\"COLLIER MESSIKA MY TWIN TOI &amp; MOI EN OR ROSE ET DIAMANTS\" \/>\n<meta property=\"og:description\" content=\"Collier Messika My Twin Toi &amp; Moi en or rose et diamants, c\u00e9l\u00e9brant l\u2019harmonie des contraires avec lumi\u00e8re et modernit\u00e9. D\u00e9couvrez-le chez Maison Roca.\" \/>\n<meta property=\"og:url\" content=\"https:\/\/maisonroca.ad\/fr\/boutique\/collier-messika-my-twin-toi-moi-or-rose-diamants\/\" \/>\n<meta property=\"og:site_name\" content=\"Maison Roca\" \/>\n<meta property=\"article:publisher\" content=\"https:\/\/www.facebook.com\/maisonroca\" \/>\n<meta property=\"article:modified_time\" content=\"2025-08-20T08:34:35+00:00\" \/>\n<meta property=\"og:image\" content=\"https:\/\/maisonroca.ad\/wp-content\/uploads\/2025\/08\/14534PG-1.jpg\" \/>\n\t<meta property=\"og:image:width\" content=\"1080\" \/>\n\t<meta property=\"og:image:height\" content=\"1080\" \/>\n\t<meta property=\"og:image:type\" content=\"image\/jpeg\" \/>\n<meta name=\"twitter:card\" content=\"summary_large_image\" \/>\n<meta name=\"twitter:label1\" content=\"Prix\" \/>\n\t<meta name=\"twitter:data1\" content=\"2.678,00&nbsp;&euro;\" \/>\n\t<meta name=\"twitter:label2\" content=\"Disponibilit\u00e9\" \/>\n\t<meta name=\"twitter:data2\" content=\"En stock\" \/>\n<script type=\"application\/ld+json\" class=\"yoast-schema-graph\">{\"@context\":\"https:\\\/\\\/schema.org\",\"@graph\":[{\"@type\":\"WebPage\",\"@id\":\"https:\\\/\\\/maisonroca.ad\\\/fr\\\/boutique\\\/collier-messika-my-twin-toi-moi-or-rose-diamants\\\/\",\"url\":\"https:\\\/\\\/maisonroca.ad\\\/fr\\\/boutique\\\/collier-messika-my-twin-toi-moi-or-rose-diamants\\\/\",\"name\":\"Collier Messika My Twin Toi & Moi en or rose avec diamants | Maison Roca\",\"isPartOf\":{\"@id\":\"https:\\\/\\\/maisonroca.ad\\\/fr\\\/#website\"},\"primaryImageOfPage\":{\"@id\":\"https:\\\/\\\/maisonroca.ad\\\/fr\\\/boutique\\\/collier-messika-my-twin-toi-moi-or-rose-diamants\\\/#primaryimage\"},\"image\":{\"@id\":\"https:\\\/\\\/maisonroca.ad\\\/fr\\\/boutique\\\/collier-messika-my-twin-toi-moi-or-rose-diamants\\\/#primaryimage\"},\"thumbnailUrl\":\"https:\\\/\\\/maisonroca.ad\\\/wp-content\\\/uploads\\\/2025\\\/08\\\/14534PG-1.jpg\",\"datePublished\":\"2025-08-04T12:05:55+00:00\",\"dateModified\":\"2025-08-20T08:34:35+00:00\",\"description\":\"Collier Messika My Twin Toi & Moi en or rose et diamants, c\u00e9l\u00e9brant l\u2019harmonie des contraires avec lumi\u00e8re et modernit\u00e9. D\u00e9couvrez-le chez Maison Roca.\",\"breadcrumb\":{\"@id\":\"https:\\\/\\\/maisonroca.ad\\\/fr\\\/boutique\\\/collier-messika-my-twin-toi-moi-or-rose-diamants\\\/#breadcrumb\"},\"inLanguage\":\"fr-FR\",\"potentialAction\":[{\"@type\":\"ReadAction\",\"target\":[\"https:\\\/\\\/maisonroca.ad\\\/fr\\\/boutique\\\/collier-messika-my-twin-toi-moi-or-rose-diamants\\\/\"]}]},{\"@type\":\"ImageObject\",\"inLanguage\":\"fr-FR\",\"@id\":\"https:\\\/\\\/maisonroca.ad\\\/fr\\\/boutique\\\/collier-messika-my-twin-toi-moi-or-rose-diamants\\\/#primaryimage\",\"url\":\"https:\\\/\\\/maisonroca.ad\\\/wp-content\\\/uploads\\\/2025\\\/08\\\/14534PG-1.jpg\",\"contentUrl\":\"https:\\\/\\\/maisonroca.ad\\\/wp-content\\\/uploads\\\/2025\\\/08\\\/14534PG-1.jpg\",\"width\":1080,\"height\":1080,\"caption\":\"maison-roca-andorra-messika-collar-my-twin-toi-&-moi-or-rosa-diamants\"},{\"@type\":\"BreadcrumbList\",\"@id\":\"https:\\\/\\\/maisonroca.ad\\\/fr\\\/boutique\\\/collier-messika-my-twin-toi-moi-or-rose-diamants\\\/#breadcrumb\",\"itemListElement\":[{\"@type\":\"ListItem\",\"position\":1,\"name\":\"Portada\",\"item\":\"https:\\\/\\\/maisonroca.ad\\\/fr\\\/\"},{\"@type\":\"ListItem\",\"position\":2,\"name\":\"Botiga\",\"item\":\"https:\\\/\\\/maisonroca.ad\\\/botiga\\\/\"},{\"@type\":\"ListItem\",\"position\":3,\"name\":\"COLLIER MESSIKA MY TWIN TOI &#038; MOI EN OR ROSE ET DIAMANTS\"}]},{\"@type\":\"WebSite\",\"@id\":\"https:\\\/\\\/maisonroca.ad\\\/fr\\\/#website\",\"url\":\"https:\\\/\\\/maisonroca.ad\\\/fr\\\/\",\"name\":\"Maison Roca\",\"description\":\"Bold Luxury Life - joieria d&#039;autor - Andorra\",\"publisher\":{\"@id\":\"https:\\\/\\\/maisonroca.ad\\\/fr\\\/#organization\"},\"potentialAction\":[{\"@type\":\"SearchAction\",\"target\":{\"@type\":\"EntryPoint\",\"urlTemplate\":\"https:\\\/\\\/maisonroca.ad\\\/fr\\\/?s={search_term_string}\"},\"query-input\":{\"@type\":\"PropertyValueSpecification\",\"valueRequired\":true,\"valueName\":\"search_term_string\"}}],\"inLanguage\":\"fr-FR\"},{\"@type\":\"Organization\",\"@id\":\"https:\\\/\\\/maisonroca.ad\\\/fr\\\/#organization\",\"name\":\"Maison Roca\",\"url\":\"https:\\\/\\\/maisonroca.ad\\\/fr\\\/\",\"logo\":{\"@type\":\"ImageObject\",\"inLanguage\":\"fr-FR\",\"@id\":\"https:\\\/\\\/maisonroca.ad\\\/fr\\\/#\\\/schema\\\/logo\\\/image\\\/\",\"url\":\"https:\\\/\\\/maisonroca.ad\\\/wp-content\\\/uploads\\\/2023\\\/10\\\/icono.png\",\"contentUrl\":\"https:\\\/\\\/maisonroca.ad\\\/wp-content\\\/uploads\\\/2023\\\/10\\\/icono.png\",\"width\":512,\"height\":512,\"caption\":\"Maison Roca\"},\"image\":{\"@id\":\"https:\\\/\\\/maisonroca.ad\\\/fr\\\/#\\\/schema\\\/logo\\\/image\\\/\"},\"sameAs\":[\"https:\\\/\\\/www.facebook.com\\\/maisonroca\",\"https:\\\/\\\/www.instagram.com\\\/maisonroca\\\/\"]}]}<\/script>\n<meta property=\"product:price:amount\" content=\"2678.00\" \/>\n<meta property=\"product:price:currency\" content=\"EUR\" \/>\n<meta property=\"og:availability\" content=\"instock\" \/>\n<meta property=\"product:availability\" content=\"instock\" \/>\n<meta property=\"product:retailer_item_id\" content=\"14534-PG\" \/>\n<meta property=\"product:condition\" content=\"new\" \/>\n<!-- \/ Yoast SEO Premium plugin. -->","yoast_head_json":{"title":"Collier Messika My Twin Toi & Moi en or rose avec diamants | Maison Roca","description":"Collier Messika My Twin Toi & Moi en or rose et diamants, c\u00e9l\u00e9brant l\u2019harmonie des contraires avec lumi\u00e8re et modernit\u00e9. D\u00e9couvrez-le chez Maison Roca.","robots":{"index":"index","follow":"follow","max-snippet":"max-snippet:-1","max-image-preview":"max-image-preview:large","max-video-preview":"max-video-preview:-1"},"canonical":"https:\/\/maisonroca.ad\/fr\/boutique\/collier-messika-my-twin-toi-moi-or-rose-diamants\/","og_locale":"fr_FR","og_type":"article","og_title":"COLLIER MESSIKA MY TWIN TOI & MOI EN OR ROSE ET DIAMANTS","og_description":"Collier Messika My Twin Toi & Moi en or rose et diamants, c\u00e9l\u00e9brant l\u2019harmonie des contraires avec lumi\u00e8re et modernit\u00e9. D\u00e9couvrez-le chez Maison Roca.","og_url":"https:\/\/maisonroca.ad\/fr\/boutique\/collier-messika-my-twin-toi-moi-or-rose-diamants\/","og_site_name":"Maison Roca","article_publisher":"https:\/\/www.facebook.com\/maisonroca","article_modified_time":"2025-08-20T08:34:35+00:00","og_image":[{"width":1080,"height":1080,"url":"https:\/\/maisonroca.ad\/wp-content\/uploads\/2025\/08\/14534PG-1.jpg","type":"image\/jpeg"}],"twitter_card":"summary_large_image","twitter_misc":{"Prix":"2.678,00&nbsp;&euro;","Disponibilit\u00e9":"En stock"},"schema":{"@context":"https:\/\/schema.org","@graph":[{"@type":"WebPage","@id":"https:\/\/maisonroca.ad\/fr\/boutique\/collier-messika-my-twin-toi-moi-or-rose-diamants\/","url":"https:\/\/maisonroca.ad\/fr\/boutique\/collier-messika-my-twin-toi-moi-or-rose-diamants\/","name":"Collier Messika My Twin Toi & Moi en or rose avec diamants | Maison Roca","isPartOf":{"@id":"https:\/\/maisonroca.ad\/fr\/#website"},"primaryImageOfPage":{"@id":"https:\/\/maisonroca.ad\/fr\/boutique\/collier-messika-my-twin-toi-moi-or-rose-diamants\/#primaryimage"},"image":{"@id":"https:\/\/maisonroca.ad\/fr\/boutique\/collier-messika-my-twin-toi-moi-or-rose-diamants\/#primaryimage"},"thumbnailUrl":"https:\/\/maisonroca.ad\/wp-content\/uploads\/2025\/08\/14534PG-1.jpg","datePublished":"2025-08-04T12:05:55+00:00","dateModified":"2025-08-20T08:34:35+00:00","description":"Collier Messika My Twin Toi & Moi en or rose et diamants, c\u00e9l\u00e9brant l\u2019harmonie des contraires avec lumi\u00e8re et modernit\u00e9. D\u00e9couvrez-le chez Maison Roca.","breadcrumb":{"@id":"https:\/\/maisonroca.ad\/fr\/boutique\/collier-messika-my-twin-toi-moi-or-rose-diamants\/#breadcrumb"},"inLanguage":"fr-FR","potentialAction":[{"@type":"ReadAction","target":["https:\/\/maisonroca.ad\/fr\/boutique\/collier-messika-my-twin-toi-moi-or-rose-diamants\/"]}]},{"@type":"ImageObject","inLanguage":"fr-FR","@id":"https:\/\/maisonroca.ad\/fr\/boutique\/collier-messika-my-twin-toi-moi-or-rose-diamants\/#primaryimage","url":"https:\/\/maisonroca.ad\/wp-content\/uploads\/2025\/08\/14534PG-1.jpg","contentUrl":"https:\/\/maisonroca.ad\/wp-content\/uploads\/2025\/08\/14534PG-1.jpg","width":1080,"height":1080,"caption":"maison-roca-andorra-messika-collar-my-twin-toi-&-moi-or-rosa-diamants"},{"@type":"BreadcrumbList","@id":"https:\/\/maisonroca.ad\/fr\/boutique\/collier-messika-my-twin-toi-moi-or-rose-diamants\/#breadcrumb","itemListElement":[{"@type":"ListItem","position":1,"name":"Portada","item":"https:\/\/maisonroca.ad\/fr\/"},{"@type":"ListItem","position":2,"name":"Botiga","item":"https:\/\/maisonroca.ad\/botiga\/"},{"@type":"ListItem","position":3,"name":"COLLIER MESSIKA MY TWIN TOI &#038; MOI EN OR ROSE ET DIAMANTS"}]},{"@type":"WebSite","@id":"https:\/\/maisonroca.ad\/fr\/#website","url":"https:\/\/maisonroca.ad\/fr\/","name":"Maison Roca","description":"Bold Luxury Life - joieria d&#039;autor - Andorra","publisher":{"@id":"https:\/\/maisonroca.ad\/fr\/#organization"},"potentialAction":[{"@type":"SearchAction","target":{"@type":"EntryPoint","urlTemplate":"https:\/\/maisonroca.ad\/fr\/?s={search_term_string}"},"query-input":{"@type":"PropertyValueSpecification","valueRequired":true,"valueName":"search_term_string"}}],"inLanguage":"fr-FR"},{"@type":"Organization","@id":"https:\/\/maisonroca.ad\/fr\/#organization","name":"Maison Roca","url":"https:\/\/maisonroca.ad\/fr\/","logo":{"@type":"ImageObject","inLanguage":"fr-FR","@id":"https:\/\/maisonroca.ad\/fr\/#\/schema\/logo\/image\/","url":"https:\/\/maisonroca.ad\/wp-content\/uploads\/2023\/10\/icono.png","contentUrl":"https:\/\/maisonroca.ad\/wp-content\/uploads\/2023\/10\/icono.png","width":512,"height":512,"caption":"Maison Roca"},"image":{"@id":"https:\/\/maisonroca.ad\/fr\/#\/schema\/logo\/image\/"},"sameAs":["https:\/\/www.facebook.com\/maisonroca","https:\/\/www.instagram.com\/maisonroca\/"]}]},"product_price_amount":"2678.00","product_price_currency":"EUR","og_availability":"instock","product_availability":"instock","product_retailer_item_id":"14534-PG","product_condition":"new"},"_links":{"self":[{"href":"https:\/\/maisonroca.ad\/fr\/wp-json\/wp\/v2\/product\/77346","targetHints":{"allow":["GET"]}}],"collection":[{"href":"https:\/\/maisonroca.ad\/fr\/wp-json\/wp\/v2\/product"}],"about":[{"href":"https:\/\/maisonroca.ad\/fr\/wp-json\/wp\/v2\/types\/product"}],"replies":[{"embeddable":true,"href":"https:\/\/maisonroca.ad\/fr\/wp-json\/wp\/v2\/comments?post=77346"}],"version-history":[{"count":3,"href":"https:\/\/maisonroca.ad\/fr\/wp-json\/wp\/v2\/product\/77346\/revisions"}],"predecessor-version":[{"id":78445,"href":"https:\/\/maisonroca.ad\/fr\/wp-json\/wp\/v2\/product\/77346\/revisions\/78445"}],"wp:featuredmedia":[{"embeddable":true,"href":"https:\/\/maisonroca.ad\/fr\/wp-json\/wp\/v2\/media\/77414"}],"wp:attachment":[{"href":"https:\/\/maisonroca.ad\/fr\/wp-json\/wp\/v2\/media?parent=77346"}],"wp:term":[{"taxonomy":"product_brand","embeddable":true,"href":"https:\/\/maisonroca.ad\/fr\/wp-json\/wp\/v2\/product_brand?post=77346"},{"taxonomy":"product_cat","embeddable":true,"href":"https:\/\/maisonroca.ad\/fr\/wp-json\/wp\/v2\/product_cat?post=77346"},{"taxonomy":"product_tag","embeddable":true,"href":"https:\/\/maisonroca.ad\/fr\/wp-json\/wp\/v2\/product_tag?post=77346"}],"curies":[{"name":"wp","href":"https:\/\/api.w.org\/{rel}","templated":true}]}}