{"id":77476,"date":"2025-08-05T10:59:04","date_gmt":"2025-08-05T08:59:04","guid":{"rendered":"https:\/\/maisonroca.ad\/?post_type=product&#038;p=77476"},"modified":"2025-08-20T11:17:30","modified_gmt":"2025-08-20T09:17:30","slug":"boucles-oreilles-pomellato-nudo-mini-or-rose-quartz-milky","status":"publish","type":"product","link":"https:\/\/maisonroca.ad\/fr\/boutique\/boucles-oreilles-pomellato-nudo-mini-or-rose-quartz-milky\/","title":{"rendered":"BOUCLES D&rsquo;OREILLES POMELLATO NUDO CLASSIC MINI EN OR ROSE ET QUARTZ MILKY"},"content":{"rendered":"<p>Boucles d\u2019oreilles Pomellato Nudo Mini en or rose et quartz milky.<\/p>\n<p>Les boucles d\u2019oreilles Nudo Mini de Pomellato offrent une nouvelle interpr\u00e9tation de son design iconique avec une d\u00e9licatesse renouvel\u00e9e. Le quartz milky, taill\u00e9 en forme de sablier, cr\u00e9e un effet \u00e9th\u00e9r\u00e9 qui \u00e9voque la lumi\u00e8re de la lune. Le design cr\u00e9ole ajoute confort et \u00e9l\u00e9gance contemporaine, fid\u00e8le \u00e0 l\u2019esprit raffin\u00e9 de la collection.<\/p>\n<p>D\u00e9tails:<\/p>\n<p>\u2022 Or rose 18k<br \/>\n\u2022 2 quartz milky 5,80 ct<\/p>\n","protected":false},"excerpt":{"rendered":"<p>Les boucles d\u2019oreilles Nudo Mini de Pomellato en or rose avec quartz milky offrent un design cr\u00e9atif et \u00e9l\u00e9gant qui capture la lumi\u00e8re et la d\u00e9licatesse de la collection chez Maison Roca.<\/p>\n","protected":false},"featured_media":77458,"comment_status":"closed","ping_status":"closed","template":"","meta":{"_acf_changed":false,"_monsterinsights_skip_tracking":false,"_monsterinsights_sitenote_active":false,"_monsterinsights_sitenote_note":"","_monsterinsights_sitenote_category":0},"product_brand":[],"product_cat":[1244,1263],"product_tag":[1770,1756,2183,3325],"class_list":{"0":"post-77476","1":"product","2":"type-product","3":"status-publish","4":"has-post-thumbnail","6":"product_cat-bijou","7":"product_cat-pomellato-fr","8":"product_tag-boucles-doreilles","9":"product_tag-or-rose","10":"product_tag-pomellato-2","11":"product_tag-quartz-milky","13":"first","14":"instock","15":"shipping-taxable","16":"purchasable","17":"product-type-simple"},"acf":[],"yoast_head":"<!-- This site is optimized with the Yoast SEO Premium plugin v26.8 (Yoast SEO v27.3) - https:\/\/yoast.com\/product\/yoast-seo-premium-wordpress\/ -->\n<title>Boucles d\u2019oreilles Pomellato Nudo Mini or rose avec quartz milky | Maison Roca<\/title>\n<meta name=\"description\" content=\"D\u00e9couvrez les boucles d\u2019oreilles Pomellato Nudo Mini en or rose et quartz milky. \u00c9l\u00e9gance contemporaine et d\u00e9licatesse raffin\u00e9e chez Maison Roca.\" \/>\n<meta name=\"robots\" content=\"index, follow, max-snippet:-1, max-image-preview:large, max-video-preview:-1\" \/>\n<link rel=\"canonical\" href=\"https:\/\/maisonroca.ad\/fr\/boutique\/boucles-oreilles-pomellato-nudo-mini-or-rose-quartz-milky\/\" \/>\n<meta property=\"og:locale\" content=\"fr_FR\" \/>\n<meta property=\"og:type\" content=\"article\" \/>\n<meta property=\"og:title\" content=\"BOUCLES D&#039;OREILLES POMELLATO NUDO CLASSIC MINI EN OR ROSE ET QUARTZ MILKY\" \/>\n<meta property=\"og:description\" content=\"D\u00e9couvrez les boucles d\u2019oreilles Pomellato Nudo Mini en or rose et quartz milky. \u00c9l\u00e9gance contemporaine et d\u00e9licatesse raffin\u00e9e chez Maison Roca.\" \/>\n<meta property=\"og:url\" content=\"https:\/\/maisonroca.ad\/fr\/boutique\/boucles-oreilles-pomellato-nudo-mini-or-rose-quartz-milky\/\" \/>\n<meta property=\"og:site_name\" content=\"Maison Roca\" \/>\n<meta property=\"article:publisher\" content=\"https:\/\/www.facebook.com\/maisonroca\" \/>\n<meta property=\"article:modified_time\" content=\"2025-08-20T09:17:30+00:00\" \/>\n<meta property=\"og:image\" content=\"https:\/\/maisonroca.ad\/wp-content\/uploads\/2025\/08\/POC5020O700000QLT-1.jpg\" \/>\n\t<meta property=\"og:image:width\" content=\"1080\" \/>\n\t<meta property=\"og:image:height\" content=\"1080\" \/>\n\t<meta property=\"og:image:type\" content=\"image\/jpeg\" \/>\n<meta name=\"twitter:card\" content=\"summary_large_image\" \/>\n<meta name=\"twitter:label1\" content=\"Prix\" \/>\n\t<meta name=\"twitter:data1\" content=\"3.060,00&nbsp;&euro;\" \/>\n\t<meta name=\"twitter:label2\" content=\"Disponibilit\u00e9\" \/>\n\t<meta name=\"twitter:data2\" content=\"En stock\" \/>\n<script type=\"application\/ld+json\" class=\"yoast-schema-graph\">{\"@context\":\"https:\\\/\\\/schema.org\",\"@graph\":[{\"@type\":\"WebPage\",\"@id\":\"https:\\\/\\\/maisonroca.ad\\\/fr\\\/boutique\\\/boucles-oreilles-pomellato-nudo-mini-or-rose-quartz-milky\\\/\",\"url\":\"https:\\\/\\\/maisonroca.ad\\\/fr\\\/boutique\\\/boucles-oreilles-pomellato-nudo-mini-or-rose-quartz-milky\\\/\",\"name\":\"Boucles d\u2019oreilles Pomellato Nudo Mini or rose avec quartz milky | Maison Roca\",\"isPartOf\":{\"@id\":\"https:\\\/\\\/maisonroca.ad\\\/fr\\\/#website\"},\"primaryImageOfPage\":{\"@id\":\"https:\\\/\\\/maisonroca.ad\\\/fr\\\/boutique\\\/boucles-oreilles-pomellato-nudo-mini-or-rose-quartz-milky\\\/#primaryimage\"},\"image\":{\"@id\":\"https:\\\/\\\/maisonroca.ad\\\/fr\\\/boutique\\\/boucles-oreilles-pomellato-nudo-mini-or-rose-quartz-milky\\\/#primaryimage\"},\"thumbnailUrl\":\"https:\\\/\\\/maisonroca.ad\\\/wp-content\\\/uploads\\\/2025\\\/08\\\/POC5020O700000QLT-1.jpg\",\"datePublished\":\"2025-08-05T08:59:04+00:00\",\"dateModified\":\"2025-08-20T09:17:30+00:00\",\"description\":\"D\u00e9couvrez les boucles d\u2019oreilles Pomellato Nudo Mini en or rose et quartz milky. \u00c9l\u00e9gance contemporaine et d\u00e9licatesse raffin\u00e9e chez Maison Roca.\",\"breadcrumb\":{\"@id\":\"https:\\\/\\\/maisonroca.ad\\\/fr\\\/boutique\\\/boucles-oreilles-pomellato-nudo-mini-or-rose-quartz-milky\\\/#breadcrumb\"},\"inLanguage\":\"fr-FR\",\"potentialAction\":[{\"@type\":\"ReadAction\",\"target\":[\"https:\\\/\\\/maisonroca.ad\\\/fr\\\/boutique\\\/boucles-oreilles-pomellato-nudo-mini-or-rose-quartz-milky\\\/\"]}]},{\"@type\":\"ImageObject\",\"inLanguage\":\"fr-FR\",\"@id\":\"https:\\\/\\\/maisonroca.ad\\\/fr\\\/boutique\\\/boucles-oreilles-pomellato-nudo-mini-or-rose-quartz-milky\\\/#primaryimage\",\"url\":\"https:\\\/\\\/maisonroca.ad\\\/wp-content\\\/uploads\\\/2025\\\/08\\\/POC5020O700000QLT-1.jpg\",\"contentUrl\":\"https:\\\/\\\/maisonroca.ad\\\/wp-content\\\/uploads\\\/2025\\\/08\\\/POC5020O700000QLT-1.jpg\",\"width\":1080,\"height\":1080,\"caption\":\"maison-roca-andorra-pomellato-arracades-nudo-classic-mini-or-rosa-quars\"},{\"@type\":\"BreadcrumbList\",\"@id\":\"https:\\\/\\\/maisonroca.ad\\\/fr\\\/boutique\\\/boucles-oreilles-pomellato-nudo-mini-or-rose-quartz-milky\\\/#breadcrumb\",\"itemListElement\":[{\"@type\":\"ListItem\",\"position\":1,\"name\":\"Portada\",\"item\":\"https:\\\/\\\/maisonroca.ad\\\/fr\\\/\"},{\"@type\":\"ListItem\",\"position\":2,\"name\":\"Botiga\",\"item\":\"https:\\\/\\\/maisonroca.ad\\\/botiga\\\/\"},{\"@type\":\"ListItem\",\"position\":3,\"name\":\"BOUCLES D&#8217;OREILLES POMELLATO NUDO CLASSIC MINI EN OR ROSE ET QUARTZ MILKY\"}]},{\"@type\":\"WebSite\",\"@id\":\"https:\\\/\\\/maisonroca.ad\\\/fr\\\/#website\",\"url\":\"https:\\\/\\\/maisonroca.ad\\\/fr\\\/\",\"name\":\"Maison Roca\",\"description\":\"Bold Luxury Life - joieria d&#039;autor - Andorra\",\"publisher\":{\"@id\":\"https:\\\/\\\/maisonroca.ad\\\/fr\\\/#organization\"},\"potentialAction\":[{\"@type\":\"SearchAction\",\"target\":{\"@type\":\"EntryPoint\",\"urlTemplate\":\"https:\\\/\\\/maisonroca.ad\\\/fr\\\/?s={search_term_string}\"},\"query-input\":{\"@type\":\"PropertyValueSpecification\",\"valueRequired\":true,\"valueName\":\"search_term_string\"}}],\"inLanguage\":\"fr-FR\"},{\"@type\":\"Organization\",\"@id\":\"https:\\\/\\\/maisonroca.ad\\\/fr\\\/#organization\",\"name\":\"Maison Roca\",\"url\":\"https:\\\/\\\/maisonroca.ad\\\/fr\\\/\",\"logo\":{\"@type\":\"ImageObject\",\"inLanguage\":\"fr-FR\",\"@id\":\"https:\\\/\\\/maisonroca.ad\\\/fr\\\/#\\\/schema\\\/logo\\\/image\\\/\",\"url\":\"https:\\\/\\\/maisonroca.ad\\\/wp-content\\\/uploads\\\/2023\\\/10\\\/icono.png\",\"contentUrl\":\"https:\\\/\\\/maisonroca.ad\\\/wp-content\\\/uploads\\\/2023\\\/10\\\/icono.png\",\"width\":512,\"height\":512,\"caption\":\"Maison Roca\"},\"image\":{\"@id\":\"https:\\\/\\\/maisonroca.ad\\\/fr\\\/#\\\/schema\\\/logo\\\/image\\\/\"},\"sameAs\":[\"https:\\\/\\\/www.facebook.com\\\/maisonroca\",\"https:\\\/\\\/www.instagram.com\\\/maisonroca\\\/\"]}]}<\/script>\n<meta property=\"product:price:amount\" content=\"3060.00\" \/>\n<meta property=\"product:price:currency\" content=\"EUR\" \/>\n<meta property=\"og:availability\" content=\"instock\" \/>\n<meta property=\"product:availability\" content=\"instock\" \/>\n<meta property=\"product:retailer_item_id\" content=\"POC5020O700000QLT\" \/>\n<meta property=\"product:condition\" content=\"new\" \/>\n<!-- \/ Yoast SEO Premium plugin. -->","yoast_head_json":{"title":"Boucles d\u2019oreilles Pomellato Nudo Mini or rose avec quartz milky | Maison Roca","description":"D\u00e9couvrez les boucles d\u2019oreilles Pomellato Nudo Mini en or rose et quartz milky. \u00c9l\u00e9gance contemporaine et d\u00e9licatesse raffin\u00e9e chez Maison Roca.","robots":{"index":"index","follow":"follow","max-snippet":"max-snippet:-1","max-image-preview":"max-image-preview:large","max-video-preview":"max-video-preview:-1"},"canonical":"https:\/\/maisonroca.ad\/fr\/boutique\/boucles-oreilles-pomellato-nudo-mini-or-rose-quartz-milky\/","og_locale":"fr_FR","og_type":"article","og_title":"BOUCLES D'OREILLES POMELLATO NUDO CLASSIC MINI EN OR ROSE ET QUARTZ MILKY","og_description":"D\u00e9couvrez les boucles d\u2019oreilles Pomellato Nudo Mini en or rose et quartz milky. \u00c9l\u00e9gance contemporaine et d\u00e9licatesse raffin\u00e9e chez Maison Roca.","og_url":"https:\/\/maisonroca.ad\/fr\/boutique\/boucles-oreilles-pomellato-nudo-mini-or-rose-quartz-milky\/","og_site_name":"Maison Roca","article_publisher":"https:\/\/www.facebook.com\/maisonroca","article_modified_time":"2025-08-20T09:17:30+00:00","og_image":[{"width":1080,"height":1080,"url":"https:\/\/maisonroca.ad\/wp-content\/uploads\/2025\/08\/POC5020O700000QLT-1.jpg","type":"image\/jpeg"}],"twitter_card":"summary_large_image","twitter_misc":{"Prix":"3.060,00&nbsp;&euro;","Disponibilit\u00e9":"En stock"},"schema":{"@context":"https:\/\/schema.org","@graph":[{"@type":"WebPage","@id":"https:\/\/maisonroca.ad\/fr\/boutique\/boucles-oreilles-pomellato-nudo-mini-or-rose-quartz-milky\/","url":"https:\/\/maisonroca.ad\/fr\/boutique\/boucles-oreilles-pomellato-nudo-mini-or-rose-quartz-milky\/","name":"Boucles d\u2019oreilles Pomellato Nudo Mini or rose avec quartz milky | Maison Roca","isPartOf":{"@id":"https:\/\/maisonroca.ad\/fr\/#website"},"primaryImageOfPage":{"@id":"https:\/\/maisonroca.ad\/fr\/boutique\/boucles-oreilles-pomellato-nudo-mini-or-rose-quartz-milky\/#primaryimage"},"image":{"@id":"https:\/\/maisonroca.ad\/fr\/boutique\/boucles-oreilles-pomellato-nudo-mini-or-rose-quartz-milky\/#primaryimage"},"thumbnailUrl":"https:\/\/maisonroca.ad\/wp-content\/uploads\/2025\/08\/POC5020O700000QLT-1.jpg","datePublished":"2025-08-05T08:59:04+00:00","dateModified":"2025-08-20T09:17:30+00:00","description":"D\u00e9couvrez les boucles d\u2019oreilles Pomellato Nudo Mini en or rose et quartz milky. \u00c9l\u00e9gance contemporaine et d\u00e9licatesse raffin\u00e9e chez Maison Roca.","breadcrumb":{"@id":"https:\/\/maisonroca.ad\/fr\/boutique\/boucles-oreilles-pomellato-nudo-mini-or-rose-quartz-milky\/#breadcrumb"},"inLanguage":"fr-FR","potentialAction":[{"@type":"ReadAction","target":["https:\/\/maisonroca.ad\/fr\/boutique\/boucles-oreilles-pomellato-nudo-mini-or-rose-quartz-milky\/"]}]},{"@type":"ImageObject","inLanguage":"fr-FR","@id":"https:\/\/maisonroca.ad\/fr\/boutique\/boucles-oreilles-pomellato-nudo-mini-or-rose-quartz-milky\/#primaryimage","url":"https:\/\/maisonroca.ad\/wp-content\/uploads\/2025\/08\/POC5020O700000QLT-1.jpg","contentUrl":"https:\/\/maisonroca.ad\/wp-content\/uploads\/2025\/08\/POC5020O700000QLT-1.jpg","width":1080,"height":1080,"caption":"maison-roca-andorra-pomellato-arracades-nudo-classic-mini-or-rosa-quars"},{"@type":"BreadcrumbList","@id":"https:\/\/maisonroca.ad\/fr\/boutique\/boucles-oreilles-pomellato-nudo-mini-or-rose-quartz-milky\/#breadcrumb","itemListElement":[{"@type":"ListItem","position":1,"name":"Portada","item":"https:\/\/maisonroca.ad\/fr\/"},{"@type":"ListItem","position":2,"name":"Botiga","item":"https:\/\/maisonroca.ad\/botiga\/"},{"@type":"ListItem","position":3,"name":"BOUCLES D&#8217;OREILLES POMELLATO NUDO CLASSIC MINI EN OR ROSE ET QUARTZ MILKY"}]},{"@type":"WebSite","@id":"https:\/\/maisonroca.ad\/fr\/#website","url":"https:\/\/maisonroca.ad\/fr\/","name":"Maison Roca","description":"Bold Luxury Life - joieria d&#039;autor - Andorra","publisher":{"@id":"https:\/\/maisonroca.ad\/fr\/#organization"},"potentialAction":[{"@type":"SearchAction","target":{"@type":"EntryPoint","urlTemplate":"https:\/\/maisonroca.ad\/fr\/?s={search_term_string}"},"query-input":{"@type":"PropertyValueSpecification","valueRequired":true,"valueName":"search_term_string"}}],"inLanguage":"fr-FR"},{"@type":"Organization","@id":"https:\/\/maisonroca.ad\/fr\/#organization","name":"Maison Roca","url":"https:\/\/maisonroca.ad\/fr\/","logo":{"@type":"ImageObject","inLanguage":"fr-FR","@id":"https:\/\/maisonroca.ad\/fr\/#\/schema\/logo\/image\/","url":"https:\/\/maisonroca.ad\/wp-content\/uploads\/2023\/10\/icono.png","contentUrl":"https:\/\/maisonroca.ad\/wp-content\/uploads\/2023\/10\/icono.png","width":512,"height":512,"caption":"Maison Roca"},"image":{"@id":"https:\/\/maisonroca.ad\/fr\/#\/schema\/logo\/image\/"},"sameAs":["https:\/\/www.facebook.com\/maisonroca","https:\/\/www.instagram.com\/maisonroca\/"]}]},"product_price_amount":"3060.00","product_price_currency":"EUR","og_availability":"instock","product_availability":"instock","product_retailer_item_id":"POC5020O700000QLT","product_condition":"new"},"_links":{"self":[{"href":"https:\/\/maisonroca.ad\/fr\/wp-json\/wp\/v2\/product\/77476","targetHints":{"allow":["GET"]}}],"collection":[{"href":"https:\/\/maisonroca.ad\/fr\/wp-json\/wp\/v2\/product"}],"about":[{"href":"https:\/\/maisonroca.ad\/fr\/wp-json\/wp\/v2\/types\/product"}],"replies":[{"embeddable":true,"href":"https:\/\/maisonroca.ad\/fr\/wp-json\/wp\/v2\/comments?post=77476"}],"version-history":[{"count":3,"href":"https:\/\/maisonroca.ad\/fr\/wp-json\/wp\/v2\/product\/77476\/revisions"}],"predecessor-version":[{"id":78300,"href":"https:\/\/maisonroca.ad\/fr\/wp-json\/wp\/v2\/product\/77476\/revisions\/78300"}],"wp:featuredmedia":[{"embeddable":true,"href":"https:\/\/maisonroca.ad\/fr\/wp-json\/wp\/v2\/media\/77458"}],"wp:attachment":[{"href":"https:\/\/maisonroca.ad\/fr\/wp-json\/wp\/v2\/media?parent=77476"}],"wp:term":[{"taxonomy":"product_brand","embeddable":true,"href":"https:\/\/maisonroca.ad\/fr\/wp-json\/wp\/v2\/product_brand?post=77476"},{"taxonomy":"product_cat","embeddable":true,"href":"https:\/\/maisonroca.ad\/fr\/wp-json\/wp\/v2\/product_cat?post=77476"},{"taxonomy":"product_tag","embeddable":true,"href":"https:\/\/maisonroca.ad\/fr\/wp-json\/wp\/v2\/product_tag?post=77476"}],"curies":[{"name":"wp","href":"https:\/\/api.w.org\/{rel}","templated":true}]}}