{"id":77539,"date":"2025-08-05T11:59:28","date_gmt":"2025-08-05T09:59:28","guid":{"rendered":"https:\/\/maisonroca.ad\/?post_type=product&#038;p=77539"},"modified":"2025-12-11T10:11:29","modified_gmt":"2025-12-11T09:11:29","slug":"bracelet-pomellato-nudo-mini-or-rose-blanc-quartz-diamants","status":"publish","type":"product","link":"https:\/\/maisonroca.ad\/fr\/boutique\/bracelet-pomellato-nudo-mini-or-rose-blanc-quartz-diamants\/","title":{"rendered":"BRACELET POMELLATO NUDO MINI EN OR ROSE ET BLANC, QUARTZ LAITEUX ET DIAMANTS"},"content":{"rendered":"<p>Bracelet Pomellato Nudo Mini en or rose et blanc, quartz laiteux et diamants.<\/p>\n<p>Le bracelet Nudo Mini de Pomellato associe le quartz laiteux \u00e0 l\u2019or rose et \u00e0 des d\u00e9tails en diamants pour cr\u00e9er une pi\u00e8ce raffin\u00e9e et polyvalente. Dot\u00e9 d\u2019une structure flexible et d\u2019un design d\u00e9licat, il offre un \u00e9quilibre parfait entre sophistication et confort, id\u00e9al \u00e0 porter seul ou associ\u00e9 \u00e0 d\u2019autres bijoux.<\/p>\n<p>D\u00e9tails:<\/p>\n<p>\u2022 Or rose i blanc 18k<br \/>\n\u2022 Diamants 0,0192 ct<br \/>\n\u2022 Quartz laiteux 5,80 ct<\/p>\n","protected":false},"excerpt":{"rendered":"<p>Bracelet Pomellato Nudo Mini en or rose et blanc avec quartz laiteux et diamants, une cr\u00e9ation \u00e9l\u00e9gante et polyvalente disponible chez Maison Roca, parfaite port\u00e9e seule ou associ\u00e9e \u00e0 d\u2019autres bijoux.<\/p>\n","protected":false},"featured_media":77507,"comment_status":"closed","ping_status":"closed","template":"","meta":{"_acf_changed":false,"_monsterinsights_skip_tracking":false,"_monsterinsights_sitenote_active":false,"_monsterinsights_sitenote_note":"","_monsterinsights_sitenote_category":0},"product_brand":[],"product_cat":[1244,1263],"product_tag":[2402,2192,2171,3391,2183,2936],"class_list":{"0":"post-77539","1":"product","2":"type-product","3":"status-publish","4":"has-post-thumbnail","6":"product_cat-bijou","7":"product_cat-pomellato-fr","8":"product_tag-bracalets-2","9":"product_tag-diamants-2","10":"product_tag-or-blanc-2","11":"product_tag-or-rosa-fr","12":"product_tag-pomellato-2","13":"product_tag-quars-fr","15":"first","16":"instock","17":"shipping-taxable","18":"purchasable","19":"product-type-simple"},"acf":[],"yoast_head":"<!-- This site is optimized with the Yoast SEO Premium plugin v26.8 (Yoast SEO v27.4) - https:\/\/yoast.com\/product\/yoast-seo-premium-wordpress\/ -->\n<title>Bracelet Pomellato Nudo Mini en or rose et blanc quartz et diamants | Maison Roca<\/title>\n<meta name=\"description\" content=\"D\u00e9couvrez le bracelet Pomellato Nudo Mini en or rose et blanc avec quartz et diamants. \u00c9l\u00e9gance intemporelle et raffin\u00e9e chez Maison Roca.\" \/>\n<meta name=\"robots\" content=\"index, follow, max-snippet:-1, max-image-preview:large, max-video-preview:-1\" \/>\n<link rel=\"canonical\" href=\"https:\/\/maisonroca.ad\/fr\/boutique\/bracelet-pomellato-nudo-mini-or-rose-blanc-quartz-diamants\/\" \/>\n<meta property=\"og:locale\" content=\"fr_FR\" \/>\n<meta property=\"og:type\" content=\"article\" \/>\n<meta property=\"og:title\" content=\"BRACELET POMELLATO NUDO MINI EN OR ROSE ET BLANC, QUARTZ LAITEUX ET DIAMANTS\" \/>\n<meta property=\"og:description\" content=\"D\u00e9couvrez le bracelet Pomellato Nudo Mini en or rose et blanc avec quartz et diamants. \u00c9l\u00e9gance intemporelle et raffin\u00e9e chez Maison Roca.\" \/>\n<meta property=\"og:url\" content=\"https:\/\/maisonroca.ad\/fr\/boutique\/bracelet-pomellato-nudo-mini-or-rose-blanc-quartz-diamants\/\" \/>\n<meta property=\"og:site_name\" content=\"Maison Roca\" \/>\n<meta property=\"article:publisher\" content=\"https:\/\/www.facebook.com\/maisonroca\" \/>\n<meta property=\"article:modified_time\" content=\"2025-12-11T09:11:29+00:00\" \/>\n<meta property=\"og:image\" content=\"https:\/\/maisonroca.ad\/wp-content\/uploads\/2025\/08\/PBC5020O6WHRDBQLT-1.jpg\" \/>\n\t<meta property=\"og:image:width\" content=\"1080\" \/>\n\t<meta property=\"og:image:height\" content=\"1080\" \/>\n\t<meta property=\"og:image:type\" content=\"image\/jpeg\" \/>\n<meta name=\"twitter:card\" content=\"summary_large_image\" \/>\n<meta name=\"twitter:label1\" content=\"Prix\" \/>\n\t<meta name=\"twitter:data1\" content=\"5.040,00&nbsp;&euro;\" \/>\n\t<meta name=\"twitter:label2\" content=\"Disponibilit\u00e9\" \/>\n\t<meta name=\"twitter:data2\" content=\"En stock\" \/>\n<script type=\"application\/ld+json\" class=\"yoast-schema-graph\">{\"@context\":\"https:\\\/\\\/schema.org\",\"@graph\":[{\"@type\":\"WebPage\",\"@id\":\"https:\\\/\\\/maisonroca.ad\\\/fr\\\/boutique\\\/bracelet-pomellato-nudo-mini-or-rose-blanc-quartz-diamants\\\/\",\"url\":\"https:\\\/\\\/maisonroca.ad\\\/fr\\\/boutique\\\/bracelet-pomellato-nudo-mini-or-rose-blanc-quartz-diamants\\\/\",\"name\":\"Bracelet Pomellato Nudo Mini en or rose et blanc quartz et diamants | Maison Roca\",\"isPartOf\":{\"@id\":\"https:\\\/\\\/maisonroca.ad\\\/fr\\\/#website\"},\"primaryImageOfPage\":{\"@id\":\"https:\\\/\\\/maisonroca.ad\\\/fr\\\/boutique\\\/bracelet-pomellato-nudo-mini-or-rose-blanc-quartz-diamants\\\/#primaryimage\"},\"image\":{\"@id\":\"https:\\\/\\\/maisonroca.ad\\\/fr\\\/boutique\\\/bracelet-pomellato-nudo-mini-or-rose-blanc-quartz-diamants\\\/#primaryimage\"},\"thumbnailUrl\":\"https:\\\/\\\/maisonroca.ad\\\/wp-content\\\/uploads\\\/2025\\\/08\\\/PBC5020O6WHRDBQLT-1.jpg\",\"datePublished\":\"2025-08-05T09:59:28+00:00\",\"dateModified\":\"2025-12-11T09:11:29+00:00\",\"description\":\"D\u00e9couvrez le bracelet Pomellato Nudo Mini en or rose et blanc avec quartz et diamants. \u00c9l\u00e9gance intemporelle et raffin\u00e9e chez Maison Roca.\",\"breadcrumb\":{\"@id\":\"https:\\\/\\\/maisonroca.ad\\\/fr\\\/boutique\\\/bracelet-pomellato-nudo-mini-or-rose-blanc-quartz-diamants\\\/#breadcrumb\"},\"inLanguage\":\"fr-FR\",\"potentialAction\":[{\"@type\":\"ReadAction\",\"target\":[\"https:\\\/\\\/maisonroca.ad\\\/fr\\\/boutique\\\/bracelet-pomellato-nudo-mini-or-rose-blanc-quartz-diamants\\\/\"]}]},{\"@type\":\"ImageObject\",\"inLanguage\":\"fr-FR\",\"@id\":\"https:\\\/\\\/maisonroca.ad\\\/fr\\\/boutique\\\/bracelet-pomellato-nudo-mini-or-rose-blanc-quartz-diamants\\\/#primaryimage\",\"url\":\"https:\\\/\\\/maisonroca.ad\\\/wp-content\\\/uploads\\\/2025\\\/08\\\/PBC5020O6WHRDBQLT-1.jpg\",\"contentUrl\":\"https:\\\/\\\/maisonroca.ad\\\/wp-content\\\/uploads\\\/2025\\\/08\\\/PBC5020O6WHRDBQLT-1.jpg\",\"width\":1080,\"height\":1080,\"caption\":\"maison-roca-andorra-pomellato-bra\u00e7alet-nudo-mini-or-rosa-or-blanc-quars-milk-diamants\"},{\"@type\":\"BreadcrumbList\",\"@id\":\"https:\\\/\\\/maisonroca.ad\\\/fr\\\/boutique\\\/bracelet-pomellato-nudo-mini-or-rose-blanc-quartz-diamants\\\/#breadcrumb\",\"itemListElement\":[{\"@type\":\"ListItem\",\"position\":1,\"name\":\"Portada\",\"item\":\"https:\\\/\\\/maisonroca.ad\\\/fr\\\/\"},{\"@type\":\"ListItem\",\"position\":2,\"name\":\"Botiga\",\"item\":\"https:\\\/\\\/maisonroca.ad\\\/botiga\\\/\"},{\"@type\":\"ListItem\",\"position\":3,\"name\":\"BRACELET POMELLATO NUDO MINI EN OR ROSE ET BLANC, QUARTZ LAITEUX ET DIAMANTS\"}]},{\"@type\":\"WebSite\",\"@id\":\"https:\\\/\\\/maisonroca.ad\\\/fr\\\/#website\",\"url\":\"https:\\\/\\\/maisonroca.ad\\\/fr\\\/\",\"name\":\"Maison Roca\",\"description\":\"Bold Luxury Life - joieria d&#039;autor - Andorra\",\"publisher\":{\"@id\":\"https:\\\/\\\/maisonroca.ad\\\/fr\\\/#organization\"},\"potentialAction\":[{\"@type\":\"SearchAction\",\"target\":{\"@type\":\"EntryPoint\",\"urlTemplate\":\"https:\\\/\\\/maisonroca.ad\\\/fr\\\/?s={search_term_string}\"},\"query-input\":{\"@type\":\"PropertyValueSpecification\",\"valueRequired\":true,\"valueName\":\"search_term_string\"}}],\"inLanguage\":\"fr-FR\"},{\"@type\":\"Organization\",\"@id\":\"https:\\\/\\\/maisonroca.ad\\\/fr\\\/#organization\",\"name\":\"Maison Roca\",\"url\":\"https:\\\/\\\/maisonroca.ad\\\/fr\\\/\",\"logo\":{\"@type\":\"ImageObject\",\"inLanguage\":\"fr-FR\",\"@id\":\"https:\\\/\\\/maisonroca.ad\\\/fr\\\/#\\\/schema\\\/logo\\\/image\\\/\",\"url\":\"https:\\\/\\\/maisonroca.ad\\\/wp-content\\\/uploads\\\/2023\\\/10\\\/icono.png\",\"contentUrl\":\"https:\\\/\\\/maisonroca.ad\\\/wp-content\\\/uploads\\\/2023\\\/10\\\/icono.png\",\"width\":512,\"height\":512,\"caption\":\"Maison Roca\"},\"image\":{\"@id\":\"https:\\\/\\\/maisonroca.ad\\\/fr\\\/#\\\/schema\\\/logo\\\/image\\\/\"},\"sameAs\":[\"https:\\\/\\\/www.facebook.com\\\/maisonroca\",\"https:\\\/\\\/www.instagram.com\\\/maisonroca\\\/\"]}]}<\/script>\n<meta property=\"product:price:amount\" content=\"5040.00\" \/>\n<meta property=\"product:price:currency\" content=\"EUR\" \/>\n<meta property=\"og:availability\" content=\"instock\" \/>\n<meta property=\"product:availability\" content=\"instock\" \/>\n<meta property=\"product:retailer_item_id\" content=\"PBC5020O6WHRDBQLT\" \/>\n<meta property=\"product:condition\" content=\"new\" \/>\n<!-- \/ Yoast SEO Premium plugin. -->","yoast_head_json":{"title":"Bracelet Pomellato Nudo Mini en or rose et blanc quartz et diamants | Maison Roca","description":"D\u00e9couvrez le bracelet Pomellato Nudo Mini en or rose et blanc avec quartz et diamants. \u00c9l\u00e9gance intemporelle et raffin\u00e9e chez Maison Roca.","robots":{"index":"index","follow":"follow","max-snippet":"max-snippet:-1","max-image-preview":"max-image-preview:large","max-video-preview":"max-video-preview:-1"},"canonical":"https:\/\/maisonroca.ad\/fr\/boutique\/bracelet-pomellato-nudo-mini-or-rose-blanc-quartz-diamants\/","og_locale":"fr_FR","og_type":"article","og_title":"BRACELET POMELLATO NUDO MINI EN OR ROSE ET BLANC, QUARTZ LAITEUX ET DIAMANTS","og_description":"D\u00e9couvrez le bracelet Pomellato Nudo Mini en or rose et blanc avec quartz et diamants. \u00c9l\u00e9gance intemporelle et raffin\u00e9e chez Maison Roca.","og_url":"https:\/\/maisonroca.ad\/fr\/boutique\/bracelet-pomellato-nudo-mini-or-rose-blanc-quartz-diamants\/","og_site_name":"Maison Roca","article_publisher":"https:\/\/www.facebook.com\/maisonroca","article_modified_time":"2025-12-11T09:11:29+00:00","og_image":[{"width":1080,"height":1080,"url":"https:\/\/maisonroca.ad\/wp-content\/uploads\/2025\/08\/PBC5020O6WHRDBQLT-1.jpg","type":"image\/jpeg"}],"twitter_card":"summary_large_image","twitter_misc":{"Prix":"5.040,00&nbsp;&euro;","Disponibilit\u00e9":"En stock"},"schema":{"@context":"https:\/\/schema.org","@graph":[{"@type":"WebPage","@id":"https:\/\/maisonroca.ad\/fr\/boutique\/bracelet-pomellato-nudo-mini-or-rose-blanc-quartz-diamants\/","url":"https:\/\/maisonroca.ad\/fr\/boutique\/bracelet-pomellato-nudo-mini-or-rose-blanc-quartz-diamants\/","name":"Bracelet Pomellato Nudo Mini en or rose et blanc quartz et diamants | Maison Roca","isPartOf":{"@id":"https:\/\/maisonroca.ad\/fr\/#website"},"primaryImageOfPage":{"@id":"https:\/\/maisonroca.ad\/fr\/boutique\/bracelet-pomellato-nudo-mini-or-rose-blanc-quartz-diamants\/#primaryimage"},"image":{"@id":"https:\/\/maisonroca.ad\/fr\/boutique\/bracelet-pomellato-nudo-mini-or-rose-blanc-quartz-diamants\/#primaryimage"},"thumbnailUrl":"https:\/\/maisonroca.ad\/wp-content\/uploads\/2025\/08\/PBC5020O6WHRDBQLT-1.jpg","datePublished":"2025-08-05T09:59:28+00:00","dateModified":"2025-12-11T09:11:29+00:00","description":"D\u00e9couvrez le bracelet Pomellato Nudo Mini en or rose et blanc avec quartz et diamants. \u00c9l\u00e9gance intemporelle et raffin\u00e9e chez Maison Roca.","breadcrumb":{"@id":"https:\/\/maisonroca.ad\/fr\/boutique\/bracelet-pomellato-nudo-mini-or-rose-blanc-quartz-diamants\/#breadcrumb"},"inLanguage":"fr-FR","potentialAction":[{"@type":"ReadAction","target":["https:\/\/maisonroca.ad\/fr\/boutique\/bracelet-pomellato-nudo-mini-or-rose-blanc-quartz-diamants\/"]}]},{"@type":"ImageObject","inLanguage":"fr-FR","@id":"https:\/\/maisonroca.ad\/fr\/boutique\/bracelet-pomellato-nudo-mini-or-rose-blanc-quartz-diamants\/#primaryimage","url":"https:\/\/maisonroca.ad\/wp-content\/uploads\/2025\/08\/PBC5020O6WHRDBQLT-1.jpg","contentUrl":"https:\/\/maisonroca.ad\/wp-content\/uploads\/2025\/08\/PBC5020O6WHRDBQLT-1.jpg","width":1080,"height":1080,"caption":"maison-roca-andorra-pomellato-bra\u00e7alet-nudo-mini-or-rosa-or-blanc-quars-milk-diamants"},{"@type":"BreadcrumbList","@id":"https:\/\/maisonroca.ad\/fr\/boutique\/bracelet-pomellato-nudo-mini-or-rose-blanc-quartz-diamants\/#breadcrumb","itemListElement":[{"@type":"ListItem","position":1,"name":"Portada","item":"https:\/\/maisonroca.ad\/fr\/"},{"@type":"ListItem","position":2,"name":"Botiga","item":"https:\/\/maisonroca.ad\/botiga\/"},{"@type":"ListItem","position":3,"name":"BRACELET POMELLATO NUDO MINI EN OR ROSE ET BLANC, QUARTZ LAITEUX ET DIAMANTS"}]},{"@type":"WebSite","@id":"https:\/\/maisonroca.ad\/fr\/#website","url":"https:\/\/maisonroca.ad\/fr\/","name":"Maison Roca","description":"Bold Luxury Life - joieria d&#039;autor - Andorra","publisher":{"@id":"https:\/\/maisonroca.ad\/fr\/#organization"},"potentialAction":[{"@type":"SearchAction","target":{"@type":"EntryPoint","urlTemplate":"https:\/\/maisonroca.ad\/fr\/?s={search_term_string}"},"query-input":{"@type":"PropertyValueSpecification","valueRequired":true,"valueName":"search_term_string"}}],"inLanguage":"fr-FR"},{"@type":"Organization","@id":"https:\/\/maisonroca.ad\/fr\/#organization","name":"Maison Roca","url":"https:\/\/maisonroca.ad\/fr\/","logo":{"@type":"ImageObject","inLanguage":"fr-FR","@id":"https:\/\/maisonroca.ad\/fr\/#\/schema\/logo\/image\/","url":"https:\/\/maisonroca.ad\/wp-content\/uploads\/2023\/10\/icono.png","contentUrl":"https:\/\/maisonroca.ad\/wp-content\/uploads\/2023\/10\/icono.png","width":512,"height":512,"caption":"Maison Roca"},"image":{"@id":"https:\/\/maisonroca.ad\/fr\/#\/schema\/logo\/image\/"},"sameAs":["https:\/\/www.facebook.com\/maisonroca","https:\/\/www.instagram.com\/maisonroca\/"]}]},"product_price_amount":"5040.00","product_price_currency":"EUR","og_availability":"instock","product_availability":"instock","product_retailer_item_id":"PBC5020O6WHRDBQLT","product_condition":"new"},"_links":{"self":[{"href":"https:\/\/maisonroca.ad\/fr\/wp-json\/wp\/v2\/product\/77539","targetHints":{"allow":["GET"]}}],"collection":[{"href":"https:\/\/maisonroca.ad\/fr\/wp-json\/wp\/v2\/product"}],"about":[{"href":"https:\/\/maisonroca.ad\/fr\/wp-json\/wp\/v2\/types\/product"}],"replies":[{"embeddable":true,"href":"https:\/\/maisonroca.ad\/fr\/wp-json\/wp\/v2\/comments?post=77539"}],"version-history":[{"count":8,"href":"https:\/\/maisonroca.ad\/fr\/wp-json\/wp\/v2\/product\/77539\/revisions"}],"predecessor-version":[{"id":81401,"href":"https:\/\/maisonroca.ad\/fr\/wp-json\/wp\/v2\/product\/77539\/revisions\/81401"}],"wp:featuredmedia":[{"embeddable":true,"href":"https:\/\/maisonroca.ad\/fr\/wp-json\/wp\/v2\/media\/77507"}],"wp:attachment":[{"href":"https:\/\/maisonroca.ad\/fr\/wp-json\/wp\/v2\/media?parent=77539"}],"wp:term":[{"taxonomy":"product_brand","embeddable":true,"href":"https:\/\/maisonroca.ad\/fr\/wp-json\/wp\/v2\/product_brand?post=77539"},{"taxonomy":"product_cat","embeddable":true,"href":"https:\/\/maisonroca.ad\/fr\/wp-json\/wp\/v2\/product_cat?post=77539"},{"taxonomy":"product_tag","embeddable":true,"href":"https:\/\/maisonroca.ad\/fr\/wp-json\/wp\/v2\/product_tag?post=77539"}],"curies":[{"name":"wp","href":"https:\/\/api.w.org\/{rel}","templated":true}]}}