{"id":77781,"date":"2025-08-06T13:11:24","date_gmt":"2025-08-06T11:11:24","guid":{"rendered":"https:\/\/maisonroca.ad\/?post_type=product&#038;p=77781"},"modified":"2026-02-24T18:18:06","modified_gmt":"2026-02-24T17:18:06","slug":"boucles-oreilles-fred-force-10-rise-or-blanc-diamants","status":"publish","type":"product","link":"https:\/\/maisonroca.ad\/fr\/boutique\/boucles-oreilles-fred-force-10-rise-or-blanc-diamants\/","title":{"rendered":"Boucles d&rsquo;oreilles FRED Force 10 en or blanc et diamants"},"content":{"rendered":"<p>Boucles d\u2019oreilles Fred Force 10 Rise grand mod\u00e8le en or blanc et pav\u00e9 de diamants.<\/p>\n<p>Audacieuse et f\u00e9minine, la collection Force 10 Rise r\u00e9interpr\u00e8te avec \u00e9l\u00e9gance les codes iconiques de la maison. Inspir\u00e9e d&rsquo;une <em>parure<\/em> de Haute Joaillerie, elle constitue un v\u00e9ritable manifeste de style. Les boucles d\u2019oreilles en or blanc et diamants, port\u00e9es seules ou associ\u00e9es, cr\u00e9ent un mix and match moderne et joyeux. FRED invite \u00e0 exprimer sa singularit\u00e9 avec style et d\u00e9termination.<\/p>\n<p>D\u00e9tails:<\/p>\n<p>\u2022 Or blanc 18k<br \/>\n\u2022 Pav\u00e9 diamants<\/p>\n","protected":false},"excerpt":{"rendered":"<p>Les boucles d\u2019oreilles FRED Force 10 Rise grand mod\u00e8le, disponibles chez Maison Roca, combinent or blanc et pav\u00e9e de diamants. Seules ou associ\u00e9es, elles cr\u00e9ent un look moderne et joyeux, symbole de style et de d\u00e9termination.<\/p>\n","protected":false},"featured_media":77763,"comment_status":"closed","ping_status":"closed","template":"","meta":{"_acf_changed":false,"_monsterinsights_skip_tracking":false,"_monsterinsights_sitenote_active":false,"_monsterinsights_sitenote_note":"","_monsterinsights_sitenote_category":0},"product_brand":[],"product_cat":[1244,1252],"product_tag":[2828,2192,2161,2171],"class_list":{"0":"post-77781","1":"product","2":"type-product","3":"status-publish","4":"has-post-thumbnail","6":"product_cat-bijou","7":"product_cat-fred-fr","8":"product_tag-arracades-fr","9":"product_tag-diamants-2","10":"product_tag-fred-2","11":"product_tag-or-blanc-2","13":"first","14":"instock","15":"shipping-taxable","16":"product-type-simple"},"acf":[],"yoast_head":"<!-- This site is optimized with the Yoast SEO Premium plugin v26.8 (Yoast SEO v27.3) - https:\/\/yoast.com\/product\/yoast-seo-premium-wordpress\/ -->\n<title>Boucles d\u2019oreilles FRED Force 10 Rise en or blanc avec diamants \u2013 Maison Roca<\/title>\n<meta name=\"description\" content=\"D\u00e9couvrez les boucles d\u2019oreilles FRED Force 10 Rise grand mod\u00e8le chez Maison Roca. Or blanc et pav\u00e9 de diamants dans des bijoux symbolisant \u00e9l\u00e9gance et personnalit\u00e9.\" \/>\n<meta name=\"robots\" content=\"index, follow, max-snippet:-1, max-image-preview:large, max-video-preview:-1\" \/>\n<link rel=\"canonical\" href=\"https:\/\/maisonroca.ad\/fr\/boutique\/boucles-oreilles-fred-force-10-rise-or-blanc-diamants\/\" \/>\n<meta property=\"og:locale\" content=\"fr_FR\" \/>\n<meta property=\"og:type\" content=\"article\" \/>\n<meta property=\"og:title\" content=\"Boucles d&#039;oreilles FRED Force 10 en or blanc et diamants\" \/>\n<meta property=\"og:description\" content=\"D\u00e9couvrez les boucles d\u2019oreilles FRED Force 10 Rise grand mod\u00e8le chez Maison Roca. Or blanc et pav\u00e9 de diamants dans des bijoux symbolisant \u00e9l\u00e9gance et personnalit\u00e9.\" \/>\n<meta property=\"og:url\" content=\"https:\/\/maisonroca.ad\/fr\/boutique\/boucles-oreilles-fred-force-10-rise-or-blanc-diamants\/\" \/>\n<meta property=\"og:site_name\" content=\"Maison Roca\" \/>\n<meta property=\"article:publisher\" content=\"https:\/\/www.facebook.com\/maisonroca\" \/>\n<meta property=\"article:modified_time\" content=\"2026-02-24T17:18:06+00:00\" \/>\n<meta property=\"og:image\" content=\"https:\/\/maisonroca.ad\/wp-content\/uploads\/2025\/08\/8B0353-1.jpg\" \/>\n\t<meta property=\"og:image:width\" content=\"1080\" \/>\n\t<meta property=\"og:image:height\" content=\"1080\" \/>\n\t<meta property=\"og:image:type\" content=\"image\/jpeg\" \/>\n<meta name=\"twitter:card\" content=\"summary_large_image\" \/>\n<meta name=\"twitter:label1\" content=\"Prix\" \/>\n\t<meta name=\"twitter:data1\" content=\"\" \/>\n\t<meta name=\"twitter:label2\" content=\"Disponibilit\u00e9\" \/>\n\t<meta name=\"twitter:data2\" content=\"En stock\" \/>\n<script type=\"application\/ld+json\" class=\"yoast-schema-graph\">{\"@context\":\"https:\\\/\\\/schema.org\",\"@graph\":[{\"@type\":\"WebPage\",\"@id\":\"https:\\\/\\\/maisonroca.ad\\\/fr\\\/boutique\\\/boucles-oreilles-fred-force-10-rise-or-blanc-diamants\\\/\",\"url\":\"https:\\\/\\\/maisonroca.ad\\\/fr\\\/boutique\\\/boucles-oreilles-fred-force-10-rise-or-blanc-diamants\\\/\",\"name\":\"Boucles d\u2019oreilles FRED Force 10 Rise en or blanc avec diamants \u2013 Maison Roca\",\"isPartOf\":{\"@id\":\"https:\\\/\\\/maisonroca.ad\\\/fr\\\/#website\"},\"primaryImageOfPage\":{\"@id\":\"https:\\\/\\\/maisonroca.ad\\\/fr\\\/boutique\\\/boucles-oreilles-fred-force-10-rise-or-blanc-diamants\\\/#primaryimage\"},\"image\":{\"@id\":\"https:\\\/\\\/maisonroca.ad\\\/fr\\\/boutique\\\/boucles-oreilles-fred-force-10-rise-or-blanc-diamants\\\/#primaryimage\"},\"thumbnailUrl\":\"https:\\\/\\\/maisonroca.ad\\\/wp-content\\\/uploads\\\/2025\\\/08\\\/8B0353-1.jpg\",\"datePublished\":\"2025-08-06T11:11:24+00:00\",\"dateModified\":\"2026-02-24T17:18:06+00:00\",\"description\":\"D\u00e9couvrez les boucles d\u2019oreilles FRED Force 10 Rise grand mod\u00e8le chez Maison Roca. Or blanc et pav\u00e9 de diamants dans des bijoux symbolisant \u00e9l\u00e9gance et personnalit\u00e9.\",\"breadcrumb\":{\"@id\":\"https:\\\/\\\/maisonroca.ad\\\/fr\\\/boutique\\\/boucles-oreilles-fred-force-10-rise-or-blanc-diamants\\\/#breadcrumb\"},\"inLanguage\":\"fr-FR\",\"potentialAction\":[{\"@type\":\"ReadAction\",\"target\":[\"https:\\\/\\\/maisonroca.ad\\\/fr\\\/boutique\\\/boucles-oreilles-fred-force-10-rise-or-blanc-diamants\\\/\"]}]},{\"@type\":\"ImageObject\",\"inLanguage\":\"fr-FR\",\"@id\":\"https:\\\/\\\/maisonroca.ad\\\/fr\\\/boutique\\\/boucles-oreilles-fred-force-10-rise-or-blanc-diamants\\\/#primaryimage\",\"url\":\"https:\\\/\\\/maisonroca.ad\\\/wp-content\\\/uploads\\\/2025\\\/08\\\/8B0353-1.jpg\",\"contentUrl\":\"https:\\\/\\\/maisonroca.ad\\\/wp-content\\\/uploads\\\/2025\\\/08\\\/8B0353-1.jpg\",\"width\":1080,\"height\":1080,\"caption\":\"maison-roca-andorra-fred-arracades-force-10-rise-gm-or-blanc-pavee-diamants\"},{\"@type\":\"BreadcrumbList\",\"@id\":\"https:\\\/\\\/maisonroca.ad\\\/fr\\\/boutique\\\/boucles-oreilles-fred-force-10-rise-or-blanc-diamants\\\/#breadcrumb\",\"itemListElement\":[{\"@type\":\"ListItem\",\"position\":1,\"name\":\"Portada\",\"item\":\"https:\\\/\\\/maisonroca.ad\\\/fr\\\/\"},{\"@type\":\"ListItem\",\"position\":2,\"name\":\"Botiga\",\"item\":\"https:\\\/\\\/maisonroca.ad\\\/botiga\\\/\"},{\"@type\":\"ListItem\",\"position\":3,\"name\":\"Boucles d&#8217;oreilles FRED Force 10 en or blanc et diamants\"}]},{\"@type\":\"WebSite\",\"@id\":\"https:\\\/\\\/maisonroca.ad\\\/fr\\\/#website\",\"url\":\"https:\\\/\\\/maisonroca.ad\\\/fr\\\/\",\"name\":\"Maison Roca\",\"description\":\"Bold Luxury Life - joieria d&#039;autor - Andorra\",\"publisher\":{\"@id\":\"https:\\\/\\\/maisonroca.ad\\\/fr\\\/#organization\"},\"potentialAction\":[{\"@type\":\"SearchAction\",\"target\":{\"@type\":\"EntryPoint\",\"urlTemplate\":\"https:\\\/\\\/maisonroca.ad\\\/fr\\\/?s={search_term_string}\"},\"query-input\":{\"@type\":\"PropertyValueSpecification\",\"valueRequired\":true,\"valueName\":\"search_term_string\"}}],\"inLanguage\":\"fr-FR\"},{\"@type\":\"Organization\",\"@id\":\"https:\\\/\\\/maisonroca.ad\\\/fr\\\/#organization\",\"name\":\"Maison Roca\",\"url\":\"https:\\\/\\\/maisonroca.ad\\\/fr\\\/\",\"logo\":{\"@type\":\"ImageObject\",\"inLanguage\":\"fr-FR\",\"@id\":\"https:\\\/\\\/maisonroca.ad\\\/fr\\\/#\\\/schema\\\/logo\\\/image\\\/\",\"url\":\"https:\\\/\\\/maisonroca.ad\\\/wp-content\\\/uploads\\\/2023\\\/10\\\/icono.png\",\"contentUrl\":\"https:\\\/\\\/maisonroca.ad\\\/wp-content\\\/uploads\\\/2023\\\/10\\\/icono.png\",\"width\":512,\"height\":512,\"caption\":\"Maison Roca\"},\"image\":{\"@id\":\"https:\\\/\\\/maisonroca.ad\\\/fr\\\/#\\\/schema\\\/logo\\\/image\\\/\"},\"sameAs\":[\"https:\\\/\\\/www.facebook.com\\\/maisonroca\",\"https:\\\/\\\/www.instagram.com\\\/maisonroca\\\/\"]}]}<\/script>\n<meta property=\"product:price:currency\" content=\"EUR\" \/>\n<meta property=\"og:availability\" content=\"instock\" \/>\n<meta property=\"product:availability\" content=\"instock\" \/>\n<meta property=\"product:retailer_item_id\" content=\"8B0353\" \/>\n<meta property=\"product:condition\" content=\"new\" \/>\n<!-- \/ Yoast SEO Premium plugin. -->","yoast_head_json":{"title":"Boucles d\u2019oreilles FRED Force 10 Rise en or blanc avec diamants \u2013 Maison Roca","description":"D\u00e9couvrez les boucles d\u2019oreilles FRED Force 10 Rise grand mod\u00e8le chez Maison Roca. Or blanc et pav\u00e9 de diamants dans des bijoux symbolisant \u00e9l\u00e9gance et personnalit\u00e9.","robots":{"index":"index","follow":"follow","max-snippet":"max-snippet:-1","max-image-preview":"max-image-preview:large","max-video-preview":"max-video-preview:-1"},"canonical":"https:\/\/maisonroca.ad\/fr\/boutique\/boucles-oreilles-fred-force-10-rise-or-blanc-diamants\/","og_locale":"fr_FR","og_type":"article","og_title":"Boucles d'oreilles FRED Force 10 en or blanc et diamants","og_description":"D\u00e9couvrez les boucles d\u2019oreilles FRED Force 10 Rise grand mod\u00e8le chez Maison Roca. Or blanc et pav\u00e9 de diamants dans des bijoux symbolisant \u00e9l\u00e9gance et personnalit\u00e9.","og_url":"https:\/\/maisonroca.ad\/fr\/boutique\/boucles-oreilles-fred-force-10-rise-or-blanc-diamants\/","og_site_name":"Maison Roca","article_publisher":"https:\/\/www.facebook.com\/maisonroca","article_modified_time":"2026-02-24T17:18:06+00:00","og_image":[{"width":1080,"height":1080,"url":"https:\/\/maisonroca.ad\/wp-content\/uploads\/2025\/08\/8B0353-1.jpg","type":"image\/jpeg"}],"twitter_card":"summary_large_image","twitter_misc":{"Prix":"","Disponibilit\u00e9":"En stock"},"schema":{"@context":"https:\/\/schema.org","@graph":[{"@type":"WebPage","@id":"https:\/\/maisonroca.ad\/fr\/boutique\/boucles-oreilles-fred-force-10-rise-or-blanc-diamants\/","url":"https:\/\/maisonroca.ad\/fr\/boutique\/boucles-oreilles-fred-force-10-rise-or-blanc-diamants\/","name":"Boucles d\u2019oreilles FRED Force 10 Rise en or blanc avec diamants \u2013 Maison Roca","isPartOf":{"@id":"https:\/\/maisonroca.ad\/fr\/#website"},"primaryImageOfPage":{"@id":"https:\/\/maisonroca.ad\/fr\/boutique\/boucles-oreilles-fred-force-10-rise-or-blanc-diamants\/#primaryimage"},"image":{"@id":"https:\/\/maisonroca.ad\/fr\/boutique\/boucles-oreilles-fred-force-10-rise-or-blanc-diamants\/#primaryimage"},"thumbnailUrl":"https:\/\/maisonroca.ad\/wp-content\/uploads\/2025\/08\/8B0353-1.jpg","datePublished":"2025-08-06T11:11:24+00:00","dateModified":"2026-02-24T17:18:06+00:00","description":"D\u00e9couvrez les boucles d\u2019oreilles FRED Force 10 Rise grand mod\u00e8le chez Maison Roca. Or blanc et pav\u00e9 de diamants dans des bijoux symbolisant \u00e9l\u00e9gance et personnalit\u00e9.","breadcrumb":{"@id":"https:\/\/maisonroca.ad\/fr\/boutique\/boucles-oreilles-fred-force-10-rise-or-blanc-diamants\/#breadcrumb"},"inLanguage":"fr-FR","potentialAction":[{"@type":"ReadAction","target":["https:\/\/maisonroca.ad\/fr\/boutique\/boucles-oreilles-fred-force-10-rise-or-blanc-diamants\/"]}]},{"@type":"ImageObject","inLanguage":"fr-FR","@id":"https:\/\/maisonroca.ad\/fr\/boutique\/boucles-oreilles-fred-force-10-rise-or-blanc-diamants\/#primaryimage","url":"https:\/\/maisonroca.ad\/wp-content\/uploads\/2025\/08\/8B0353-1.jpg","contentUrl":"https:\/\/maisonroca.ad\/wp-content\/uploads\/2025\/08\/8B0353-1.jpg","width":1080,"height":1080,"caption":"maison-roca-andorra-fred-arracades-force-10-rise-gm-or-blanc-pavee-diamants"},{"@type":"BreadcrumbList","@id":"https:\/\/maisonroca.ad\/fr\/boutique\/boucles-oreilles-fred-force-10-rise-or-blanc-diamants\/#breadcrumb","itemListElement":[{"@type":"ListItem","position":1,"name":"Portada","item":"https:\/\/maisonroca.ad\/fr\/"},{"@type":"ListItem","position":2,"name":"Botiga","item":"https:\/\/maisonroca.ad\/botiga\/"},{"@type":"ListItem","position":3,"name":"Boucles d&#8217;oreilles FRED Force 10 en or blanc et diamants"}]},{"@type":"WebSite","@id":"https:\/\/maisonroca.ad\/fr\/#website","url":"https:\/\/maisonroca.ad\/fr\/","name":"Maison Roca","description":"Bold Luxury Life - joieria d&#039;autor - Andorra","publisher":{"@id":"https:\/\/maisonroca.ad\/fr\/#organization"},"potentialAction":[{"@type":"SearchAction","target":{"@type":"EntryPoint","urlTemplate":"https:\/\/maisonroca.ad\/fr\/?s={search_term_string}"},"query-input":{"@type":"PropertyValueSpecification","valueRequired":true,"valueName":"search_term_string"}}],"inLanguage":"fr-FR"},{"@type":"Organization","@id":"https:\/\/maisonroca.ad\/fr\/#organization","name":"Maison Roca","url":"https:\/\/maisonroca.ad\/fr\/","logo":{"@type":"ImageObject","inLanguage":"fr-FR","@id":"https:\/\/maisonroca.ad\/fr\/#\/schema\/logo\/image\/","url":"https:\/\/maisonroca.ad\/wp-content\/uploads\/2023\/10\/icono.png","contentUrl":"https:\/\/maisonroca.ad\/wp-content\/uploads\/2023\/10\/icono.png","width":512,"height":512,"caption":"Maison Roca"},"image":{"@id":"https:\/\/maisonroca.ad\/fr\/#\/schema\/logo\/image\/"},"sameAs":["https:\/\/www.facebook.com\/maisonroca","https:\/\/www.instagram.com\/maisonroca\/"]}]},"product_price_currency":"EUR","og_availability":"instock","product_availability":"instock","product_retailer_item_id":"8B0353","product_condition":"new"},"_links":{"self":[{"href":"https:\/\/maisonroca.ad\/fr\/wp-json\/wp\/v2\/product\/77781","targetHints":{"allow":["GET"]}}],"collection":[{"href":"https:\/\/maisonroca.ad\/fr\/wp-json\/wp\/v2\/product"}],"about":[{"href":"https:\/\/maisonroca.ad\/fr\/wp-json\/wp\/v2\/types\/product"}],"replies":[{"embeddable":true,"href":"https:\/\/maisonroca.ad\/fr\/wp-json\/wp\/v2\/comments?post=77781"}],"version-history":[{"count":6,"href":"https:\/\/maisonroca.ad\/fr\/wp-json\/wp\/v2\/product\/77781\/revisions"}],"predecessor-version":[{"id":84428,"href":"https:\/\/maisonroca.ad\/fr\/wp-json\/wp\/v2\/product\/77781\/revisions\/84428"}],"wp:featuredmedia":[{"embeddable":true,"href":"https:\/\/maisonroca.ad\/fr\/wp-json\/wp\/v2\/media\/77763"}],"wp:attachment":[{"href":"https:\/\/maisonroca.ad\/fr\/wp-json\/wp\/v2\/media?parent=77781"}],"wp:term":[{"taxonomy":"product_brand","embeddable":true,"href":"https:\/\/maisonroca.ad\/fr\/wp-json\/wp\/v2\/product_brand?post=77781"},{"taxonomy":"product_cat","embeddable":true,"href":"https:\/\/maisonroca.ad\/fr\/wp-json\/wp\/v2\/product_cat?post=77781"},{"taxonomy":"product_tag","embeddable":true,"href":"https:\/\/maisonroca.ad\/fr\/wp-json\/wp\/v2\/product_tag?post=77781"}],"curies":[{"name":"wp","href":"https:\/\/api.w.org\/{rel}","templated":true}]}}