{"id":77847,"date":"2025-08-07T16:52:59","date_gmt":"2025-08-07T14:52:59","guid":{"rendered":"https:\/\/maisonroca.ad\/?post_type=product&#038;p=77847"},"modified":"2025-09-02T15:43:34","modified_gmt":"2025-09-02T13:43:34","slug":"bague-fred-force-10-rise-pm-or-rose-diamants","status":"publish","type":"product","link":"https:\/\/maisonroca.ad\/fr\/boutique\/bague-fred-force-10-rise-pm-or-rose-diamants\/","title":{"rendered":"BAGUE FRED FORCE 10 RISE PM EN OR ROSE ET SEMI-PAV\u00c9E DE DIAMANTS"},"content":{"rendered":"<p>Bague Fred Force 10 Rise PM en or rose et semi-pav\u00e9e de diamants.<\/p>\n<p>Audacieuse et f\u00e9minine, la collection Force 10 Rise r\u00e9invente avec \u00e9l\u00e9gance les codes iconiques de la maison. La bague bande en or rose s\u00e9duit par son design audacieux et charismatique, symbole de force et de r\u00e9silience. Elle incarne une invitation \u00e0 relever les d\u00e9fis avec gr\u00e2ce et d\u00e9termination, inspirant \u00e0 aller toujours plus loin.<\/p>\n<p>D\u00e9tails:<\/p>\n<p>\u2022 Or rose 18k<br \/>\n\u2022 Semi-pav\u00e9e diamants<\/p>\n","protected":false},"excerpt":{"rendered":"<p>Bague Fred Force 10 Rise PM chez Maison Roca : Or rose avec semi-pav\u00e9e de diamants, un bijou qui incarne puissance, r\u00e9silience et \u00e9l\u00e9gance.<\/p>\n","protected":false},"featured_media":77836,"comment_status":"closed","ping_status":"closed","template":"","meta":{"_acf_changed":false,"_monsterinsights_skip_tracking":false,"_monsterinsights_sitenote_active":false,"_monsterinsights_sitenote_note":"","_monsterinsights_sitenote_category":0},"product_brand":[],"product_cat":[1244,1252],"product_tag":[3546,1755,2192,2161,3391,1756,3406],"class_list":{"0":"post-77847","1":"product","2":"type-product","3":"status-publish","4":"has-post-thumbnail","6":"product_cat-bijou","7":"product_cat-fred-fr","8":"product_tag-anells-fr-2","9":"product_tag-bagues","10":"product_tag-diamants-2","11":"product_tag-fred-2","12":"product_tag-or-rosa-fr","13":"product_tag-or-rose","14":"product_tag-rose-gold-fr","16":"first","17":"instock","18":"shipping-taxable","19":"purchasable","20":"product-type-simple"},"acf":[],"yoast_head":"<!-- This site is optimized with the Yoast SEO Premium plugin v26.8 (Yoast SEO v27.4) - https:\/\/yoast.com\/product\/yoast-seo-premium-wordpress\/ -->\n<title>Bague Fred Force 10 Rise PM en or rose avec diamants \u2013 Maison Roca<\/title>\n<meta name=\"description\" content=\"D\u00e9couvrez la bague Fred Force 10 Rise PM chez Maison Roca. Or rose et semi-pav\u00e9e de diamants dans un bijou symbolisant pouvoir, r\u00e9silience et \u00e9l\u00e9gance.\" \/>\n<meta name=\"robots\" content=\"index, follow, max-snippet:-1, max-image-preview:large, max-video-preview:-1\" \/>\n<link rel=\"canonical\" href=\"https:\/\/maisonroca.ad\/fr\/boutique\/bague-fred-force-10-rise-pm-or-rose-diamants\/\" \/>\n<meta property=\"og:locale\" content=\"fr_FR\" \/>\n<meta property=\"og:type\" content=\"article\" \/>\n<meta property=\"og:title\" content=\"BAGUE FRED FORCE 10 RISE PM EN OR ROSE ET SEMI-PAV\u00c9E DE DIAMANTS\" \/>\n<meta property=\"og:description\" content=\"D\u00e9couvrez la bague Fred Force 10 Rise PM chez Maison Roca. Or rose et semi-pav\u00e9e de diamants dans un bijou symbolisant pouvoir, r\u00e9silience et \u00e9l\u00e9gance.\" \/>\n<meta property=\"og:url\" content=\"https:\/\/maisonroca.ad\/fr\/boutique\/bague-fred-force-10-rise-pm-or-rose-diamants\/\" \/>\n<meta property=\"og:site_name\" content=\"Maison Roca\" \/>\n<meta property=\"article:publisher\" content=\"https:\/\/www.facebook.com\/maisonroca\" \/>\n<meta property=\"article:modified_time\" content=\"2025-09-02T13:43:34+00:00\" \/>\n<meta property=\"og:image\" content=\"https:\/\/maisonroca.ad\/wp-content\/uploads\/2025\/08\/4B1020.jpg\" \/>\n\t<meta property=\"og:image:width\" content=\"1080\" \/>\n\t<meta property=\"og:image:height\" content=\"1080\" \/>\n\t<meta property=\"og:image:type\" content=\"image\/jpeg\" \/>\n<meta name=\"twitter:card\" content=\"summary_large_image\" \/>\n<meta name=\"twitter:label1\" content=\"Prix\" \/>\n\t<meta name=\"twitter:data1\" content=\"5.865,00&nbsp;&euro;\" \/>\n\t<meta name=\"twitter:label2\" content=\"Disponibilit\u00e9\" \/>\n\t<meta name=\"twitter:data2\" content=\"En stock\" \/>\n<script type=\"application\/ld+json\" class=\"yoast-schema-graph\">{\"@context\":\"https:\\\/\\\/schema.org\",\"@graph\":[{\"@type\":\"WebPage\",\"@id\":\"https:\\\/\\\/maisonroca.ad\\\/fr\\\/boutique\\\/bague-fred-force-10-rise-pm-or-rose-diamants\\\/\",\"url\":\"https:\\\/\\\/maisonroca.ad\\\/fr\\\/boutique\\\/bague-fred-force-10-rise-pm-or-rose-diamants\\\/\",\"name\":\"Bague Fred Force 10 Rise PM en or rose avec diamants \u2013 Maison Roca\",\"isPartOf\":{\"@id\":\"https:\\\/\\\/maisonroca.ad\\\/fr\\\/#website\"},\"primaryImageOfPage\":{\"@id\":\"https:\\\/\\\/maisonroca.ad\\\/fr\\\/boutique\\\/bague-fred-force-10-rise-pm-or-rose-diamants\\\/#primaryimage\"},\"image\":{\"@id\":\"https:\\\/\\\/maisonroca.ad\\\/fr\\\/boutique\\\/bague-fred-force-10-rise-pm-or-rose-diamants\\\/#primaryimage\"},\"thumbnailUrl\":\"https:\\\/\\\/maisonroca.ad\\\/wp-content\\\/uploads\\\/2025\\\/08\\\/4B1020.jpg\",\"datePublished\":\"2025-08-07T14:52:59+00:00\",\"dateModified\":\"2025-09-02T13:43:34+00:00\",\"description\":\"D\u00e9couvrez la bague Fred Force 10 Rise PM chez Maison Roca. Or rose et semi-pav\u00e9e de diamants dans un bijou symbolisant pouvoir, r\u00e9silience et \u00e9l\u00e9gance.\",\"breadcrumb\":{\"@id\":\"https:\\\/\\\/maisonroca.ad\\\/fr\\\/boutique\\\/bague-fred-force-10-rise-pm-or-rose-diamants\\\/#breadcrumb\"},\"inLanguage\":\"fr-FR\",\"potentialAction\":[{\"@type\":\"ReadAction\",\"target\":[\"https:\\\/\\\/maisonroca.ad\\\/fr\\\/boutique\\\/bague-fred-force-10-rise-pm-or-rose-diamants\\\/\"]}]},{\"@type\":\"ImageObject\",\"inLanguage\":\"fr-FR\",\"@id\":\"https:\\\/\\\/maisonroca.ad\\\/fr\\\/boutique\\\/bague-fred-force-10-rise-pm-or-rose-diamants\\\/#primaryimage\",\"url\":\"https:\\\/\\\/maisonroca.ad\\\/wp-content\\\/uploads\\\/2025\\\/08\\\/4B1020.jpg\",\"contentUrl\":\"https:\\\/\\\/maisonroca.ad\\\/wp-content\\\/uploads\\\/2025\\\/08\\\/4B1020.jpg\",\"width\":1080,\"height\":1080,\"caption\":\"maison-roca-andorra-fred-anell-force-10-rise-pm-or-rosa-semi-pavee-diamants\"},{\"@type\":\"BreadcrumbList\",\"@id\":\"https:\\\/\\\/maisonroca.ad\\\/fr\\\/boutique\\\/bague-fred-force-10-rise-pm-or-rose-diamants\\\/#breadcrumb\",\"itemListElement\":[{\"@type\":\"ListItem\",\"position\":1,\"name\":\"Portada\",\"item\":\"https:\\\/\\\/maisonroca.ad\\\/fr\\\/\"},{\"@type\":\"ListItem\",\"position\":2,\"name\":\"Botiga\",\"item\":\"https:\\\/\\\/maisonroca.ad\\\/botiga\\\/\"},{\"@type\":\"ListItem\",\"position\":3,\"name\":\"BAGUE FRED FORCE 10 RISE PM EN OR ROSE ET SEMI-PAV\u00c9E DE DIAMANTS\"}]},{\"@type\":\"WebSite\",\"@id\":\"https:\\\/\\\/maisonroca.ad\\\/fr\\\/#website\",\"url\":\"https:\\\/\\\/maisonroca.ad\\\/fr\\\/\",\"name\":\"Maison Roca\",\"description\":\"Bold Luxury Life - joieria d&#039;autor - Andorra\",\"publisher\":{\"@id\":\"https:\\\/\\\/maisonroca.ad\\\/fr\\\/#organization\"},\"potentialAction\":[{\"@type\":\"SearchAction\",\"target\":{\"@type\":\"EntryPoint\",\"urlTemplate\":\"https:\\\/\\\/maisonroca.ad\\\/fr\\\/?s={search_term_string}\"},\"query-input\":{\"@type\":\"PropertyValueSpecification\",\"valueRequired\":true,\"valueName\":\"search_term_string\"}}],\"inLanguage\":\"fr-FR\"},{\"@type\":\"Organization\",\"@id\":\"https:\\\/\\\/maisonroca.ad\\\/fr\\\/#organization\",\"name\":\"Maison Roca\",\"url\":\"https:\\\/\\\/maisonroca.ad\\\/fr\\\/\",\"logo\":{\"@type\":\"ImageObject\",\"inLanguage\":\"fr-FR\",\"@id\":\"https:\\\/\\\/maisonroca.ad\\\/fr\\\/#\\\/schema\\\/logo\\\/image\\\/\",\"url\":\"https:\\\/\\\/maisonroca.ad\\\/wp-content\\\/uploads\\\/2023\\\/10\\\/icono.png\",\"contentUrl\":\"https:\\\/\\\/maisonroca.ad\\\/wp-content\\\/uploads\\\/2023\\\/10\\\/icono.png\",\"width\":512,\"height\":512,\"caption\":\"Maison Roca\"},\"image\":{\"@id\":\"https:\\\/\\\/maisonroca.ad\\\/fr\\\/#\\\/schema\\\/logo\\\/image\\\/\"},\"sameAs\":[\"https:\\\/\\\/www.facebook.com\\\/maisonroca\",\"https:\\\/\\\/www.instagram.com\\\/maisonroca\\\/\"]}]}<\/script>\n<meta property=\"product:price:amount\" content=\"5865.00\" \/>\n<meta property=\"product:price:currency\" content=\"EUR\" \/>\n<meta property=\"og:availability\" content=\"instock\" \/>\n<meta property=\"product:availability\" content=\"instock\" \/>\n<meta property=\"product:retailer_item_id\" content=\"4B1020\" \/>\n<meta property=\"product:condition\" content=\"new\" \/>\n<!-- \/ Yoast SEO Premium plugin. -->","yoast_head_json":{"title":"Bague Fred Force 10 Rise PM en or rose avec diamants \u2013 Maison Roca","description":"D\u00e9couvrez la bague Fred Force 10 Rise PM chez Maison Roca. Or rose et semi-pav\u00e9e de diamants dans un bijou symbolisant pouvoir, r\u00e9silience et \u00e9l\u00e9gance.","robots":{"index":"index","follow":"follow","max-snippet":"max-snippet:-1","max-image-preview":"max-image-preview:large","max-video-preview":"max-video-preview:-1"},"canonical":"https:\/\/maisonroca.ad\/fr\/boutique\/bague-fred-force-10-rise-pm-or-rose-diamants\/","og_locale":"fr_FR","og_type":"article","og_title":"BAGUE FRED FORCE 10 RISE PM EN OR ROSE ET SEMI-PAV\u00c9E DE DIAMANTS","og_description":"D\u00e9couvrez la bague Fred Force 10 Rise PM chez Maison Roca. Or rose et semi-pav\u00e9e de diamants dans un bijou symbolisant pouvoir, r\u00e9silience et \u00e9l\u00e9gance.","og_url":"https:\/\/maisonroca.ad\/fr\/boutique\/bague-fred-force-10-rise-pm-or-rose-diamants\/","og_site_name":"Maison Roca","article_publisher":"https:\/\/www.facebook.com\/maisonroca","article_modified_time":"2025-09-02T13:43:34+00:00","og_image":[{"width":1080,"height":1080,"url":"https:\/\/maisonroca.ad\/wp-content\/uploads\/2025\/08\/4B1020.jpg","type":"image\/jpeg"}],"twitter_card":"summary_large_image","twitter_misc":{"Prix":"5.865,00&nbsp;&euro;","Disponibilit\u00e9":"En stock"},"schema":{"@context":"https:\/\/schema.org","@graph":[{"@type":"WebPage","@id":"https:\/\/maisonroca.ad\/fr\/boutique\/bague-fred-force-10-rise-pm-or-rose-diamants\/","url":"https:\/\/maisonroca.ad\/fr\/boutique\/bague-fred-force-10-rise-pm-or-rose-diamants\/","name":"Bague Fred Force 10 Rise PM en or rose avec diamants \u2013 Maison Roca","isPartOf":{"@id":"https:\/\/maisonroca.ad\/fr\/#website"},"primaryImageOfPage":{"@id":"https:\/\/maisonroca.ad\/fr\/boutique\/bague-fred-force-10-rise-pm-or-rose-diamants\/#primaryimage"},"image":{"@id":"https:\/\/maisonroca.ad\/fr\/boutique\/bague-fred-force-10-rise-pm-or-rose-diamants\/#primaryimage"},"thumbnailUrl":"https:\/\/maisonroca.ad\/wp-content\/uploads\/2025\/08\/4B1020.jpg","datePublished":"2025-08-07T14:52:59+00:00","dateModified":"2025-09-02T13:43:34+00:00","description":"D\u00e9couvrez la bague Fred Force 10 Rise PM chez Maison Roca. Or rose et semi-pav\u00e9e de diamants dans un bijou symbolisant pouvoir, r\u00e9silience et \u00e9l\u00e9gance.","breadcrumb":{"@id":"https:\/\/maisonroca.ad\/fr\/boutique\/bague-fred-force-10-rise-pm-or-rose-diamants\/#breadcrumb"},"inLanguage":"fr-FR","potentialAction":[{"@type":"ReadAction","target":["https:\/\/maisonroca.ad\/fr\/boutique\/bague-fred-force-10-rise-pm-or-rose-diamants\/"]}]},{"@type":"ImageObject","inLanguage":"fr-FR","@id":"https:\/\/maisonroca.ad\/fr\/boutique\/bague-fred-force-10-rise-pm-or-rose-diamants\/#primaryimage","url":"https:\/\/maisonroca.ad\/wp-content\/uploads\/2025\/08\/4B1020.jpg","contentUrl":"https:\/\/maisonroca.ad\/wp-content\/uploads\/2025\/08\/4B1020.jpg","width":1080,"height":1080,"caption":"maison-roca-andorra-fred-anell-force-10-rise-pm-or-rosa-semi-pavee-diamants"},{"@type":"BreadcrumbList","@id":"https:\/\/maisonroca.ad\/fr\/boutique\/bague-fred-force-10-rise-pm-or-rose-diamants\/#breadcrumb","itemListElement":[{"@type":"ListItem","position":1,"name":"Portada","item":"https:\/\/maisonroca.ad\/fr\/"},{"@type":"ListItem","position":2,"name":"Botiga","item":"https:\/\/maisonroca.ad\/botiga\/"},{"@type":"ListItem","position":3,"name":"BAGUE FRED FORCE 10 RISE PM EN OR ROSE ET SEMI-PAV\u00c9E DE DIAMANTS"}]},{"@type":"WebSite","@id":"https:\/\/maisonroca.ad\/fr\/#website","url":"https:\/\/maisonroca.ad\/fr\/","name":"Maison Roca","description":"Bold Luxury Life - joieria d&#039;autor - Andorra","publisher":{"@id":"https:\/\/maisonroca.ad\/fr\/#organization"},"potentialAction":[{"@type":"SearchAction","target":{"@type":"EntryPoint","urlTemplate":"https:\/\/maisonroca.ad\/fr\/?s={search_term_string}"},"query-input":{"@type":"PropertyValueSpecification","valueRequired":true,"valueName":"search_term_string"}}],"inLanguage":"fr-FR"},{"@type":"Organization","@id":"https:\/\/maisonroca.ad\/fr\/#organization","name":"Maison Roca","url":"https:\/\/maisonroca.ad\/fr\/","logo":{"@type":"ImageObject","inLanguage":"fr-FR","@id":"https:\/\/maisonroca.ad\/fr\/#\/schema\/logo\/image\/","url":"https:\/\/maisonroca.ad\/wp-content\/uploads\/2023\/10\/icono.png","contentUrl":"https:\/\/maisonroca.ad\/wp-content\/uploads\/2023\/10\/icono.png","width":512,"height":512,"caption":"Maison Roca"},"image":{"@id":"https:\/\/maisonroca.ad\/fr\/#\/schema\/logo\/image\/"},"sameAs":["https:\/\/www.facebook.com\/maisonroca","https:\/\/www.instagram.com\/maisonroca\/"]}]},"product_price_amount":"5865.00","product_price_currency":"EUR","og_availability":"instock","product_availability":"instock","product_retailer_item_id":"4B1020","product_condition":"new"},"_links":{"self":[{"href":"https:\/\/maisonroca.ad\/fr\/wp-json\/wp\/v2\/product\/77847","targetHints":{"allow":["GET"]}}],"collection":[{"href":"https:\/\/maisonroca.ad\/fr\/wp-json\/wp\/v2\/product"}],"about":[{"href":"https:\/\/maisonroca.ad\/fr\/wp-json\/wp\/v2\/types\/product"}],"replies":[{"embeddable":true,"href":"https:\/\/maisonroca.ad\/fr\/wp-json\/wp\/v2\/comments?post=77847"}],"version-history":[{"count":6,"href":"https:\/\/maisonroca.ad\/fr\/wp-json\/wp\/v2\/product\/77847\/revisions"}],"predecessor-version":[{"id":79324,"href":"https:\/\/maisonroca.ad\/fr\/wp-json\/wp\/v2\/product\/77847\/revisions\/79324"}],"wp:featuredmedia":[{"embeddable":true,"href":"https:\/\/maisonroca.ad\/fr\/wp-json\/wp\/v2\/media\/77836"}],"wp:attachment":[{"href":"https:\/\/maisonroca.ad\/fr\/wp-json\/wp\/v2\/media?parent=77847"}],"wp:term":[{"taxonomy":"product_brand","embeddable":true,"href":"https:\/\/maisonroca.ad\/fr\/wp-json\/wp\/v2\/product_brand?post=77847"},{"taxonomy":"product_cat","embeddable":true,"href":"https:\/\/maisonroca.ad\/fr\/wp-json\/wp\/v2\/product_cat?post=77847"},{"taxonomy":"product_tag","embeddable":true,"href":"https:\/\/maisonroca.ad\/fr\/wp-json\/wp\/v2\/product_tag?post=77847"}],"curies":[{"name":"wp","href":"https:\/\/api.w.org\/{rel}","templated":true}]}}