{"id":77882,"date":"2025-08-07T17:36:15","date_gmt":"2025-08-07T15:36:15","guid":{"rendered":"https:\/\/maisonroca.ad\/?post_type=product&#038;p=77882"},"modified":"2026-02-24T12:08:33","modified_gmt":"2026-02-24T11:08:33","slug":"bague-fred-pretty-woman-en-or-rose-diamants-et-nacre","status":"publish","type":"product","link":"https:\/\/maisonroca.ad\/fr\/boutique\/bague-fred-pretty-woman-en-or-rose-diamants-et-nacre\/","title":{"rendered":"Bague FRED Pretty Woman en or rose, diamants et nacre"},"content":{"rendered":"<p>Bague Fred Pretty Woman Hypnotique r\u00e9versible en or rose, diamants et nacre.<\/p>\n<p>Pretty Woman Hypnotique r\u00e9interpr\u00e8te le symbole du c\u0153ur avec un design rotatif en nacre, or et diamants. Gr\u00e2ce \u00e0 son m\u00e9canisme \u00e0 360\u00b0, elle r\u00e9v\u00e8le deux faces en une seule pi\u00e8ce de joaillerie, s\u2019adaptant \u00e0 chaque occasion et exprimant toutes les facettes de l\u2019amour.<\/p>\n<p>D\u00e9tails:<\/p>\n<p>\u2022 Or rose 18k<br \/>\n\u2022 Diamants<br \/>\n\u2022 Nacre<\/p>\n","protected":false},"excerpt":{"rendered":"<p>L\u2019embl\u00e9matique bague FRED Pretty Woman Hypnotique r\u00e9versible en or rose sertie de diamants et de nacre, symbole d\u2019\u00e9l\u00e9gance et de polyvalence.<\/p>\n","protected":false},"featured_media":77872,"comment_status":"closed","ping_status":"closed","template":"","meta":{"_acf_changed":false,"_monsterinsights_skip_tracking":false,"_monsterinsights_sitenote_active":false,"_monsterinsights_sitenote_note":"","_monsterinsights_sitenote_category":0},"product_brand":[],"product_cat":[1244,1252],"product_tag":[3546,2192,2161,2310,3391],"class_list":{"0":"post-77882","1":"product","2":"type-product","3":"status-publish","4":"has-post-thumbnail","6":"product_cat-bijou","7":"product_cat-fred-fr","8":"product_tag-anells-fr-2","9":"product_tag-diamants-2","10":"product_tag-fred-2","11":"product_tag-nacre-2","12":"product_tag-or-rosa-fr","14":"first","15":"instock","16":"shipping-taxable","17":"purchasable","18":"product-type-simple"},"acf":[],"yoast_head":"<!-- This site is optimized with the Yoast SEO Premium plugin v26.8 (Yoast SEO v27.4) - https:\/\/yoast.com\/product\/yoast-seo-premium-wordpress\/ -->\n<title>FRED Pretty Woman Bague en Or Rose, Diamants et Nacre | Maison Roca<\/title>\n<meta name=\"description\" content=\"Bague FRED Pretty Woman Hypnotique r\u00e9versible en or rose avec diamants et nacre, design rotatif offrant deux faces en un bijou unique.\" \/>\n<meta name=\"robots\" content=\"index, follow, max-snippet:-1, max-image-preview:large, max-video-preview:-1\" \/>\n<link rel=\"canonical\" href=\"https:\/\/maisonroca.ad\/fr\/boutique\/bague-fred-pretty-woman-en-or-rose-diamants-et-nacre\/\" \/>\n<meta property=\"og:locale\" content=\"fr_FR\" \/>\n<meta property=\"og:type\" content=\"article\" \/>\n<meta property=\"og:title\" content=\"Bague FRED Pretty Woman en or rose, diamants et nacre\" \/>\n<meta property=\"og:description\" content=\"Bague FRED Pretty Woman Hypnotique r\u00e9versible en or rose avec diamants et nacre, design rotatif offrant deux faces en un bijou unique.\" \/>\n<meta property=\"og:url\" content=\"https:\/\/maisonroca.ad\/fr\/boutique\/bague-fred-pretty-woman-en-or-rose-diamants-et-nacre\/\" \/>\n<meta property=\"og:site_name\" content=\"Maison Roca\" \/>\n<meta property=\"article:publisher\" content=\"https:\/\/www.facebook.com\/maisonroca\" \/>\n<meta property=\"article:modified_time\" content=\"2026-02-24T11:08:33+00:00\" \/>\n<meta property=\"og:image\" content=\"https:\/\/maisonroca.ad\/wp-content\/uploads\/2025\/08\/4B1037-2.jpg\" \/>\n\t<meta property=\"og:image:width\" content=\"1080\" \/>\n\t<meta property=\"og:image:height\" content=\"1080\" \/>\n\t<meta property=\"og:image:type\" content=\"image\/jpeg\" \/>\n<meta name=\"twitter:card\" content=\"summary_large_image\" \/>\n<meta name=\"twitter:label1\" content=\"Prix\" \/>\n\t<meta name=\"twitter:data1\" content=\"4.412,00&nbsp;&euro;\" \/>\n\t<meta name=\"twitter:label2\" content=\"Disponibilit\u00e9\" \/>\n\t<meta name=\"twitter:data2\" content=\"En stock\" \/>\n<script type=\"application\/ld+json\" class=\"yoast-schema-graph\">{\"@context\":\"https:\\\/\\\/schema.org\",\"@graph\":[{\"@type\":\"WebPage\",\"@id\":\"https:\\\/\\\/maisonroca.ad\\\/fr\\\/boutique\\\/bague-fred-pretty-woman-en-or-rose-diamants-et-nacre\\\/\",\"url\":\"https:\\\/\\\/maisonroca.ad\\\/fr\\\/boutique\\\/bague-fred-pretty-woman-en-or-rose-diamants-et-nacre\\\/\",\"name\":\"FRED Pretty Woman Bague en Or Rose, Diamants et Nacre | Maison Roca\",\"isPartOf\":{\"@id\":\"https:\\\/\\\/maisonroca.ad\\\/fr\\\/#website\"},\"primaryImageOfPage\":{\"@id\":\"https:\\\/\\\/maisonroca.ad\\\/fr\\\/boutique\\\/bague-fred-pretty-woman-en-or-rose-diamants-et-nacre\\\/#primaryimage\"},\"image\":{\"@id\":\"https:\\\/\\\/maisonroca.ad\\\/fr\\\/boutique\\\/bague-fred-pretty-woman-en-or-rose-diamants-et-nacre\\\/#primaryimage\"},\"thumbnailUrl\":\"https:\\\/\\\/maisonroca.ad\\\/wp-content\\\/uploads\\\/2025\\\/08\\\/4B1037-2.jpg\",\"datePublished\":\"2025-08-07T15:36:15+00:00\",\"dateModified\":\"2026-02-24T11:08:33+00:00\",\"description\":\"Bague FRED Pretty Woman Hypnotique r\u00e9versible en or rose avec diamants et nacre, design rotatif offrant deux faces en un bijou unique.\",\"breadcrumb\":{\"@id\":\"https:\\\/\\\/maisonroca.ad\\\/fr\\\/boutique\\\/bague-fred-pretty-woman-en-or-rose-diamants-et-nacre\\\/#breadcrumb\"},\"inLanguage\":\"fr-FR\",\"potentialAction\":[{\"@type\":\"ReadAction\",\"target\":[\"https:\\\/\\\/maisonroca.ad\\\/fr\\\/boutique\\\/bague-fred-pretty-woman-en-or-rose-diamants-et-nacre\\\/\"]}]},{\"@type\":\"ImageObject\",\"inLanguage\":\"fr-FR\",\"@id\":\"https:\\\/\\\/maisonroca.ad\\\/fr\\\/boutique\\\/bague-fred-pretty-woman-en-or-rose-diamants-et-nacre\\\/#primaryimage\",\"url\":\"https:\\\/\\\/maisonroca.ad\\\/wp-content\\\/uploads\\\/2025\\\/08\\\/4B1037-2.jpg\",\"contentUrl\":\"https:\\\/\\\/maisonroca.ad\\\/wp-content\\\/uploads\\\/2025\\\/08\\\/4B1037-2.jpg\",\"width\":1080,\"height\":1080,\"caption\":\"maison-roca-andorra-fred-anell-pretty-woman-hypnotic-reversible-or-rosa-diamants-nacre\"},{\"@type\":\"BreadcrumbList\",\"@id\":\"https:\\\/\\\/maisonroca.ad\\\/fr\\\/boutique\\\/bague-fred-pretty-woman-en-or-rose-diamants-et-nacre\\\/#breadcrumb\",\"itemListElement\":[{\"@type\":\"ListItem\",\"position\":1,\"name\":\"Portada\",\"item\":\"https:\\\/\\\/maisonroca.ad\\\/fr\\\/\"},{\"@type\":\"ListItem\",\"position\":2,\"name\":\"Botiga\",\"item\":\"https:\\\/\\\/maisonroca.ad\\\/botiga\\\/\"},{\"@type\":\"ListItem\",\"position\":3,\"name\":\"Bague FRED Pretty Woman en or rose, diamants et nacre\"}]},{\"@type\":\"WebSite\",\"@id\":\"https:\\\/\\\/maisonroca.ad\\\/fr\\\/#website\",\"url\":\"https:\\\/\\\/maisonroca.ad\\\/fr\\\/\",\"name\":\"Maison Roca\",\"description\":\"Bold Luxury Life - joieria d&#039;autor - Andorra\",\"publisher\":{\"@id\":\"https:\\\/\\\/maisonroca.ad\\\/fr\\\/#organization\"},\"potentialAction\":[{\"@type\":\"SearchAction\",\"target\":{\"@type\":\"EntryPoint\",\"urlTemplate\":\"https:\\\/\\\/maisonroca.ad\\\/fr\\\/?s={search_term_string}\"},\"query-input\":{\"@type\":\"PropertyValueSpecification\",\"valueRequired\":true,\"valueName\":\"search_term_string\"}}],\"inLanguage\":\"fr-FR\"},{\"@type\":\"Organization\",\"@id\":\"https:\\\/\\\/maisonroca.ad\\\/fr\\\/#organization\",\"name\":\"Maison Roca\",\"url\":\"https:\\\/\\\/maisonroca.ad\\\/fr\\\/\",\"logo\":{\"@type\":\"ImageObject\",\"inLanguage\":\"fr-FR\",\"@id\":\"https:\\\/\\\/maisonroca.ad\\\/fr\\\/#\\\/schema\\\/logo\\\/image\\\/\",\"url\":\"https:\\\/\\\/maisonroca.ad\\\/wp-content\\\/uploads\\\/2023\\\/10\\\/icono.png\",\"contentUrl\":\"https:\\\/\\\/maisonroca.ad\\\/wp-content\\\/uploads\\\/2023\\\/10\\\/icono.png\",\"width\":512,\"height\":512,\"caption\":\"Maison Roca\"},\"image\":{\"@id\":\"https:\\\/\\\/maisonroca.ad\\\/fr\\\/#\\\/schema\\\/logo\\\/image\\\/\"},\"sameAs\":[\"https:\\\/\\\/www.facebook.com\\\/maisonroca\",\"https:\\\/\\\/www.instagram.com\\\/maisonroca\\\/\"]}]}<\/script>\n<meta property=\"product:price:amount\" content=\"4412.00\" \/>\n<meta property=\"product:price:currency\" content=\"EUR\" \/>\n<meta property=\"og:availability\" content=\"instock\" \/>\n<meta property=\"product:availability\" content=\"instock\" \/>\n<meta property=\"product:retailer_item_id\" content=\"4B1037\" \/>\n<meta property=\"product:condition\" content=\"new\" \/>\n<!-- \/ Yoast SEO Premium plugin. -->","yoast_head_json":{"title":"FRED Pretty Woman Bague en Or Rose, Diamants et Nacre | Maison Roca","description":"Bague FRED Pretty Woman Hypnotique r\u00e9versible en or rose avec diamants et nacre, design rotatif offrant deux faces en un bijou unique.","robots":{"index":"index","follow":"follow","max-snippet":"max-snippet:-1","max-image-preview":"max-image-preview:large","max-video-preview":"max-video-preview:-1"},"canonical":"https:\/\/maisonroca.ad\/fr\/boutique\/bague-fred-pretty-woman-en-or-rose-diamants-et-nacre\/","og_locale":"fr_FR","og_type":"article","og_title":"Bague FRED Pretty Woman en or rose, diamants et nacre","og_description":"Bague FRED Pretty Woman Hypnotique r\u00e9versible en or rose avec diamants et nacre, design rotatif offrant deux faces en un bijou unique.","og_url":"https:\/\/maisonroca.ad\/fr\/boutique\/bague-fred-pretty-woman-en-or-rose-diamants-et-nacre\/","og_site_name":"Maison Roca","article_publisher":"https:\/\/www.facebook.com\/maisonroca","article_modified_time":"2026-02-24T11:08:33+00:00","og_image":[{"width":1080,"height":1080,"url":"https:\/\/maisonroca.ad\/wp-content\/uploads\/2025\/08\/4B1037-2.jpg","type":"image\/jpeg"}],"twitter_card":"summary_large_image","twitter_misc":{"Prix":"4.412,00&nbsp;&euro;","Disponibilit\u00e9":"En stock"},"schema":{"@context":"https:\/\/schema.org","@graph":[{"@type":"WebPage","@id":"https:\/\/maisonroca.ad\/fr\/boutique\/bague-fred-pretty-woman-en-or-rose-diamants-et-nacre\/","url":"https:\/\/maisonroca.ad\/fr\/boutique\/bague-fred-pretty-woman-en-or-rose-diamants-et-nacre\/","name":"FRED Pretty Woman Bague en Or Rose, Diamants et Nacre | Maison Roca","isPartOf":{"@id":"https:\/\/maisonroca.ad\/fr\/#website"},"primaryImageOfPage":{"@id":"https:\/\/maisonroca.ad\/fr\/boutique\/bague-fred-pretty-woman-en-or-rose-diamants-et-nacre\/#primaryimage"},"image":{"@id":"https:\/\/maisonroca.ad\/fr\/boutique\/bague-fred-pretty-woman-en-or-rose-diamants-et-nacre\/#primaryimage"},"thumbnailUrl":"https:\/\/maisonroca.ad\/wp-content\/uploads\/2025\/08\/4B1037-2.jpg","datePublished":"2025-08-07T15:36:15+00:00","dateModified":"2026-02-24T11:08:33+00:00","description":"Bague FRED Pretty Woman Hypnotique r\u00e9versible en or rose avec diamants et nacre, design rotatif offrant deux faces en un bijou unique.","breadcrumb":{"@id":"https:\/\/maisonroca.ad\/fr\/boutique\/bague-fred-pretty-woman-en-or-rose-diamants-et-nacre\/#breadcrumb"},"inLanguage":"fr-FR","potentialAction":[{"@type":"ReadAction","target":["https:\/\/maisonroca.ad\/fr\/boutique\/bague-fred-pretty-woman-en-or-rose-diamants-et-nacre\/"]}]},{"@type":"ImageObject","inLanguage":"fr-FR","@id":"https:\/\/maisonroca.ad\/fr\/boutique\/bague-fred-pretty-woman-en-or-rose-diamants-et-nacre\/#primaryimage","url":"https:\/\/maisonroca.ad\/wp-content\/uploads\/2025\/08\/4B1037-2.jpg","contentUrl":"https:\/\/maisonroca.ad\/wp-content\/uploads\/2025\/08\/4B1037-2.jpg","width":1080,"height":1080,"caption":"maison-roca-andorra-fred-anell-pretty-woman-hypnotic-reversible-or-rosa-diamants-nacre"},{"@type":"BreadcrumbList","@id":"https:\/\/maisonroca.ad\/fr\/boutique\/bague-fred-pretty-woman-en-or-rose-diamants-et-nacre\/#breadcrumb","itemListElement":[{"@type":"ListItem","position":1,"name":"Portada","item":"https:\/\/maisonroca.ad\/fr\/"},{"@type":"ListItem","position":2,"name":"Botiga","item":"https:\/\/maisonroca.ad\/botiga\/"},{"@type":"ListItem","position":3,"name":"Bague FRED Pretty Woman en or rose, diamants et nacre"}]},{"@type":"WebSite","@id":"https:\/\/maisonroca.ad\/fr\/#website","url":"https:\/\/maisonroca.ad\/fr\/","name":"Maison Roca","description":"Bold Luxury Life - joieria d&#039;autor - Andorra","publisher":{"@id":"https:\/\/maisonroca.ad\/fr\/#organization"},"potentialAction":[{"@type":"SearchAction","target":{"@type":"EntryPoint","urlTemplate":"https:\/\/maisonroca.ad\/fr\/?s={search_term_string}"},"query-input":{"@type":"PropertyValueSpecification","valueRequired":true,"valueName":"search_term_string"}}],"inLanguage":"fr-FR"},{"@type":"Organization","@id":"https:\/\/maisonroca.ad\/fr\/#organization","name":"Maison Roca","url":"https:\/\/maisonroca.ad\/fr\/","logo":{"@type":"ImageObject","inLanguage":"fr-FR","@id":"https:\/\/maisonroca.ad\/fr\/#\/schema\/logo\/image\/","url":"https:\/\/maisonroca.ad\/wp-content\/uploads\/2023\/10\/icono.png","contentUrl":"https:\/\/maisonroca.ad\/wp-content\/uploads\/2023\/10\/icono.png","width":512,"height":512,"caption":"Maison Roca"},"image":{"@id":"https:\/\/maisonroca.ad\/fr\/#\/schema\/logo\/image\/"},"sameAs":["https:\/\/www.facebook.com\/maisonroca","https:\/\/www.instagram.com\/maisonroca\/"]}]},"product_price_amount":"4412.00","product_price_currency":"EUR","og_availability":"instock","product_availability":"instock","product_retailer_item_id":"4B1037","product_condition":"new"},"_links":{"self":[{"href":"https:\/\/maisonroca.ad\/fr\/wp-json\/wp\/v2\/product\/77882","targetHints":{"allow":["GET"]}}],"collection":[{"href":"https:\/\/maisonroca.ad\/fr\/wp-json\/wp\/v2\/product"}],"about":[{"href":"https:\/\/maisonroca.ad\/fr\/wp-json\/wp\/v2\/types\/product"}],"replies":[{"embeddable":true,"href":"https:\/\/maisonroca.ad\/fr\/wp-json\/wp\/v2\/comments?post=77882"}],"version-history":[{"count":6,"href":"https:\/\/maisonroca.ad\/fr\/wp-json\/wp\/v2\/product\/77882\/revisions"}],"predecessor-version":[{"id":84299,"href":"https:\/\/maisonroca.ad\/fr\/wp-json\/wp\/v2\/product\/77882\/revisions\/84299"}],"wp:featuredmedia":[{"embeddable":true,"href":"https:\/\/maisonroca.ad\/fr\/wp-json\/wp\/v2\/media\/77872"}],"wp:attachment":[{"href":"https:\/\/maisonroca.ad\/fr\/wp-json\/wp\/v2\/media?parent=77882"}],"wp:term":[{"taxonomy":"product_brand","embeddable":true,"href":"https:\/\/maisonroca.ad\/fr\/wp-json\/wp\/v2\/product_brand?post=77882"},{"taxonomy":"product_cat","embeddable":true,"href":"https:\/\/maisonroca.ad\/fr\/wp-json\/wp\/v2\/product_cat?post=77882"},{"taxonomy":"product_tag","embeddable":true,"href":"https:\/\/maisonroca.ad\/fr\/wp-json\/wp\/v2\/product_tag?post=77882"}],"curies":[{"name":"wp","href":"https:\/\/api.w.org\/{rel}","templated":true}]}}