{"id":79378,"date":"2025-09-08T17:51:03","date_gmt":"2025-09-08T15:51:03","guid":{"rendered":"https:\/\/maisonroca.ad\/?post_type=product&#038;p=79378"},"modified":"2025-09-18T13:22:30","modified_gmt":"2025-09-18T11:22:30","slug":"pendentif-dodo-lune-xl-argent-or-rose-cordon","status":"publish","type":"product","link":"https:\/\/maisonroca.ad\/fr\/boutique\/pendentif-dodo-lune-xl-argent-or-rose-cordon\/","title":{"rendered":"PENDENTIF DoDo LUNE XL EN ARGENT ET OR ROSE AVEC CORDON EN SOIE"},"content":{"rendered":"<p>Pendentif DoDo Lune XL en argent et or rose avec cordon en soie. Ce charm allie audace et style personnel, r\u00e9interpr\u00e9tant des symboles universels tels que la lune, le c\u0153ur et l\u2019\u00e9toile. Id\u00e9al \u00e0 porter seul ou \u00e0 combiner avec d\u2019autres charms de la collection DoDo, apportant une touche \u00e9l\u00e9gante et unique.<\/p>\n<p>D\u00e9tails:<\/p>\n<p>\u2022 Argent 3,80 G<br \/>\n\u2022 Or rose 9k<\/p>\n","protected":false},"excerpt":{"rendered":"<p>Pendentif DoDo Lune XL en argent et or rose avec cordon en soie. Charm \u00e9l\u00e9gant et polyvalent, id\u00e9al \u00e0 porter seul ou \u00e0 combiner avec d\u2019autres charms de la collection DoDo.<\/p>\n","protected":false},"featured_media":79369,"comment_status":"closed","ping_status":"closed","template":"","meta":{"_acf_changed":false,"_monsterinsights_skip_tracking":false,"_monsterinsights_sitenote_active":false,"_monsterinsights_sitenote_note":"","_monsterinsights_sitenote_category":0},"product_brand":[],"product_cat":[1244,1269],"product_tag":[2458,2240,1756,1772],"class_list":{"0":"post-79378","1":"product","2":"type-product","3":"status-publish","4":"has-post-thumbnail","6":"product_cat-bijou","7":"product_cat-dodo-fr","8":"product_tag-argent-2-2","9":"product_tag-dodo-3-2","10":"product_tag-or-rose","11":"product_tag-pendentif","13":"first","14":"instock","15":"shipping-taxable","16":"purchasable","17":"product-type-simple"},"acf":[],"yoast_head":"<!-- This site is optimized with the Yoast SEO Premium plugin v26.8 (Yoast SEO v27.4) - https:\/\/yoast.com\/product\/yoast-seo-premium-wordpress\/ -->\n<title>Pendentif Lune XL DoDo en argent et or rose avec cordon | MR<\/title>\n<meta name=\"description\" content=\"Pendentif DoDo Lune XL en argent et or rose avec cordon en soie. Un bijou \u00e9l\u00e9gant et sophistiqu\u00e9, id\u00e9al \u00e0 porter ou \u00e0 offrir, disponible chez Maison Roca.\" \/>\n<meta name=\"robots\" content=\"index, follow, max-snippet:-1, max-image-preview:large, max-video-preview:-1\" \/>\n<link rel=\"canonical\" href=\"https:\/\/maisonroca.ad\/fr\/boutique\/pendentif-dodo-lune-xl-argent-or-rose-cordon\/\" \/>\n<meta property=\"og:locale\" content=\"fr_FR\" \/>\n<meta property=\"og:type\" content=\"article\" \/>\n<meta property=\"og:title\" content=\"PENDENTIF DoDo LUNE XL EN ARGENT ET OR ROSE AVEC CORDON EN SOIE\" \/>\n<meta property=\"og:description\" content=\"Pendentif DoDo Lune XL en argent et or rose avec cordon en soie. Un bijou \u00e9l\u00e9gant et sophistiqu\u00e9, id\u00e9al \u00e0 porter ou \u00e0 offrir, disponible chez Maison Roca.\" \/>\n<meta property=\"og:url\" content=\"https:\/\/maisonroca.ad\/fr\/boutique\/pendentif-dodo-lune-xl-argent-or-rose-cordon\/\" \/>\n<meta property=\"og:site_name\" content=\"Maison Roca\" \/>\n<meta property=\"article:publisher\" content=\"https:\/\/www.facebook.com\/maisonroca\" \/>\n<meta property=\"article:modified_time\" content=\"2025-09-18T11:22:30+00:00\" \/>\n<meta property=\"og:image\" content=\"https:\/\/maisonroca.ad\/wp-content\/uploads\/2025\/09\/DMC5022-MOONL-0009A-2.jpg\" \/>\n\t<meta property=\"og:image:width\" content=\"1080\" \/>\n\t<meta property=\"og:image:height\" content=\"1080\" \/>\n\t<meta property=\"og:image:type\" content=\"image\/jpeg\" \/>\n<meta name=\"twitter:card\" content=\"summary_large_image\" \/>\n<meta name=\"twitter:label1\" content=\"Prix\" \/>\n\t<meta name=\"twitter:data1\" content=\"414,00&nbsp;&euro;\" \/>\n\t<meta name=\"twitter:label2\" content=\"Disponibilit\u00e9\" \/>\n\t<meta name=\"twitter:data2\" content=\"En stock\" \/>\n<script type=\"application\/ld+json\" class=\"yoast-schema-graph\">{\"@context\":\"https:\\\/\\\/schema.org\",\"@graph\":[{\"@type\":\"WebPage\",\"@id\":\"https:\\\/\\\/maisonroca.ad\\\/fr\\\/boutique\\\/pendentif-dodo-lune-xl-argent-or-rose-cordon\\\/\",\"url\":\"https:\\\/\\\/maisonroca.ad\\\/fr\\\/boutique\\\/pendentif-dodo-lune-xl-argent-or-rose-cordon\\\/\",\"name\":\"Pendentif Lune XL DoDo en argent et or rose avec cordon | MR\",\"isPartOf\":{\"@id\":\"https:\\\/\\\/maisonroca.ad\\\/fr\\\/#website\"},\"primaryImageOfPage\":{\"@id\":\"https:\\\/\\\/maisonroca.ad\\\/fr\\\/boutique\\\/pendentif-dodo-lune-xl-argent-or-rose-cordon\\\/#primaryimage\"},\"image\":{\"@id\":\"https:\\\/\\\/maisonroca.ad\\\/fr\\\/boutique\\\/pendentif-dodo-lune-xl-argent-or-rose-cordon\\\/#primaryimage\"},\"thumbnailUrl\":\"https:\\\/\\\/maisonroca.ad\\\/wp-content\\\/uploads\\\/2025\\\/09\\\/DMC5022-MOONL-0009A-2.jpg\",\"datePublished\":\"2025-09-08T15:51:03+00:00\",\"dateModified\":\"2025-09-18T11:22:30+00:00\",\"description\":\"Pendentif DoDo Lune XL en argent et or rose avec cordon en soie. Un bijou \u00e9l\u00e9gant et sophistiqu\u00e9, id\u00e9al \u00e0 porter ou \u00e0 offrir, disponible chez Maison Roca.\",\"breadcrumb\":{\"@id\":\"https:\\\/\\\/maisonroca.ad\\\/fr\\\/boutique\\\/pendentif-dodo-lune-xl-argent-or-rose-cordon\\\/#breadcrumb\"},\"inLanguage\":\"fr-FR\",\"potentialAction\":[{\"@type\":\"ReadAction\",\"target\":[\"https:\\\/\\\/maisonroca.ad\\\/fr\\\/boutique\\\/pendentif-dodo-lune-xl-argent-or-rose-cordon\\\/\"]}]},{\"@type\":\"ImageObject\",\"inLanguage\":\"fr-FR\",\"@id\":\"https:\\\/\\\/maisonroca.ad\\\/fr\\\/boutique\\\/pendentif-dodo-lune-xl-argent-or-rose-cordon\\\/#primaryimage\",\"url\":\"https:\\\/\\\/maisonroca.ad\\\/wp-content\\\/uploads\\\/2025\\\/09\\\/DMC5022-MOONL-0009A-2.jpg\",\"contentUrl\":\"https:\\\/\\\/maisonroca.ad\\\/wp-content\\\/uploads\\\/2025\\\/09\\\/DMC5022-MOONL-0009A-2.jpg\",\"width\":1080,\"height\":1080,\"caption\":\"Penjoll DoDo Lluna XL en argent i or rosa amb cord\u00f3 de seda\"},{\"@type\":\"BreadcrumbList\",\"@id\":\"https:\\\/\\\/maisonroca.ad\\\/fr\\\/boutique\\\/pendentif-dodo-lune-xl-argent-or-rose-cordon\\\/#breadcrumb\",\"itemListElement\":[{\"@type\":\"ListItem\",\"position\":1,\"name\":\"Portada\",\"item\":\"https:\\\/\\\/maisonroca.ad\\\/fr\\\/\"},{\"@type\":\"ListItem\",\"position\":2,\"name\":\"Botiga\",\"item\":\"https:\\\/\\\/maisonroca.ad\\\/botiga\\\/\"},{\"@type\":\"ListItem\",\"position\":3,\"name\":\"PENDENTIF DoDo LUNE XL EN ARGENT ET OR ROSE AVEC CORDON EN SOIE\"}]},{\"@type\":\"WebSite\",\"@id\":\"https:\\\/\\\/maisonroca.ad\\\/fr\\\/#website\",\"url\":\"https:\\\/\\\/maisonroca.ad\\\/fr\\\/\",\"name\":\"Maison Roca\",\"description\":\"Bold Luxury Life - joieria d&#039;autor - Andorra\",\"publisher\":{\"@id\":\"https:\\\/\\\/maisonroca.ad\\\/fr\\\/#organization\"},\"potentialAction\":[{\"@type\":\"SearchAction\",\"target\":{\"@type\":\"EntryPoint\",\"urlTemplate\":\"https:\\\/\\\/maisonroca.ad\\\/fr\\\/?s={search_term_string}\"},\"query-input\":{\"@type\":\"PropertyValueSpecification\",\"valueRequired\":true,\"valueName\":\"search_term_string\"}}],\"inLanguage\":\"fr-FR\"},{\"@type\":\"Organization\",\"@id\":\"https:\\\/\\\/maisonroca.ad\\\/fr\\\/#organization\",\"name\":\"Maison Roca\",\"url\":\"https:\\\/\\\/maisonroca.ad\\\/fr\\\/\",\"logo\":{\"@type\":\"ImageObject\",\"inLanguage\":\"fr-FR\",\"@id\":\"https:\\\/\\\/maisonroca.ad\\\/fr\\\/#\\\/schema\\\/logo\\\/image\\\/\",\"url\":\"https:\\\/\\\/maisonroca.ad\\\/wp-content\\\/uploads\\\/2023\\\/10\\\/icono.png\",\"contentUrl\":\"https:\\\/\\\/maisonroca.ad\\\/wp-content\\\/uploads\\\/2023\\\/10\\\/icono.png\",\"width\":512,\"height\":512,\"caption\":\"Maison Roca\"},\"image\":{\"@id\":\"https:\\\/\\\/maisonroca.ad\\\/fr\\\/#\\\/schema\\\/logo\\\/image\\\/\"},\"sameAs\":[\"https:\\\/\\\/www.facebook.com\\\/maisonroca\",\"https:\\\/\\\/www.instagram.com\\\/maisonroca\\\/\"]}]}<\/script>\n<meta property=\"product:price:amount\" content=\"414.00\" \/>\n<meta property=\"product:price:currency\" content=\"EUR\" \/>\n<meta property=\"og:availability\" content=\"instock\" \/>\n<meta property=\"product:availability\" content=\"instock\" \/>\n<meta property=\"product:retailer_item_id\" content=\"DMC5022-MOONL-0009A\" \/>\n<meta property=\"product:condition\" content=\"new\" \/>\n<!-- \/ Yoast SEO Premium plugin. -->","yoast_head_json":{"title":"Pendentif Lune XL DoDo en argent et or rose avec cordon | MR","description":"Pendentif DoDo Lune XL en argent et or rose avec cordon en soie. Un bijou \u00e9l\u00e9gant et sophistiqu\u00e9, id\u00e9al \u00e0 porter ou \u00e0 offrir, disponible chez Maison Roca.","robots":{"index":"index","follow":"follow","max-snippet":"max-snippet:-1","max-image-preview":"max-image-preview:large","max-video-preview":"max-video-preview:-1"},"canonical":"https:\/\/maisonroca.ad\/fr\/boutique\/pendentif-dodo-lune-xl-argent-or-rose-cordon\/","og_locale":"fr_FR","og_type":"article","og_title":"PENDENTIF DoDo LUNE XL EN ARGENT ET OR ROSE AVEC CORDON EN SOIE","og_description":"Pendentif DoDo Lune XL en argent et or rose avec cordon en soie. Un bijou \u00e9l\u00e9gant et sophistiqu\u00e9, id\u00e9al \u00e0 porter ou \u00e0 offrir, disponible chez Maison Roca.","og_url":"https:\/\/maisonroca.ad\/fr\/boutique\/pendentif-dodo-lune-xl-argent-or-rose-cordon\/","og_site_name":"Maison Roca","article_publisher":"https:\/\/www.facebook.com\/maisonroca","article_modified_time":"2025-09-18T11:22:30+00:00","og_image":[{"width":1080,"height":1080,"url":"https:\/\/maisonroca.ad\/wp-content\/uploads\/2025\/09\/DMC5022-MOONL-0009A-2.jpg","type":"image\/jpeg"}],"twitter_card":"summary_large_image","twitter_misc":{"Prix":"414,00&nbsp;&euro;","Disponibilit\u00e9":"En stock"},"schema":{"@context":"https:\/\/schema.org","@graph":[{"@type":"WebPage","@id":"https:\/\/maisonroca.ad\/fr\/boutique\/pendentif-dodo-lune-xl-argent-or-rose-cordon\/","url":"https:\/\/maisonroca.ad\/fr\/boutique\/pendentif-dodo-lune-xl-argent-or-rose-cordon\/","name":"Pendentif Lune XL DoDo en argent et or rose avec cordon | MR","isPartOf":{"@id":"https:\/\/maisonroca.ad\/fr\/#website"},"primaryImageOfPage":{"@id":"https:\/\/maisonroca.ad\/fr\/boutique\/pendentif-dodo-lune-xl-argent-or-rose-cordon\/#primaryimage"},"image":{"@id":"https:\/\/maisonroca.ad\/fr\/boutique\/pendentif-dodo-lune-xl-argent-or-rose-cordon\/#primaryimage"},"thumbnailUrl":"https:\/\/maisonroca.ad\/wp-content\/uploads\/2025\/09\/DMC5022-MOONL-0009A-2.jpg","datePublished":"2025-09-08T15:51:03+00:00","dateModified":"2025-09-18T11:22:30+00:00","description":"Pendentif DoDo Lune XL en argent et or rose avec cordon en soie. Un bijou \u00e9l\u00e9gant et sophistiqu\u00e9, id\u00e9al \u00e0 porter ou \u00e0 offrir, disponible chez Maison Roca.","breadcrumb":{"@id":"https:\/\/maisonroca.ad\/fr\/boutique\/pendentif-dodo-lune-xl-argent-or-rose-cordon\/#breadcrumb"},"inLanguage":"fr-FR","potentialAction":[{"@type":"ReadAction","target":["https:\/\/maisonroca.ad\/fr\/boutique\/pendentif-dodo-lune-xl-argent-or-rose-cordon\/"]}]},{"@type":"ImageObject","inLanguage":"fr-FR","@id":"https:\/\/maisonroca.ad\/fr\/boutique\/pendentif-dodo-lune-xl-argent-or-rose-cordon\/#primaryimage","url":"https:\/\/maisonroca.ad\/wp-content\/uploads\/2025\/09\/DMC5022-MOONL-0009A-2.jpg","contentUrl":"https:\/\/maisonroca.ad\/wp-content\/uploads\/2025\/09\/DMC5022-MOONL-0009A-2.jpg","width":1080,"height":1080,"caption":"Penjoll DoDo Lluna XL en argent i or rosa amb cord\u00f3 de seda"},{"@type":"BreadcrumbList","@id":"https:\/\/maisonroca.ad\/fr\/boutique\/pendentif-dodo-lune-xl-argent-or-rose-cordon\/#breadcrumb","itemListElement":[{"@type":"ListItem","position":1,"name":"Portada","item":"https:\/\/maisonroca.ad\/fr\/"},{"@type":"ListItem","position":2,"name":"Botiga","item":"https:\/\/maisonroca.ad\/botiga\/"},{"@type":"ListItem","position":3,"name":"PENDENTIF DoDo LUNE XL EN ARGENT ET OR ROSE AVEC CORDON EN SOIE"}]},{"@type":"WebSite","@id":"https:\/\/maisonroca.ad\/fr\/#website","url":"https:\/\/maisonroca.ad\/fr\/","name":"Maison Roca","description":"Bold Luxury Life - joieria d&#039;autor - Andorra","publisher":{"@id":"https:\/\/maisonroca.ad\/fr\/#organization"},"potentialAction":[{"@type":"SearchAction","target":{"@type":"EntryPoint","urlTemplate":"https:\/\/maisonroca.ad\/fr\/?s={search_term_string}"},"query-input":{"@type":"PropertyValueSpecification","valueRequired":true,"valueName":"search_term_string"}}],"inLanguage":"fr-FR"},{"@type":"Organization","@id":"https:\/\/maisonroca.ad\/fr\/#organization","name":"Maison Roca","url":"https:\/\/maisonroca.ad\/fr\/","logo":{"@type":"ImageObject","inLanguage":"fr-FR","@id":"https:\/\/maisonroca.ad\/fr\/#\/schema\/logo\/image\/","url":"https:\/\/maisonroca.ad\/wp-content\/uploads\/2023\/10\/icono.png","contentUrl":"https:\/\/maisonroca.ad\/wp-content\/uploads\/2023\/10\/icono.png","width":512,"height":512,"caption":"Maison Roca"},"image":{"@id":"https:\/\/maisonroca.ad\/fr\/#\/schema\/logo\/image\/"},"sameAs":["https:\/\/www.facebook.com\/maisonroca","https:\/\/www.instagram.com\/maisonroca\/"]}]},"product_price_amount":"414.00","product_price_currency":"EUR","og_availability":"instock","product_availability":"instock","product_retailer_item_id":"DMC5022-MOONL-0009A","product_condition":"new"},"_links":{"self":[{"href":"https:\/\/maisonroca.ad\/fr\/wp-json\/wp\/v2\/product\/79378","targetHints":{"allow":["GET"]}}],"collection":[{"href":"https:\/\/maisonroca.ad\/fr\/wp-json\/wp\/v2\/product"}],"about":[{"href":"https:\/\/maisonroca.ad\/fr\/wp-json\/wp\/v2\/types\/product"}],"replies":[{"embeddable":true,"href":"https:\/\/maisonroca.ad\/fr\/wp-json\/wp\/v2\/comments?post=79378"}],"version-history":[{"count":2,"href":"https:\/\/maisonroca.ad\/fr\/wp-json\/wp\/v2\/product\/79378\/revisions"}],"predecessor-version":[{"id":79401,"href":"https:\/\/maisonroca.ad\/fr\/wp-json\/wp\/v2\/product\/79378\/revisions\/79401"}],"wp:featuredmedia":[{"embeddable":true,"href":"https:\/\/maisonroca.ad\/fr\/wp-json\/wp\/v2\/media\/79369"}],"wp:attachment":[{"href":"https:\/\/maisonroca.ad\/fr\/wp-json\/wp\/v2\/media?parent=79378"}],"wp:term":[{"taxonomy":"product_brand","embeddable":true,"href":"https:\/\/maisonroca.ad\/fr\/wp-json\/wp\/v2\/product_brand?post=79378"},{"taxonomy":"product_cat","embeddable":true,"href":"https:\/\/maisonroca.ad\/fr\/wp-json\/wp\/v2\/product_cat?post=79378"},{"taxonomy":"product_tag","embeddable":true,"href":"https:\/\/maisonroca.ad\/fr\/wp-json\/wp\/v2\/product_tag?post=79378"}],"curies":[{"name":"wp","href":"https:\/\/api.w.org\/{rel}","templated":true}]}}