{"id":79824,"date":"2025-09-18T12:57:59","date_gmt":"2025-09-18T10:57:59","guid":{"rendered":"https:\/\/maisonroca.ad\/?post_type=product&#038;p=79824"},"modified":"2026-02-23T09:02:58","modified_gmt":"2026-02-23T08:02:58","slug":"montre-bell-ross-br01-skull-bronze-46mm","status":"publish","type":"product","link":"https:\/\/maisonroca.ad\/fr\/boutique\/montre-bell-ross-br01-skull-bronze-46mm\/","title":{"rendered":"MONTRE BELL &#038; ROSS BR01 SKULL BRONZE 46 MM"},"content":{"rendered":"<p class=\"x_MsoNormal\"><span lang=\"CA\" data-olk-copy-source=\"MessageBody\">Montre Bell &amp; Ross BR 01 Skull Bronze (CuSn8), une pi\u00e8ce audacieuse rendant hommage aux courageux parachutistes de la Seconde Guerre mondiale. Dot\u00e9e d\u2019un bo\u00eetier en bronze (CuSn8) de 46 mm patin\u00e9 naturellement, chaque montre devient unique avec le temps, offrant caract\u00e8re et personnalit\u00e9 \u00e0 celui qui la porte.<\/span><\/p>\n<p class=\"x_MsoNormal\"><span lang=\"CA\">Son cadran embl\u00e9matique en forme de cr\u00e2ne, symbole de courage et de r\u00e9bellion, est encadr\u00e9 par une structure \u00ab tonfa \u00bb avec vis apparentes, \u00e9voquant les panneaux d\u2019instruments d\u2019aviation. Les d\u00e9tails en relief, les aiguilles en forme d\u2019\u00e9p\u00e9e et le cr\u00e2ne recouvert de Super-LumiNova renforcent son esth\u00e9tique puissante et garantissent une lisibilit\u00e9 optimale, m\u00eame dans l\u2019obscurit\u00e9.<\/span><\/p>\n<p class=\"x_MsoNormal\"><span lang=\"CA\">Anim\u00e9e par un mouvement m\u00e9canique automatique BR-CAL.302, la BR 01 Skull Bronze (CuSn8) allie savoir-faire, innovation et esprit combatif. Le bracelet en cuir marron souligne son style vintage et aventurier.<\/span><\/p>\n<p class=\"x_MsoNormal\"><span lang=\"CA\">Une montre pour ceux qui osent se d\u00e9marquer et assument leur singularit\u00e9 avec fiert\u00e9.<\/span><\/p>\n<p class=\"x_MsoNormal\"><span lang=\"CA\">\u00a0<\/span><\/p>\n<p class=\"x_MsoNormal\"><span lang=\"CA\">D\u00e9tails :<\/span><\/p>\n<p class=\"x_MsoNormal\"><span lang=\"CA\">\u2022 Bo\u00eetier en bronze (CuSn8)<\/span><\/p>\n<p class=\"x_MsoNormal\"><span lang=\"CA\">\u2022 Bracelet en cuir<\/span><\/p>\n<p class=\"x_MsoNormal\"><span lang=\"CA\">\u2022 Mouvement m\u00e9canique automatique BR-CAL.302<\/span><\/p>\n<p class=\"x_MsoNormal\"><span lang=\"CA\">\u2022 Diam\u00e8tre : 46 mm<\/span><\/p>\n<p class=\"x_MsoNormal\"><span lang=\"CA\">\u2022 Cadran noir avec motif cr\u00e2ne<\/span><\/p>\n<p class=\"x_MsoNormal\"><span lang=\"CA\">\u2022 Verre saphir<\/span><\/p>\n<p class=\"x_MsoNormal\"><span lang=\"CA\">\u2022 \u00c9tanch\u00e9it\u00e9 : 100 m<\/span><\/p>\n<p class=\"x_MsoNormal\"><span lang=\"CA\">\u2022 Fonctions : heures et minutes<\/span><\/p>\n","protected":false},"excerpt":{"rendered":"<p>La Bell &amp; Ross BR01 Skull Bronze 46 mm est une montre iconique de luxe avec un bo\u00eetier en bronze et un design audacieux en forme de cr\u00e2ne. Une pi\u00e8ce unique pour les collectionneurs, disponible chez Maison Roca.<\/p>\n","protected":false},"featured_media":79816,"comment_status":"closed","ping_status":"closed","template":"","meta":{"_acf_changed":false,"_monsterinsights_skip_tracking":false,"_monsterinsights_sitenote_active":false,"_monsterinsights_sitenote_note":"","_monsterinsights_sitenote_category":0},"product_brand":[],"product_cat":[1249,1245],"product_tag":[2376,2888,2889,2457,2893,2929],"class_list":{"0":"post-79824","1":"product","2":"type-product","3":"status-publish","4":"has-post-thumbnail","6":"product_cat-bell-ross-fr","7":"product_cat-montres","8":"product_tag-46-mm-2-3","9":"product_tag-altres-fr","10":"product_tag-automatic-fr","11":"product_tag-de-100-a-300-metres-2","12":"product_tag-home-fr","13":"product_tag-pell-fr","15":"first","16":"instock","17":"shipping-taxable","18":"purchasable","19":"product-type-simple"},"acf":[],"yoast_head":"<!-- This site is optimized with the Yoast SEO Premium plugin v26.8 (Yoast SEO v27.4) - https:\/\/yoast.com\/product\/yoast-seo-premium-wordpress\/ -->\n<title>Montre Bell &amp; Ross BR01 Skull Bronze 46 mm | Maison Roca<\/title>\n<meta name=\"description\" content=\"D\u00e9couvrez la montre Bell &amp; Ross BR01 Skull Bronze 46 mm. Une pi\u00e8ce unique et audacieuse, disponible chez Maison Roca.\" \/>\n<meta name=\"robots\" content=\"index, follow, max-snippet:-1, max-image-preview:large, max-video-preview:-1\" \/>\n<link rel=\"canonical\" href=\"https:\/\/maisonroca.ad\/fr\/boutique\/montre-bell-ross-br01-skull-bronze-46mm\/\" \/>\n<meta property=\"og:locale\" content=\"fr_FR\" \/>\n<meta property=\"og:type\" content=\"article\" \/>\n<meta property=\"og:title\" content=\"MONTRE BELL &amp; ROSS BR01 SKULL BRONZE 46 MM\" \/>\n<meta property=\"og:description\" content=\"D\u00e9couvrez la montre Bell &amp; Ross BR01 Skull Bronze 46 mm. Une pi\u00e8ce unique et audacieuse, disponible chez Maison Roca.\" \/>\n<meta property=\"og:url\" content=\"https:\/\/maisonroca.ad\/fr\/boutique\/montre-bell-ross-br01-skull-bronze-46mm\/\" \/>\n<meta property=\"og:site_name\" content=\"Maison Roca\" \/>\n<meta property=\"article:publisher\" content=\"https:\/\/www.facebook.com\/maisonroca\" \/>\n<meta property=\"article:modified_time\" content=\"2026-02-23T08:02:58+00:00\" \/>\n<meta property=\"og:image\" content=\"https:\/\/maisonroca.ad\/wp-content\/uploads\/2025\/09\/BR0192-SKULL-BR.jpg\" \/>\n\t<meta property=\"og:image:width\" content=\"1080\" \/>\n\t<meta property=\"og:image:height\" content=\"1080\" \/>\n\t<meta property=\"og:image:type\" content=\"image\/jpeg\" \/>\n<meta name=\"twitter:card\" content=\"summary_large_image\" \/>\n<meta name=\"twitter:label1\" content=\"Prix\" \/>\n\t<meta name=\"twitter:data1\" content=\"5.100,00&nbsp;&euro;\" \/>\n\t<meta name=\"twitter:label2\" content=\"Disponibilit\u00e9\" \/>\n\t<meta name=\"twitter:data2\" content=\"En stock\" \/>\n<script type=\"application\/ld+json\" class=\"yoast-schema-graph\">{\"@context\":\"https:\\\/\\\/schema.org\",\"@graph\":[{\"@type\":\"WebPage\",\"@id\":\"https:\\\/\\\/maisonroca.ad\\\/fr\\\/boutique\\\/montre-bell-ross-br01-skull-bronze-46mm\\\/\",\"url\":\"https:\\\/\\\/maisonroca.ad\\\/fr\\\/boutique\\\/montre-bell-ross-br01-skull-bronze-46mm\\\/\",\"name\":\"Montre Bell & Ross BR01 Skull Bronze 46 mm | Maison Roca\",\"isPartOf\":{\"@id\":\"https:\\\/\\\/maisonroca.ad\\\/fr\\\/#website\"},\"primaryImageOfPage\":{\"@id\":\"https:\\\/\\\/maisonroca.ad\\\/fr\\\/boutique\\\/montre-bell-ross-br01-skull-bronze-46mm\\\/#primaryimage\"},\"image\":{\"@id\":\"https:\\\/\\\/maisonroca.ad\\\/fr\\\/boutique\\\/montre-bell-ross-br01-skull-bronze-46mm\\\/#primaryimage\"},\"thumbnailUrl\":\"https:\\\/\\\/maisonroca.ad\\\/wp-content\\\/uploads\\\/2025\\\/09\\\/BR0192-SKULL-BR.jpg\",\"datePublished\":\"2025-09-18T10:57:59+00:00\",\"dateModified\":\"2026-02-23T08:02:58+00:00\",\"description\":\"D\u00e9couvrez la montre Bell & Ross BR01 Skull Bronze 46 mm. Une pi\u00e8ce unique et audacieuse, disponible chez Maison Roca.\",\"breadcrumb\":{\"@id\":\"https:\\\/\\\/maisonroca.ad\\\/fr\\\/boutique\\\/montre-bell-ross-br01-skull-bronze-46mm\\\/#breadcrumb\"},\"inLanguage\":\"fr-FR\",\"potentialAction\":[{\"@type\":\"ReadAction\",\"target\":[\"https:\\\/\\\/maisonroca.ad\\\/fr\\\/boutique\\\/montre-bell-ross-br01-skull-bronze-46mm\\\/\"]}]},{\"@type\":\"ImageObject\",\"inLanguage\":\"fr-FR\",\"@id\":\"https:\\\/\\\/maisonroca.ad\\\/fr\\\/boutique\\\/montre-bell-ross-br01-skull-bronze-46mm\\\/#primaryimage\",\"url\":\"https:\\\/\\\/maisonroca.ad\\\/wp-content\\\/uploads\\\/2025\\\/09\\\/BR0192-SKULL-BR.jpg\",\"contentUrl\":\"https:\\\/\\\/maisonroca.ad\\\/wp-content\\\/uploads\\\/2025\\\/09\\\/BR0192-SKULL-BR.jpg\",\"width\":1080,\"height\":1080,\"caption\":\"maison-roca-andorra-bell-i-ross-rellotge-br01-92-skull-cuir\"},{\"@type\":\"BreadcrumbList\",\"@id\":\"https:\\\/\\\/maisonroca.ad\\\/fr\\\/boutique\\\/montre-bell-ross-br01-skull-bronze-46mm\\\/#breadcrumb\",\"itemListElement\":[{\"@type\":\"ListItem\",\"position\":1,\"name\":\"Portada\",\"item\":\"https:\\\/\\\/maisonroca.ad\\\/fr\\\/\"},{\"@type\":\"ListItem\",\"position\":2,\"name\":\"Botiga\",\"item\":\"https:\\\/\\\/maisonroca.ad\\\/botiga\\\/\"},{\"@type\":\"ListItem\",\"position\":3,\"name\":\"MONTRE BELL &#038; ROSS BR01 SKULL BRONZE 46 MM\"}]},{\"@type\":\"WebSite\",\"@id\":\"https:\\\/\\\/maisonroca.ad\\\/fr\\\/#website\",\"url\":\"https:\\\/\\\/maisonroca.ad\\\/fr\\\/\",\"name\":\"Maison Roca\",\"description\":\"Bold Luxury Life - joieria d&#039;autor - Andorra\",\"publisher\":{\"@id\":\"https:\\\/\\\/maisonroca.ad\\\/fr\\\/#organization\"},\"potentialAction\":[{\"@type\":\"SearchAction\",\"target\":{\"@type\":\"EntryPoint\",\"urlTemplate\":\"https:\\\/\\\/maisonroca.ad\\\/fr\\\/?s={search_term_string}\"},\"query-input\":{\"@type\":\"PropertyValueSpecification\",\"valueRequired\":true,\"valueName\":\"search_term_string\"}}],\"inLanguage\":\"fr-FR\"},{\"@type\":\"Organization\",\"@id\":\"https:\\\/\\\/maisonroca.ad\\\/fr\\\/#organization\",\"name\":\"Maison Roca\",\"url\":\"https:\\\/\\\/maisonroca.ad\\\/fr\\\/\",\"logo\":{\"@type\":\"ImageObject\",\"inLanguage\":\"fr-FR\",\"@id\":\"https:\\\/\\\/maisonroca.ad\\\/fr\\\/#\\\/schema\\\/logo\\\/image\\\/\",\"url\":\"https:\\\/\\\/maisonroca.ad\\\/wp-content\\\/uploads\\\/2023\\\/10\\\/icono.png\",\"contentUrl\":\"https:\\\/\\\/maisonroca.ad\\\/wp-content\\\/uploads\\\/2023\\\/10\\\/icono.png\",\"width\":512,\"height\":512,\"caption\":\"Maison Roca\"},\"image\":{\"@id\":\"https:\\\/\\\/maisonroca.ad\\\/fr\\\/#\\\/schema\\\/logo\\\/image\\\/\"},\"sameAs\":[\"https:\\\/\\\/www.facebook.com\\\/maisonroca\",\"https:\\\/\\\/www.instagram.com\\\/maisonroca\\\/\"]}]}<\/script>\n<meta property=\"product:price:amount\" content=\"5100.00\" \/>\n<meta property=\"product:price:currency\" content=\"EUR\" \/>\n<meta property=\"og:availability\" content=\"instock\" \/>\n<meta property=\"product:availability\" content=\"instock\" \/>\n<meta property=\"product:retailer_item_id\" content=\"BR0192-SKULL-BR\" \/>\n<meta property=\"product:condition\" content=\"new\" \/>\n<!-- \/ Yoast SEO Premium plugin. -->","yoast_head_json":{"title":"Montre Bell & Ross BR01 Skull Bronze 46 mm | Maison Roca","description":"D\u00e9couvrez la montre Bell & Ross BR01 Skull Bronze 46 mm. Une pi\u00e8ce unique et audacieuse, disponible chez Maison Roca.","robots":{"index":"index","follow":"follow","max-snippet":"max-snippet:-1","max-image-preview":"max-image-preview:large","max-video-preview":"max-video-preview:-1"},"canonical":"https:\/\/maisonroca.ad\/fr\/boutique\/montre-bell-ross-br01-skull-bronze-46mm\/","og_locale":"fr_FR","og_type":"article","og_title":"MONTRE BELL & ROSS BR01 SKULL BRONZE 46 MM","og_description":"D\u00e9couvrez la montre Bell & Ross BR01 Skull Bronze 46 mm. Une pi\u00e8ce unique et audacieuse, disponible chez Maison Roca.","og_url":"https:\/\/maisonroca.ad\/fr\/boutique\/montre-bell-ross-br01-skull-bronze-46mm\/","og_site_name":"Maison Roca","article_publisher":"https:\/\/www.facebook.com\/maisonroca","article_modified_time":"2026-02-23T08:02:58+00:00","og_image":[{"width":1080,"height":1080,"url":"https:\/\/maisonroca.ad\/wp-content\/uploads\/2025\/09\/BR0192-SKULL-BR.jpg","type":"image\/jpeg"}],"twitter_card":"summary_large_image","twitter_misc":{"Prix":"5.100,00&nbsp;&euro;","Disponibilit\u00e9":"En stock"},"schema":{"@context":"https:\/\/schema.org","@graph":[{"@type":"WebPage","@id":"https:\/\/maisonroca.ad\/fr\/boutique\/montre-bell-ross-br01-skull-bronze-46mm\/","url":"https:\/\/maisonroca.ad\/fr\/boutique\/montre-bell-ross-br01-skull-bronze-46mm\/","name":"Montre Bell & Ross BR01 Skull Bronze 46 mm | Maison Roca","isPartOf":{"@id":"https:\/\/maisonroca.ad\/fr\/#website"},"primaryImageOfPage":{"@id":"https:\/\/maisonroca.ad\/fr\/boutique\/montre-bell-ross-br01-skull-bronze-46mm\/#primaryimage"},"image":{"@id":"https:\/\/maisonroca.ad\/fr\/boutique\/montre-bell-ross-br01-skull-bronze-46mm\/#primaryimage"},"thumbnailUrl":"https:\/\/maisonroca.ad\/wp-content\/uploads\/2025\/09\/BR0192-SKULL-BR.jpg","datePublished":"2025-09-18T10:57:59+00:00","dateModified":"2026-02-23T08:02:58+00:00","description":"D\u00e9couvrez la montre Bell & Ross BR01 Skull Bronze 46 mm. Une pi\u00e8ce unique et audacieuse, disponible chez Maison Roca.","breadcrumb":{"@id":"https:\/\/maisonroca.ad\/fr\/boutique\/montre-bell-ross-br01-skull-bronze-46mm\/#breadcrumb"},"inLanguage":"fr-FR","potentialAction":[{"@type":"ReadAction","target":["https:\/\/maisonroca.ad\/fr\/boutique\/montre-bell-ross-br01-skull-bronze-46mm\/"]}]},{"@type":"ImageObject","inLanguage":"fr-FR","@id":"https:\/\/maisonroca.ad\/fr\/boutique\/montre-bell-ross-br01-skull-bronze-46mm\/#primaryimage","url":"https:\/\/maisonroca.ad\/wp-content\/uploads\/2025\/09\/BR0192-SKULL-BR.jpg","contentUrl":"https:\/\/maisonroca.ad\/wp-content\/uploads\/2025\/09\/BR0192-SKULL-BR.jpg","width":1080,"height":1080,"caption":"maison-roca-andorra-bell-i-ross-rellotge-br01-92-skull-cuir"},{"@type":"BreadcrumbList","@id":"https:\/\/maisonroca.ad\/fr\/boutique\/montre-bell-ross-br01-skull-bronze-46mm\/#breadcrumb","itemListElement":[{"@type":"ListItem","position":1,"name":"Portada","item":"https:\/\/maisonroca.ad\/fr\/"},{"@type":"ListItem","position":2,"name":"Botiga","item":"https:\/\/maisonroca.ad\/botiga\/"},{"@type":"ListItem","position":3,"name":"MONTRE BELL &#038; ROSS BR01 SKULL BRONZE 46 MM"}]},{"@type":"WebSite","@id":"https:\/\/maisonroca.ad\/fr\/#website","url":"https:\/\/maisonroca.ad\/fr\/","name":"Maison Roca","description":"Bold Luxury Life - joieria d&#039;autor - Andorra","publisher":{"@id":"https:\/\/maisonroca.ad\/fr\/#organization"},"potentialAction":[{"@type":"SearchAction","target":{"@type":"EntryPoint","urlTemplate":"https:\/\/maisonroca.ad\/fr\/?s={search_term_string}"},"query-input":{"@type":"PropertyValueSpecification","valueRequired":true,"valueName":"search_term_string"}}],"inLanguage":"fr-FR"},{"@type":"Organization","@id":"https:\/\/maisonroca.ad\/fr\/#organization","name":"Maison Roca","url":"https:\/\/maisonroca.ad\/fr\/","logo":{"@type":"ImageObject","inLanguage":"fr-FR","@id":"https:\/\/maisonroca.ad\/fr\/#\/schema\/logo\/image\/","url":"https:\/\/maisonroca.ad\/wp-content\/uploads\/2023\/10\/icono.png","contentUrl":"https:\/\/maisonroca.ad\/wp-content\/uploads\/2023\/10\/icono.png","width":512,"height":512,"caption":"Maison Roca"},"image":{"@id":"https:\/\/maisonroca.ad\/fr\/#\/schema\/logo\/image\/"},"sameAs":["https:\/\/www.facebook.com\/maisonroca","https:\/\/www.instagram.com\/maisonroca\/"]}]},"product_price_amount":"5100.00","product_price_currency":"EUR","og_availability":"instock","product_availability":"instock","product_retailer_item_id":"BR0192-SKULL-BR","product_condition":"new"},"_links":{"self":[{"href":"https:\/\/maisonroca.ad\/fr\/wp-json\/wp\/v2\/product\/79824","targetHints":{"allow":["GET"]}}],"collection":[{"href":"https:\/\/maisonroca.ad\/fr\/wp-json\/wp\/v2\/product"}],"about":[{"href":"https:\/\/maisonroca.ad\/fr\/wp-json\/wp\/v2\/types\/product"}],"replies":[{"embeddable":true,"href":"https:\/\/maisonroca.ad\/fr\/wp-json\/wp\/v2\/comments?post=79824"}],"version-history":[{"count":2,"href":"https:\/\/maisonroca.ad\/fr\/wp-json\/wp\/v2\/product\/79824\/revisions"}],"predecessor-version":[{"id":84221,"href":"https:\/\/maisonroca.ad\/fr\/wp-json\/wp\/v2\/product\/79824\/revisions\/84221"}],"wp:featuredmedia":[{"embeddable":true,"href":"https:\/\/maisonroca.ad\/fr\/wp-json\/wp\/v2\/media\/79816"}],"wp:attachment":[{"href":"https:\/\/maisonroca.ad\/fr\/wp-json\/wp\/v2\/media?parent=79824"}],"wp:term":[{"taxonomy":"product_brand","embeddable":true,"href":"https:\/\/maisonroca.ad\/fr\/wp-json\/wp\/v2\/product_brand?post=79824"},{"taxonomy":"product_cat","embeddable":true,"href":"https:\/\/maisonroca.ad\/fr\/wp-json\/wp\/v2\/product_cat?post=79824"},{"taxonomy":"product_tag","embeddable":true,"href":"https:\/\/maisonroca.ad\/fr\/wp-json\/wp\/v2\/product_tag?post=79824"}],"curies":[{"name":"wp","href":"https:\/\/api.w.org\/{rel}","templated":true}]}}