{"id":79955,"date":"2025-09-25T11:37:30","date_gmt":"2025-09-25T09:37:30","guid":{"rendered":"https:\/\/maisonroca.ad\/?post_type=product&#038;p=79955"},"modified":"2025-09-25T12:03:19","modified_gmt":"2025-09-25T10:03:19","slug":"br01-laughing-skull-full-diamond-46mm-maison-roca","status":"publish","type":"product","link":"https:\/\/maisonroca.ad\/fr\/boutique\/br01-laughing-skull-full-diamond-46mm-maison-roca\/","title":{"rendered":"MONTRE BELL &#038; ROSS BR01 LAUGHTING SKULL FULL DIAMOND DE 46 MM EDICION LIMIT\u00c9E D&rsquo;ACIER ET COCO"},"content":{"rendered":"<p>La montre Bell &amp; Ross BR 01 Laughing Skull Full Diamond est une pi\u00e8ce d\u2019exception qui marie haute joaillerie et ing\u00e9nierie horlog\u00e8re dans un design radical et provocateur. Son embl\u00e9matique bo\u00eetier carr\u00e9 de 46 mm est enti\u00e8rement pav\u00e9e de diamants, offrant un \u00e9clat fascinant et une forte personnalit\u00e9.<br \/>\nLe cadran noir abrite un cr\u00e2ne tridimensionnel, symbole de courage et de r\u00e9bellion, qui s\u2019anime lorsqu\u2019on remonte le mouvement m\u00e9canique manuel BR-CAL.206 la m\u00e2choire s\u2019ouvre dans un geste th\u00e9\u00e2tral, donnant vie \u00e0 la pi\u00e8ce. Ce m\u00e9canisme \u00e9tonnant, combin\u00e9 au sertissage de diamants, fait de cette montre une v\u00e9ritable \u0153uvre d\u2019art fonctionnelle.<br \/>\nLes aiguilles squelett\u00e9es en forme d\u2019\u00e9p\u00e9e s\u2019int\u00e8grent harmonieusement au design tout en garantissant une lisibilit\u00e9 optimale. Le verre saphir et le bracelet en cuir marron ajoutent r\u00e9sistance, confort et \u00e9l\u00e9gance.<br \/>\nUne cr\u00e9ation pens\u00e9e pour les collectionneurs audacieux \u00e0 la recherche d\u2019authenticit\u00e9 et de sophistication.<\/p>\n<p>D\u00e9tails :<\/p>\n<p>\u2022 Bo\u00eetier acier 46 mm pav\u00e9e de diamants<br \/>\n\u2022 Cadran noir avec cr\u00e2ne 3D<br \/>\n\u2022 Mouvement m\u00e9canique manuel BR-CAL.206<br \/>\n\u2022 Verre saphir<br \/>\n\u2022 Fonctions : heures et minutes<br \/>\n\u2022 \u00c9tanch\u00e9it\u00e9 : 100 m<br \/>\n\u2022 Bracelet en cuir marron<\/p>\n","protected":false},"excerpt":{"rendered":"<p>La montre Bell &amp; Ross BR01 Laughing Skull Full Diamond 46 mm est un mod\u00e8le exclusif enti\u00e8rement serti de diamants, combinant design avant-gardiste et \u00e9dition limit\u00e9e. Disponible chez Maison Roca.<\/p>\n","protected":false},"featured_media":79946,"comment_status":"closed","ping_status":"closed","template":"","meta":{"_acf_changed":false,"_monsterinsights_skip_tracking":false,"_monsterinsights_sitenote_active":false,"_monsterinsights_sitenote_note":"","_monsterinsights_sitenote_category":0},"product_brand":[],"product_cat":[1249,1245],"product_tag":[2376,1780,3464,2362,2457,1779,2426,3700,1776],"class_list":{"0":"post-79955","1":"product","2":"type-product","3":"status-publish","4":"has-post-thumbnail","6":"product_cat-bell-ross-fr","7":"product_cat-montres","8":"product_tag-46-mm-2-3","9":"product_tag-acier","10":"product_tag-autres","11":"product_tag-cuir-2","12":"product_tag-de-100-a-300-metres-2","13":"product_tag-homme","14":"product_tag-marron-2","15":"product_tag-mecanique-manuelle","16":"product_tag-montres","18":"first","19":"instock","20":"shipping-taxable","21":"product-type-simple"},"acf":[],"yoast_head":"<!-- This site is optimized with the Yoast SEO Premium plugin v26.8 (Yoast SEO v27.4) - https:\/\/yoast.com\/product\/yoast-seo-premium-wordpress\/ -->\n<title>BR01 Laughing Skull Full Diamond 46 mm | Maison Roca<\/title>\n<meta name=\"description\" content=\"D\u00e9couvrez la montre Bell &amp; Ross BR01 Laughing Skull Full Diamond 46 mm, enti\u00e8rement sertie de diamants. \u00c9dition limit\u00e9e disponible chez Maison Roca.\" \/>\n<meta name=\"robots\" content=\"index, follow, max-snippet:-1, max-image-preview:large, max-video-preview:-1\" \/>\n<link rel=\"canonical\" href=\"https:\/\/maisonroca.ad\/fr\/boutique\/br01-laughing-skull-full-diamond-46mm-maison-roca\/\" \/>\n<meta property=\"og:locale\" content=\"fr_FR\" \/>\n<meta property=\"og:type\" content=\"article\" \/>\n<meta property=\"og:title\" content=\"MONTRE BELL &amp; ROSS BR01 LAUGHTING SKULL FULL DIAMOND DE 46 MM EDICION LIMIT\u00c9E D&#039;ACIER ET COCO\" \/>\n<meta property=\"og:description\" content=\"D\u00e9couvrez la montre Bell &amp; Ross BR01 Laughing Skull Full Diamond 46 mm, enti\u00e8rement sertie de diamants. \u00c9dition limit\u00e9e disponible chez Maison Roca.\" \/>\n<meta property=\"og:url\" content=\"https:\/\/maisonroca.ad\/fr\/boutique\/br01-laughing-skull-full-diamond-46mm-maison-roca\/\" \/>\n<meta property=\"og:site_name\" content=\"Maison Roca\" \/>\n<meta property=\"article:publisher\" content=\"https:\/\/www.facebook.com\/maisonroca\" \/>\n<meta property=\"article:modified_time\" content=\"2025-09-25T10:03:19+00:00\" \/>\n<meta property=\"og:image\" content=\"https:\/\/maisonroca.ad\/wp-content\/uploads\/2025\/09\/BR01-SKULL-SK-FLD.jpg\" \/>\n\t<meta property=\"og:image:width\" content=\"1080\" \/>\n\t<meta property=\"og:image:height\" content=\"1080\" \/>\n\t<meta property=\"og:image:type\" content=\"image\/jpeg\" \/>\n<meta name=\"twitter:card\" content=\"summary_large_image\" \/>\n<meta name=\"twitter:label1\" content=\"Prix\" \/>\n\t<meta name=\"twitter:data1\" content=\"\" \/>\n\t<meta name=\"twitter:label2\" content=\"Disponibilit\u00e9\" \/>\n\t<meta name=\"twitter:data2\" content=\"En stock\" \/>\n<script type=\"application\/ld+json\" class=\"yoast-schema-graph\">{\"@context\":\"https:\\\/\\\/schema.org\",\"@graph\":[{\"@type\":\"WebPage\",\"@id\":\"https:\\\/\\\/maisonroca.ad\\\/fr\\\/boutique\\\/br01-laughing-skull-full-diamond-46mm-maison-roca\\\/\",\"url\":\"https:\\\/\\\/maisonroca.ad\\\/fr\\\/boutique\\\/br01-laughing-skull-full-diamond-46mm-maison-roca\\\/\",\"name\":\"BR01 Laughing Skull Full Diamond 46 mm | Maison Roca\",\"isPartOf\":{\"@id\":\"https:\\\/\\\/maisonroca.ad\\\/fr\\\/#website\"},\"primaryImageOfPage\":{\"@id\":\"https:\\\/\\\/maisonroca.ad\\\/fr\\\/boutique\\\/br01-laughing-skull-full-diamond-46mm-maison-roca\\\/#primaryimage\"},\"image\":{\"@id\":\"https:\\\/\\\/maisonroca.ad\\\/fr\\\/boutique\\\/br01-laughing-skull-full-diamond-46mm-maison-roca\\\/#primaryimage\"},\"thumbnailUrl\":\"https:\\\/\\\/maisonroca.ad\\\/wp-content\\\/uploads\\\/2025\\\/09\\\/BR01-SKULL-SK-FLD.jpg\",\"datePublished\":\"2025-09-25T09:37:30+00:00\",\"dateModified\":\"2025-09-25T10:03:19+00:00\",\"description\":\"D\u00e9couvrez la montre Bell & Ross BR01 Laughing Skull Full Diamond 46 mm, enti\u00e8rement sertie de diamants. \u00c9dition limit\u00e9e disponible chez Maison Roca.\",\"breadcrumb\":{\"@id\":\"https:\\\/\\\/maisonroca.ad\\\/fr\\\/boutique\\\/br01-laughing-skull-full-diamond-46mm-maison-roca\\\/#breadcrumb\"},\"inLanguage\":\"fr-FR\",\"potentialAction\":[{\"@type\":\"ReadAction\",\"target\":[\"https:\\\/\\\/maisonroca.ad\\\/fr\\\/boutique\\\/br01-laughing-skull-full-diamond-46mm-maison-roca\\\/\"]}]},{\"@type\":\"ImageObject\",\"inLanguage\":\"fr-FR\",\"@id\":\"https:\\\/\\\/maisonroca.ad\\\/fr\\\/boutique\\\/br01-laughing-skull-full-diamond-46mm-maison-roca\\\/#primaryimage\",\"url\":\"https:\\\/\\\/maisonroca.ad\\\/wp-content\\\/uploads\\\/2025\\\/09\\\/BR01-SKULL-SK-FLD.jpg\",\"contentUrl\":\"https:\\\/\\\/maisonroca.ad\\\/wp-content\\\/uploads\\\/2025\\\/09\\\/BR01-SKULL-SK-FLD.jpg\",\"width\":1080,\"height\":1080,\"caption\":\"Rellotge Bell & Ross BR01 Laughing Skull Full Diamond 46 mm\"},{\"@type\":\"BreadcrumbList\",\"@id\":\"https:\\\/\\\/maisonroca.ad\\\/fr\\\/boutique\\\/br01-laughing-skull-full-diamond-46mm-maison-roca\\\/#breadcrumb\",\"itemListElement\":[{\"@type\":\"ListItem\",\"position\":1,\"name\":\"Portada\",\"item\":\"https:\\\/\\\/maisonroca.ad\\\/fr\\\/\"},{\"@type\":\"ListItem\",\"position\":2,\"name\":\"Botiga\",\"item\":\"https:\\\/\\\/maisonroca.ad\\\/botiga\\\/\"},{\"@type\":\"ListItem\",\"position\":3,\"name\":\"MONTRE BELL &#038; ROSS BR01 LAUGHTING SKULL FULL DIAMOND DE 46 MM EDICION LIMIT\u00c9E D&#8217;ACIER ET COCO\"}]},{\"@type\":\"WebSite\",\"@id\":\"https:\\\/\\\/maisonroca.ad\\\/fr\\\/#website\",\"url\":\"https:\\\/\\\/maisonroca.ad\\\/fr\\\/\",\"name\":\"Maison Roca\",\"description\":\"Bold Luxury Life - joieria d&#039;autor - Andorra\",\"publisher\":{\"@id\":\"https:\\\/\\\/maisonroca.ad\\\/fr\\\/#organization\"},\"potentialAction\":[{\"@type\":\"SearchAction\",\"target\":{\"@type\":\"EntryPoint\",\"urlTemplate\":\"https:\\\/\\\/maisonroca.ad\\\/fr\\\/?s={search_term_string}\"},\"query-input\":{\"@type\":\"PropertyValueSpecification\",\"valueRequired\":true,\"valueName\":\"search_term_string\"}}],\"inLanguage\":\"fr-FR\"},{\"@type\":\"Organization\",\"@id\":\"https:\\\/\\\/maisonroca.ad\\\/fr\\\/#organization\",\"name\":\"Maison Roca\",\"url\":\"https:\\\/\\\/maisonroca.ad\\\/fr\\\/\",\"logo\":{\"@type\":\"ImageObject\",\"inLanguage\":\"fr-FR\",\"@id\":\"https:\\\/\\\/maisonroca.ad\\\/fr\\\/#\\\/schema\\\/logo\\\/image\\\/\",\"url\":\"https:\\\/\\\/maisonroca.ad\\\/wp-content\\\/uploads\\\/2023\\\/10\\\/icono.png\",\"contentUrl\":\"https:\\\/\\\/maisonroca.ad\\\/wp-content\\\/uploads\\\/2023\\\/10\\\/icono.png\",\"width\":512,\"height\":512,\"caption\":\"Maison Roca\"},\"image\":{\"@id\":\"https:\\\/\\\/maisonroca.ad\\\/fr\\\/#\\\/schema\\\/logo\\\/image\\\/\"},\"sameAs\":[\"https:\\\/\\\/www.facebook.com\\\/maisonroca\",\"https:\\\/\\\/www.instagram.com\\\/maisonroca\\\/\"]}]}<\/script>\n<meta property=\"product:price:currency\" content=\"EUR\" \/>\n<meta property=\"og:availability\" content=\"instock\" \/>\n<meta property=\"product:availability\" content=\"instock\" \/>\n<meta property=\"product:retailer_item_id\" content=\"BR01-SKULL-SK-FLD\" \/>\n<meta property=\"product:condition\" content=\"new\" \/>\n<!-- \/ Yoast SEO Premium plugin. -->","yoast_head_json":{"title":"BR01 Laughing Skull Full Diamond 46 mm | Maison Roca","description":"D\u00e9couvrez la montre Bell & Ross BR01 Laughing Skull Full Diamond 46 mm, enti\u00e8rement sertie de diamants. \u00c9dition limit\u00e9e disponible chez Maison Roca.","robots":{"index":"index","follow":"follow","max-snippet":"max-snippet:-1","max-image-preview":"max-image-preview:large","max-video-preview":"max-video-preview:-1"},"canonical":"https:\/\/maisonroca.ad\/fr\/boutique\/br01-laughing-skull-full-diamond-46mm-maison-roca\/","og_locale":"fr_FR","og_type":"article","og_title":"MONTRE BELL & ROSS BR01 LAUGHTING SKULL FULL DIAMOND DE 46 MM EDICION LIMIT\u00c9E D'ACIER ET COCO","og_description":"D\u00e9couvrez la montre Bell & Ross BR01 Laughing Skull Full Diamond 46 mm, enti\u00e8rement sertie de diamants. \u00c9dition limit\u00e9e disponible chez Maison Roca.","og_url":"https:\/\/maisonroca.ad\/fr\/boutique\/br01-laughing-skull-full-diamond-46mm-maison-roca\/","og_site_name":"Maison Roca","article_publisher":"https:\/\/www.facebook.com\/maisonroca","article_modified_time":"2025-09-25T10:03:19+00:00","og_image":[{"width":1080,"height":1080,"url":"https:\/\/maisonroca.ad\/wp-content\/uploads\/2025\/09\/BR01-SKULL-SK-FLD.jpg","type":"image\/jpeg"}],"twitter_card":"summary_large_image","twitter_misc":{"Prix":"","Disponibilit\u00e9":"En stock"},"schema":{"@context":"https:\/\/schema.org","@graph":[{"@type":"WebPage","@id":"https:\/\/maisonroca.ad\/fr\/boutique\/br01-laughing-skull-full-diamond-46mm-maison-roca\/","url":"https:\/\/maisonroca.ad\/fr\/boutique\/br01-laughing-skull-full-diamond-46mm-maison-roca\/","name":"BR01 Laughing Skull Full Diamond 46 mm | Maison Roca","isPartOf":{"@id":"https:\/\/maisonroca.ad\/fr\/#website"},"primaryImageOfPage":{"@id":"https:\/\/maisonroca.ad\/fr\/boutique\/br01-laughing-skull-full-diamond-46mm-maison-roca\/#primaryimage"},"image":{"@id":"https:\/\/maisonroca.ad\/fr\/boutique\/br01-laughing-skull-full-diamond-46mm-maison-roca\/#primaryimage"},"thumbnailUrl":"https:\/\/maisonroca.ad\/wp-content\/uploads\/2025\/09\/BR01-SKULL-SK-FLD.jpg","datePublished":"2025-09-25T09:37:30+00:00","dateModified":"2025-09-25T10:03:19+00:00","description":"D\u00e9couvrez la montre Bell & Ross BR01 Laughing Skull Full Diamond 46 mm, enti\u00e8rement sertie de diamants. \u00c9dition limit\u00e9e disponible chez Maison Roca.","breadcrumb":{"@id":"https:\/\/maisonroca.ad\/fr\/boutique\/br01-laughing-skull-full-diamond-46mm-maison-roca\/#breadcrumb"},"inLanguage":"fr-FR","potentialAction":[{"@type":"ReadAction","target":["https:\/\/maisonroca.ad\/fr\/boutique\/br01-laughing-skull-full-diamond-46mm-maison-roca\/"]}]},{"@type":"ImageObject","inLanguage":"fr-FR","@id":"https:\/\/maisonroca.ad\/fr\/boutique\/br01-laughing-skull-full-diamond-46mm-maison-roca\/#primaryimage","url":"https:\/\/maisonroca.ad\/wp-content\/uploads\/2025\/09\/BR01-SKULL-SK-FLD.jpg","contentUrl":"https:\/\/maisonroca.ad\/wp-content\/uploads\/2025\/09\/BR01-SKULL-SK-FLD.jpg","width":1080,"height":1080,"caption":"Rellotge Bell & Ross BR01 Laughing Skull Full Diamond 46 mm"},{"@type":"BreadcrumbList","@id":"https:\/\/maisonroca.ad\/fr\/boutique\/br01-laughing-skull-full-diamond-46mm-maison-roca\/#breadcrumb","itemListElement":[{"@type":"ListItem","position":1,"name":"Portada","item":"https:\/\/maisonroca.ad\/fr\/"},{"@type":"ListItem","position":2,"name":"Botiga","item":"https:\/\/maisonroca.ad\/botiga\/"},{"@type":"ListItem","position":3,"name":"MONTRE BELL &#038; ROSS BR01 LAUGHTING SKULL FULL DIAMOND DE 46 MM EDICION LIMIT\u00c9E D&#8217;ACIER ET COCO"}]},{"@type":"WebSite","@id":"https:\/\/maisonroca.ad\/fr\/#website","url":"https:\/\/maisonroca.ad\/fr\/","name":"Maison Roca","description":"Bold Luxury Life - joieria d&#039;autor - Andorra","publisher":{"@id":"https:\/\/maisonroca.ad\/fr\/#organization"},"potentialAction":[{"@type":"SearchAction","target":{"@type":"EntryPoint","urlTemplate":"https:\/\/maisonroca.ad\/fr\/?s={search_term_string}"},"query-input":{"@type":"PropertyValueSpecification","valueRequired":true,"valueName":"search_term_string"}}],"inLanguage":"fr-FR"},{"@type":"Organization","@id":"https:\/\/maisonroca.ad\/fr\/#organization","name":"Maison Roca","url":"https:\/\/maisonroca.ad\/fr\/","logo":{"@type":"ImageObject","inLanguage":"fr-FR","@id":"https:\/\/maisonroca.ad\/fr\/#\/schema\/logo\/image\/","url":"https:\/\/maisonroca.ad\/wp-content\/uploads\/2023\/10\/icono.png","contentUrl":"https:\/\/maisonroca.ad\/wp-content\/uploads\/2023\/10\/icono.png","width":512,"height":512,"caption":"Maison Roca"},"image":{"@id":"https:\/\/maisonroca.ad\/fr\/#\/schema\/logo\/image\/"},"sameAs":["https:\/\/www.facebook.com\/maisonroca","https:\/\/www.instagram.com\/maisonroca\/"]}]},"product_price_currency":"EUR","og_availability":"instock","product_availability":"instock","product_retailer_item_id":"BR01-SKULL-SK-FLD","product_condition":"new"},"_links":{"self":[{"href":"https:\/\/maisonroca.ad\/fr\/wp-json\/wp\/v2\/product\/79955","targetHints":{"allow":["GET"]}}],"collection":[{"href":"https:\/\/maisonroca.ad\/fr\/wp-json\/wp\/v2\/product"}],"about":[{"href":"https:\/\/maisonroca.ad\/fr\/wp-json\/wp\/v2\/types\/product"}],"replies":[{"embeddable":true,"href":"https:\/\/maisonroca.ad\/fr\/wp-json\/wp\/v2\/comments?post=79955"}],"version-history":[{"count":1,"href":"https:\/\/maisonroca.ad\/fr\/wp-json\/wp\/v2\/product\/79955\/revisions"}],"predecessor-version":[{"id":79956,"href":"https:\/\/maisonroca.ad\/fr\/wp-json\/wp\/v2\/product\/79955\/revisions\/79956"}],"wp:featuredmedia":[{"embeddable":true,"href":"https:\/\/maisonroca.ad\/fr\/wp-json\/wp\/v2\/media\/79946"}],"wp:attachment":[{"href":"https:\/\/maisonroca.ad\/fr\/wp-json\/wp\/v2\/media?parent=79955"}],"wp:term":[{"taxonomy":"product_brand","embeddable":true,"href":"https:\/\/maisonroca.ad\/fr\/wp-json\/wp\/v2\/product_brand?post=79955"},{"taxonomy":"product_cat","embeddable":true,"href":"https:\/\/maisonroca.ad\/fr\/wp-json\/wp\/v2\/product_cat?post=79955"},{"taxonomy":"product_tag","embeddable":true,"href":"https:\/\/maisonroca.ad\/fr\/wp-json\/wp\/v2\/product_tag?post=79955"}],"curies":[{"name":"wp","href":"https:\/\/api.w.org\/{rel}","templated":true}]}}