{"id":81043,"date":"2025-11-24T12:06:53","date_gmt":"2025-11-24T11:06:53","guid":{"rendered":"https:\/\/maisonroca.ad\/?post_type=product&#038;p=81043"},"modified":"2025-11-24T12:17:17","modified_gmt":"2025-11-24T11:17:17","slug":"bracelet-cordon-dinh-van-le-pave-mm-or-jaune","status":"publish","type":"product","link":"https:\/\/maisonroca.ad\/fr\/boutique\/bracelet-cordon-dinh-van-le-pave-mm-or-jaune\/","title":{"rendered":"BRACELET DINH VAN LE PAV\u00c9 MM EN OR JAUNE AVEC CORDON"},"content":{"rendered":"<p>Bracelet cordon Le Pav\u00e9, mod\u00e8le moyen, en or jaune 18 carats. Inspir\u00e9 par le Mai 68, il combine des formes rondes et des angles droits pour un design moderne et charg\u00e9 de sens.<\/p>\n<p>D\u00e9tails :<\/p>\n<p>\u2022 Or jaune 18k<\/p>\n","protected":false},"excerpt":{"rendered":"<p>Le bracelet cordon dinh van Le Pav\u00e9 MM en or jaune 18\u202fkt s\u2019inspire de l\u2019esprit du Mai 68. L\u2019alliance de formes arrondies et d\u2019angles droits cr\u00e9e un design moderne et porteur de sens, refl\u00e9tant libert\u00e9 et style contemporain. Disponible chez Maison Roca.<\/p>\n","protected":false},"featured_media":81036,"comment_status":"closed","ping_status":"closed","template":"","meta":{"_acf_changed":false,"_monsterinsights_skip_tracking":false,"_monsterinsights_sitenote_active":false,"_monsterinsights_sitenote_note":"","_monsterinsights_sitenote_category":0},"product_brand":[],"product_cat":[1244,1251],"product_tag":[2402,2370,2732],"class_list":{"0":"post-81043","1":"product","2":"type-product","3":"status-publish","4":"has-post-thumbnail","6":"product_cat-bijou","7":"product_cat-dinh-van-fr","8":"product_tag-bracalets-2","9":"product_tag-dinh-van-2","10":"product_tag-or-groc-fr","12":"first","13":"instock","14":"shipping-taxable","15":"purchasable","16":"product-type-simple"},"acf":[],"yoast_head":"<!-- This site is optimized with the Yoast SEO Premium plugin v26.8 (Yoast SEO v27.4) - https:\/\/yoast.com\/product\/yoast-seo-premium-wordpress\/ -->\n<title>Bracelet cordon dinh van Le Pav\u00e9 MM en or jaune | Maison Roca<\/title>\n<meta name=\"description\" content=\"Bracelet cordon dinh van Le Pav\u00e9 MM en or jaune 18\u202fkt, au design moderne inspir\u00e9 du Mai 68. Disponible chez Maison Roca.\" \/>\n<meta name=\"robots\" content=\"index, follow, max-snippet:-1, max-image-preview:large, max-video-preview:-1\" \/>\n<link rel=\"canonical\" href=\"https:\/\/maisonroca.ad\/fr\/boutique\/bracelet-cordon-dinh-van-le-pave-mm-or-jaune\/\" \/>\n<meta property=\"og:locale\" content=\"fr_FR\" \/>\n<meta property=\"og:type\" content=\"article\" \/>\n<meta property=\"og:title\" content=\"BRACELET DINH VAN LE PAV\u00c9 MM EN OR JAUNE AVEC CORDON\" \/>\n<meta property=\"og:description\" content=\"Bracelet cordon dinh van Le Pav\u00e9 MM en or jaune 18\u202fkt, au design moderne inspir\u00e9 du Mai 68. Disponible chez Maison Roca.\" \/>\n<meta property=\"og:url\" content=\"https:\/\/maisonroca.ad\/fr\/boutique\/bracelet-cordon-dinh-van-le-pave-mm-or-jaune\/\" \/>\n<meta property=\"og:site_name\" content=\"Maison Roca\" \/>\n<meta property=\"article:publisher\" content=\"https:\/\/www.facebook.com\/maisonroca\" \/>\n<meta property=\"article:modified_time\" content=\"2025-11-24T11:17:17+00:00\" \/>\n<meta property=\"og:image\" content=\"https:\/\/maisonroca.ad\/wp-content\/uploads\/2025\/11\/368201.jpg\" \/>\n\t<meta property=\"og:image:width\" content=\"1080\" \/>\n\t<meta property=\"og:image:height\" content=\"1080\" \/>\n\t<meta property=\"og:image:type\" content=\"image\/jpeg\" \/>\n<meta name=\"twitter:card\" content=\"summary_large_image\" \/>\n<meta name=\"twitter:label1\" content=\"Prix\" \/>\n\t<meta name=\"twitter:data1\" content=\"802,00&nbsp;&euro;\" \/>\n\t<meta name=\"twitter:label2\" content=\"Disponibilit\u00e9\" \/>\n\t<meta name=\"twitter:data2\" content=\"En stock\" \/>\n<script type=\"application\/ld+json\" class=\"yoast-schema-graph\">{\"@context\":\"https:\\\/\\\/schema.org\",\"@graph\":[{\"@type\":\"WebPage\",\"@id\":\"https:\\\/\\\/maisonroca.ad\\\/fr\\\/boutique\\\/bracelet-cordon-dinh-van-le-pave-mm-or-jaune\\\/\",\"url\":\"https:\\\/\\\/maisonroca.ad\\\/fr\\\/boutique\\\/bracelet-cordon-dinh-van-le-pave-mm-or-jaune\\\/\",\"name\":\"Bracelet cordon dinh van Le Pav\u00e9 MM en or jaune | Maison Roca\",\"isPartOf\":{\"@id\":\"https:\\\/\\\/maisonroca.ad\\\/fr\\\/#website\"},\"primaryImageOfPage\":{\"@id\":\"https:\\\/\\\/maisonroca.ad\\\/fr\\\/boutique\\\/bracelet-cordon-dinh-van-le-pave-mm-or-jaune\\\/#primaryimage\"},\"image\":{\"@id\":\"https:\\\/\\\/maisonroca.ad\\\/fr\\\/boutique\\\/bracelet-cordon-dinh-van-le-pave-mm-or-jaune\\\/#primaryimage\"},\"thumbnailUrl\":\"https:\\\/\\\/maisonroca.ad\\\/wp-content\\\/uploads\\\/2025\\\/11\\\/368201.jpg\",\"datePublished\":\"2025-11-24T11:06:53+00:00\",\"dateModified\":\"2025-11-24T11:17:17+00:00\",\"description\":\"Bracelet cordon dinh van Le Pav\u00e9 MM en or jaune 18\u202fkt, au design moderne inspir\u00e9 du Mai 68. Disponible chez Maison Roca.\",\"breadcrumb\":{\"@id\":\"https:\\\/\\\/maisonroca.ad\\\/fr\\\/boutique\\\/bracelet-cordon-dinh-van-le-pave-mm-or-jaune\\\/#breadcrumb\"},\"inLanguage\":\"fr-FR\",\"potentialAction\":[{\"@type\":\"ReadAction\",\"target\":[\"https:\\\/\\\/maisonroca.ad\\\/fr\\\/boutique\\\/bracelet-cordon-dinh-van-le-pave-mm-or-jaune\\\/\"]}]},{\"@type\":\"ImageObject\",\"inLanguage\":\"fr-FR\",\"@id\":\"https:\\\/\\\/maisonroca.ad\\\/fr\\\/boutique\\\/bracelet-cordon-dinh-van-le-pave-mm-or-jaune\\\/#primaryimage\",\"url\":\"https:\\\/\\\/maisonroca.ad\\\/wp-content\\\/uploads\\\/2025\\\/11\\\/368201.jpg\",\"contentUrl\":\"https:\\\/\\\/maisonroca.ad\\\/wp-content\\\/uploads\\\/2025\\\/11\\\/368201.jpg\",\"width\":1080,\"height\":1080,\"caption\":\"maison-roca-andorra-dinh-van-bra\u00e7alet-amb-cordo-le-pave-mm-or-groc\"},{\"@type\":\"BreadcrumbList\",\"@id\":\"https:\\\/\\\/maisonroca.ad\\\/fr\\\/boutique\\\/bracelet-cordon-dinh-van-le-pave-mm-or-jaune\\\/#breadcrumb\",\"itemListElement\":[{\"@type\":\"ListItem\",\"position\":1,\"name\":\"Portada\",\"item\":\"https:\\\/\\\/maisonroca.ad\\\/fr\\\/\"},{\"@type\":\"ListItem\",\"position\":2,\"name\":\"Botiga\",\"item\":\"https:\\\/\\\/maisonroca.ad\\\/botiga\\\/\"},{\"@type\":\"ListItem\",\"position\":3,\"name\":\"BRACELET DINH VAN LE PAV\u00c9 MM EN OR JAUNE AVEC CORDON\"}]},{\"@type\":\"WebSite\",\"@id\":\"https:\\\/\\\/maisonroca.ad\\\/fr\\\/#website\",\"url\":\"https:\\\/\\\/maisonroca.ad\\\/fr\\\/\",\"name\":\"Maison Roca\",\"description\":\"Bold Luxury Life - joieria d&#039;autor - Andorra\",\"publisher\":{\"@id\":\"https:\\\/\\\/maisonroca.ad\\\/fr\\\/#organization\"},\"potentialAction\":[{\"@type\":\"SearchAction\",\"target\":{\"@type\":\"EntryPoint\",\"urlTemplate\":\"https:\\\/\\\/maisonroca.ad\\\/fr\\\/?s={search_term_string}\"},\"query-input\":{\"@type\":\"PropertyValueSpecification\",\"valueRequired\":true,\"valueName\":\"search_term_string\"}}],\"inLanguage\":\"fr-FR\"},{\"@type\":\"Organization\",\"@id\":\"https:\\\/\\\/maisonroca.ad\\\/fr\\\/#organization\",\"name\":\"Maison Roca\",\"url\":\"https:\\\/\\\/maisonroca.ad\\\/fr\\\/\",\"logo\":{\"@type\":\"ImageObject\",\"inLanguage\":\"fr-FR\",\"@id\":\"https:\\\/\\\/maisonroca.ad\\\/fr\\\/#\\\/schema\\\/logo\\\/image\\\/\",\"url\":\"https:\\\/\\\/maisonroca.ad\\\/wp-content\\\/uploads\\\/2023\\\/10\\\/icono.png\",\"contentUrl\":\"https:\\\/\\\/maisonroca.ad\\\/wp-content\\\/uploads\\\/2023\\\/10\\\/icono.png\",\"width\":512,\"height\":512,\"caption\":\"Maison Roca\"},\"image\":{\"@id\":\"https:\\\/\\\/maisonroca.ad\\\/fr\\\/#\\\/schema\\\/logo\\\/image\\\/\"},\"sameAs\":[\"https:\\\/\\\/www.facebook.com\\\/maisonroca\",\"https:\\\/\\\/www.instagram.com\\\/maisonroca\\\/\"]}]}<\/script>\n<meta property=\"product:price:amount\" content=\"802.00\" \/>\n<meta property=\"product:price:currency\" content=\"EUR\" \/>\n<meta property=\"og:availability\" content=\"instock\" \/>\n<meta property=\"product:availability\" content=\"instock\" \/>\n<meta property=\"product:retailer_item_id\" content=\"368201\" \/>\n<meta property=\"product:condition\" content=\"new\" \/>\n<!-- \/ Yoast SEO Premium plugin. -->","yoast_head_json":{"title":"Bracelet cordon dinh van Le Pav\u00e9 MM en or jaune | Maison Roca","description":"Bracelet cordon dinh van Le Pav\u00e9 MM en or jaune 18\u202fkt, au design moderne inspir\u00e9 du Mai 68. Disponible chez Maison Roca.","robots":{"index":"index","follow":"follow","max-snippet":"max-snippet:-1","max-image-preview":"max-image-preview:large","max-video-preview":"max-video-preview:-1"},"canonical":"https:\/\/maisonroca.ad\/fr\/boutique\/bracelet-cordon-dinh-van-le-pave-mm-or-jaune\/","og_locale":"fr_FR","og_type":"article","og_title":"BRACELET DINH VAN LE PAV\u00c9 MM EN OR JAUNE AVEC CORDON","og_description":"Bracelet cordon dinh van Le Pav\u00e9 MM en or jaune 18\u202fkt, au design moderne inspir\u00e9 du Mai 68. Disponible chez Maison Roca.","og_url":"https:\/\/maisonroca.ad\/fr\/boutique\/bracelet-cordon-dinh-van-le-pave-mm-or-jaune\/","og_site_name":"Maison Roca","article_publisher":"https:\/\/www.facebook.com\/maisonroca","article_modified_time":"2025-11-24T11:17:17+00:00","og_image":[{"width":1080,"height":1080,"url":"https:\/\/maisonroca.ad\/wp-content\/uploads\/2025\/11\/368201.jpg","type":"image\/jpeg"}],"twitter_card":"summary_large_image","twitter_misc":{"Prix":"802,00&nbsp;&euro;","Disponibilit\u00e9":"En stock"},"schema":{"@context":"https:\/\/schema.org","@graph":[{"@type":"WebPage","@id":"https:\/\/maisonroca.ad\/fr\/boutique\/bracelet-cordon-dinh-van-le-pave-mm-or-jaune\/","url":"https:\/\/maisonroca.ad\/fr\/boutique\/bracelet-cordon-dinh-van-le-pave-mm-or-jaune\/","name":"Bracelet cordon dinh van Le Pav\u00e9 MM en or jaune | Maison Roca","isPartOf":{"@id":"https:\/\/maisonroca.ad\/fr\/#website"},"primaryImageOfPage":{"@id":"https:\/\/maisonroca.ad\/fr\/boutique\/bracelet-cordon-dinh-van-le-pave-mm-or-jaune\/#primaryimage"},"image":{"@id":"https:\/\/maisonroca.ad\/fr\/boutique\/bracelet-cordon-dinh-van-le-pave-mm-or-jaune\/#primaryimage"},"thumbnailUrl":"https:\/\/maisonroca.ad\/wp-content\/uploads\/2025\/11\/368201.jpg","datePublished":"2025-11-24T11:06:53+00:00","dateModified":"2025-11-24T11:17:17+00:00","description":"Bracelet cordon dinh van Le Pav\u00e9 MM en or jaune 18\u202fkt, au design moderne inspir\u00e9 du Mai 68. Disponible chez Maison Roca.","breadcrumb":{"@id":"https:\/\/maisonroca.ad\/fr\/boutique\/bracelet-cordon-dinh-van-le-pave-mm-or-jaune\/#breadcrumb"},"inLanguage":"fr-FR","potentialAction":[{"@type":"ReadAction","target":["https:\/\/maisonroca.ad\/fr\/boutique\/bracelet-cordon-dinh-van-le-pave-mm-or-jaune\/"]}]},{"@type":"ImageObject","inLanguage":"fr-FR","@id":"https:\/\/maisonroca.ad\/fr\/boutique\/bracelet-cordon-dinh-van-le-pave-mm-or-jaune\/#primaryimage","url":"https:\/\/maisonroca.ad\/wp-content\/uploads\/2025\/11\/368201.jpg","contentUrl":"https:\/\/maisonroca.ad\/wp-content\/uploads\/2025\/11\/368201.jpg","width":1080,"height":1080,"caption":"maison-roca-andorra-dinh-van-bra\u00e7alet-amb-cordo-le-pave-mm-or-groc"},{"@type":"BreadcrumbList","@id":"https:\/\/maisonroca.ad\/fr\/boutique\/bracelet-cordon-dinh-van-le-pave-mm-or-jaune\/#breadcrumb","itemListElement":[{"@type":"ListItem","position":1,"name":"Portada","item":"https:\/\/maisonroca.ad\/fr\/"},{"@type":"ListItem","position":2,"name":"Botiga","item":"https:\/\/maisonroca.ad\/botiga\/"},{"@type":"ListItem","position":3,"name":"BRACELET DINH VAN LE PAV\u00c9 MM EN OR JAUNE AVEC CORDON"}]},{"@type":"WebSite","@id":"https:\/\/maisonroca.ad\/fr\/#website","url":"https:\/\/maisonroca.ad\/fr\/","name":"Maison Roca","description":"Bold Luxury Life - joieria d&#039;autor - Andorra","publisher":{"@id":"https:\/\/maisonroca.ad\/fr\/#organization"},"potentialAction":[{"@type":"SearchAction","target":{"@type":"EntryPoint","urlTemplate":"https:\/\/maisonroca.ad\/fr\/?s={search_term_string}"},"query-input":{"@type":"PropertyValueSpecification","valueRequired":true,"valueName":"search_term_string"}}],"inLanguage":"fr-FR"},{"@type":"Organization","@id":"https:\/\/maisonroca.ad\/fr\/#organization","name":"Maison Roca","url":"https:\/\/maisonroca.ad\/fr\/","logo":{"@type":"ImageObject","inLanguage":"fr-FR","@id":"https:\/\/maisonroca.ad\/fr\/#\/schema\/logo\/image\/","url":"https:\/\/maisonroca.ad\/wp-content\/uploads\/2023\/10\/icono.png","contentUrl":"https:\/\/maisonroca.ad\/wp-content\/uploads\/2023\/10\/icono.png","width":512,"height":512,"caption":"Maison Roca"},"image":{"@id":"https:\/\/maisonroca.ad\/fr\/#\/schema\/logo\/image\/"},"sameAs":["https:\/\/www.facebook.com\/maisonroca","https:\/\/www.instagram.com\/maisonroca\/"]}]},"product_price_amount":"802.00","product_price_currency":"EUR","og_availability":"instock","product_availability":"instock","product_retailer_item_id":"368201","product_condition":"new"},"_links":{"self":[{"href":"https:\/\/maisonroca.ad\/fr\/wp-json\/wp\/v2\/product\/81043","targetHints":{"allow":["GET"]}}],"collection":[{"href":"https:\/\/maisonroca.ad\/fr\/wp-json\/wp\/v2\/product"}],"about":[{"href":"https:\/\/maisonroca.ad\/fr\/wp-json\/wp\/v2\/types\/product"}],"replies":[{"embeddable":true,"href":"https:\/\/maisonroca.ad\/fr\/wp-json\/wp\/v2\/comments?post=81043"}],"version-history":[{"count":1,"href":"https:\/\/maisonroca.ad\/fr\/wp-json\/wp\/v2\/product\/81043\/revisions"}],"predecessor-version":[{"id":81044,"href":"https:\/\/maisonroca.ad\/fr\/wp-json\/wp\/v2\/product\/81043\/revisions\/81044"}],"wp:featuredmedia":[{"embeddable":true,"href":"https:\/\/maisonroca.ad\/fr\/wp-json\/wp\/v2\/media\/81036"}],"wp:attachment":[{"href":"https:\/\/maisonroca.ad\/fr\/wp-json\/wp\/v2\/media?parent=81043"}],"wp:term":[{"taxonomy":"product_brand","embeddable":true,"href":"https:\/\/maisonroca.ad\/fr\/wp-json\/wp\/v2\/product_brand?post=81043"},{"taxonomy":"product_cat","embeddable":true,"href":"https:\/\/maisonroca.ad\/fr\/wp-json\/wp\/v2\/product_cat?post=81043"},{"taxonomy":"product_tag","embeddable":true,"href":"https:\/\/maisonroca.ad\/fr\/wp-json\/wp\/v2\/product_tag?post=81043"}],"curies":[{"name":"wp","href":"https:\/\/api.w.org\/{rel}","templated":true}]}}