{"id":81082,"date":"2025-11-24T13:03:04","date_gmt":"2025-11-24T12:03:04","guid":{"rendered":"https:\/\/maisonroca.ad\/?post_type=product&#038;p=81082"},"modified":"2025-11-24T13:29:24","modified_gmt":"2025-11-24T12:29:24","slug":"pendentif-le-pave-dinh-van-petit-or-jaune","status":"publish","type":"product","link":"https:\/\/maisonroca.ad\/fr\/boutique\/pendentif-le-pave-dinh-van-petit-or-jaune\/","title":{"rendered":"PENDENTIF DINH VAN LE PAV\u00c9 PM EN OR JAUNE"},"content":{"rendered":"<p>Pendentif Le Pav\u00e9 en or jaune 18 carats, petit mod\u00e8le, un design discret mais porteur d\u2019un fort symbole de libert\u00e9 inspir\u00e9 de Mai 68. Il combine des formes g\u00e9om\u00e9triques et un travail ajour\u00e9 pour un \u00e9quilibre parfait entre audace et \u00e9l\u00e9gance.<\/p>\n<p>D\u00e9tails :<\/p>\n<p>\u2022 Or jaune 18k<\/p>\n","protected":false},"excerpt":{"rendered":"<p>Le pendentif dinh van Le Pav\u00e9, petit mod\u00e8le, en or jaune 18\u202fcarats pr\u00e9sente un design discret avec un fort symbolisme de libert\u00e9, inspir\u00e9 par les \u00e9v\u00e9nements de Mai 68. Il combine des formes g\u00e9om\u00e9triques et un travail ouvert pour un \u00e9quilibre parfait entre audace et \u00e9l\u00e9gance. Disponible chez Maison Roca.<\/p>\n","protected":false},"featured_media":81074,"comment_status":"closed","ping_status":"closed","template":"","meta":{"_acf_changed":false,"_monsterinsights_skip_tracking":false,"_monsterinsights_sitenote_active":false,"_monsterinsights_sitenote_note":"","_monsterinsights_sitenote_category":0},"product_brand":[],"product_cat":[1244,1251],"product_tag":[2370,2732,2799],"class_list":{"0":"post-81082","1":"product","2":"type-product","3":"status-publish","4":"has-post-thumbnail","6":"product_cat-bijou","7":"product_cat-dinh-van-fr","8":"product_tag-dinh-van-2","9":"product_tag-or-groc-fr","10":"product_tag-penjolls-fr","12":"first","13":"instock","14":"shipping-taxable","15":"purchasable","16":"product-type-simple"},"acf":[],"yoast_head":"<!-- This site is optimized with the Yoast SEO Premium plugin v26.8 (Yoast SEO v27.4) - https:\/\/yoast.com\/product\/yoast-seo-premium-wordpress\/ -->\n<title>Pendentif dinh van Le Pav\u00e9 PM en or jaune | Maison Roca<\/title>\n<meta name=\"description\" content=\"Pendentif Le Pav\u00e9 dinh van, petit mod\u00e8le en or jaune 18\u202fcarats, discret et symbolique, alliant audace et \u00e9l\u00e9gance. Disponible chez Maison Roca.\" \/>\n<meta name=\"robots\" content=\"index, follow, max-snippet:-1, max-image-preview:large, max-video-preview:-1\" \/>\n<link rel=\"canonical\" href=\"https:\/\/maisonroca.ad\/fr\/boutique\/pendentif-le-pave-dinh-van-petit-or-jaune\/\" \/>\n<meta property=\"og:locale\" content=\"fr_FR\" \/>\n<meta property=\"og:type\" content=\"article\" \/>\n<meta property=\"og:title\" content=\"PENDENTIF DINH VAN LE PAV\u00c9 PM EN OR JAUNE\" \/>\n<meta property=\"og:description\" content=\"Pendentif Le Pav\u00e9 dinh van, petit mod\u00e8le en or jaune 18\u202fcarats, discret et symbolique, alliant audace et \u00e9l\u00e9gance. Disponible chez Maison Roca.\" \/>\n<meta property=\"og:url\" content=\"https:\/\/maisonroca.ad\/fr\/boutique\/pendentif-le-pave-dinh-van-petit-or-jaune\/\" \/>\n<meta property=\"og:site_name\" content=\"Maison Roca\" \/>\n<meta property=\"article:publisher\" content=\"https:\/\/www.facebook.com\/maisonroca\" \/>\n<meta property=\"article:modified_time\" content=\"2025-11-24T12:29:24+00:00\" \/>\n<meta property=\"og:image\" content=\"https:\/\/maisonroca.ad\/wp-content\/uploads\/2025\/11\/668101.jpg\" \/>\n\t<meta property=\"og:image:width\" content=\"1080\" \/>\n\t<meta property=\"og:image:height\" content=\"1080\" \/>\n\t<meta property=\"og:image:type\" content=\"image\/jpeg\" \/>\n<meta name=\"twitter:card\" content=\"summary_large_image\" \/>\n<meta name=\"twitter:label1\" content=\"Prix\" \/>\n\t<meta name=\"twitter:data1\" content=\"1.481,00&nbsp;&euro;\" \/>\n\t<meta name=\"twitter:label2\" content=\"Disponibilit\u00e9\" \/>\n\t<meta name=\"twitter:data2\" content=\"En stock\" \/>\n<script type=\"application\/ld+json\" class=\"yoast-schema-graph\">{\"@context\":\"https:\\\/\\\/schema.org\",\"@graph\":[{\"@type\":\"WebPage\",\"@id\":\"https:\\\/\\\/maisonroca.ad\\\/fr\\\/boutique\\\/pendentif-le-pave-dinh-van-petit-or-jaune\\\/\",\"url\":\"https:\\\/\\\/maisonroca.ad\\\/fr\\\/boutique\\\/pendentif-le-pave-dinh-van-petit-or-jaune\\\/\",\"name\":\"Pendentif dinh van Le Pav\u00e9 PM en or jaune | Maison Roca\",\"isPartOf\":{\"@id\":\"https:\\\/\\\/maisonroca.ad\\\/fr\\\/#website\"},\"primaryImageOfPage\":{\"@id\":\"https:\\\/\\\/maisonroca.ad\\\/fr\\\/boutique\\\/pendentif-le-pave-dinh-van-petit-or-jaune\\\/#primaryimage\"},\"image\":{\"@id\":\"https:\\\/\\\/maisonroca.ad\\\/fr\\\/boutique\\\/pendentif-le-pave-dinh-van-petit-or-jaune\\\/#primaryimage\"},\"thumbnailUrl\":\"https:\\\/\\\/maisonroca.ad\\\/wp-content\\\/uploads\\\/2025\\\/11\\\/668101.jpg\",\"datePublished\":\"2025-11-24T12:03:04+00:00\",\"dateModified\":\"2025-11-24T12:29:24+00:00\",\"description\":\"Pendentif Le Pav\u00e9 dinh van, petit mod\u00e8le en or jaune 18\u202fcarats, discret et symbolique, alliant audace et \u00e9l\u00e9gance. Disponible chez Maison Roca.\",\"breadcrumb\":{\"@id\":\"https:\\\/\\\/maisonroca.ad\\\/fr\\\/boutique\\\/pendentif-le-pave-dinh-van-petit-or-jaune\\\/#breadcrumb\"},\"inLanguage\":\"fr-FR\",\"potentialAction\":[{\"@type\":\"ReadAction\",\"target\":[\"https:\\\/\\\/maisonroca.ad\\\/fr\\\/boutique\\\/pendentif-le-pave-dinh-van-petit-or-jaune\\\/\"]}]},{\"@type\":\"ImageObject\",\"inLanguage\":\"fr-FR\",\"@id\":\"https:\\\/\\\/maisonroca.ad\\\/fr\\\/boutique\\\/pendentif-le-pave-dinh-van-petit-or-jaune\\\/#primaryimage\",\"url\":\"https:\\\/\\\/maisonroca.ad\\\/wp-content\\\/uploads\\\/2025\\\/11\\\/668101.jpg\",\"contentUrl\":\"https:\\\/\\\/maisonroca.ad\\\/wp-content\\\/uploads\\\/2025\\\/11\\\/668101.jpg\",\"width\":1080,\"height\":1080,\"caption\":\"maison-roca-andorra-dinh-van-penjoll-le-pave-pm-or-groc\"},{\"@type\":\"BreadcrumbList\",\"@id\":\"https:\\\/\\\/maisonroca.ad\\\/fr\\\/boutique\\\/pendentif-le-pave-dinh-van-petit-or-jaune\\\/#breadcrumb\",\"itemListElement\":[{\"@type\":\"ListItem\",\"position\":1,\"name\":\"Portada\",\"item\":\"https:\\\/\\\/maisonroca.ad\\\/fr\\\/\"},{\"@type\":\"ListItem\",\"position\":2,\"name\":\"Botiga\",\"item\":\"https:\\\/\\\/maisonroca.ad\\\/botiga\\\/\"},{\"@type\":\"ListItem\",\"position\":3,\"name\":\"PENDENTIF DINH VAN LE PAV\u00c9 PM EN OR JAUNE\"}]},{\"@type\":\"WebSite\",\"@id\":\"https:\\\/\\\/maisonroca.ad\\\/fr\\\/#website\",\"url\":\"https:\\\/\\\/maisonroca.ad\\\/fr\\\/\",\"name\":\"Maison Roca\",\"description\":\"Bold Luxury Life - joieria d&#039;autor - Andorra\",\"publisher\":{\"@id\":\"https:\\\/\\\/maisonroca.ad\\\/fr\\\/#organization\"},\"potentialAction\":[{\"@type\":\"SearchAction\",\"target\":{\"@type\":\"EntryPoint\",\"urlTemplate\":\"https:\\\/\\\/maisonroca.ad\\\/fr\\\/?s={search_term_string}\"},\"query-input\":{\"@type\":\"PropertyValueSpecification\",\"valueRequired\":true,\"valueName\":\"search_term_string\"}}],\"inLanguage\":\"fr-FR\"},{\"@type\":\"Organization\",\"@id\":\"https:\\\/\\\/maisonroca.ad\\\/fr\\\/#organization\",\"name\":\"Maison Roca\",\"url\":\"https:\\\/\\\/maisonroca.ad\\\/fr\\\/\",\"logo\":{\"@type\":\"ImageObject\",\"inLanguage\":\"fr-FR\",\"@id\":\"https:\\\/\\\/maisonroca.ad\\\/fr\\\/#\\\/schema\\\/logo\\\/image\\\/\",\"url\":\"https:\\\/\\\/maisonroca.ad\\\/wp-content\\\/uploads\\\/2023\\\/10\\\/icono.png\",\"contentUrl\":\"https:\\\/\\\/maisonroca.ad\\\/wp-content\\\/uploads\\\/2023\\\/10\\\/icono.png\",\"width\":512,\"height\":512,\"caption\":\"Maison Roca\"},\"image\":{\"@id\":\"https:\\\/\\\/maisonroca.ad\\\/fr\\\/#\\\/schema\\\/logo\\\/image\\\/\"},\"sameAs\":[\"https:\\\/\\\/www.facebook.com\\\/maisonroca\",\"https:\\\/\\\/www.instagram.com\\\/maisonroca\\\/\"]}]}<\/script>\n<meta property=\"product:price:amount\" content=\"1481.00\" \/>\n<meta property=\"product:price:currency\" content=\"EUR\" \/>\n<meta property=\"og:availability\" content=\"instock\" \/>\n<meta property=\"product:availability\" content=\"instock\" \/>\n<meta property=\"product:retailer_item_id\" content=\"668101\" \/>\n<meta property=\"product:condition\" content=\"new\" \/>\n<!-- \/ Yoast SEO Premium plugin. -->","yoast_head_json":{"title":"Pendentif dinh van Le Pav\u00e9 PM en or jaune | Maison Roca","description":"Pendentif Le Pav\u00e9 dinh van, petit mod\u00e8le en or jaune 18\u202fcarats, discret et symbolique, alliant audace et \u00e9l\u00e9gance. Disponible chez Maison Roca.","robots":{"index":"index","follow":"follow","max-snippet":"max-snippet:-1","max-image-preview":"max-image-preview:large","max-video-preview":"max-video-preview:-1"},"canonical":"https:\/\/maisonroca.ad\/fr\/boutique\/pendentif-le-pave-dinh-van-petit-or-jaune\/","og_locale":"fr_FR","og_type":"article","og_title":"PENDENTIF DINH VAN LE PAV\u00c9 PM EN OR JAUNE","og_description":"Pendentif Le Pav\u00e9 dinh van, petit mod\u00e8le en or jaune 18\u202fcarats, discret et symbolique, alliant audace et \u00e9l\u00e9gance. Disponible chez Maison Roca.","og_url":"https:\/\/maisonroca.ad\/fr\/boutique\/pendentif-le-pave-dinh-van-petit-or-jaune\/","og_site_name":"Maison Roca","article_publisher":"https:\/\/www.facebook.com\/maisonroca","article_modified_time":"2025-11-24T12:29:24+00:00","og_image":[{"width":1080,"height":1080,"url":"https:\/\/maisonroca.ad\/wp-content\/uploads\/2025\/11\/668101.jpg","type":"image\/jpeg"}],"twitter_card":"summary_large_image","twitter_misc":{"Prix":"1.481,00&nbsp;&euro;","Disponibilit\u00e9":"En stock"},"schema":{"@context":"https:\/\/schema.org","@graph":[{"@type":"WebPage","@id":"https:\/\/maisonroca.ad\/fr\/boutique\/pendentif-le-pave-dinh-van-petit-or-jaune\/","url":"https:\/\/maisonroca.ad\/fr\/boutique\/pendentif-le-pave-dinh-van-petit-or-jaune\/","name":"Pendentif dinh van Le Pav\u00e9 PM en or jaune | Maison Roca","isPartOf":{"@id":"https:\/\/maisonroca.ad\/fr\/#website"},"primaryImageOfPage":{"@id":"https:\/\/maisonroca.ad\/fr\/boutique\/pendentif-le-pave-dinh-van-petit-or-jaune\/#primaryimage"},"image":{"@id":"https:\/\/maisonroca.ad\/fr\/boutique\/pendentif-le-pave-dinh-van-petit-or-jaune\/#primaryimage"},"thumbnailUrl":"https:\/\/maisonroca.ad\/wp-content\/uploads\/2025\/11\/668101.jpg","datePublished":"2025-11-24T12:03:04+00:00","dateModified":"2025-11-24T12:29:24+00:00","description":"Pendentif Le Pav\u00e9 dinh van, petit mod\u00e8le en or jaune 18\u202fcarats, discret et symbolique, alliant audace et \u00e9l\u00e9gance. Disponible chez Maison Roca.","breadcrumb":{"@id":"https:\/\/maisonroca.ad\/fr\/boutique\/pendentif-le-pave-dinh-van-petit-or-jaune\/#breadcrumb"},"inLanguage":"fr-FR","potentialAction":[{"@type":"ReadAction","target":["https:\/\/maisonroca.ad\/fr\/boutique\/pendentif-le-pave-dinh-van-petit-or-jaune\/"]}]},{"@type":"ImageObject","inLanguage":"fr-FR","@id":"https:\/\/maisonroca.ad\/fr\/boutique\/pendentif-le-pave-dinh-van-petit-or-jaune\/#primaryimage","url":"https:\/\/maisonroca.ad\/wp-content\/uploads\/2025\/11\/668101.jpg","contentUrl":"https:\/\/maisonroca.ad\/wp-content\/uploads\/2025\/11\/668101.jpg","width":1080,"height":1080,"caption":"maison-roca-andorra-dinh-van-penjoll-le-pave-pm-or-groc"},{"@type":"BreadcrumbList","@id":"https:\/\/maisonroca.ad\/fr\/boutique\/pendentif-le-pave-dinh-van-petit-or-jaune\/#breadcrumb","itemListElement":[{"@type":"ListItem","position":1,"name":"Portada","item":"https:\/\/maisonroca.ad\/fr\/"},{"@type":"ListItem","position":2,"name":"Botiga","item":"https:\/\/maisonroca.ad\/botiga\/"},{"@type":"ListItem","position":3,"name":"PENDENTIF DINH VAN LE PAV\u00c9 PM EN OR JAUNE"}]},{"@type":"WebSite","@id":"https:\/\/maisonroca.ad\/fr\/#website","url":"https:\/\/maisonroca.ad\/fr\/","name":"Maison Roca","description":"Bold Luxury Life - joieria d&#039;autor - Andorra","publisher":{"@id":"https:\/\/maisonroca.ad\/fr\/#organization"},"potentialAction":[{"@type":"SearchAction","target":{"@type":"EntryPoint","urlTemplate":"https:\/\/maisonroca.ad\/fr\/?s={search_term_string}"},"query-input":{"@type":"PropertyValueSpecification","valueRequired":true,"valueName":"search_term_string"}}],"inLanguage":"fr-FR"},{"@type":"Organization","@id":"https:\/\/maisonroca.ad\/fr\/#organization","name":"Maison Roca","url":"https:\/\/maisonroca.ad\/fr\/","logo":{"@type":"ImageObject","inLanguage":"fr-FR","@id":"https:\/\/maisonroca.ad\/fr\/#\/schema\/logo\/image\/","url":"https:\/\/maisonroca.ad\/wp-content\/uploads\/2023\/10\/icono.png","contentUrl":"https:\/\/maisonroca.ad\/wp-content\/uploads\/2023\/10\/icono.png","width":512,"height":512,"caption":"Maison Roca"},"image":{"@id":"https:\/\/maisonroca.ad\/fr\/#\/schema\/logo\/image\/"},"sameAs":["https:\/\/www.facebook.com\/maisonroca","https:\/\/www.instagram.com\/maisonroca\/"]}]},"product_price_amount":"1481.00","product_price_currency":"EUR","og_availability":"instock","product_availability":"instock","product_retailer_item_id":"668101","product_condition":"new"},"_links":{"self":[{"href":"https:\/\/maisonroca.ad\/fr\/wp-json\/wp\/v2\/product\/81082","targetHints":{"allow":["GET"]}}],"collection":[{"href":"https:\/\/maisonroca.ad\/fr\/wp-json\/wp\/v2\/product"}],"about":[{"href":"https:\/\/maisonroca.ad\/fr\/wp-json\/wp\/v2\/types\/product"}],"replies":[{"embeddable":true,"href":"https:\/\/maisonroca.ad\/fr\/wp-json\/wp\/v2\/comments?post=81082"}],"version-history":[{"count":1,"href":"https:\/\/maisonroca.ad\/fr\/wp-json\/wp\/v2\/product\/81082\/revisions"}],"predecessor-version":[{"id":81083,"href":"https:\/\/maisonroca.ad\/fr\/wp-json\/wp\/v2\/product\/81082\/revisions\/81083"}],"wp:featuredmedia":[{"embeddable":true,"href":"https:\/\/maisonroca.ad\/fr\/wp-json\/wp\/v2\/media\/81074"}],"wp:attachment":[{"href":"https:\/\/maisonroca.ad\/fr\/wp-json\/wp\/v2\/media?parent=81082"}],"wp:term":[{"taxonomy":"product_brand","embeddable":true,"href":"https:\/\/maisonroca.ad\/fr\/wp-json\/wp\/v2\/product_brand?post=81082"},{"taxonomy":"product_cat","embeddable":true,"href":"https:\/\/maisonroca.ad\/fr\/wp-json\/wp\/v2\/product_cat?post=81082"},{"taxonomy":"product_tag","embeddable":true,"href":"https:\/\/maisonroca.ad\/fr\/wp-json\/wp\/v2\/product_tag?post=81082"}],"curies":[{"name":"wp","href":"https:\/\/api.w.org\/{rel}","templated":true}]}}