{"id":81108,"date":"2025-11-25T11:20:20","date_gmt":"2025-11-25T10:20:20","guid":{"rendered":"https:\/\/maisonroca.ad\/?post_type=product&#038;p=81108"},"modified":"2025-11-25T11:43:44","modified_gmt":"2025-11-25T10:43:44","slug":"chaine-maillon-or-jaune-18-kt","status":"publish","type":"product","link":"https:\/\/maisonroca.ad\/fr\/boutique\/chaine-maillon-or-jaune-18-kt\/","title":{"rendered":"CHA\u00ceNE DINH VAN MAILLON S EN OR JAUNE"},"content":{"rendered":"<p>Cha\u00eene Maillon en or jaune 18 carats, inspir\u00e9e des maillons de la place de l\u2019Op\u00e9ra \u00e0 Paris. Son design audacieux \u00e0 section carr\u00e9e, cr\u00e9\u00e9 en 1968, se marie parfaitement avec la bague Le Pav\u00e9 pour former un collier unique c\u00e9l\u00e9brant 60 ans de libert\u00e9.<\/p>\n<p>D\u00e9tails :<\/p>\n<p>\u2022 Or jaune 18k<br \/>\n\u2022 Longueur : 80cm<\/p>\n","protected":false},"excerpt":{"rendered":"<p data-start=\"1045\" data-end=\"1304\">Chez Maison Roca, d\u00e9couvrez la cha\u00eene Maillon en or jaune 18 kt de Dinh Van, avec un design g\u00e9om\u00e9trique inspir\u00e9 des marches de l\u2019Op\u00e9ra de Paris. Id\u00e9ale pour associer avec la bague Le Pav\u00e9 et cr\u00e9er un collier intemporel.<\/p>\n","protected":false},"featured_media":81101,"comment_status":"closed","ping_status":"closed","template":"","meta":{"_acf_changed":false,"_monsterinsights_skip_tracking":false,"_monsterinsights_sitenote_active":false,"_monsterinsights_sitenote_note":"","_monsterinsights_sitenote_category":0},"product_brand":[],"product_cat":[1244,1251],"product_tag":[2370,2732],"class_list":{"0":"post-81108","1":"product","2":"type-product","3":"status-publish","4":"has-post-thumbnail","6":"product_cat-bijou","7":"product_cat-dinh-van-fr","8":"product_tag-dinh-van-2","9":"product_tag-or-groc-fr","11":"first","12":"instock","13":"shipping-taxable","14":"purchasable","15":"product-type-simple"},"acf":[],"yoast_head":"<!-- This site is optimized with the Yoast SEO Premium plugin v26.8 (Yoast SEO v27.4) - https:\/\/yoast.com\/product\/yoast-seo-premium-wordpress\/ -->\n<title>Cha\u00eene dinh van Maillon Or Jaune 18 kt | Maison Roca<\/title>\n<meta name=\"description\" content=\"D\u00e9couvrez la cha\u00eene Maillon en or jaune 18 kt de Dinh Van chez Maison Roca, un design iconique inspir\u00e9 des marches de l\u2019Op\u00e9ra de Paris.\" \/>\n<meta name=\"robots\" content=\"index, follow, max-snippet:-1, max-image-preview:large, max-video-preview:-1\" \/>\n<link rel=\"canonical\" href=\"https:\/\/maisonroca.ad\/fr\/boutique\/chaine-maillon-or-jaune-18-kt\/\" \/>\n<meta property=\"og:locale\" content=\"fr_FR\" \/>\n<meta property=\"og:type\" content=\"article\" \/>\n<meta property=\"og:title\" content=\"CHA\u00ceNE DINH VAN MAILLON S EN OR JAUNE\" \/>\n<meta property=\"og:description\" content=\"D\u00e9couvrez la cha\u00eene Maillon en or jaune 18 kt de Dinh Van chez Maison Roca, un design iconique inspir\u00e9 des marches de l\u2019Op\u00e9ra de Paris.\" \/>\n<meta property=\"og:url\" content=\"https:\/\/maisonroca.ad\/fr\/boutique\/chaine-maillon-or-jaune-18-kt\/\" \/>\n<meta property=\"og:site_name\" content=\"Maison Roca\" \/>\n<meta property=\"article:publisher\" content=\"https:\/\/www.facebook.com\/maisonroca\" \/>\n<meta property=\"article:modified_time\" content=\"2025-11-25T10:43:44+00:00\" \/>\n<meta property=\"og:image\" content=\"https:\/\/maisonroca.ad\/wp-content\/uploads\/2025\/11\/602301-2.jpg\" \/>\n\t<meta property=\"og:image:width\" content=\"1080\" \/>\n\t<meta property=\"og:image:height\" content=\"1080\" \/>\n\t<meta property=\"og:image:type\" content=\"image\/jpeg\" \/>\n<meta name=\"twitter:card\" content=\"summary_large_image\" \/>\n<meta name=\"twitter:label1\" content=\"Prix\" \/>\n\t<meta name=\"twitter:data1\" content=\"2.526,00&nbsp;&euro;\" \/>\n\t<meta name=\"twitter:label2\" content=\"Disponibilit\u00e9\" \/>\n\t<meta name=\"twitter:data2\" content=\"En stock\" \/>\n<script type=\"application\/ld+json\" class=\"yoast-schema-graph\">{\"@context\":\"https:\\\/\\\/schema.org\",\"@graph\":[{\"@type\":\"WebPage\",\"@id\":\"https:\\\/\\\/maisonroca.ad\\\/fr\\\/boutique\\\/chaine-maillon-or-jaune-18-kt\\\/\",\"url\":\"https:\\\/\\\/maisonroca.ad\\\/fr\\\/boutique\\\/chaine-maillon-or-jaune-18-kt\\\/\",\"name\":\"Cha\u00eene dinh van Maillon Or Jaune 18 kt | Maison Roca\",\"isPartOf\":{\"@id\":\"https:\\\/\\\/maisonroca.ad\\\/fr\\\/#website\"},\"primaryImageOfPage\":{\"@id\":\"https:\\\/\\\/maisonroca.ad\\\/fr\\\/boutique\\\/chaine-maillon-or-jaune-18-kt\\\/#primaryimage\"},\"image\":{\"@id\":\"https:\\\/\\\/maisonroca.ad\\\/fr\\\/boutique\\\/chaine-maillon-or-jaune-18-kt\\\/#primaryimage\"},\"thumbnailUrl\":\"https:\\\/\\\/maisonroca.ad\\\/wp-content\\\/uploads\\\/2025\\\/11\\\/602301-2.jpg\",\"datePublished\":\"2025-11-25T10:20:20+00:00\",\"dateModified\":\"2025-11-25T10:43:44+00:00\",\"description\":\"D\u00e9couvrez la cha\u00eene Maillon en or jaune 18 kt de Dinh Van chez Maison Roca, un design iconique inspir\u00e9 des marches de l\u2019Op\u00e9ra de Paris.\",\"breadcrumb\":{\"@id\":\"https:\\\/\\\/maisonroca.ad\\\/fr\\\/boutique\\\/chaine-maillon-or-jaune-18-kt\\\/#breadcrumb\"},\"inLanguage\":\"fr-FR\",\"potentialAction\":[{\"@type\":\"ReadAction\",\"target\":[\"https:\\\/\\\/maisonroca.ad\\\/fr\\\/boutique\\\/chaine-maillon-or-jaune-18-kt\\\/\"]}]},{\"@type\":\"ImageObject\",\"inLanguage\":\"fr-FR\",\"@id\":\"https:\\\/\\\/maisonroca.ad\\\/fr\\\/boutique\\\/chaine-maillon-or-jaune-18-kt\\\/#primaryimage\",\"url\":\"https:\\\/\\\/maisonroca.ad\\\/wp-content\\\/uploads\\\/2025\\\/11\\\/602301-2.jpg\",\"contentUrl\":\"https:\\\/\\\/maisonroca.ad\\\/wp-content\\\/uploads\\\/2025\\\/11\\\/602301-2.jpg\",\"width\":1080,\"height\":1080,\"caption\":\"maison-roca-andorra-dinh van-collar dinh-van-maillon-or groc\"},{\"@type\":\"BreadcrumbList\",\"@id\":\"https:\\\/\\\/maisonroca.ad\\\/fr\\\/boutique\\\/chaine-maillon-or-jaune-18-kt\\\/#breadcrumb\",\"itemListElement\":[{\"@type\":\"ListItem\",\"position\":1,\"name\":\"Portada\",\"item\":\"https:\\\/\\\/maisonroca.ad\\\/fr\\\/\"},{\"@type\":\"ListItem\",\"position\":2,\"name\":\"Botiga\",\"item\":\"https:\\\/\\\/maisonroca.ad\\\/botiga\\\/\"},{\"@type\":\"ListItem\",\"position\":3,\"name\":\"CHA\u00ceNE DINH VAN MAILLON S EN OR JAUNE\"}]},{\"@type\":\"WebSite\",\"@id\":\"https:\\\/\\\/maisonroca.ad\\\/fr\\\/#website\",\"url\":\"https:\\\/\\\/maisonroca.ad\\\/fr\\\/\",\"name\":\"Maison Roca\",\"description\":\"Bold Luxury Life - joieria d&#039;autor - Andorra\",\"publisher\":{\"@id\":\"https:\\\/\\\/maisonroca.ad\\\/fr\\\/#organization\"},\"potentialAction\":[{\"@type\":\"SearchAction\",\"target\":{\"@type\":\"EntryPoint\",\"urlTemplate\":\"https:\\\/\\\/maisonroca.ad\\\/fr\\\/?s={search_term_string}\"},\"query-input\":{\"@type\":\"PropertyValueSpecification\",\"valueRequired\":true,\"valueName\":\"search_term_string\"}}],\"inLanguage\":\"fr-FR\"},{\"@type\":\"Organization\",\"@id\":\"https:\\\/\\\/maisonroca.ad\\\/fr\\\/#organization\",\"name\":\"Maison Roca\",\"url\":\"https:\\\/\\\/maisonroca.ad\\\/fr\\\/\",\"logo\":{\"@type\":\"ImageObject\",\"inLanguage\":\"fr-FR\",\"@id\":\"https:\\\/\\\/maisonroca.ad\\\/fr\\\/#\\\/schema\\\/logo\\\/image\\\/\",\"url\":\"https:\\\/\\\/maisonroca.ad\\\/wp-content\\\/uploads\\\/2023\\\/10\\\/icono.png\",\"contentUrl\":\"https:\\\/\\\/maisonroca.ad\\\/wp-content\\\/uploads\\\/2023\\\/10\\\/icono.png\",\"width\":512,\"height\":512,\"caption\":\"Maison Roca\"},\"image\":{\"@id\":\"https:\\\/\\\/maisonroca.ad\\\/fr\\\/#\\\/schema\\\/logo\\\/image\\\/\"},\"sameAs\":[\"https:\\\/\\\/www.facebook.com\\\/maisonroca\",\"https:\\\/\\\/www.instagram.com\\\/maisonroca\\\/\"]}]}<\/script>\n<meta property=\"product:price:amount\" content=\"2526.00\" \/>\n<meta property=\"product:price:currency\" content=\"EUR\" \/>\n<meta property=\"og:availability\" content=\"instock\" \/>\n<meta property=\"product:availability\" content=\"instock\" \/>\n<meta property=\"product:retailer_item_id\" content=\"602301\" \/>\n<meta property=\"product:condition\" content=\"new\" \/>\n<!-- \/ Yoast SEO Premium plugin. -->","yoast_head_json":{"title":"Cha\u00eene dinh van Maillon Or Jaune 18 kt | Maison Roca","description":"D\u00e9couvrez la cha\u00eene Maillon en or jaune 18 kt de Dinh Van chez Maison Roca, un design iconique inspir\u00e9 des marches de l\u2019Op\u00e9ra de Paris.","robots":{"index":"index","follow":"follow","max-snippet":"max-snippet:-1","max-image-preview":"max-image-preview:large","max-video-preview":"max-video-preview:-1"},"canonical":"https:\/\/maisonroca.ad\/fr\/boutique\/chaine-maillon-or-jaune-18-kt\/","og_locale":"fr_FR","og_type":"article","og_title":"CHA\u00ceNE DINH VAN MAILLON S EN OR JAUNE","og_description":"D\u00e9couvrez la cha\u00eene Maillon en or jaune 18 kt de Dinh Van chez Maison Roca, un design iconique inspir\u00e9 des marches de l\u2019Op\u00e9ra de Paris.","og_url":"https:\/\/maisonroca.ad\/fr\/boutique\/chaine-maillon-or-jaune-18-kt\/","og_site_name":"Maison Roca","article_publisher":"https:\/\/www.facebook.com\/maisonroca","article_modified_time":"2025-11-25T10:43:44+00:00","og_image":[{"width":1080,"height":1080,"url":"https:\/\/maisonroca.ad\/wp-content\/uploads\/2025\/11\/602301-2.jpg","type":"image\/jpeg"}],"twitter_card":"summary_large_image","twitter_misc":{"Prix":"2.526,00&nbsp;&euro;","Disponibilit\u00e9":"En stock"},"schema":{"@context":"https:\/\/schema.org","@graph":[{"@type":"WebPage","@id":"https:\/\/maisonroca.ad\/fr\/boutique\/chaine-maillon-or-jaune-18-kt\/","url":"https:\/\/maisonroca.ad\/fr\/boutique\/chaine-maillon-or-jaune-18-kt\/","name":"Cha\u00eene dinh van Maillon Or Jaune 18 kt | Maison Roca","isPartOf":{"@id":"https:\/\/maisonroca.ad\/fr\/#website"},"primaryImageOfPage":{"@id":"https:\/\/maisonroca.ad\/fr\/boutique\/chaine-maillon-or-jaune-18-kt\/#primaryimage"},"image":{"@id":"https:\/\/maisonroca.ad\/fr\/boutique\/chaine-maillon-or-jaune-18-kt\/#primaryimage"},"thumbnailUrl":"https:\/\/maisonroca.ad\/wp-content\/uploads\/2025\/11\/602301-2.jpg","datePublished":"2025-11-25T10:20:20+00:00","dateModified":"2025-11-25T10:43:44+00:00","description":"D\u00e9couvrez la cha\u00eene Maillon en or jaune 18 kt de Dinh Van chez Maison Roca, un design iconique inspir\u00e9 des marches de l\u2019Op\u00e9ra de Paris.","breadcrumb":{"@id":"https:\/\/maisonroca.ad\/fr\/boutique\/chaine-maillon-or-jaune-18-kt\/#breadcrumb"},"inLanguage":"fr-FR","potentialAction":[{"@type":"ReadAction","target":["https:\/\/maisonroca.ad\/fr\/boutique\/chaine-maillon-or-jaune-18-kt\/"]}]},{"@type":"ImageObject","inLanguage":"fr-FR","@id":"https:\/\/maisonroca.ad\/fr\/boutique\/chaine-maillon-or-jaune-18-kt\/#primaryimage","url":"https:\/\/maisonroca.ad\/wp-content\/uploads\/2025\/11\/602301-2.jpg","contentUrl":"https:\/\/maisonroca.ad\/wp-content\/uploads\/2025\/11\/602301-2.jpg","width":1080,"height":1080,"caption":"maison-roca-andorra-dinh van-collar dinh-van-maillon-or groc"},{"@type":"BreadcrumbList","@id":"https:\/\/maisonroca.ad\/fr\/boutique\/chaine-maillon-or-jaune-18-kt\/#breadcrumb","itemListElement":[{"@type":"ListItem","position":1,"name":"Portada","item":"https:\/\/maisonroca.ad\/fr\/"},{"@type":"ListItem","position":2,"name":"Botiga","item":"https:\/\/maisonroca.ad\/botiga\/"},{"@type":"ListItem","position":3,"name":"CHA\u00ceNE DINH VAN MAILLON S EN OR JAUNE"}]},{"@type":"WebSite","@id":"https:\/\/maisonroca.ad\/fr\/#website","url":"https:\/\/maisonroca.ad\/fr\/","name":"Maison Roca","description":"Bold Luxury Life - joieria d&#039;autor - Andorra","publisher":{"@id":"https:\/\/maisonroca.ad\/fr\/#organization"},"potentialAction":[{"@type":"SearchAction","target":{"@type":"EntryPoint","urlTemplate":"https:\/\/maisonroca.ad\/fr\/?s={search_term_string}"},"query-input":{"@type":"PropertyValueSpecification","valueRequired":true,"valueName":"search_term_string"}}],"inLanguage":"fr-FR"},{"@type":"Organization","@id":"https:\/\/maisonroca.ad\/fr\/#organization","name":"Maison Roca","url":"https:\/\/maisonroca.ad\/fr\/","logo":{"@type":"ImageObject","inLanguage":"fr-FR","@id":"https:\/\/maisonroca.ad\/fr\/#\/schema\/logo\/image\/","url":"https:\/\/maisonroca.ad\/wp-content\/uploads\/2023\/10\/icono.png","contentUrl":"https:\/\/maisonroca.ad\/wp-content\/uploads\/2023\/10\/icono.png","width":512,"height":512,"caption":"Maison Roca"},"image":{"@id":"https:\/\/maisonroca.ad\/fr\/#\/schema\/logo\/image\/"},"sameAs":["https:\/\/www.facebook.com\/maisonroca","https:\/\/www.instagram.com\/maisonroca\/"]}]},"product_price_amount":"2526.00","product_price_currency":"EUR","og_availability":"instock","product_availability":"instock","product_retailer_item_id":"602301","product_condition":"new"},"_links":{"self":[{"href":"https:\/\/maisonroca.ad\/fr\/wp-json\/wp\/v2\/product\/81108","targetHints":{"allow":["GET"]}}],"collection":[{"href":"https:\/\/maisonroca.ad\/fr\/wp-json\/wp\/v2\/product"}],"about":[{"href":"https:\/\/maisonroca.ad\/fr\/wp-json\/wp\/v2\/types\/product"}],"replies":[{"embeddable":true,"href":"https:\/\/maisonroca.ad\/fr\/wp-json\/wp\/v2\/comments?post=81108"}],"version-history":[{"count":1,"href":"https:\/\/maisonroca.ad\/fr\/wp-json\/wp\/v2\/product\/81108\/revisions"}],"predecessor-version":[{"id":81109,"href":"https:\/\/maisonroca.ad\/fr\/wp-json\/wp\/v2\/product\/81108\/revisions\/81109"}],"wp:featuredmedia":[{"embeddable":true,"href":"https:\/\/maisonroca.ad\/fr\/wp-json\/wp\/v2\/media\/81101"}],"wp:attachment":[{"href":"https:\/\/maisonroca.ad\/fr\/wp-json\/wp\/v2\/media?parent=81108"}],"wp:term":[{"taxonomy":"product_brand","embeddable":true,"href":"https:\/\/maisonroca.ad\/fr\/wp-json\/wp\/v2\/product_brand?post=81108"},{"taxonomy":"product_cat","embeddable":true,"href":"https:\/\/maisonroca.ad\/fr\/wp-json\/wp\/v2\/product_cat?post=81108"},{"taxonomy":"product_tag","embeddable":true,"href":"https:\/\/maisonroca.ad\/fr\/wp-json\/wp\/v2\/product_tag?post=81108"}],"curies":[{"name":"wp","href":"https:\/\/api.w.org\/{rel}","templated":true}]}}