{"id":81110,"date":"2025-11-25T12:07:39","date_gmt":"2025-11-25T11:07:39","guid":{"rendered":"https:\/\/maisonroca.ad\/?post_type=product&#038;p=81110"},"modified":"2026-03-03T15:19:36","modified_gmt":"2026-03-03T14:19:36","slug":"pendentif-le-pave-gm-argent","status":"publish","type":"product","link":"https:\/\/maisonroca.ad\/fr\/boutique\/pendentif-le-pave-gm-argent\/","title":{"rendered":"PENDENTIF DINH VAN LE PAV\u00c9 GM EN ARGENT AVEC CHA\u00ceNE"},"content":{"rendered":"<p>Pendentif Le Pav\u00e9 GM en argent avec cha\u00eene, un design pr\u00e9cis et un h\u00e9ritage historique. Un bijou graphique et libre qui refl\u00e8te l&rsquo;esprit audacieux de Jean Dinh Van.<\/p>\n<p>D\u00e9tails :<\/p>\n<p>\u2022 Argent<br \/>\n\u2022 Longueur: 80cm<\/p>\n","protected":false},"excerpt":{"rendered":"<p>Chez Maison Roca, d\u00e9couvrez le pendent Le Pav\u00e9 GM en argent massif, au design pr\u00e9cis et au h\u00e9ritage historique. Une pi\u00e8ce graphique et libre qui refl\u00e8te l\u2019esprit audacieux de Jean Dinh Van.<\/p>\n","protected":false},"featured_media":81112,"comment_status":"closed","ping_status":"closed","template":"","meta":{"_acf_changed":false,"_monsterinsights_skip_tracking":false,"_monsterinsights_sitenote_active":false,"_monsterinsights_sitenote_note":"","_monsterinsights_sitenote_category":0},"product_brand":[],"product_cat":[1244,1251],"product_tag":[2458,2370,1775],"class_list":{"0":"post-81110","1":"product","2":"type-product","3":"status-publish","4":"has-post-thumbnail","6":"product_cat-bijou","7":"product_cat-dinh-van-fr","8":"product_tag-argent-2-2","9":"product_tag-dinh-van-2","10":"product_tag-pendentifs","12":"first","13":"instock","14":"shipping-taxable","15":"purchasable","16":"product-type-simple"},"acf":[],"yoast_head":"<!-- This site is optimized with the Yoast SEO Premium plugin v26.8 (Yoast SEO v27.3) - https:\/\/yoast.com\/product\/yoast-seo-premium-wordpress\/ -->\n<title>Pendentif Le Pav\u00e9 GM Argent | Maison Roca<\/title>\n<meta name=\"description\" content=\"Pendentif Le Pav\u00e9 GM en argent massif chez Maison Roca, au design pr\u00e9cis et au h\u00e9ritage historique. Une pi\u00e8ce graphique et libre sign\u00e9e Jean Dinh Van.\" \/>\n<meta name=\"robots\" content=\"index, follow, max-snippet:-1, max-image-preview:large, max-video-preview:-1\" \/>\n<link rel=\"canonical\" href=\"https:\/\/maisonroca.ad\/fr\/boutique\/pendentif-le-pave-gm-argent\/\" \/>\n<meta property=\"og:locale\" content=\"fr_FR\" \/>\n<meta property=\"og:type\" content=\"article\" \/>\n<meta property=\"og:title\" content=\"PENDENTIF DINH VAN LE PAV\u00c9 GM EN ARGENT AVEC CHA\u00ceNE\" \/>\n<meta property=\"og:description\" content=\"Pendentif Le Pav\u00e9 GM en argent massif chez Maison Roca, au design pr\u00e9cis et au h\u00e9ritage historique. Une pi\u00e8ce graphique et libre sign\u00e9e Jean Dinh Van.\" \/>\n<meta property=\"og:url\" content=\"https:\/\/maisonroca.ad\/fr\/boutique\/pendentif-le-pave-gm-argent\/\" \/>\n<meta property=\"og:site_name\" content=\"Maison Roca\" \/>\n<meta property=\"article:publisher\" content=\"https:\/\/www.facebook.com\/maisonroca\" \/>\n<meta property=\"article:modified_time\" content=\"2026-03-03T14:19:36+00:00\" \/>\n<meta property=\"og:image\" content=\"https:\/\/maisonroca.ad\/wp-content\/uploads\/2025\/11\/668304.jpg\" \/>\n\t<meta property=\"og:image:width\" content=\"1080\" \/>\n\t<meta property=\"og:image:height\" content=\"1080\" \/>\n\t<meta property=\"og:image:type\" content=\"image\/jpeg\" \/>\n<meta name=\"twitter:card\" content=\"summary_large_image\" \/>\n<meta name=\"twitter:label1\" content=\"Prix\" \/>\n\t<meta name=\"twitter:data1\" content=\"828,00&nbsp;&euro;\" \/>\n\t<meta name=\"twitter:label2\" content=\"Disponibilit\u00e9\" \/>\n\t<meta name=\"twitter:data2\" content=\"En stock\" \/>\n<script type=\"application\/ld+json\" class=\"yoast-schema-graph\">{\"@context\":\"https:\\\/\\\/schema.org\",\"@graph\":[{\"@type\":\"WebPage\",\"@id\":\"https:\\\/\\\/maisonroca.ad\\\/fr\\\/boutique\\\/pendentif-le-pave-gm-argent\\\/\",\"url\":\"https:\\\/\\\/maisonroca.ad\\\/fr\\\/boutique\\\/pendentif-le-pave-gm-argent\\\/\",\"name\":\"Pendentif Le Pav\u00e9 GM Argent | Maison Roca\",\"isPartOf\":{\"@id\":\"https:\\\/\\\/maisonroca.ad\\\/fr\\\/#website\"},\"primaryImageOfPage\":{\"@id\":\"https:\\\/\\\/maisonroca.ad\\\/fr\\\/boutique\\\/pendentif-le-pave-gm-argent\\\/#primaryimage\"},\"image\":{\"@id\":\"https:\\\/\\\/maisonroca.ad\\\/fr\\\/boutique\\\/pendentif-le-pave-gm-argent\\\/#primaryimage\"},\"thumbnailUrl\":\"https:\\\/\\\/maisonroca.ad\\\/wp-content\\\/uploads\\\/2025\\\/11\\\/668304.jpg\",\"datePublished\":\"2025-11-25T11:07:39+00:00\",\"dateModified\":\"2026-03-03T14:19:36+00:00\",\"description\":\"Pendentif Le Pav\u00e9 GM en argent massif chez Maison Roca, au design pr\u00e9cis et au h\u00e9ritage historique. Une pi\u00e8ce graphique et libre sign\u00e9e Jean Dinh Van.\",\"breadcrumb\":{\"@id\":\"https:\\\/\\\/maisonroca.ad\\\/fr\\\/boutique\\\/pendentif-le-pave-gm-argent\\\/#breadcrumb\"},\"inLanguage\":\"fr-FR\",\"potentialAction\":[{\"@type\":\"ReadAction\",\"target\":[\"https:\\\/\\\/maisonroca.ad\\\/fr\\\/boutique\\\/pendentif-le-pave-gm-argent\\\/\"]}]},{\"@type\":\"ImageObject\",\"inLanguage\":\"fr-FR\",\"@id\":\"https:\\\/\\\/maisonroca.ad\\\/fr\\\/boutique\\\/pendentif-le-pave-gm-argent\\\/#primaryimage\",\"url\":\"https:\\\/\\\/maisonroca.ad\\\/wp-content\\\/uploads\\\/2025\\\/11\\\/668304.jpg\",\"contentUrl\":\"https:\\\/\\\/maisonroca.ad\\\/wp-content\\\/uploads\\\/2025\\\/11\\\/668304.jpg\",\"width\":1080,\"height\":1080,\"caption\":\"maison-roca-andorra-dinh van-collar-cadena- le-pave-gm-argent\"},{\"@type\":\"BreadcrumbList\",\"@id\":\"https:\\\/\\\/maisonroca.ad\\\/fr\\\/boutique\\\/pendentif-le-pave-gm-argent\\\/#breadcrumb\",\"itemListElement\":[{\"@type\":\"ListItem\",\"position\":1,\"name\":\"Portada\",\"item\":\"https:\\\/\\\/maisonroca.ad\\\/fr\\\/\"},{\"@type\":\"ListItem\",\"position\":2,\"name\":\"Botiga\",\"item\":\"https:\\\/\\\/maisonroca.ad\\\/botiga\\\/\"},{\"@type\":\"ListItem\",\"position\":3,\"name\":\"PENDENTIF DINH VAN LE PAV\u00c9 GM EN ARGENT AVEC CHA\u00ceNE\"}]},{\"@type\":\"WebSite\",\"@id\":\"https:\\\/\\\/maisonroca.ad\\\/fr\\\/#website\",\"url\":\"https:\\\/\\\/maisonroca.ad\\\/fr\\\/\",\"name\":\"Maison Roca\",\"description\":\"Bold Luxury Life - joieria d&#039;autor - Andorra\",\"publisher\":{\"@id\":\"https:\\\/\\\/maisonroca.ad\\\/fr\\\/#organization\"},\"potentialAction\":[{\"@type\":\"SearchAction\",\"target\":{\"@type\":\"EntryPoint\",\"urlTemplate\":\"https:\\\/\\\/maisonroca.ad\\\/fr\\\/?s={search_term_string}\"},\"query-input\":{\"@type\":\"PropertyValueSpecification\",\"valueRequired\":true,\"valueName\":\"search_term_string\"}}],\"inLanguage\":\"fr-FR\"},{\"@type\":\"Organization\",\"@id\":\"https:\\\/\\\/maisonroca.ad\\\/fr\\\/#organization\",\"name\":\"Maison Roca\",\"url\":\"https:\\\/\\\/maisonroca.ad\\\/fr\\\/\",\"logo\":{\"@type\":\"ImageObject\",\"inLanguage\":\"fr-FR\",\"@id\":\"https:\\\/\\\/maisonroca.ad\\\/fr\\\/#\\\/schema\\\/logo\\\/image\\\/\",\"url\":\"https:\\\/\\\/maisonroca.ad\\\/wp-content\\\/uploads\\\/2023\\\/10\\\/icono.png\",\"contentUrl\":\"https:\\\/\\\/maisonroca.ad\\\/wp-content\\\/uploads\\\/2023\\\/10\\\/icono.png\",\"width\":512,\"height\":512,\"caption\":\"Maison Roca\"},\"image\":{\"@id\":\"https:\\\/\\\/maisonroca.ad\\\/fr\\\/#\\\/schema\\\/logo\\\/image\\\/\"},\"sameAs\":[\"https:\\\/\\\/www.facebook.com\\\/maisonroca\",\"https:\\\/\\\/www.instagram.com\\\/maisonroca\\\/\"]}]}<\/script>\n<meta property=\"product:price:amount\" content=\"828.00\" \/>\n<meta property=\"product:price:currency\" content=\"EUR\" \/>\n<meta property=\"og:availability\" content=\"instock\" \/>\n<meta property=\"product:availability\" content=\"instock\" \/>\n<meta property=\"product:retailer_item_id\" content=\"668304\" \/>\n<meta property=\"product:condition\" content=\"new\" \/>\n<!-- \/ Yoast SEO Premium plugin. -->","yoast_head_json":{"title":"Pendentif Le Pav\u00e9 GM Argent | Maison Roca","description":"Pendentif Le Pav\u00e9 GM en argent massif chez Maison Roca, au design pr\u00e9cis et au h\u00e9ritage historique. Une pi\u00e8ce graphique et libre sign\u00e9e Jean Dinh Van.","robots":{"index":"index","follow":"follow","max-snippet":"max-snippet:-1","max-image-preview":"max-image-preview:large","max-video-preview":"max-video-preview:-1"},"canonical":"https:\/\/maisonroca.ad\/fr\/boutique\/pendentif-le-pave-gm-argent\/","og_locale":"fr_FR","og_type":"article","og_title":"PENDENTIF DINH VAN LE PAV\u00c9 GM EN ARGENT AVEC CHA\u00ceNE","og_description":"Pendentif Le Pav\u00e9 GM en argent massif chez Maison Roca, au design pr\u00e9cis et au h\u00e9ritage historique. Une pi\u00e8ce graphique et libre sign\u00e9e Jean Dinh Van.","og_url":"https:\/\/maisonroca.ad\/fr\/boutique\/pendentif-le-pave-gm-argent\/","og_site_name":"Maison Roca","article_publisher":"https:\/\/www.facebook.com\/maisonroca","article_modified_time":"2026-03-03T14:19:36+00:00","og_image":[{"width":1080,"height":1080,"url":"https:\/\/maisonroca.ad\/wp-content\/uploads\/2025\/11\/668304.jpg","type":"image\/jpeg"}],"twitter_card":"summary_large_image","twitter_misc":{"Prix":"828,00&nbsp;&euro;","Disponibilit\u00e9":"En stock"},"schema":{"@context":"https:\/\/schema.org","@graph":[{"@type":"WebPage","@id":"https:\/\/maisonroca.ad\/fr\/boutique\/pendentif-le-pave-gm-argent\/","url":"https:\/\/maisonroca.ad\/fr\/boutique\/pendentif-le-pave-gm-argent\/","name":"Pendentif Le Pav\u00e9 GM Argent | Maison Roca","isPartOf":{"@id":"https:\/\/maisonroca.ad\/fr\/#website"},"primaryImageOfPage":{"@id":"https:\/\/maisonroca.ad\/fr\/boutique\/pendentif-le-pave-gm-argent\/#primaryimage"},"image":{"@id":"https:\/\/maisonroca.ad\/fr\/boutique\/pendentif-le-pave-gm-argent\/#primaryimage"},"thumbnailUrl":"https:\/\/maisonroca.ad\/wp-content\/uploads\/2025\/11\/668304.jpg","datePublished":"2025-11-25T11:07:39+00:00","dateModified":"2026-03-03T14:19:36+00:00","description":"Pendentif Le Pav\u00e9 GM en argent massif chez Maison Roca, au design pr\u00e9cis et au h\u00e9ritage historique. Une pi\u00e8ce graphique et libre sign\u00e9e Jean Dinh Van.","breadcrumb":{"@id":"https:\/\/maisonroca.ad\/fr\/boutique\/pendentif-le-pave-gm-argent\/#breadcrumb"},"inLanguage":"fr-FR","potentialAction":[{"@type":"ReadAction","target":["https:\/\/maisonroca.ad\/fr\/boutique\/pendentif-le-pave-gm-argent\/"]}]},{"@type":"ImageObject","inLanguage":"fr-FR","@id":"https:\/\/maisonroca.ad\/fr\/boutique\/pendentif-le-pave-gm-argent\/#primaryimage","url":"https:\/\/maisonroca.ad\/wp-content\/uploads\/2025\/11\/668304.jpg","contentUrl":"https:\/\/maisonroca.ad\/wp-content\/uploads\/2025\/11\/668304.jpg","width":1080,"height":1080,"caption":"maison-roca-andorra-dinh van-collar-cadena- le-pave-gm-argent"},{"@type":"BreadcrumbList","@id":"https:\/\/maisonroca.ad\/fr\/boutique\/pendentif-le-pave-gm-argent\/#breadcrumb","itemListElement":[{"@type":"ListItem","position":1,"name":"Portada","item":"https:\/\/maisonroca.ad\/fr\/"},{"@type":"ListItem","position":2,"name":"Botiga","item":"https:\/\/maisonroca.ad\/botiga\/"},{"@type":"ListItem","position":3,"name":"PENDENTIF DINH VAN LE PAV\u00c9 GM EN ARGENT AVEC CHA\u00ceNE"}]},{"@type":"WebSite","@id":"https:\/\/maisonroca.ad\/fr\/#website","url":"https:\/\/maisonroca.ad\/fr\/","name":"Maison Roca","description":"Bold Luxury Life - joieria d&#039;autor - Andorra","publisher":{"@id":"https:\/\/maisonroca.ad\/fr\/#organization"},"potentialAction":[{"@type":"SearchAction","target":{"@type":"EntryPoint","urlTemplate":"https:\/\/maisonroca.ad\/fr\/?s={search_term_string}"},"query-input":{"@type":"PropertyValueSpecification","valueRequired":true,"valueName":"search_term_string"}}],"inLanguage":"fr-FR"},{"@type":"Organization","@id":"https:\/\/maisonroca.ad\/fr\/#organization","name":"Maison Roca","url":"https:\/\/maisonroca.ad\/fr\/","logo":{"@type":"ImageObject","inLanguage":"fr-FR","@id":"https:\/\/maisonroca.ad\/fr\/#\/schema\/logo\/image\/","url":"https:\/\/maisonroca.ad\/wp-content\/uploads\/2023\/10\/icono.png","contentUrl":"https:\/\/maisonroca.ad\/wp-content\/uploads\/2023\/10\/icono.png","width":512,"height":512,"caption":"Maison Roca"},"image":{"@id":"https:\/\/maisonroca.ad\/fr\/#\/schema\/logo\/image\/"},"sameAs":["https:\/\/www.facebook.com\/maisonroca","https:\/\/www.instagram.com\/maisonroca\/"]}]},"product_price_amount":"828.00","product_price_currency":"EUR","og_availability":"instock","product_availability":"instock","product_retailer_item_id":"668304","product_condition":"new"},"_links":{"self":[{"href":"https:\/\/maisonroca.ad\/fr\/wp-json\/wp\/v2\/product\/81110","targetHints":{"allow":["GET"]}}],"collection":[{"href":"https:\/\/maisonroca.ad\/fr\/wp-json\/wp\/v2\/product"}],"about":[{"href":"https:\/\/maisonroca.ad\/fr\/wp-json\/wp\/v2\/types\/product"}],"replies":[{"embeddable":true,"href":"https:\/\/maisonroca.ad\/fr\/wp-json\/wp\/v2\/comments?post=81110"}],"version-history":[{"count":2,"href":"https:\/\/maisonroca.ad\/fr\/wp-json\/wp\/v2\/product\/81110\/revisions"}],"predecessor-version":[{"id":81116,"href":"https:\/\/maisonroca.ad\/fr\/wp-json\/wp\/v2\/product\/81110\/revisions\/81116"}],"wp:featuredmedia":[{"embeddable":true,"href":"https:\/\/maisonroca.ad\/fr\/wp-json\/wp\/v2\/media\/81112"}],"wp:attachment":[{"href":"https:\/\/maisonroca.ad\/fr\/wp-json\/wp\/v2\/media?parent=81110"}],"wp:term":[{"taxonomy":"product_brand","embeddable":true,"href":"https:\/\/maisonroca.ad\/fr\/wp-json\/wp\/v2\/product_brand?post=81110"},{"taxonomy":"product_cat","embeddable":true,"href":"https:\/\/maisonroca.ad\/fr\/wp-json\/wp\/v2\/product_cat?post=81110"},{"taxonomy":"product_tag","embeddable":true,"href":"https:\/\/maisonroca.ad\/fr\/wp-json\/wp\/v2\/product_tag?post=81110"}],"curies":[{"name":"wp","href":"https:\/\/api.w.org\/{rel}","templated":true}]}}