{"id":81268,"date":"2025-12-01T18:23:13","date_gmt":"2025-12-01T17:23:13","guid":{"rendered":"https:\/\/maisonroca.ad\/?post_type=product&#038;p=81268"},"modified":"2026-02-24T17:35:20","modified_gmt":"2026-02-24T16:35:20","slug":"collier-fred-force-10-rise-or-rose-diamants","status":"publish","type":"product","link":"https:\/\/maisonroca.ad\/fr\/boutique\/collier-fred-force-10-rise-or-rose-diamants\/","title":{"rendered":"Collier FRED Force 10 Rise en or rose et diamants"},"content":{"rendered":"<p>Collier FRED Force 10 Rise en or rose et semi-pav\u00e9 diamants.<\/p>\n<p>Audacieux et radieux, le collier FRED Force 10 Rise combine les \u00e9l\u00e9ments iconiques du c\u00e2ble et de la boucle pour offrir un design puissant et f\u00e9minin. Il peut \u00eatre port\u00e9 seul ou empil\u00e9 avec d&rsquo;autres pi\u00e8ces pour cr\u00e9er des combinaisons uniques dans diff\u00e9rentes nuances d&rsquo;or. Une cr\u00e9ation qui r\u00e9veille la force int\u00e9rieure, reflet de l&rsquo;esprit moderne et \u00e9l\u00e9gant de Fred.<\/p>\n<p>D\u00e9tails :<\/p>\n<ul>\n<li>Or rose 18k<\/li>\n<li>Semi-pav\u00e9 diamants<\/li>\n<li>Longueur de la cha\u00eene : 42 cm<\/li>\n<\/ul>\n<p>&nbsp;<\/p>\n<p>&nbsp;<\/p>\n","protected":false},"excerpt":{"rendered":"<p>Audacieux et rayonnant, le collier FRED Force 10 Rise combine les \u00e9l\u00e9ments iconiques du c\u00e2ble et de la boucle dans un design puissant et f\u00e9minin. Parfait port\u00e9 seul ou en superposition, il refl\u00e8te la force int\u00e9rieure et l\u2019esprit moderne de la Maison.<\/p>\n","protected":false},"featured_media":81255,"comment_status":"closed","ping_status":"closed","template":"","meta":{"_acf_changed":false,"_monsterinsights_skip_tracking":false,"_monsterinsights_sitenote_active":false,"_monsterinsights_sitenote_note":"","_monsterinsights_sitenote_category":0},"product_brand":[],"product_cat":[1244,1252],"product_tag":[3861,2192,2161,3391],"class_list":{"0":"post-81268","1":"product","2":"type-product","3":"status-publish","4":"has-post-thumbnail","6":"product_cat-bijou","7":"product_cat-fred-fr","8":"product_tag-collars","9":"product_tag-diamants-2","10":"product_tag-fred-2","11":"product_tag-or-rosa-fr","13":"first","14":"instock","15":"shipping-taxable","16":"purchasable","17":"product-type-simple"},"acf":[],"yoast_head":"<!-- This site is optimized with the Yoast SEO Premium plugin v26.8 (Yoast SEO v27.4) - https:\/\/yoast.com\/product\/yoast-seo-premium-wordpress\/ -->\n<title>Collier FRED Force 10 Rise en or rose et diamants | Maison Roca<\/title>\n<meta name=\"description\" content=\"D\u00e9couvrez le collier FRED Force 10 Rise, un design audacieux et f\u00e9minin qui combine c\u00e2ble et boucle dans une cr\u00e9ation rayonnante. Disponible chez Maison Roca.\" \/>\n<meta name=\"robots\" content=\"index, follow, max-snippet:-1, max-image-preview:large, max-video-preview:-1\" \/>\n<link rel=\"canonical\" href=\"https:\/\/maisonroca.ad\/fr\/boutique\/collier-fred-force-10-rise-or-rose-diamants\/\" \/>\n<meta property=\"og:locale\" content=\"fr_FR\" \/>\n<meta property=\"og:type\" content=\"article\" \/>\n<meta property=\"og:title\" content=\"Collier FRED Force 10 Rise en or rose et diamants\" \/>\n<meta property=\"og:description\" content=\"D\u00e9couvrez le collier FRED Force 10 Rise, un design audacieux et f\u00e9minin qui combine c\u00e2ble et boucle dans une cr\u00e9ation rayonnante. Disponible chez Maison Roca.\" \/>\n<meta property=\"og:url\" content=\"https:\/\/maisonroca.ad\/fr\/boutique\/collier-fred-force-10-rise-or-rose-diamants\/\" \/>\n<meta property=\"og:site_name\" content=\"Maison Roca\" \/>\n<meta property=\"article:publisher\" content=\"https:\/\/www.facebook.com\/maisonroca\" \/>\n<meta property=\"article:modified_time\" content=\"2026-02-24T16:35:20+00:00\" \/>\n<meta property=\"og:image\" content=\"https:\/\/maisonroca.ad\/wp-content\/uploads\/2025\/12\/3B0312.jpg\" \/>\n\t<meta property=\"og:image:width\" content=\"1080\" \/>\n\t<meta property=\"og:image:height\" content=\"1080\" \/>\n\t<meta property=\"og:image:type\" content=\"image\/jpeg\" \/>\n<meta name=\"twitter:card\" content=\"summary_large_image\" \/>\n<meta name=\"twitter:label1\" content=\"Prix\" \/>\n\t<meta name=\"twitter:data1\" content=\"4.293,00&nbsp;&euro;\" \/>\n\t<meta name=\"twitter:label2\" content=\"Disponibilit\u00e9\" \/>\n\t<meta name=\"twitter:data2\" content=\"En stock\" \/>\n<script type=\"application\/ld+json\" class=\"yoast-schema-graph\">{\"@context\":\"https:\\\/\\\/schema.org\",\"@graph\":[{\"@type\":\"WebPage\",\"@id\":\"https:\\\/\\\/maisonroca.ad\\\/fr\\\/boutique\\\/collier-fred-force-10-rise-or-rose-diamants\\\/\",\"url\":\"https:\\\/\\\/maisonroca.ad\\\/fr\\\/boutique\\\/collier-fred-force-10-rise-or-rose-diamants\\\/\",\"name\":\"Collier FRED Force 10 Rise en or rose et diamants | Maison Roca\",\"isPartOf\":{\"@id\":\"https:\\\/\\\/maisonroca.ad\\\/fr\\\/#website\"},\"primaryImageOfPage\":{\"@id\":\"https:\\\/\\\/maisonroca.ad\\\/fr\\\/boutique\\\/collier-fred-force-10-rise-or-rose-diamants\\\/#primaryimage\"},\"image\":{\"@id\":\"https:\\\/\\\/maisonroca.ad\\\/fr\\\/boutique\\\/collier-fred-force-10-rise-or-rose-diamants\\\/#primaryimage\"},\"thumbnailUrl\":\"https:\\\/\\\/maisonroca.ad\\\/wp-content\\\/uploads\\\/2025\\\/12\\\/3B0312.jpg\",\"datePublished\":\"2025-12-01T17:23:13+00:00\",\"dateModified\":\"2026-02-24T16:35:20+00:00\",\"description\":\"D\u00e9couvrez le collier FRED Force 10 Rise, un design audacieux et f\u00e9minin qui combine c\u00e2ble et boucle dans une cr\u00e9ation rayonnante. Disponible chez Maison Roca.\",\"breadcrumb\":{\"@id\":\"https:\\\/\\\/maisonroca.ad\\\/fr\\\/boutique\\\/collier-fred-force-10-rise-or-rose-diamants\\\/#breadcrumb\"},\"inLanguage\":\"fr-FR\",\"potentialAction\":[{\"@type\":\"ReadAction\",\"target\":[\"https:\\\/\\\/maisonroca.ad\\\/fr\\\/boutique\\\/collier-fred-force-10-rise-or-rose-diamants\\\/\"]}]},{\"@type\":\"ImageObject\",\"inLanguage\":\"fr-FR\",\"@id\":\"https:\\\/\\\/maisonroca.ad\\\/fr\\\/boutique\\\/collier-fred-force-10-rise-or-rose-diamants\\\/#primaryimage\",\"url\":\"https:\\\/\\\/maisonroca.ad\\\/wp-content\\\/uploads\\\/2025\\\/12\\\/3B0312.jpg\",\"contentUrl\":\"https:\\\/\\\/maisonroca.ad\\\/wp-content\\\/uploads\\\/2025\\\/12\\\/3B0312.jpg\",\"width\":1080,\"height\":1080,\"caption\":\"maison-roca-andorra-fred-collar-fred-force-10 rise-pm-or-rosa-diamants\"},{\"@type\":\"BreadcrumbList\",\"@id\":\"https:\\\/\\\/maisonroca.ad\\\/fr\\\/boutique\\\/collier-fred-force-10-rise-or-rose-diamants\\\/#breadcrumb\",\"itemListElement\":[{\"@type\":\"ListItem\",\"position\":1,\"name\":\"Portada\",\"item\":\"https:\\\/\\\/maisonroca.ad\\\/fr\\\/\"},{\"@type\":\"ListItem\",\"position\":2,\"name\":\"Botiga\",\"item\":\"https:\\\/\\\/maisonroca.ad\\\/botiga\\\/\"},{\"@type\":\"ListItem\",\"position\":3,\"name\":\"Collier FRED Force 10 Rise en or rose et diamants\"}]},{\"@type\":\"WebSite\",\"@id\":\"https:\\\/\\\/maisonroca.ad\\\/fr\\\/#website\",\"url\":\"https:\\\/\\\/maisonroca.ad\\\/fr\\\/\",\"name\":\"Maison Roca\",\"description\":\"Bold Luxury Life - joieria d&#039;autor - Andorra\",\"publisher\":{\"@id\":\"https:\\\/\\\/maisonroca.ad\\\/fr\\\/#organization\"},\"potentialAction\":[{\"@type\":\"SearchAction\",\"target\":{\"@type\":\"EntryPoint\",\"urlTemplate\":\"https:\\\/\\\/maisonroca.ad\\\/fr\\\/?s={search_term_string}\"},\"query-input\":{\"@type\":\"PropertyValueSpecification\",\"valueRequired\":true,\"valueName\":\"search_term_string\"}}],\"inLanguage\":\"fr-FR\"},{\"@type\":\"Organization\",\"@id\":\"https:\\\/\\\/maisonroca.ad\\\/fr\\\/#organization\",\"name\":\"Maison Roca\",\"url\":\"https:\\\/\\\/maisonroca.ad\\\/fr\\\/\",\"logo\":{\"@type\":\"ImageObject\",\"inLanguage\":\"fr-FR\",\"@id\":\"https:\\\/\\\/maisonroca.ad\\\/fr\\\/#\\\/schema\\\/logo\\\/image\\\/\",\"url\":\"https:\\\/\\\/maisonroca.ad\\\/wp-content\\\/uploads\\\/2023\\\/10\\\/icono.png\",\"contentUrl\":\"https:\\\/\\\/maisonroca.ad\\\/wp-content\\\/uploads\\\/2023\\\/10\\\/icono.png\",\"width\":512,\"height\":512,\"caption\":\"Maison Roca\"},\"image\":{\"@id\":\"https:\\\/\\\/maisonroca.ad\\\/fr\\\/#\\\/schema\\\/logo\\\/image\\\/\"},\"sameAs\":[\"https:\\\/\\\/www.facebook.com\\\/maisonroca\",\"https:\\\/\\\/www.instagram.com\\\/maisonroca\\\/\"]}]}<\/script>\n<meta property=\"product:price:amount\" content=\"4293.00\" \/>\n<meta property=\"product:price:currency\" content=\"EUR\" \/>\n<meta property=\"og:availability\" content=\"instock\" \/>\n<meta property=\"product:availability\" content=\"instock\" \/>\n<meta property=\"product:retailer_item_id\" content=\"3B0312\" \/>\n<meta property=\"product:condition\" content=\"new\" \/>\n<!-- \/ Yoast SEO Premium plugin. -->","yoast_head_json":{"title":"Collier FRED Force 10 Rise en or rose et diamants | Maison Roca","description":"D\u00e9couvrez le collier FRED Force 10 Rise, un design audacieux et f\u00e9minin qui combine c\u00e2ble et boucle dans une cr\u00e9ation rayonnante. Disponible chez Maison Roca.","robots":{"index":"index","follow":"follow","max-snippet":"max-snippet:-1","max-image-preview":"max-image-preview:large","max-video-preview":"max-video-preview:-1"},"canonical":"https:\/\/maisonroca.ad\/fr\/boutique\/collier-fred-force-10-rise-or-rose-diamants\/","og_locale":"fr_FR","og_type":"article","og_title":"Collier FRED Force 10 Rise en or rose et diamants","og_description":"D\u00e9couvrez le collier FRED Force 10 Rise, un design audacieux et f\u00e9minin qui combine c\u00e2ble et boucle dans une cr\u00e9ation rayonnante. Disponible chez Maison Roca.","og_url":"https:\/\/maisonroca.ad\/fr\/boutique\/collier-fred-force-10-rise-or-rose-diamants\/","og_site_name":"Maison Roca","article_publisher":"https:\/\/www.facebook.com\/maisonroca","article_modified_time":"2026-02-24T16:35:20+00:00","og_image":[{"width":1080,"height":1080,"url":"https:\/\/maisonroca.ad\/wp-content\/uploads\/2025\/12\/3B0312.jpg","type":"image\/jpeg"}],"twitter_card":"summary_large_image","twitter_misc":{"Prix":"4.293,00&nbsp;&euro;","Disponibilit\u00e9":"En stock"},"schema":{"@context":"https:\/\/schema.org","@graph":[{"@type":"WebPage","@id":"https:\/\/maisonroca.ad\/fr\/boutique\/collier-fred-force-10-rise-or-rose-diamants\/","url":"https:\/\/maisonroca.ad\/fr\/boutique\/collier-fred-force-10-rise-or-rose-diamants\/","name":"Collier FRED Force 10 Rise en or rose et diamants | Maison Roca","isPartOf":{"@id":"https:\/\/maisonroca.ad\/fr\/#website"},"primaryImageOfPage":{"@id":"https:\/\/maisonroca.ad\/fr\/boutique\/collier-fred-force-10-rise-or-rose-diamants\/#primaryimage"},"image":{"@id":"https:\/\/maisonroca.ad\/fr\/boutique\/collier-fred-force-10-rise-or-rose-diamants\/#primaryimage"},"thumbnailUrl":"https:\/\/maisonroca.ad\/wp-content\/uploads\/2025\/12\/3B0312.jpg","datePublished":"2025-12-01T17:23:13+00:00","dateModified":"2026-02-24T16:35:20+00:00","description":"D\u00e9couvrez le collier FRED Force 10 Rise, un design audacieux et f\u00e9minin qui combine c\u00e2ble et boucle dans une cr\u00e9ation rayonnante. Disponible chez Maison Roca.","breadcrumb":{"@id":"https:\/\/maisonroca.ad\/fr\/boutique\/collier-fred-force-10-rise-or-rose-diamants\/#breadcrumb"},"inLanguage":"fr-FR","potentialAction":[{"@type":"ReadAction","target":["https:\/\/maisonroca.ad\/fr\/boutique\/collier-fred-force-10-rise-or-rose-diamants\/"]}]},{"@type":"ImageObject","inLanguage":"fr-FR","@id":"https:\/\/maisonroca.ad\/fr\/boutique\/collier-fred-force-10-rise-or-rose-diamants\/#primaryimage","url":"https:\/\/maisonroca.ad\/wp-content\/uploads\/2025\/12\/3B0312.jpg","contentUrl":"https:\/\/maisonroca.ad\/wp-content\/uploads\/2025\/12\/3B0312.jpg","width":1080,"height":1080,"caption":"maison-roca-andorra-fred-collar-fred-force-10 rise-pm-or-rosa-diamants"},{"@type":"BreadcrumbList","@id":"https:\/\/maisonroca.ad\/fr\/boutique\/collier-fred-force-10-rise-or-rose-diamants\/#breadcrumb","itemListElement":[{"@type":"ListItem","position":1,"name":"Portada","item":"https:\/\/maisonroca.ad\/fr\/"},{"@type":"ListItem","position":2,"name":"Botiga","item":"https:\/\/maisonroca.ad\/botiga\/"},{"@type":"ListItem","position":3,"name":"Collier FRED Force 10 Rise en or rose et diamants"}]},{"@type":"WebSite","@id":"https:\/\/maisonroca.ad\/fr\/#website","url":"https:\/\/maisonroca.ad\/fr\/","name":"Maison Roca","description":"Bold Luxury Life - joieria d&#039;autor - Andorra","publisher":{"@id":"https:\/\/maisonroca.ad\/fr\/#organization"},"potentialAction":[{"@type":"SearchAction","target":{"@type":"EntryPoint","urlTemplate":"https:\/\/maisonroca.ad\/fr\/?s={search_term_string}"},"query-input":{"@type":"PropertyValueSpecification","valueRequired":true,"valueName":"search_term_string"}}],"inLanguage":"fr-FR"},{"@type":"Organization","@id":"https:\/\/maisonroca.ad\/fr\/#organization","name":"Maison Roca","url":"https:\/\/maisonroca.ad\/fr\/","logo":{"@type":"ImageObject","inLanguage":"fr-FR","@id":"https:\/\/maisonroca.ad\/fr\/#\/schema\/logo\/image\/","url":"https:\/\/maisonroca.ad\/wp-content\/uploads\/2023\/10\/icono.png","contentUrl":"https:\/\/maisonroca.ad\/wp-content\/uploads\/2023\/10\/icono.png","width":512,"height":512,"caption":"Maison Roca"},"image":{"@id":"https:\/\/maisonroca.ad\/fr\/#\/schema\/logo\/image\/"},"sameAs":["https:\/\/www.facebook.com\/maisonroca","https:\/\/www.instagram.com\/maisonroca\/"]}]},"product_price_amount":"4293.00","product_price_currency":"EUR","og_availability":"instock","product_availability":"instock","product_retailer_item_id":"3B0312","product_condition":"new"},"_links":{"self":[{"href":"https:\/\/maisonroca.ad\/fr\/wp-json\/wp\/v2\/product\/81268","targetHints":{"allow":["GET"]}}],"collection":[{"href":"https:\/\/maisonroca.ad\/fr\/wp-json\/wp\/v2\/product"}],"about":[{"href":"https:\/\/maisonroca.ad\/fr\/wp-json\/wp\/v2\/types\/product"}],"replies":[{"embeddable":true,"href":"https:\/\/maisonroca.ad\/fr\/wp-json\/wp\/v2\/comments?post=81268"}],"version-history":[{"count":5,"href":"https:\/\/maisonroca.ad\/fr\/wp-json\/wp\/v2\/product\/81268\/revisions"}],"predecessor-version":[{"id":84351,"href":"https:\/\/maisonroca.ad\/fr\/wp-json\/wp\/v2\/product\/81268\/revisions\/84351"}],"wp:featuredmedia":[{"embeddable":true,"href":"https:\/\/maisonroca.ad\/fr\/wp-json\/wp\/v2\/media\/81255"}],"wp:attachment":[{"href":"https:\/\/maisonroca.ad\/fr\/wp-json\/wp\/v2\/media?parent=81268"}],"wp:term":[{"taxonomy":"product_brand","embeddable":true,"href":"https:\/\/maisonroca.ad\/fr\/wp-json\/wp\/v2\/product_brand?post=81268"},{"taxonomy":"product_cat","embeddable":true,"href":"https:\/\/maisonroca.ad\/fr\/wp-json\/wp\/v2\/product_cat?post=81268"},{"taxonomy":"product_tag","embeddable":true,"href":"https:\/\/maisonroca.ad\/fr\/wp-json\/wp\/v2\/product_tag?post=81268"}],"curies":[{"name":"wp","href":"https:\/\/api.w.org\/{rel}","templated":true}]}}