{"id":81322,"date":"2025-12-02T10:04:29","date_gmt":"2025-12-02T09:04:29","guid":{"rendered":"https:\/\/maisonroca.ad\/?post_type=product&#038;p=81322"},"modified":"2026-02-24T15:45:33","modified_gmt":"2026-02-24T14:45:33","slug":"collier-fred-force-10-grand-modele-or-rose-diamants","status":"publish","type":"product","link":"https:\/\/maisonroca.ad\/fr\/boutique\/collier-fred-force-10-grand-modele-or-rose-diamants\/","title":{"rendered":"Collier FRED Force 10 grand mod\u00e8le en or rose et diamants"},"content":{"rendered":"<p>Collier FRED Force 10 grand mod\u00e8le en or rose et semi-pav\u00e9 diamants.<\/p>\n<p>Le collier FRED Force 10 grand mod\u00e8le collier en or rose et diamants blancs est un bijou d\u2019une grande \u00e9l\u00e9gance et sophistication. Son design unique associe le c\u00e2ble embl\u00e9matique et la boucle de la collection Force 10 \u00e0 l\u2019\u00e9clat des diamants blancs, cr\u00e9ant une pi\u00e8ce qui rayonne de force et de f\u00e9minit\u00e9.<\/p>\n<p>D\u00e9tails :<\/p>\n<p>\u2022 Or rose 18 k<br \/>\n\u2022 Semi-pav\u00e9 diamants<\/p>\n","protected":false},"excerpt":{"rendered":"<p>Le collier FRED Force 10 grand mod\u00e8le en or rose avec semi-pav\u00e9 de diamants associe le c\u00e2ble et la boucle embl\u00e9matiques de la collection \u00e0 l\u2019\u00e9clat lumineux des diamants blancs. Une pi\u00e8ce \u00e9l\u00e9gante et f\u00e9minine qui exprime force, style et sophistication.<\/p>\n","protected":false},"featured_media":81310,"comment_status":"closed","ping_status":"closed","template":"","meta":{"_acf_changed":false,"_monsterinsights_skip_tracking":false,"_monsterinsights_sitenote_active":false,"_monsterinsights_sitenote_note":"","_monsterinsights_sitenote_category":0},"product_brand":[],"product_cat":[1244,1252],"product_tag":[3861,2192,2161,3391],"class_list":{"0":"post-81322","1":"product","2":"type-product","3":"status-publish","4":"has-post-thumbnail","6":"product_cat-bijou","7":"product_cat-fred-fr","8":"product_tag-collars","9":"product_tag-diamants-2","10":"product_tag-fred-2","11":"product_tag-or-rosa-fr","13":"first","14":"instock","15":"shipping-taxable","16":"purchasable","17":"product-type-simple"},"acf":[],"yoast_head":"<!-- This site is optimized with the Yoast SEO Premium plugin v26.8 (Yoast SEO v27.3) - https:\/\/yoast.com\/product\/yoast-seo-premium-wordpress\/ -->\n<title>Collier FRED Force 10 en or rose avec diamants | Maison Roca<\/title>\n<meta name=\"description\" content=\"D\u00e9couvrez le collier FRED Force 10 grand mod\u00e8le en or rose serti de diamants en semi-pav\u00e9. Un bijou iconique, f\u00e9minin et sophistiqu\u00e9, disponible chez Maison Roca.\" \/>\n<meta name=\"robots\" content=\"index, follow, max-snippet:-1, max-image-preview:large, max-video-preview:-1\" \/>\n<link rel=\"canonical\" href=\"https:\/\/maisonroca.ad\/fr\/boutique\/collier-fred-force-10-grand-modele-or-rose-diamants\/\" \/>\n<meta property=\"og:locale\" content=\"fr_FR\" \/>\n<meta property=\"og:type\" content=\"article\" \/>\n<meta property=\"og:title\" content=\"Collier FRED Force 10 grand mod\u00e8le en or rose et diamants\" \/>\n<meta property=\"og:description\" content=\"D\u00e9couvrez le collier FRED Force 10 grand mod\u00e8le en or rose serti de diamants en semi-pav\u00e9. Un bijou iconique, f\u00e9minin et sophistiqu\u00e9, disponible chez Maison Roca.\" \/>\n<meta property=\"og:url\" content=\"https:\/\/maisonroca.ad\/fr\/boutique\/collier-fred-force-10-grand-modele-or-rose-diamants\/\" \/>\n<meta property=\"og:site_name\" content=\"Maison Roca\" \/>\n<meta property=\"article:publisher\" content=\"https:\/\/www.facebook.com\/maisonroca\" \/>\n<meta property=\"article:modified_time\" content=\"2026-02-24T14:45:33+00:00\" \/>\n<meta property=\"og:image\" content=\"https:\/\/maisonroca.ad\/wp-content\/uploads\/2025\/12\/7B0295.jpg\" \/>\n\t<meta property=\"og:image:width\" content=\"1080\" \/>\n\t<meta property=\"og:image:height\" content=\"1080\" \/>\n\t<meta property=\"og:image:type\" content=\"image\/jpeg\" \/>\n<meta name=\"twitter:card\" content=\"summary_large_image\" \/>\n<meta name=\"twitter:label1\" content=\"Prix\" \/>\n\t<meta name=\"twitter:data1\" content=\"7.633,00&nbsp;&euro;\" \/>\n\t<meta name=\"twitter:label2\" content=\"Disponibilit\u00e9\" \/>\n\t<meta name=\"twitter:data2\" content=\"En stock\" \/>\n<script type=\"application\/ld+json\" class=\"yoast-schema-graph\">{\"@context\":\"https:\\\/\\\/schema.org\",\"@graph\":[{\"@type\":\"WebPage\",\"@id\":\"https:\\\/\\\/maisonroca.ad\\\/fr\\\/boutique\\\/collier-fred-force-10-grand-modele-or-rose-diamants\\\/\",\"url\":\"https:\\\/\\\/maisonroca.ad\\\/fr\\\/boutique\\\/collier-fred-force-10-grand-modele-or-rose-diamants\\\/\",\"name\":\"Collier FRED Force 10 en or rose avec diamants | Maison Roca\",\"isPartOf\":{\"@id\":\"https:\\\/\\\/maisonroca.ad\\\/fr\\\/#website\"},\"primaryImageOfPage\":{\"@id\":\"https:\\\/\\\/maisonroca.ad\\\/fr\\\/boutique\\\/collier-fred-force-10-grand-modele-or-rose-diamants\\\/#primaryimage\"},\"image\":{\"@id\":\"https:\\\/\\\/maisonroca.ad\\\/fr\\\/boutique\\\/collier-fred-force-10-grand-modele-or-rose-diamants\\\/#primaryimage\"},\"thumbnailUrl\":\"https:\\\/\\\/maisonroca.ad\\\/wp-content\\\/uploads\\\/2025\\\/12\\\/7B0295.jpg\",\"datePublished\":\"2025-12-02T09:04:29+00:00\",\"dateModified\":\"2026-02-24T14:45:33+00:00\",\"description\":\"D\u00e9couvrez le collier FRED Force 10 grand mod\u00e8le en or rose serti de diamants en semi-pav\u00e9. Un bijou iconique, f\u00e9minin et sophistiqu\u00e9, disponible chez Maison Roca.\",\"breadcrumb\":{\"@id\":\"https:\\\/\\\/maisonroca.ad\\\/fr\\\/boutique\\\/collier-fred-force-10-grand-modele-or-rose-diamants\\\/#breadcrumb\"},\"inLanguage\":\"fr-FR\",\"potentialAction\":[{\"@type\":\"ReadAction\",\"target\":[\"https:\\\/\\\/maisonroca.ad\\\/fr\\\/boutique\\\/collier-fred-force-10-grand-modele-or-rose-diamants\\\/\"]}]},{\"@type\":\"ImageObject\",\"inLanguage\":\"fr-FR\",\"@id\":\"https:\\\/\\\/maisonroca.ad\\\/fr\\\/boutique\\\/collier-fred-force-10-grand-modele-or-rose-diamants\\\/#primaryimage\",\"url\":\"https:\\\/\\\/maisonroca.ad\\\/wp-content\\\/uploads\\\/2025\\\/12\\\/7B0295.jpg\",\"contentUrl\":\"https:\\\/\\\/maisonroca.ad\\\/wp-content\\\/uploads\\\/2025\\\/12\\\/7B0295.jpg\",\"width\":1080,\"height\":1080,\"caption\":\"maison-roca-andorra-fred-collar-force-10-gm-or-rosa-diamants\"},{\"@type\":\"BreadcrumbList\",\"@id\":\"https:\\\/\\\/maisonroca.ad\\\/fr\\\/boutique\\\/collier-fred-force-10-grand-modele-or-rose-diamants\\\/#breadcrumb\",\"itemListElement\":[{\"@type\":\"ListItem\",\"position\":1,\"name\":\"Portada\",\"item\":\"https:\\\/\\\/maisonroca.ad\\\/fr\\\/\"},{\"@type\":\"ListItem\",\"position\":2,\"name\":\"Botiga\",\"item\":\"https:\\\/\\\/maisonroca.ad\\\/botiga\\\/\"},{\"@type\":\"ListItem\",\"position\":3,\"name\":\"Collier FRED Force 10 grand mod\u00e8le en or rose et diamants\"}]},{\"@type\":\"WebSite\",\"@id\":\"https:\\\/\\\/maisonroca.ad\\\/fr\\\/#website\",\"url\":\"https:\\\/\\\/maisonroca.ad\\\/fr\\\/\",\"name\":\"Maison Roca\",\"description\":\"Bold Luxury Life - joieria d&#039;autor - Andorra\",\"publisher\":{\"@id\":\"https:\\\/\\\/maisonroca.ad\\\/fr\\\/#organization\"},\"potentialAction\":[{\"@type\":\"SearchAction\",\"target\":{\"@type\":\"EntryPoint\",\"urlTemplate\":\"https:\\\/\\\/maisonroca.ad\\\/fr\\\/?s={search_term_string}\"},\"query-input\":{\"@type\":\"PropertyValueSpecification\",\"valueRequired\":true,\"valueName\":\"search_term_string\"}}],\"inLanguage\":\"fr-FR\"},{\"@type\":\"Organization\",\"@id\":\"https:\\\/\\\/maisonroca.ad\\\/fr\\\/#organization\",\"name\":\"Maison Roca\",\"url\":\"https:\\\/\\\/maisonroca.ad\\\/fr\\\/\",\"logo\":{\"@type\":\"ImageObject\",\"inLanguage\":\"fr-FR\",\"@id\":\"https:\\\/\\\/maisonroca.ad\\\/fr\\\/#\\\/schema\\\/logo\\\/image\\\/\",\"url\":\"https:\\\/\\\/maisonroca.ad\\\/wp-content\\\/uploads\\\/2023\\\/10\\\/icono.png\",\"contentUrl\":\"https:\\\/\\\/maisonroca.ad\\\/wp-content\\\/uploads\\\/2023\\\/10\\\/icono.png\",\"width\":512,\"height\":512,\"caption\":\"Maison Roca\"},\"image\":{\"@id\":\"https:\\\/\\\/maisonroca.ad\\\/fr\\\/#\\\/schema\\\/logo\\\/image\\\/\"},\"sameAs\":[\"https:\\\/\\\/www.facebook.com\\\/maisonroca\",\"https:\\\/\\\/www.instagram.com\\\/maisonroca\\\/\"]}]}<\/script>\n<meta property=\"product:price:amount\" content=\"7633.00\" \/>\n<meta property=\"product:price:currency\" content=\"EUR\" \/>\n<meta property=\"og:availability\" content=\"instock\" \/>\n<meta property=\"product:availability\" content=\"instock\" \/>\n<meta property=\"product:retailer_item_id\" content=\"7B0295\" \/>\n<meta property=\"product:condition\" content=\"new\" \/>\n<!-- \/ Yoast SEO Premium plugin. -->","yoast_head_json":{"title":"Collier FRED Force 10 en or rose avec diamants | Maison Roca","description":"D\u00e9couvrez le collier FRED Force 10 grand mod\u00e8le en or rose serti de diamants en semi-pav\u00e9. Un bijou iconique, f\u00e9minin et sophistiqu\u00e9, disponible chez Maison Roca.","robots":{"index":"index","follow":"follow","max-snippet":"max-snippet:-1","max-image-preview":"max-image-preview:large","max-video-preview":"max-video-preview:-1"},"canonical":"https:\/\/maisonroca.ad\/fr\/boutique\/collier-fred-force-10-grand-modele-or-rose-diamants\/","og_locale":"fr_FR","og_type":"article","og_title":"Collier FRED Force 10 grand mod\u00e8le en or rose et diamants","og_description":"D\u00e9couvrez le collier FRED Force 10 grand mod\u00e8le en or rose serti de diamants en semi-pav\u00e9. Un bijou iconique, f\u00e9minin et sophistiqu\u00e9, disponible chez Maison Roca.","og_url":"https:\/\/maisonroca.ad\/fr\/boutique\/collier-fred-force-10-grand-modele-or-rose-diamants\/","og_site_name":"Maison Roca","article_publisher":"https:\/\/www.facebook.com\/maisonroca","article_modified_time":"2026-02-24T14:45:33+00:00","og_image":[{"width":1080,"height":1080,"url":"https:\/\/maisonroca.ad\/wp-content\/uploads\/2025\/12\/7B0295.jpg","type":"image\/jpeg"}],"twitter_card":"summary_large_image","twitter_misc":{"Prix":"7.633,00&nbsp;&euro;","Disponibilit\u00e9":"En stock"},"schema":{"@context":"https:\/\/schema.org","@graph":[{"@type":"WebPage","@id":"https:\/\/maisonroca.ad\/fr\/boutique\/collier-fred-force-10-grand-modele-or-rose-diamants\/","url":"https:\/\/maisonroca.ad\/fr\/boutique\/collier-fred-force-10-grand-modele-or-rose-diamants\/","name":"Collier FRED Force 10 en or rose avec diamants | Maison Roca","isPartOf":{"@id":"https:\/\/maisonroca.ad\/fr\/#website"},"primaryImageOfPage":{"@id":"https:\/\/maisonroca.ad\/fr\/boutique\/collier-fred-force-10-grand-modele-or-rose-diamants\/#primaryimage"},"image":{"@id":"https:\/\/maisonroca.ad\/fr\/boutique\/collier-fred-force-10-grand-modele-or-rose-diamants\/#primaryimage"},"thumbnailUrl":"https:\/\/maisonroca.ad\/wp-content\/uploads\/2025\/12\/7B0295.jpg","datePublished":"2025-12-02T09:04:29+00:00","dateModified":"2026-02-24T14:45:33+00:00","description":"D\u00e9couvrez le collier FRED Force 10 grand mod\u00e8le en or rose serti de diamants en semi-pav\u00e9. Un bijou iconique, f\u00e9minin et sophistiqu\u00e9, disponible chez Maison Roca.","breadcrumb":{"@id":"https:\/\/maisonroca.ad\/fr\/boutique\/collier-fred-force-10-grand-modele-or-rose-diamants\/#breadcrumb"},"inLanguage":"fr-FR","potentialAction":[{"@type":"ReadAction","target":["https:\/\/maisonroca.ad\/fr\/boutique\/collier-fred-force-10-grand-modele-or-rose-diamants\/"]}]},{"@type":"ImageObject","inLanguage":"fr-FR","@id":"https:\/\/maisonroca.ad\/fr\/boutique\/collier-fred-force-10-grand-modele-or-rose-diamants\/#primaryimage","url":"https:\/\/maisonroca.ad\/wp-content\/uploads\/2025\/12\/7B0295.jpg","contentUrl":"https:\/\/maisonroca.ad\/wp-content\/uploads\/2025\/12\/7B0295.jpg","width":1080,"height":1080,"caption":"maison-roca-andorra-fred-collar-force-10-gm-or-rosa-diamants"},{"@type":"BreadcrumbList","@id":"https:\/\/maisonroca.ad\/fr\/boutique\/collier-fred-force-10-grand-modele-or-rose-diamants\/#breadcrumb","itemListElement":[{"@type":"ListItem","position":1,"name":"Portada","item":"https:\/\/maisonroca.ad\/fr\/"},{"@type":"ListItem","position":2,"name":"Botiga","item":"https:\/\/maisonroca.ad\/botiga\/"},{"@type":"ListItem","position":3,"name":"Collier FRED Force 10 grand mod\u00e8le en or rose et diamants"}]},{"@type":"WebSite","@id":"https:\/\/maisonroca.ad\/fr\/#website","url":"https:\/\/maisonroca.ad\/fr\/","name":"Maison Roca","description":"Bold Luxury Life - joieria d&#039;autor - Andorra","publisher":{"@id":"https:\/\/maisonroca.ad\/fr\/#organization"},"potentialAction":[{"@type":"SearchAction","target":{"@type":"EntryPoint","urlTemplate":"https:\/\/maisonroca.ad\/fr\/?s={search_term_string}"},"query-input":{"@type":"PropertyValueSpecification","valueRequired":true,"valueName":"search_term_string"}}],"inLanguage":"fr-FR"},{"@type":"Organization","@id":"https:\/\/maisonroca.ad\/fr\/#organization","name":"Maison Roca","url":"https:\/\/maisonroca.ad\/fr\/","logo":{"@type":"ImageObject","inLanguage":"fr-FR","@id":"https:\/\/maisonroca.ad\/fr\/#\/schema\/logo\/image\/","url":"https:\/\/maisonroca.ad\/wp-content\/uploads\/2023\/10\/icono.png","contentUrl":"https:\/\/maisonroca.ad\/wp-content\/uploads\/2023\/10\/icono.png","width":512,"height":512,"caption":"Maison Roca"},"image":{"@id":"https:\/\/maisonroca.ad\/fr\/#\/schema\/logo\/image\/"},"sameAs":["https:\/\/www.facebook.com\/maisonroca","https:\/\/www.instagram.com\/maisonroca\/"]}]},"product_price_amount":"7633.00","product_price_currency":"EUR","og_availability":"instock","product_availability":"instock","product_retailer_item_id":"7B0295","product_condition":"new"},"_links":{"self":[{"href":"https:\/\/maisonroca.ad\/fr\/wp-json\/wp\/v2\/product\/81322","targetHints":{"allow":["GET"]}}],"collection":[{"href":"https:\/\/maisonroca.ad\/fr\/wp-json\/wp\/v2\/product"}],"about":[{"href":"https:\/\/maisonroca.ad\/fr\/wp-json\/wp\/v2\/types\/product"}],"replies":[{"embeddable":true,"href":"https:\/\/maisonroca.ad\/fr\/wp-json\/wp\/v2\/comments?post=81322"}],"version-history":[{"count":4,"href":"https:\/\/maisonroca.ad\/fr\/wp-json\/wp\/v2\/product\/81322\/revisions"}],"predecessor-version":[{"id":84322,"href":"https:\/\/maisonroca.ad\/fr\/wp-json\/wp\/v2\/product\/81322\/revisions\/84322"}],"wp:featuredmedia":[{"embeddable":true,"href":"https:\/\/maisonroca.ad\/fr\/wp-json\/wp\/v2\/media\/81310"}],"wp:attachment":[{"href":"https:\/\/maisonroca.ad\/fr\/wp-json\/wp\/v2\/media?parent=81322"}],"wp:term":[{"taxonomy":"product_brand","embeddable":true,"href":"https:\/\/maisonroca.ad\/fr\/wp-json\/wp\/v2\/product_brand?post=81322"},{"taxonomy":"product_cat","embeddable":true,"href":"https:\/\/maisonroca.ad\/fr\/wp-json\/wp\/v2\/product_cat?post=81322"},{"taxonomy":"product_tag","embeddable":true,"href":"https:\/\/maisonroca.ad\/fr\/wp-json\/wp\/v2\/product_tag?post=81322"}],"curies":[{"name":"wp","href":"https:\/\/api.w.org\/{rel}","templated":true}]}}