{"id":81381,"date":"2025-12-10T17:07:52","date_gmt":"2025-12-10T16:07:52","guid":{"rendered":"https:\/\/maisonroca.ad\/?post_type=product&#038;p=81381"},"modified":"2025-12-10T17:50:32","modified_gmt":"2025-12-10T16:50:32","slug":"bague-chance-infinie-moyenne-or-blanc-diamants-maison-roca","status":"publish","type":"product","link":"https:\/\/maisonroca.ad\/fr\/boutique\/bague-chance-infinie-moyenne-or-blanc-diamants-maison-roca\/","title":{"rendered":"BAGUE CHANCE INFINIE MM EN OR BLANC AVEC DIAMANTS"},"content":{"rendered":"<p>D\u00e9couvrez l\u2019\u00e9l\u00e9gance de la bague Chance Infinie MM, full pav\u00e9e de diamants blancs et dot\u00e9e d\u2019un diamant central taille poire. Une pi\u00e8ce de haute joaillerie exclusive, parfaite pour des cadeaux sp\u00e9ciaux ou pour sublimer votre style avec sophistication.<\/p>\n<p>D\u00e9tails :<\/p>\n<p>\u2022 Or blanc 18 k<br \/>\n\u2022 Pav\u00e9e diamants<br \/>\n\u2022 Diamant central tailler poire<\/p>\n","protected":false},"excerpt":{"rendered":"<p>La bague Chance Infinie de taille moyenne se distingue par sa silhouette fluide et son pavage complet de diamants blancs, sublim\u00e9e par un diamant central taille poire. Une cr\u00e9ation con\u00e7ue pour offrir \u00e9clat, sophistication et le symbole intemporel de l\u2019infini.<\/p>\n","protected":false},"featured_media":81369,"comment_status":"closed","ping_status":"closed","template":"","meta":{"_acf_changed":false,"_monsterinsights_skip_tracking":false,"_monsterinsights_sitenote_active":false,"_monsterinsights_sitenote_note":"","_monsterinsights_sitenote_category":0},"product_brand":[],"product_cat":[1244,1252],"product_tag":[3546,2192,2161,2171],"class_list":{"0":"post-81381","1":"product","2":"type-product","3":"status-publish","4":"has-post-thumbnail","6":"product_cat-bijou","7":"product_cat-fred-fr","8":"product_tag-anells-fr-2","9":"product_tag-diamants-2","10":"product_tag-fred-2","11":"product_tag-or-blanc-2","13":"first","14":"instock","15":"shipping-taxable","16":"purchasable","17":"product-type-simple"},"acf":[],"yoast_head":"<!-- This site is optimized with the Yoast SEO Premium plugin v26.8 (Yoast SEO v27.4) - https:\/\/yoast.com\/product\/yoast-seo-premium-wordpress\/ -->\n<title>Bague Chance Infinie MM or blanc avec diamants | Maison Roca<\/title>\n<meta name=\"description\" content=\"Bague Chance Infinie moyenne en or blanc, avec un pav\u00e9e de diamants et un diamant central taille poire. \u00c9l\u00e9gance exclusive chez Maison Roca.\" \/>\n<meta name=\"robots\" content=\"index, follow, max-snippet:-1, max-image-preview:large, max-video-preview:-1\" \/>\n<link rel=\"canonical\" href=\"https:\/\/maisonroca.ad\/fr\/boutique\/bague-chance-infinie-moyenne-or-blanc-diamants-maison-roca\/\" \/>\n<meta property=\"og:locale\" content=\"fr_FR\" \/>\n<meta property=\"og:type\" content=\"article\" \/>\n<meta property=\"og:title\" content=\"BAGUE CHANCE INFINIE MM EN OR BLANC AVEC DIAMANTS\" \/>\n<meta property=\"og:description\" content=\"Bague Chance Infinie moyenne en or blanc, avec un pav\u00e9e de diamants et un diamant central taille poire. \u00c9l\u00e9gance exclusive chez Maison Roca.\" \/>\n<meta property=\"og:url\" content=\"https:\/\/maisonroca.ad\/fr\/boutique\/bague-chance-infinie-moyenne-or-blanc-diamants-maison-roca\/\" \/>\n<meta property=\"og:site_name\" content=\"Maison Roca\" \/>\n<meta property=\"article:publisher\" content=\"https:\/\/www.facebook.com\/maisonroca\" \/>\n<meta property=\"article:modified_time\" content=\"2025-12-10T16:50:32+00:00\" \/>\n<meta property=\"og:image\" content=\"https:\/\/maisonroca.ad\/wp-content\/uploads\/2025\/12\/4B2008.jpg\" \/>\n\t<meta property=\"og:image:width\" content=\"1080\" \/>\n\t<meta property=\"og:image:height\" content=\"1080\" \/>\n\t<meta property=\"og:image:type\" content=\"image\/jpeg\" \/>\n<meta name=\"twitter:card\" content=\"summary_large_image\" \/>\n<meta name=\"twitter:label1\" content=\"Prix\" \/>\n\t<meta name=\"twitter:data1\" content=\"9.775,00&nbsp;&euro;\" \/>\n\t<meta name=\"twitter:label2\" content=\"Disponibilit\u00e9\" \/>\n\t<meta name=\"twitter:data2\" content=\"En stock\" \/>\n<script type=\"application\/ld+json\" class=\"yoast-schema-graph\">{\"@context\":\"https:\\\/\\\/schema.org\",\"@graph\":[{\"@type\":\"WebPage\",\"@id\":\"https:\\\/\\\/maisonroca.ad\\\/fr\\\/boutique\\\/bague-chance-infinie-moyenne-or-blanc-diamants-maison-roca\\\/\",\"url\":\"https:\\\/\\\/maisonroca.ad\\\/fr\\\/boutique\\\/bague-chance-infinie-moyenne-or-blanc-diamants-maison-roca\\\/\",\"name\":\"Bague Chance Infinie MM or blanc avec diamants | Maison Roca\",\"isPartOf\":{\"@id\":\"https:\\\/\\\/maisonroca.ad\\\/fr\\\/#website\"},\"primaryImageOfPage\":{\"@id\":\"https:\\\/\\\/maisonroca.ad\\\/fr\\\/boutique\\\/bague-chance-infinie-moyenne-or-blanc-diamants-maison-roca\\\/#primaryimage\"},\"image\":{\"@id\":\"https:\\\/\\\/maisonroca.ad\\\/fr\\\/boutique\\\/bague-chance-infinie-moyenne-or-blanc-diamants-maison-roca\\\/#primaryimage\"},\"thumbnailUrl\":\"https:\\\/\\\/maisonroca.ad\\\/wp-content\\\/uploads\\\/2025\\\/12\\\/4B2008.jpg\",\"datePublished\":\"2025-12-10T16:07:52+00:00\",\"dateModified\":\"2025-12-10T16:50:32+00:00\",\"description\":\"Bague Chance Infinie moyenne en or blanc, avec un pav\u00e9e de diamants et un diamant central taille poire. \u00c9l\u00e9gance exclusive chez Maison Roca.\",\"breadcrumb\":{\"@id\":\"https:\\\/\\\/maisonroca.ad\\\/fr\\\/boutique\\\/bague-chance-infinie-moyenne-or-blanc-diamants-maison-roca\\\/#breadcrumb\"},\"inLanguage\":\"fr-FR\",\"potentialAction\":[{\"@type\":\"ReadAction\",\"target\":[\"https:\\\/\\\/maisonroca.ad\\\/fr\\\/boutique\\\/bague-chance-infinie-moyenne-or-blanc-diamants-maison-roca\\\/\"]}]},{\"@type\":\"ImageObject\",\"inLanguage\":\"fr-FR\",\"@id\":\"https:\\\/\\\/maisonroca.ad\\\/fr\\\/boutique\\\/bague-chance-infinie-moyenne-or-blanc-diamants-maison-roca\\\/#primaryimage\",\"url\":\"https:\\\/\\\/maisonroca.ad\\\/wp-content\\\/uploads\\\/2025\\\/12\\\/4B2008.jpg\",\"contentUrl\":\"https:\\\/\\\/maisonroca.ad\\\/wp-content\\\/uploads\\\/2025\\\/12\\\/4B2008.jpg\",\"width\":1080,\"height\":1080,\"caption\":\"maison-roca-andorra-fred-anell-chance-infinie-mm-or-blanc-diamants\"},{\"@type\":\"BreadcrumbList\",\"@id\":\"https:\\\/\\\/maisonroca.ad\\\/fr\\\/boutique\\\/bague-chance-infinie-moyenne-or-blanc-diamants-maison-roca\\\/#breadcrumb\",\"itemListElement\":[{\"@type\":\"ListItem\",\"position\":1,\"name\":\"Portada\",\"item\":\"https:\\\/\\\/maisonroca.ad\\\/fr\\\/\"},{\"@type\":\"ListItem\",\"position\":2,\"name\":\"Botiga\",\"item\":\"https:\\\/\\\/maisonroca.ad\\\/botiga\\\/\"},{\"@type\":\"ListItem\",\"position\":3,\"name\":\"BAGUE CHANCE INFINIE MM EN OR BLANC AVEC DIAMANTS\"}]},{\"@type\":\"WebSite\",\"@id\":\"https:\\\/\\\/maisonroca.ad\\\/fr\\\/#website\",\"url\":\"https:\\\/\\\/maisonroca.ad\\\/fr\\\/\",\"name\":\"Maison Roca\",\"description\":\"Bold Luxury Life - joieria d&#039;autor - Andorra\",\"publisher\":{\"@id\":\"https:\\\/\\\/maisonroca.ad\\\/fr\\\/#organization\"},\"potentialAction\":[{\"@type\":\"SearchAction\",\"target\":{\"@type\":\"EntryPoint\",\"urlTemplate\":\"https:\\\/\\\/maisonroca.ad\\\/fr\\\/?s={search_term_string}\"},\"query-input\":{\"@type\":\"PropertyValueSpecification\",\"valueRequired\":true,\"valueName\":\"search_term_string\"}}],\"inLanguage\":\"fr-FR\"},{\"@type\":\"Organization\",\"@id\":\"https:\\\/\\\/maisonroca.ad\\\/fr\\\/#organization\",\"name\":\"Maison Roca\",\"url\":\"https:\\\/\\\/maisonroca.ad\\\/fr\\\/\",\"logo\":{\"@type\":\"ImageObject\",\"inLanguage\":\"fr-FR\",\"@id\":\"https:\\\/\\\/maisonroca.ad\\\/fr\\\/#\\\/schema\\\/logo\\\/image\\\/\",\"url\":\"https:\\\/\\\/maisonroca.ad\\\/wp-content\\\/uploads\\\/2023\\\/10\\\/icono.png\",\"contentUrl\":\"https:\\\/\\\/maisonroca.ad\\\/wp-content\\\/uploads\\\/2023\\\/10\\\/icono.png\",\"width\":512,\"height\":512,\"caption\":\"Maison Roca\"},\"image\":{\"@id\":\"https:\\\/\\\/maisonroca.ad\\\/fr\\\/#\\\/schema\\\/logo\\\/image\\\/\"},\"sameAs\":[\"https:\\\/\\\/www.facebook.com\\\/maisonroca\",\"https:\\\/\\\/www.instagram.com\\\/maisonroca\\\/\"]}]}<\/script>\n<meta property=\"product:price:amount\" content=\"9775.00\" \/>\n<meta property=\"product:price:currency\" content=\"EUR\" \/>\n<meta property=\"og:availability\" content=\"instock\" \/>\n<meta property=\"product:availability\" content=\"instock\" \/>\n<meta property=\"product:retailer_item_id\" content=\"4B2008\" \/>\n<meta property=\"product:condition\" content=\"new\" \/>\n<!-- \/ Yoast SEO Premium plugin. -->","yoast_head_json":{"title":"Bague Chance Infinie MM or blanc avec diamants | Maison Roca","description":"Bague Chance Infinie moyenne en or blanc, avec un pav\u00e9e de diamants et un diamant central taille poire. \u00c9l\u00e9gance exclusive chez Maison Roca.","robots":{"index":"index","follow":"follow","max-snippet":"max-snippet:-1","max-image-preview":"max-image-preview:large","max-video-preview":"max-video-preview:-1"},"canonical":"https:\/\/maisonroca.ad\/fr\/boutique\/bague-chance-infinie-moyenne-or-blanc-diamants-maison-roca\/","og_locale":"fr_FR","og_type":"article","og_title":"BAGUE CHANCE INFINIE MM EN OR BLANC AVEC DIAMANTS","og_description":"Bague Chance Infinie moyenne en or blanc, avec un pav\u00e9e de diamants et un diamant central taille poire. \u00c9l\u00e9gance exclusive chez Maison Roca.","og_url":"https:\/\/maisonroca.ad\/fr\/boutique\/bague-chance-infinie-moyenne-or-blanc-diamants-maison-roca\/","og_site_name":"Maison Roca","article_publisher":"https:\/\/www.facebook.com\/maisonroca","article_modified_time":"2025-12-10T16:50:32+00:00","og_image":[{"width":1080,"height":1080,"url":"https:\/\/maisonroca.ad\/wp-content\/uploads\/2025\/12\/4B2008.jpg","type":"image\/jpeg"}],"twitter_card":"summary_large_image","twitter_misc":{"Prix":"9.775,00&nbsp;&euro;","Disponibilit\u00e9":"En stock"},"schema":{"@context":"https:\/\/schema.org","@graph":[{"@type":"WebPage","@id":"https:\/\/maisonroca.ad\/fr\/boutique\/bague-chance-infinie-moyenne-or-blanc-diamants-maison-roca\/","url":"https:\/\/maisonroca.ad\/fr\/boutique\/bague-chance-infinie-moyenne-or-blanc-diamants-maison-roca\/","name":"Bague Chance Infinie MM or blanc avec diamants | Maison Roca","isPartOf":{"@id":"https:\/\/maisonroca.ad\/fr\/#website"},"primaryImageOfPage":{"@id":"https:\/\/maisonroca.ad\/fr\/boutique\/bague-chance-infinie-moyenne-or-blanc-diamants-maison-roca\/#primaryimage"},"image":{"@id":"https:\/\/maisonroca.ad\/fr\/boutique\/bague-chance-infinie-moyenne-or-blanc-diamants-maison-roca\/#primaryimage"},"thumbnailUrl":"https:\/\/maisonroca.ad\/wp-content\/uploads\/2025\/12\/4B2008.jpg","datePublished":"2025-12-10T16:07:52+00:00","dateModified":"2025-12-10T16:50:32+00:00","description":"Bague Chance Infinie moyenne en or blanc, avec un pav\u00e9e de diamants et un diamant central taille poire. \u00c9l\u00e9gance exclusive chez Maison Roca.","breadcrumb":{"@id":"https:\/\/maisonroca.ad\/fr\/boutique\/bague-chance-infinie-moyenne-or-blanc-diamants-maison-roca\/#breadcrumb"},"inLanguage":"fr-FR","potentialAction":[{"@type":"ReadAction","target":["https:\/\/maisonroca.ad\/fr\/boutique\/bague-chance-infinie-moyenne-or-blanc-diamants-maison-roca\/"]}]},{"@type":"ImageObject","inLanguage":"fr-FR","@id":"https:\/\/maisonroca.ad\/fr\/boutique\/bague-chance-infinie-moyenne-or-blanc-diamants-maison-roca\/#primaryimage","url":"https:\/\/maisonroca.ad\/wp-content\/uploads\/2025\/12\/4B2008.jpg","contentUrl":"https:\/\/maisonroca.ad\/wp-content\/uploads\/2025\/12\/4B2008.jpg","width":1080,"height":1080,"caption":"maison-roca-andorra-fred-anell-chance-infinie-mm-or-blanc-diamants"},{"@type":"BreadcrumbList","@id":"https:\/\/maisonroca.ad\/fr\/boutique\/bague-chance-infinie-moyenne-or-blanc-diamants-maison-roca\/#breadcrumb","itemListElement":[{"@type":"ListItem","position":1,"name":"Portada","item":"https:\/\/maisonroca.ad\/fr\/"},{"@type":"ListItem","position":2,"name":"Botiga","item":"https:\/\/maisonroca.ad\/botiga\/"},{"@type":"ListItem","position":3,"name":"BAGUE CHANCE INFINIE MM EN OR BLANC AVEC DIAMANTS"}]},{"@type":"WebSite","@id":"https:\/\/maisonroca.ad\/fr\/#website","url":"https:\/\/maisonroca.ad\/fr\/","name":"Maison Roca","description":"Bold Luxury Life - joieria d&#039;autor - Andorra","publisher":{"@id":"https:\/\/maisonroca.ad\/fr\/#organization"},"potentialAction":[{"@type":"SearchAction","target":{"@type":"EntryPoint","urlTemplate":"https:\/\/maisonroca.ad\/fr\/?s={search_term_string}"},"query-input":{"@type":"PropertyValueSpecification","valueRequired":true,"valueName":"search_term_string"}}],"inLanguage":"fr-FR"},{"@type":"Organization","@id":"https:\/\/maisonroca.ad\/fr\/#organization","name":"Maison Roca","url":"https:\/\/maisonroca.ad\/fr\/","logo":{"@type":"ImageObject","inLanguage":"fr-FR","@id":"https:\/\/maisonroca.ad\/fr\/#\/schema\/logo\/image\/","url":"https:\/\/maisonroca.ad\/wp-content\/uploads\/2023\/10\/icono.png","contentUrl":"https:\/\/maisonroca.ad\/wp-content\/uploads\/2023\/10\/icono.png","width":512,"height":512,"caption":"Maison Roca"},"image":{"@id":"https:\/\/maisonroca.ad\/fr\/#\/schema\/logo\/image\/"},"sameAs":["https:\/\/www.facebook.com\/maisonroca","https:\/\/www.instagram.com\/maisonroca\/"]}]},"product_price_amount":"9775.00","product_price_currency":"EUR","og_availability":"instock","product_availability":"instock","product_retailer_item_id":"4B2008","product_condition":"new"},"_links":{"self":[{"href":"https:\/\/maisonroca.ad\/fr\/wp-json\/wp\/v2\/product\/81381","targetHints":{"allow":["GET"]}}],"collection":[{"href":"https:\/\/maisonroca.ad\/fr\/wp-json\/wp\/v2\/product"}],"about":[{"href":"https:\/\/maisonroca.ad\/fr\/wp-json\/wp\/v2\/types\/product"}],"replies":[{"embeddable":true,"href":"https:\/\/maisonroca.ad\/fr\/wp-json\/wp\/v2\/comments?post=81381"}],"version-history":[{"count":1,"href":"https:\/\/maisonroca.ad\/fr\/wp-json\/wp\/v2\/product\/81381\/revisions"}],"predecessor-version":[{"id":81382,"href":"https:\/\/maisonroca.ad\/fr\/wp-json\/wp\/v2\/product\/81381\/revisions\/81382"}],"wp:featuredmedia":[{"embeddable":true,"href":"https:\/\/maisonroca.ad\/fr\/wp-json\/wp\/v2\/media\/81369"}],"wp:attachment":[{"href":"https:\/\/maisonroca.ad\/fr\/wp-json\/wp\/v2\/media?parent=81381"}],"wp:term":[{"taxonomy":"product_brand","embeddable":true,"href":"https:\/\/maisonroca.ad\/fr\/wp-json\/wp\/v2\/product_brand?post=81381"},{"taxonomy":"product_cat","embeddable":true,"href":"https:\/\/maisonroca.ad\/fr\/wp-json\/wp\/v2\/product_cat?post=81381"},{"taxonomy":"product_tag","embeddable":true,"href":"https:\/\/maisonroca.ad\/fr\/wp-json\/wp\/v2\/product_tag?post=81381"}],"curies":[{"name":"wp","href":"https:\/\/api.w.org\/{rel}","templated":true}]}}