{"id":82340,"date":"2026-01-07T08:37:05","date_gmt":"2026-01-07T07:37:05","guid":{"rendered":"https:\/\/maisonroca.ad\/?post_type=product&#038;p=82340"},"modified":"2026-01-07T08:46:46","modified_gmt":"2026-01-07T07:46:46","slug":"boucles-doreilles-pomellato-iconica-or-jaune","status":"publish","type":"product","link":"https:\/\/maisonroca.ad\/fr\/boutique\/boucles-doreilles-pomellato-iconica-or-jaune\/","title":{"rendered":"BOUCLES D&rsquo;OREILLES POMELLATO ICONICA EN OR JAUNE"},"content":{"rendered":"<p>Boucles d\u2019oreilles Pomellato Iconica en or jaune.<\/p>\n<p>D\u00e9couvrez les boucles d\u2019oreilles Iconica de Pomellato, en or jaune lumineux, o\u00f9 le design milanais rencontre l\u2019\u00e9l\u00e9gance contemporaine. Des formes inspir\u00e9es des cha\u00eenes r\u00e9inventent la joaillerie classique avec une touche moderne, c\u00e9l\u00e9brant la force et l\u2019individualit\u00e9 f\u00e9minine avec sophistication.<\/p>\n<p>D\u00e9tails:<\/p>\n<p>\u2022 Or jaune 18k<\/p>\n","protected":false},"excerpt":{"rendered":"<p>Boucles d\u2019oreilles Pomellato Iconica r\u00e9alis\u00e9es en or jaune, au design contemporain et aux volumes sculpturaux qui expriment l\u2019identit\u00e9 iconique de la maison. Un bijou sophistiqu\u00e9 et polyvalent pour le quotidien.<\/p>\n","protected":false},"featured_media":82329,"comment_status":"closed","ping_status":"closed","template":"","meta":{"_acf_changed":false,"_monsterinsights_skip_tracking":false,"_monsterinsights_sitenote_active":false,"_monsterinsights_sitenote_note":"","_monsterinsights_sitenote_category":0},"product_brand":[],"product_cat":[1244,1263],"product_tag":[2828,2732,2183],"class_list":{"0":"post-82340","1":"product","2":"type-product","3":"status-publish","4":"has-post-thumbnail","6":"product_cat-bijou","7":"product_cat-pomellato-fr","8":"product_tag-arracades-fr","9":"product_tag-or-groc-fr","10":"product_tag-pomellato-2","12":"first","13":"instock","14":"shipping-taxable","15":"purchasable","16":"product-type-simple"},"acf":[],"yoast_head":"<!-- This site is optimized with the Yoast SEO Premium plugin v26.8 (Yoast SEO v27.3) - https:\/\/yoast.com\/product\/yoast-seo-premium-wordpress\/ -->\n<title>Boucles d\u2019oreilles Pomellato Iconica or jaune | Maison Roca<\/title>\n<meta name=\"description\" content=\"D\u00e9couvrez chez Maison Roca Andorre les boucles d\u2019oreilles Pomellato Iconica en or jaune, au design contemporain et \u00e0 l\u2019\u00e9l\u00e9gance italienne.\" \/>\n<meta name=\"robots\" content=\"index, follow, max-snippet:-1, max-image-preview:large, max-video-preview:-1\" \/>\n<link rel=\"canonical\" href=\"https:\/\/maisonroca.ad\/fr\/boutique\/boucles-doreilles-pomellato-iconica-or-jaune\/\" \/>\n<meta property=\"og:locale\" content=\"fr_FR\" \/>\n<meta property=\"og:type\" content=\"article\" \/>\n<meta property=\"og:title\" content=\"BOUCLES D&#039;OREILLES POMELLATO ICONICA EN OR JAUNE\" \/>\n<meta property=\"og:description\" content=\"D\u00e9couvrez chez Maison Roca Andorre les boucles d\u2019oreilles Pomellato Iconica en or jaune, au design contemporain et \u00e0 l\u2019\u00e9l\u00e9gance italienne.\" \/>\n<meta property=\"og:url\" content=\"https:\/\/maisonroca.ad\/fr\/boutique\/boucles-doreilles-pomellato-iconica-or-jaune\/\" \/>\n<meta property=\"og:site_name\" content=\"Maison Roca\" \/>\n<meta property=\"article:publisher\" content=\"https:\/\/www.facebook.com\/maisonroca\" \/>\n<meta property=\"article:modified_time\" content=\"2026-01-07T07:46:46+00:00\" \/>\n<meta property=\"og:image\" content=\"https:\/\/maisonroca.ad\/wp-content\/uploads\/2026\/01\/POC5111O100000000-2.jpg\" \/>\n\t<meta property=\"og:image:width\" content=\"1080\" \/>\n\t<meta property=\"og:image:height\" content=\"1080\" \/>\n\t<meta property=\"og:image:type\" content=\"image\/jpeg\" \/>\n<meta name=\"twitter:card\" content=\"summary_large_image\" \/>\n<meta name=\"twitter:label1\" content=\"Prix\" \/>\n\t<meta name=\"twitter:data1\" content=\"4.860,00&nbsp;&euro;\" \/>\n\t<meta name=\"twitter:label2\" content=\"Disponibilit\u00e9\" \/>\n\t<meta name=\"twitter:data2\" content=\"En stock\" \/>\n<script type=\"application\/ld+json\" class=\"yoast-schema-graph\">{\"@context\":\"https:\\\/\\\/schema.org\",\"@graph\":[{\"@type\":\"WebPage\",\"@id\":\"https:\\\/\\\/maisonroca.ad\\\/fr\\\/boutique\\\/boucles-doreilles-pomellato-iconica-or-jaune\\\/\",\"url\":\"https:\\\/\\\/maisonroca.ad\\\/fr\\\/boutique\\\/boucles-doreilles-pomellato-iconica-or-jaune\\\/\",\"name\":\"Boucles d\u2019oreilles Pomellato Iconica or jaune | Maison Roca\",\"isPartOf\":{\"@id\":\"https:\\\/\\\/maisonroca.ad\\\/fr\\\/#website\"},\"primaryImageOfPage\":{\"@id\":\"https:\\\/\\\/maisonroca.ad\\\/fr\\\/boutique\\\/boucles-doreilles-pomellato-iconica-or-jaune\\\/#primaryimage\"},\"image\":{\"@id\":\"https:\\\/\\\/maisonroca.ad\\\/fr\\\/boutique\\\/boucles-doreilles-pomellato-iconica-or-jaune\\\/#primaryimage\"},\"thumbnailUrl\":\"https:\\\/\\\/maisonroca.ad\\\/wp-content\\\/uploads\\\/2026\\\/01\\\/POC5111O100000000-2.jpg\",\"datePublished\":\"2026-01-07T07:37:05+00:00\",\"dateModified\":\"2026-01-07T07:46:46+00:00\",\"description\":\"D\u00e9couvrez chez Maison Roca Andorre les boucles d\u2019oreilles Pomellato Iconica en or jaune, au design contemporain et \u00e0 l\u2019\u00e9l\u00e9gance italienne.\",\"breadcrumb\":{\"@id\":\"https:\\\/\\\/maisonroca.ad\\\/fr\\\/boutique\\\/boucles-doreilles-pomellato-iconica-or-jaune\\\/#breadcrumb\"},\"inLanguage\":\"fr-FR\",\"potentialAction\":[{\"@type\":\"ReadAction\",\"target\":[\"https:\\\/\\\/maisonroca.ad\\\/fr\\\/boutique\\\/boucles-doreilles-pomellato-iconica-or-jaune\\\/\"]}]},{\"@type\":\"ImageObject\",\"inLanguage\":\"fr-FR\",\"@id\":\"https:\\\/\\\/maisonroca.ad\\\/fr\\\/boutique\\\/boucles-doreilles-pomellato-iconica-or-jaune\\\/#primaryimage\",\"url\":\"https:\\\/\\\/maisonroca.ad\\\/wp-content\\\/uploads\\\/2026\\\/01\\\/POC5111O100000000-2.jpg\",\"contentUrl\":\"https:\\\/\\\/maisonroca.ad\\\/wp-content\\\/uploads\\\/2026\\\/01\\\/POC5111O100000000-2.jpg\",\"width\":1080,\"height\":1080,\"caption\":\"maison-roca-andorra-pomellato-arracades-iconica-or-groc\"},{\"@type\":\"BreadcrumbList\",\"@id\":\"https:\\\/\\\/maisonroca.ad\\\/fr\\\/boutique\\\/boucles-doreilles-pomellato-iconica-or-jaune\\\/#breadcrumb\",\"itemListElement\":[{\"@type\":\"ListItem\",\"position\":1,\"name\":\"Portada\",\"item\":\"https:\\\/\\\/maisonroca.ad\\\/fr\\\/\"},{\"@type\":\"ListItem\",\"position\":2,\"name\":\"Botiga\",\"item\":\"https:\\\/\\\/maisonroca.ad\\\/botiga\\\/\"},{\"@type\":\"ListItem\",\"position\":3,\"name\":\"BOUCLES D&#8217;OREILLES POMELLATO ICONICA EN OR JAUNE\"}]},{\"@type\":\"WebSite\",\"@id\":\"https:\\\/\\\/maisonroca.ad\\\/fr\\\/#website\",\"url\":\"https:\\\/\\\/maisonroca.ad\\\/fr\\\/\",\"name\":\"Maison Roca\",\"description\":\"Bold Luxury Life - joieria d&#039;autor - Andorra\",\"publisher\":{\"@id\":\"https:\\\/\\\/maisonroca.ad\\\/fr\\\/#organization\"},\"potentialAction\":[{\"@type\":\"SearchAction\",\"target\":{\"@type\":\"EntryPoint\",\"urlTemplate\":\"https:\\\/\\\/maisonroca.ad\\\/fr\\\/?s={search_term_string}\"},\"query-input\":{\"@type\":\"PropertyValueSpecification\",\"valueRequired\":true,\"valueName\":\"search_term_string\"}}],\"inLanguage\":\"fr-FR\"},{\"@type\":\"Organization\",\"@id\":\"https:\\\/\\\/maisonroca.ad\\\/fr\\\/#organization\",\"name\":\"Maison Roca\",\"url\":\"https:\\\/\\\/maisonroca.ad\\\/fr\\\/\",\"logo\":{\"@type\":\"ImageObject\",\"inLanguage\":\"fr-FR\",\"@id\":\"https:\\\/\\\/maisonroca.ad\\\/fr\\\/#\\\/schema\\\/logo\\\/image\\\/\",\"url\":\"https:\\\/\\\/maisonroca.ad\\\/wp-content\\\/uploads\\\/2023\\\/10\\\/icono.png\",\"contentUrl\":\"https:\\\/\\\/maisonroca.ad\\\/wp-content\\\/uploads\\\/2023\\\/10\\\/icono.png\",\"width\":512,\"height\":512,\"caption\":\"Maison Roca\"},\"image\":{\"@id\":\"https:\\\/\\\/maisonroca.ad\\\/fr\\\/#\\\/schema\\\/logo\\\/image\\\/\"},\"sameAs\":[\"https:\\\/\\\/www.facebook.com\\\/maisonroca\",\"https:\\\/\\\/www.instagram.com\\\/maisonroca\\\/\"]}]}<\/script>\n<meta property=\"product:price:amount\" content=\"4860.00\" \/>\n<meta property=\"product:price:currency\" content=\"EUR\" \/>\n<meta property=\"og:availability\" content=\"instock\" \/>\n<meta property=\"product:availability\" content=\"instock\" \/>\n<meta property=\"product:retailer_item_id\" content=\"POC5111O100000000\" \/>\n<meta property=\"product:condition\" content=\"new\" \/>\n<!-- \/ Yoast SEO Premium plugin. -->","yoast_head_json":{"title":"Boucles d\u2019oreilles Pomellato Iconica or jaune | Maison Roca","description":"D\u00e9couvrez chez Maison Roca Andorre les boucles d\u2019oreilles Pomellato Iconica en or jaune, au design contemporain et \u00e0 l\u2019\u00e9l\u00e9gance italienne.","robots":{"index":"index","follow":"follow","max-snippet":"max-snippet:-1","max-image-preview":"max-image-preview:large","max-video-preview":"max-video-preview:-1"},"canonical":"https:\/\/maisonroca.ad\/fr\/boutique\/boucles-doreilles-pomellato-iconica-or-jaune\/","og_locale":"fr_FR","og_type":"article","og_title":"BOUCLES D'OREILLES POMELLATO ICONICA EN OR JAUNE","og_description":"D\u00e9couvrez chez Maison Roca Andorre les boucles d\u2019oreilles Pomellato Iconica en or jaune, au design contemporain et \u00e0 l\u2019\u00e9l\u00e9gance italienne.","og_url":"https:\/\/maisonroca.ad\/fr\/boutique\/boucles-doreilles-pomellato-iconica-or-jaune\/","og_site_name":"Maison Roca","article_publisher":"https:\/\/www.facebook.com\/maisonroca","article_modified_time":"2026-01-07T07:46:46+00:00","og_image":[{"width":1080,"height":1080,"url":"https:\/\/maisonroca.ad\/wp-content\/uploads\/2026\/01\/POC5111O100000000-2.jpg","type":"image\/jpeg"}],"twitter_card":"summary_large_image","twitter_misc":{"Prix":"4.860,00&nbsp;&euro;","Disponibilit\u00e9":"En stock"},"schema":{"@context":"https:\/\/schema.org","@graph":[{"@type":"WebPage","@id":"https:\/\/maisonroca.ad\/fr\/boutique\/boucles-doreilles-pomellato-iconica-or-jaune\/","url":"https:\/\/maisonroca.ad\/fr\/boutique\/boucles-doreilles-pomellato-iconica-or-jaune\/","name":"Boucles d\u2019oreilles Pomellato Iconica or jaune | Maison Roca","isPartOf":{"@id":"https:\/\/maisonroca.ad\/fr\/#website"},"primaryImageOfPage":{"@id":"https:\/\/maisonroca.ad\/fr\/boutique\/boucles-doreilles-pomellato-iconica-or-jaune\/#primaryimage"},"image":{"@id":"https:\/\/maisonroca.ad\/fr\/boutique\/boucles-doreilles-pomellato-iconica-or-jaune\/#primaryimage"},"thumbnailUrl":"https:\/\/maisonroca.ad\/wp-content\/uploads\/2026\/01\/POC5111O100000000-2.jpg","datePublished":"2026-01-07T07:37:05+00:00","dateModified":"2026-01-07T07:46:46+00:00","description":"D\u00e9couvrez chez Maison Roca Andorre les boucles d\u2019oreilles Pomellato Iconica en or jaune, au design contemporain et \u00e0 l\u2019\u00e9l\u00e9gance italienne.","breadcrumb":{"@id":"https:\/\/maisonroca.ad\/fr\/boutique\/boucles-doreilles-pomellato-iconica-or-jaune\/#breadcrumb"},"inLanguage":"fr-FR","potentialAction":[{"@type":"ReadAction","target":["https:\/\/maisonroca.ad\/fr\/boutique\/boucles-doreilles-pomellato-iconica-or-jaune\/"]}]},{"@type":"ImageObject","inLanguage":"fr-FR","@id":"https:\/\/maisonroca.ad\/fr\/boutique\/boucles-doreilles-pomellato-iconica-or-jaune\/#primaryimage","url":"https:\/\/maisonroca.ad\/wp-content\/uploads\/2026\/01\/POC5111O100000000-2.jpg","contentUrl":"https:\/\/maisonroca.ad\/wp-content\/uploads\/2026\/01\/POC5111O100000000-2.jpg","width":1080,"height":1080,"caption":"maison-roca-andorra-pomellato-arracades-iconica-or-groc"},{"@type":"BreadcrumbList","@id":"https:\/\/maisonroca.ad\/fr\/boutique\/boucles-doreilles-pomellato-iconica-or-jaune\/#breadcrumb","itemListElement":[{"@type":"ListItem","position":1,"name":"Portada","item":"https:\/\/maisonroca.ad\/fr\/"},{"@type":"ListItem","position":2,"name":"Botiga","item":"https:\/\/maisonroca.ad\/botiga\/"},{"@type":"ListItem","position":3,"name":"BOUCLES D&#8217;OREILLES POMELLATO ICONICA EN OR JAUNE"}]},{"@type":"WebSite","@id":"https:\/\/maisonroca.ad\/fr\/#website","url":"https:\/\/maisonroca.ad\/fr\/","name":"Maison Roca","description":"Bold Luxury Life - joieria d&#039;autor - Andorra","publisher":{"@id":"https:\/\/maisonroca.ad\/fr\/#organization"},"potentialAction":[{"@type":"SearchAction","target":{"@type":"EntryPoint","urlTemplate":"https:\/\/maisonroca.ad\/fr\/?s={search_term_string}"},"query-input":{"@type":"PropertyValueSpecification","valueRequired":true,"valueName":"search_term_string"}}],"inLanguage":"fr-FR"},{"@type":"Organization","@id":"https:\/\/maisonroca.ad\/fr\/#organization","name":"Maison Roca","url":"https:\/\/maisonroca.ad\/fr\/","logo":{"@type":"ImageObject","inLanguage":"fr-FR","@id":"https:\/\/maisonroca.ad\/fr\/#\/schema\/logo\/image\/","url":"https:\/\/maisonroca.ad\/wp-content\/uploads\/2023\/10\/icono.png","contentUrl":"https:\/\/maisonroca.ad\/wp-content\/uploads\/2023\/10\/icono.png","width":512,"height":512,"caption":"Maison Roca"},"image":{"@id":"https:\/\/maisonroca.ad\/fr\/#\/schema\/logo\/image\/"},"sameAs":["https:\/\/www.facebook.com\/maisonroca","https:\/\/www.instagram.com\/maisonroca\/"]}]},"product_price_amount":"4860.00","product_price_currency":"EUR","og_availability":"instock","product_availability":"instock","product_retailer_item_id":"POC5111O100000000","product_condition":"new"},"_links":{"self":[{"href":"https:\/\/maisonroca.ad\/fr\/wp-json\/wp\/v2\/product\/82340","targetHints":{"allow":["GET"]}}],"collection":[{"href":"https:\/\/maisonroca.ad\/fr\/wp-json\/wp\/v2\/product"}],"about":[{"href":"https:\/\/maisonroca.ad\/fr\/wp-json\/wp\/v2\/types\/product"}],"replies":[{"embeddable":true,"href":"https:\/\/maisonroca.ad\/fr\/wp-json\/wp\/v2\/comments?post=82340"}],"version-history":[{"count":2,"href":"https:\/\/maisonroca.ad\/fr\/wp-json\/wp\/v2\/product\/82340\/revisions"}],"predecessor-version":[{"id":82342,"href":"https:\/\/maisonroca.ad\/fr\/wp-json\/wp\/v2\/product\/82340\/revisions\/82342"}],"wp:featuredmedia":[{"embeddable":true,"href":"https:\/\/maisonroca.ad\/fr\/wp-json\/wp\/v2\/media\/82329"}],"wp:attachment":[{"href":"https:\/\/maisonroca.ad\/fr\/wp-json\/wp\/v2\/media?parent=82340"}],"wp:term":[{"taxonomy":"product_brand","embeddable":true,"href":"https:\/\/maisonroca.ad\/fr\/wp-json\/wp\/v2\/product_brand?post=82340"},{"taxonomy":"product_cat","embeddable":true,"href":"https:\/\/maisonroca.ad\/fr\/wp-json\/wp\/v2\/product_cat?post=82340"},{"taxonomy":"product_tag","embeddable":true,"href":"https:\/\/maisonroca.ad\/fr\/wp-json\/wp\/v2\/product_tag?post=82340"}],"curies":[{"name":"wp","href":"https:\/\/api.w.org\/{rel}","templated":true}]}}