{"id":82427,"date":"2026-01-12T09:14:56","date_gmt":"2026-01-12T08:14:56","guid":{"rendered":"https:\/\/maisonroca.ad\/?post_type=product&#038;p=82427"},"modified":"2026-01-12T09:42:02","modified_gmt":"2026-01-12T08:42:02","slug":"bague-messika-fiery-pavee-or-jaune-diamants","status":"publish","type":"product","link":"https:\/\/maisonroca.ad\/fr\/boutique\/bague-messika-fiery-pavee-or-jaune-diamants\/","title":{"rendered":"BAGUE MESSIKA FIERY EN OR JAUNE AVEC PAV\u00c9E DE DIAMANTS"},"content":{"rendered":"<p>Bague Messika Fiery en or jaune avec pav\u00e9e de diamants.<\/p>\n<p>Une bague audacieuse et pleine de caract\u00e8re de la collection Fiery, en or jaune avec un pav\u00e9e de diamants. Un bijou de luxe qui refl\u00e8te la passion et la personnalit\u00e9 de vos moments les plus pr\u00e9cieux. Parfaite pour \u00eatre associ\u00e9e \u00e0 la bague de fian\u00e7ailles Fiery pour un ensemble spectaculaire.<\/p>\n<p>D\u00e9tails:<\/p>\n<p>\u2022 Or jaune 18k<br \/>\n\u2022 Pav\u00e9e diamants gvs1<\/p>\n","protected":false},"excerpt":{"rendered":"<p>Bague Messika Fiery en or jaune avec pav\u00e9e de diamants. Un bijou audacieux et sophistiqu\u00e9 qui exprime caract\u00e8re, passion et \u00e9l\u00e9gance contemporaine. Id\u00e9ale \u00e0 associer \u00e0 la bague de fian\u00e7ailles Fiery.<\/p>\n","protected":false},"featured_media":82416,"comment_status":"closed","ping_status":"closed","template":"","meta":{"_acf_changed":false,"_monsterinsights_skip_tracking":false,"_monsterinsights_sitenote_active":false,"_monsterinsights_sitenote_note":"","_monsterinsights_sitenote_category":0},"product_brand":[],"product_cat":[1244,1258],"product_tag":[3546,2192,2341,2732],"class_list":{"0":"post-82427","1":"product","2":"type-product","3":"status-publish","4":"has-post-thumbnail","6":"product_cat-bijou","7":"product_cat-messika-fr","8":"product_tag-anells-fr-2","9":"product_tag-diamants-2","10":"product_tag-messika-2-3","11":"product_tag-or-groc-fr","13":"first","14":"instock","15":"shipping-taxable","16":"purchasable","17":"product-type-simple"},"acf":[],"yoast_head":"<!-- This site is optimized with the Yoast SEO Premium plugin v26.8 (Yoast SEO v27.4) - https:\/\/yoast.com\/product\/yoast-seo-premium-wordpress\/ -->\n<title>Bague Messika Fiery pav\u00e9e en or jaune et diamants | Maison Roca<\/title>\n<meta name=\"description\" content=\"Bague Messika Fiery en or jaune avec pav\u00e9e de diamants, un bijou de luxe au caract\u00e8re affirm\u00e9 et au design contemporain, parfait comme bague de mariage.\" \/>\n<meta name=\"robots\" content=\"index, follow, max-snippet:-1, max-image-preview:large, max-video-preview:-1\" \/>\n<link rel=\"canonical\" href=\"https:\/\/maisonroca.ad\/fr\/boutique\/bague-messika-fiery-pavee-or-jaune-diamants\/\" \/>\n<meta property=\"og:locale\" content=\"fr_FR\" \/>\n<meta property=\"og:type\" content=\"article\" \/>\n<meta property=\"og:title\" content=\"BAGUE MESSIKA FIERY EN OR JAUNE AVEC PAV\u00c9E DE DIAMANTS\" \/>\n<meta property=\"og:description\" content=\"Bague Messika Fiery en or jaune avec pav\u00e9e de diamants, un bijou de luxe au caract\u00e8re affirm\u00e9 et au design contemporain, parfait comme bague de mariage.\" \/>\n<meta property=\"og:url\" content=\"https:\/\/maisonroca.ad\/fr\/boutique\/bague-messika-fiery-pavee-or-jaune-diamants\/\" \/>\n<meta property=\"og:site_name\" content=\"Maison Roca\" \/>\n<meta property=\"article:publisher\" content=\"https:\/\/www.facebook.com\/maisonroca\" \/>\n<meta property=\"article:modified_time\" content=\"2026-01-12T08:42:02+00:00\" \/>\n<meta property=\"og:image\" content=\"https:\/\/maisonroca.ad\/wp-content\/uploads\/2026\/01\/12088-YG.jpg\" \/>\n\t<meta property=\"og:image:width\" content=\"1080\" \/>\n\t<meta property=\"og:image:height\" content=\"1080\" \/>\n\t<meta property=\"og:image:type\" content=\"image\/jpeg\" \/>\n<meta name=\"twitter:card\" content=\"summary_large_image\" \/>\n<meta name=\"twitter:label1\" content=\"Prix\" \/>\n\t<meta name=\"twitter:data1\" content=\"1.607,00&nbsp;&euro;\" \/>\n\t<meta name=\"twitter:label2\" content=\"Disponibilit\u00e9\" \/>\n\t<meta name=\"twitter:data2\" content=\"En stock\" \/>\n<script type=\"application\/ld+json\" class=\"yoast-schema-graph\">{\"@context\":\"https:\\\/\\\/schema.org\",\"@graph\":[{\"@type\":\"WebPage\",\"@id\":\"https:\\\/\\\/maisonroca.ad\\\/fr\\\/boutique\\\/bague-messika-fiery-pavee-or-jaune-diamants\\\/\",\"url\":\"https:\\\/\\\/maisonroca.ad\\\/fr\\\/boutique\\\/bague-messika-fiery-pavee-or-jaune-diamants\\\/\",\"name\":\"Bague Messika Fiery pav\u00e9e en or jaune et diamants | Maison Roca\",\"isPartOf\":{\"@id\":\"https:\\\/\\\/maisonroca.ad\\\/fr\\\/#website\"},\"primaryImageOfPage\":{\"@id\":\"https:\\\/\\\/maisonroca.ad\\\/fr\\\/boutique\\\/bague-messika-fiery-pavee-or-jaune-diamants\\\/#primaryimage\"},\"image\":{\"@id\":\"https:\\\/\\\/maisonroca.ad\\\/fr\\\/boutique\\\/bague-messika-fiery-pavee-or-jaune-diamants\\\/#primaryimage\"},\"thumbnailUrl\":\"https:\\\/\\\/maisonroca.ad\\\/wp-content\\\/uploads\\\/2026\\\/01\\\/12088-YG.jpg\",\"datePublished\":\"2026-01-12T08:14:56+00:00\",\"dateModified\":\"2026-01-12T08:42:02+00:00\",\"description\":\"Bague Messika Fiery en or jaune avec pav\u00e9e de diamants, un bijou de luxe au caract\u00e8re affirm\u00e9 et au design contemporain, parfait comme bague de mariage.\",\"breadcrumb\":{\"@id\":\"https:\\\/\\\/maisonroca.ad\\\/fr\\\/boutique\\\/bague-messika-fiery-pavee-or-jaune-diamants\\\/#breadcrumb\"},\"inLanguage\":\"fr-FR\",\"potentialAction\":[{\"@type\":\"ReadAction\",\"target\":[\"https:\\\/\\\/maisonroca.ad\\\/fr\\\/boutique\\\/bague-messika-fiery-pavee-or-jaune-diamants\\\/\"]}]},{\"@type\":\"ImageObject\",\"inLanguage\":\"fr-FR\",\"@id\":\"https:\\\/\\\/maisonroca.ad\\\/fr\\\/boutique\\\/bague-messika-fiery-pavee-or-jaune-diamants\\\/#primaryimage\",\"url\":\"https:\\\/\\\/maisonroca.ad\\\/wp-content\\\/uploads\\\/2026\\\/01\\\/12088-YG.jpg\",\"contentUrl\":\"https:\\\/\\\/maisonroca.ad\\\/wp-content\\\/uploads\\\/2026\\\/01\\\/12088-YG.jpg\",\"width\":1080,\"height\":1080,\"caption\":\"maison-roca-andorra-messika-anell-fiery-pavee-or-groc-diamants\"},{\"@type\":\"BreadcrumbList\",\"@id\":\"https:\\\/\\\/maisonroca.ad\\\/fr\\\/boutique\\\/bague-messika-fiery-pavee-or-jaune-diamants\\\/#breadcrumb\",\"itemListElement\":[{\"@type\":\"ListItem\",\"position\":1,\"name\":\"Portada\",\"item\":\"https:\\\/\\\/maisonroca.ad\\\/fr\\\/\"},{\"@type\":\"ListItem\",\"position\":2,\"name\":\"Botiga\",\"item\":\"https:\\\/\\\/maisonroca.ad\\\/botiga\\\/\"},{\"@type\":\"ListItem\",\"position\":3,\"name\":\"BAGUE MESSIKA FIERY EN OR JAUNE AVEC PAV\u00c9E DE DIAMANTS\"}]},{\"@type\":\"WebSite\",\"@id\":\"https:\\\/\\\/maisonroca.ad\\\/fr\\\/#website\",\"url\":\"https:\\\/\\\/maisonroca.ad\\\/fr\\\/\",\"name\":\"Maison Roca\",\"description\":\"Bold Luxury Life - joieria d&#039;autor - Andorra\",\"publisher\":{\"@id\":\"https:\\\/\\\/maisonroca.ad\\\/fr\\\/#organization\"},\"potentialAction\":[{\"@type\":\"SearchAction\",\"target\":{\"@type\":\"EntryPoint\",\"urlTemplate\":\"https:\\\/\\\/maisonroca.ad\\\/fr\\\/?s={search_term_string}\"},\"query-input\":{\"@type\":\"PropertyValueSpecification\",\"valueRequired\":true,\"valueName\":\"search_term_string\"}}],\"inLanguage\":\"fr-FR\"},{\"@type\":\"Organization\",\"@id\":\"https:\\\/\\\/maisonroca.ad\\\/fr\\\/#organization\",\"name\":\"Maison Roca\",\"url\":\"https:\\\/\\\/maisonroca.ad\\\/fr\\\/\",\"logo\":{\"@type\":\"ImageObject\",\"inLanguage\":\"fr-FR\",\"@id\":\"https:\\\/\\\/maisonroca.ad\\\/fr\\\/#\\\/schema\\\/logo\\\/image\\\/\",\"url\":\"https:\\\/\\\/maisonroca.ad\\\/wp-content\\\/uploads\\\/2023\\\/10\\\/icono.png\",\"contentUrl\":\"https:\\\/\\\/maisonroca.ad\\\/wp-content\\\/uploads\\\/2023\\\/10\\\/icono.png\",\"width\":512,\"height\":512,\"caption\":\"Maison Roca\"},\"image\":{\"@id\":\"https:\\\/\\\/maisonroca.ad\\\/fr\\\/#\\\/schema\\\/logo\\\/image\\\/\"},\"sameAs\":[\"https:\\\/\\\/www.facebook.com\\\/maisonroca\",\"https:\\\/\\\/www.instagram.com\\\/maisonroca\\\/\"]}]}<\/script>\n<meta property=\"product:price:amount\" content=\"1607.00\" \/>\n<meta property=\"product:price:currency\" content=\"EUR\" \/>\n<meta property=\"og:availability\" content=\"instock\" \/>\n<meta property=\"product:availability\" content=\"instock\" \/>\n<meta property=\"product:retailer_item_id\" content=\"12088-YG\" \/>\n<meta property=\"product:condition\" content=\"new\" \/>\n<!-- \/ Yoast SEO Premium plugin. -->","yoast_head_json":{"title":"Bague Messika Fiery pav\u00e9e en or jaune et diamants | Maison Roca","description":"Bague Messika Fiery en or jaune avec pav\u00e9e de diamants, un bijou de luxe au caract\u00e8re affirm\u00e9 et au design contemporain, parfait comme bague de mariage.","robots":{"index":"index","follow":"follow","max-snippet":"max-snippet:-1","max-image-preview":"max-image-preview:large","max-video-preview":"max-video-preview:-1"},"canonical":"https:\/\/maisonroca.ad\/fr\/boutique\/bague-messika-fiery-pavee-or-jaune-diamants\/","og_locale":"fr_FR","og_type":"article","og_title":"BAGUE MESSIKA FIERY EN OR JAUNE AVEC PAV\u00c9E DE DIAMANTS","og_description":"Bague Messika Fiery en or jaune avec pav\u00e9e de diamants, un bijou de luxe au caract\u00e8re affirm\u00e9 et au design contemporain, parfait comme bague de mariage.","og_url":"https:\/\/maisonroca.ad\/fr\/boutique\/bague-messika-fiery-pavee-or-jaune-diamants\/","og_site_name":"Maison Roca","article_publisher":"https:\/\/www.facebook.com\/maisonroca","article_modified_time":"2026-01-12T08:42:02+00:00","og_image":[{"width":1080,"height":1080,"url":"https:\/\/maisonroca.ad\/wp-content\/uploads\/2026\/01\/12088-YG.jpg","type":"image\/jpeg"}],"twitter_card":"summary_large_image","twitter_misc":{"Prix":"1.607,00&nbsp;&euro;","Disponibilit\u00e9":"En stock"},"schema":{"@context":"https:\/\/schema.org","@graph":[{"@type":"WebPage","@id":"https:\/\/maisonroca.ad\/fr\/boutique\/bague-messika-fiery-pavee-or-jaune-diamants\/","url":"https:\/\/maisonroca.ad\/fr\/boutique\/bague-messika-fiery-pavee-or-jaune-diamants\/","name":"Bague Messika Fiery pav\u00e9e en or jaune et diamants | Maison Roca","isPartOf":{"@id":"https:\/\/maisonroca.ad\/fr\/#website"},"primaryImageOfPage":{"@id":"https:\/\/maisonroca.ad\/fr\/boutique\/bague-messika-fiery-pavee-or-jaune-diamants\/#primaryimage"},"image":{"@id":"https:\/\/maisonroca.ad\/fr\/boutique\/bague-messika-fiery-pavee-or-jaune-diamants\/#primaryimage"},"thumbnailUrl":"https:\/\/maisonroca.ad\/wp-content\/uploads\/2026\/01\/12088-YG.jpg","datePublished":"2026-01-12T08:14:56+00:00","dateModified":"2026-01-12T08:42:02+00:00","description":"Bague Messika Fiery en or jaune avec pav\u00e9e de diamants, un bijou de luxe au caract\u00e8re affirm\u00e9 et au design contemporain, parfait comme bague de mariage.","breadcrumb":{"@id":"https:\/\/maisonroca.ad\/fr\/boutique\/bague-messika-fiery-pavee-or-jaune-diamants\/#breadcrumb"},"inLanguage":"fr-FR","potentialAction":[{"@type":"ReadAction","target":["https:\/\/maisonroca.ad\/fr\/boutique\/bague-messika-fiery-pavee-or-jaune-diamants\/"]}]},{"@type":"ImageObject","inLanguage":"fr-FR","@id":"https:\/\/maisonroca.ad\/fr\/boutique\/bague-messika-fiery-pavee-or-jaune-diamants\/#primaryimage","url":"https:\/\/maisonroca.ad\/wp-content\/uploads\/2026\/01\/12088-YG.jpg","contentUrl":"https:\/\/maisonroca.ad\/wp-content\/uploads\/2026\/01\/12088-YG.jpg","width":1080,"height":1080,"caption":"maison-roca-andorra-messika-anell-fiery-pavee-or-groc-diamants"},{"@type":"BreadcrumbList","@id":"https:\/\/maisonroca.ad\/fr\/boutique\/bague-messika-fiery-pavee-or-jaune-diamants\/#breadcrumb","itemListElement":[{"@type":"ListItem","position":1,"name":"Portada","item":"https:\/\/maisonroca.ad\/fr\/"},{"@type":"ListItem","position":2,"name":"Botiga","item":"https:\/\/maisonroca.ad\/botiga\/"},{"@type":"ListItem","position":3,"name":"BAGUE MESSIKA FIERY EN OR JAUNE AVEC PAV\u00c9E DE DIAMANTS"}]},{"@type":"WebSite","@id":"https:\/\/maisonroca.ad\/fr\/#website","url":"https:\/\/maisonroca.ad\/fr\/","name":"Maison Roca","description":"Bold Luxury Life - joieria d&#039;autor - Andorra","publisher":{"@id":"https:\/\/maisonroca.ad\/fr\/#organization"},"potentialAction":[{"@type":"SearchAction","target":{"@type":"EntryPoint","urlTemplate":"https:\/\/maisonroca.ad\/fr\/?s={search_term_string}"},"query-input":{"@type":"PropertyValueSpecification","valueRequired":true,"valueName":"search_term_string"}}],"inLanguage":"fr-FR"},{"@type":"Organization","@id":"https:\/\/maisonroca.ad\/fr\/#organization","name":"Maison Roca","url":"https:\/\/maisonroca.ad\/fr\/","logo":{"@type":"ImageObject","inLanguage":"fr-FR","@id":"https:\/\/maisonroca.ad\/fr\/#\/schema\/logo\/image\/","url":"https:\/\/maisonroca.ad\/wp-content\/uploads\/2023\/10\/icono.png","contentUrl":"https:\/\/maisonroca.ad\/wp-content\/uploads\/2023\/10\/icono.png","width":512,"height":512,"caption":"Maison Roca"},"image":{"@id":"https:\/\/maisonroca.ad\/fr\/#\/schema\/logo\/image\/"},"sameAs":["https:\/\/www.facebook.com\/maisonroca","https:\/\/www.instagram.com\/maisonroca\/"]}]},"product_price_amount":"1607.00","product_price_currency":"EUR","og_availability":"instock","product_availability":"instock","product_retailer_item_id":"12088-YG","product_condition":"new"},"_links":{"self":[{"href":"https:\/\/maisonroca.ad\/fr\/wp-json\/wp\/v2\/product\/82427","targetHints":{"allow":["GET"]}}],"collection":[{"href":"https:\/\/maisonroca.ad\/fr\/wp-json\/wp\/v2\/product"}],"about":[{"href":"https:\/\/maisonroca.ad\/fr\/wp-json\/wp\/v2\/types\/product"}],"replies":[{"embeddable":true,"href":"https:\/\/maisonroca.ad\/fr\/wp-json\/wp\/v2\/comments?post=82427"}],"version-history":[{"count":1,"href":"https:\/\/maisonroca.ad\/fr\/wp-json\/wp\/v2\/product\/82427\/revisions"}],"predecessor-version":[{"id":82428,"href":"https:\/\/maisonroca.ad\/fr\/wp-json\/wp\/v2\/product\/82427\/revisions\/82428"}],"wp:featuredmedia":[{"embeddable":true,"href":"https:\/\/maisonroca.ad\/fr\/wp-json\/wp\/v2\/media\/82416"}],"wp:attachment":[{"href":"https:\/\/maisonroca.ad\/fr\/wp-json\/wp\/v2\/media?parent=82427"}],"wp:term":[{"taxonomy":"product_brand","embeddable":true,"href":"https:\/\/maisonroca.ad\/fr\/wp-json\/wp\/v2\/product_brand?post=82427"},{"taxonomy":"product_cat","embeddable":true,"href":"https:\/\/maisonroca.ad\/fr\/wp-json\/wp\/v2\/product_cat?post=82427"},{"taxonomy":"product_tag","embeddable":true,"href":"https:\/\/maisonroca.ad\/fr\/wp-json\/wp\/v2\/product_tag?post=82427"}],"curies":[{"name":"wp","href":"https:\/\/api.w.org\/{rel}","templated":true}]}}