{"id":82461,"date":"2026-01-12T10:48:48","date_gmt":"2026-01-12T09:48:48","guid":{"rendered":"https:\/\/maisonroca.ad\/?post_type=product&#038;p=82461"},"modified":"2026-01-12T11:00:17","modified_gmt":"2026-01-12T10:00:17","slug":"boucles-oreilles-messika-fiery-or-jaune-diamants","status":"publish","type":"product","link":"https:\/\/maisonroca.ad\/fr\/boutique\/boucles-oreilles-messika-fiery-or-jaune-diamants\/","title":{"rendered":"BOUCLES D&rsquo;OREILLES MESSIKA FIERY 0,10 CT EN OR JAUNE ET DIAMANTS"},"content":{"rendered":"<p>Boucles d\u2019oreilles Messika Fiery 0,10 ct en or jaune et diamants.<\/p>\n<p>Des boucles d\u2019oreilles flamboyantes qui allient la flamme de l\u2019or jaune et les diamants, symbole de la collection Fiery. Le diamant taille poire, sublim\u00e9 par un pavage en d\u00e9grad\u00e9 et des surfaces d\u2019or audacieuses, cr\u00e9e un contraste saisissant plein de personnalit\u00e9.<\/p>\n<p>D\u00e9tails:<\/p>\n<p>\u2022 Or Jaune 18k<br \/>\n\u2022 44 Diamants 0,121 ct gvs1<br \/>\n\u2022 2 Diamants 0,215 ct fvs<\/p>\n","protected":false},"excerpt":{"rendered":"<p data-start=\"199\" data-end=\"451\">Boucles d\u2019oreilles de la collection Fiery avec diamant taille poire et pav\u00e9e d\u00e9grad\u00e9 en or jaune. Un bijou audacieux et \u00e9l\u00e9gant qui combine d\u00e9licatesse et audace, parfait pour celles et ceux qui veulent se d\u00e9marquer.<\/p>\n<p data-start=\"453\" data-end=\"553\">\n","protected":false},"featured_media":82449,"comment_status":"closed","ping_status":"closed","template":"","meta":{"_acf_changed":false,"_monsterinsights_skip_tracking":false,"_monsterinsights_sitenote_active":false,"_monsterinsights_sitenote_note":"","_monsterinsights_sitenote_category":0},"product_brand":[],"product_cat":[1244,1258],"product_tag":[2828,2192,2341,2732],"class_list":{"0":"post-82461","1":"product","2":"type-product","3":"status-publish","4":"has-post-thumbnail","6":"product_cat-bijou","7":"product_cat-messika-fr","8":"product_tag-arracades-fr","9":"product_tag-diamants-2","10":"product_tag-messika-2-3","11":"product_tag-or-groc-fr","13":"first","14":"instock","15":"shipping-taxable","16":"purchasable","17":"product-type-simple"},"acf":[],"yoast_head":"<!-- This site is optimized with the Yoast SEO Premium plugin v26.8 (Yoast SEO v27.4) - https:\/\/yoast.com\/product\/yoast-seo-premium-wordpress\/ -->\n<title>Boucles d\u2019oreilles Messika Fiery or jaune et diamants | Maison Roca<\/title>\n<meta name=\"description\" content=\"Boucles d\u2019oreilles Messika Fiery 0,10 ct en or jaune avec diamant taille poire et pav\u00e9e d\u00e9grad\u00e9. Un bijou de luxe au caract\u00e8re et \u00e0 l\u2019\u00e9l\u00e9gance affirm\u00e9s.\" \/>\n<meta name=\"robots\" content=\"index, follow, max-snippet:-1, max-image-preview:large, max-video-preview:-1\" \/>\n<link rel=\"canonical\" href=\"https:\/\/maisonroca.ad\/fr\/boutique\/boucles-oreilles-messika-fiery-or-jaune-diamants\/\" \/>\n<meta property=\"og:locale\" content=\"fr_FR\" \/>\n<meta property=\"og:type\" content=\"article\" \/>\n<meta property=\"og:title\" content=\"BOUCLES D&#039;OREILLES MESSIKA FIERY 0,10 CT EN OR JAUNE ET DIAMANTS\" \/>\n<meta property=\"og:description\" content=\"Boucles d\u2019oreilles Messika Fiery 0,10 ct en or jaune avec diamant taille poire et pav\u00e9e d\u00e9grad\u00e9. Un bijou de luxe au caract\u00e8re et \u00e0 l\u2019\u00e9l\u00e9gance affirm\u00e9s.\" \/>\n<meta property=\"og:url\" content=\"https:\/\/maisonroca.ad\/fr\/boutique\/boucles-oreilles-messika-fiery-or-jaune-diamants\/\" \/>\n<meta property=\"og:site_name\" content=\"Maison Roca\" \/>\n<meta property=\"article:publisher\" content=\"https:\/\/www.facebook.com\/maisonroca\" \/>\n<meta property=\"article:modified_time\" content=\"2026-01-12T10:00:17+00:00\" \/>\n<meta property=\"og:image\" content=\"https:\/\/maisonroca.ad\/wp-content\/uploads\/2026\/01\/12809-YG.jpg\" \/>\n\t<meta property=\"og:image:width\" content=\"1080\" \/>\n\t<meta property=\"og:image:height\" content=\"1080\" \/>\n\t<meta property=\"og:image:type\" content=\"image\/jpeg\" \/>\n<meta name=\"twitter:card\" content=\"summary_large_image\" \/>\n<meta name=\"twitter:label1\" content=\"Prix\" \/>\n\t<meta name=\"twitter:data1\" content=\"2.593,00&nbsp;&euro;\" \/>\n\t<meta name=\"twitter:label2\" content=\"Disponibilit\u00e9\" \/>\n\t<meta name=\"twitter:data2\" content=\"En stock\" \/>\n<script type=\"application\/ld+json\" class=\"yoast-schema-graph\">{\"@context\":\"https:\\\/\\\/schema.org\",\"@graph\":[{\"@type\":\"WebPage\",\"@id\":\"https:\\\/\\\/maisonroca.ad\\\/fr\\\/boutique\\\/boucles-oreilles-messika-fiery-or-jaune-diamants\\\/\",\"url\":\"https:\\\/\\\/maisonroca.ad\\\/fr\\\/boutique\\\/boucles-oreilles-messika-fiery-or-jaune-diamants\\\/\",\"name\":\"Boucles d\u2019oreilles Messika Fiery or jaune et diamants | Maison Roca\",\"isPartOf\":{\"@id\":\"https:\\\/\\\/maisonroca.ad\\\/fr\\\/#website\"},\"primaryImageOfPage\":{\"@id\":\"https:\\\/\\\/maisonroca.ad\\\/fr\\\/boutique\\\/boucles-oreilles-messika-fiery-or-jaune-diamants\\\/#primaryimage\"},\"image\":{\"@id\":\"https:\\\/\\\/maisonroca.ad\\\/fr\\\/boutique\\\/boucles-oreilles-messika-fiery-or-jaune-diamants\\\/#primaryimage\"},\"thumbnailUrl\":\"https:\\\/\\\/maisonroca.ad\\\/wp-content\\\/uploads\\\/2026\\\/01\\\/12809-YG.jpg\",\"datePublished\":\"2026-01-12T09:48:48+00:00\",\"dateModified\":\"2026-01-12T10:00:17+00:00\",\"description\":\"Boucles d\u2019oreilles Messika Fiery 0,10 ct en or jaune avec diamant taille poire et pav\u00e9e d\u00e9grad\u00e9. Un bijou de luxe au caract\u00e8re et \u00e0 l\u2019\u00e9l\u00e9gance affirm\u00e9s.\",\"breadcrumb\":{\"@id\":\"https:\\\/\\\/maisonroca.ad\\\/fr\\\/boutique\\\/boucles-oreilles-messika-fiery-or-jaune-diamants\\\/#breadcrumb\"},\"inLanguage\":\"fr-FR\",\"potentialAction\":[{\"@type\":\"ReadAction\",\"target\":[\"https:\\\/\\\/maisonroca.ad\\\/fr\\\/boutique\\\/boucles-oreilles-messika-fiery-or-jaune-diamants\\\/\"]}]},{\"@type\":\"ImageObject\",\"inLanguage\":\"fr-FR\",\"@id\":\"https:\\\/\\\/maisonroca.ad\\\/fr\\\/boutique\\\/boucles-oreilles-messika-fiery-or-jaune-diamants\\\/#primaryimage\",\"url\":\"https:\\\/\\\/maisonroca.ad\\\/wp-content\\\/uploads\\\/2026\\\/01\\\/12809-YG.jpg\",\"contentUrl\":\"https:\\\/\\\/maisonroca.ad\\\/wp-content\\\/uploads\\\/2026\\\/01\\\/12809-YG.jpg\",\"width\":1080,\"height\":1080,\"caption\":\"maison-roca-andorra-messika-arracades-fiery-0,10-ct-or-groc-diamants\"},{\"@type\":\"BreadcrumbList\",\"@id\":\"https:\\\/\\\/maisonroca.ad\\\/fr\\\/boutique\\\/boucles-oreilles-messika-fiery-or-jaune-diamants\\\/#breadcrumb\",\"itemListElement\":[{\"@type\":\"ListItem\",\"position\":1,\"name\":\"Portada\",\"item\":\"https:\\\/\\\/maisonroca.ad\\\/fr\\\/\"},{\"@type\":\"ListItem\",\"position\":2,\"name\":\"Botiga\",\"item\":\"https:\\\/\\\/maisonroca.ad\\\/botiga\\\/\"},{\"@type\":\"ListItem\",\"position\":3,\"name\":\"BOUCLES D&#8217;OREILLES MESSIKA FIERY 0,10 CT EN OR JAUNE ET DIAMANTS\"}]},{\"@type\":\"WebSite\",\"@id\":\"https:\\\/\\\/maisonroca.ad\\\/fr\\\/#website\",\"url\":\"https:\\\/\\\/maisonroca.ad\\\/fr\\\/\",\"name\":\"Maison Roca\",\"description\":\"Bold Luxury Life - joieria d&#039;autor - Andorra\",\"publisher\":{\"@id\":\"https:\\\/\\\/maisonroca.ad\\\/fr\\\/#organization\"},\"potentialAction\":[{\"@type\":\"SearchAction\",\"target\":{\"@type\":\"EntryPoint\",\"urlTemplate\":\"https:\\\/\\\/maisonroca.ad\\\/fr\\\/?s={search_term_string}\"},\"query-input\":{\"@type\":\"PropertyValueSpecification\",\"valueRequired\":true,\"valueName\":\"search_term_string\"}}],\"inLanguage\":\"fr-FR\"},{\"@type\":\"Organization\",\"@id\":\"https:\\\/\\\/maisonroca.ad\\\/fr\\\/#organization\",\"name\":\"Maison Roca\",\"url\":\"https:\\\/\\\/maisonroca.ad\\\/fr\\\/\",\"logo\":{\"@type\":\"ImageObject\",\"inLanguage\":\"fr-FR\",\"@id\":\"https:\\\/\\\/maisonroca.ad\\\/fr\\\/#\\\/schema\\\/logo\\\/image\\\/\",\"url\":\"https:\\\/\\\/maisonroca.ad\\\/wp-content\\\/uploads\\\/2023\\\/10\\\/icono.png\",\"contentUrl\":\"https:\\\/\\\/maisonroca.ad\\\/wp-content\\\/uploads\\\/2023\\\/10\\\/icono.png\",\"width\":512,\"height\":512,\"caption\":\"Maison Roca\"},\"image\":{\"@id\":\"https:\\\/\\\/maisonroca.ad\\\/fr\\\/#\\\/schema\\\/logo\\\/image\\\/\"},\"sameAs\":[\"https:\\\/\\\/www.facebook.com\\\/maisonroca\",\"https:\\\/\\\/www.instagram.com\\\/maisonroca\\\/\"]}]}<\/script>\n<meta property=\"product:price:amount\" content=\"2593.00\" \/>\n<meta property=\"product:price:currency\" content=\"EUR\" \/>\n<meta property=\"og:availability\" content=\"instock\" \/>\n<meta property=\"product:availability\" content=\"instock\" \/>\n<meta property=\"product:retailer_item_id\" content=\"12809-YG\" \/>\n<meta property=\"product:condition\" content=\"new\" \/>\n<!-- \/ Yoast SEO Premium plugin. -->","yoast_head_json":{"title":"Boucles d\u2019oreilles Messika Fiery or jaune et diamants | Maison Roca","description":"Boucles d\u2019oreilles Messika Fiery 0,10 ct en or jaune avec diamant taille poire et pav\u00e9e d\u00e9grad\u00e9. Un bijou de luxe au caract\u00e8re et \u00e0 l\u2019\u00e9l\u00e9gance affirm\u00e9s.","robots":{"index":"index","follow":"follow","max-snippet":"max-snippet:-1","max-image-preview":"max-image-preview:large","max-video-preview":"max-video-preview:-1"},"canonical":"https:\/\/maisonroca.ad\/fr\/boutique\/boucles-oreilles-messika-fiery-or-jaune-diamants\/","og_locale":"fr_FR","og_type":"article","og_title":"BOUCLES D'OREILLES MESSIKA FIERY 0,10 CT EN OR JAUNE ET DIAMANTS","og_description":"Boucles d\u2019oreilles Messika Fiery 0,10 ct en or jaune avec diamant taille poire et pav\u00e9e d\u00e9grad\u00e9. Un bijou de luxe au caract\u00e8re et \u00e0 l\u2019\u00e9l\u00e9gance affirm\u00e9s.","og_url":"https:\/\/maisonroca.ad\/fr\/boutique\/boucles-oreilles-messika-fiery-or-jaune-diamants\/","og_site_name":"Maison Roca","article_publisher":"https:\/\/www.facebook.com\/maisonroca","article_modified_time":"2026-01-12T10:00:17+00:00","og_image":[{"width":1080,"height":1080,"url":"https:\/\/maisonroca.ad\/wp-content\/uploads\/2026\/01\/12809-YG.jpg","type":"image\/jpeg"}],"twitter_card":"summary_large_image","twitter_misc":{"Prix":"2.593,00&nbsp;&euro;","Disponibilit\u00e9":"En stock"},"schema":{"@context":"https:\/\/schema.org","@graph":[{"@type":"WebPage","@id":"https:\/\/maisonroca.ad\/fr\/boutique\/boucles-oreilles-messika-fiery-or-jaune-diamants\/","url":"https:\/\/maisonroca.ad\/fr\/boutique\/boucles-oreilles-messika-fiery-or-jaune-diamants\/","name":"Boucles d\u2019oreilles Messika Fiery or jaune et diamants | Maison Roca","isPartOf":{"@id":"https:\/\/maisonroca.ad\/fr\/#website"},"primaryImageOfPage":{"@id":"https:\/\/maisonroca.ad\/fr\/boutique\/boucles-oreilles-messika-fiery-or-jaune-diamants\/#primaryimage"},"image":{"@id":"https:\/\/maisonroca.ad\/fr\/boutique\/boucles-oreilles-messika-fiery-or-jaune-diamants\/#primaryimage"},"thumbnailUrl":"https:\/\/maisonroca.ad\/wp-content\/uploads\/2026\/01\/12809-YG.jpg","datePublished":"2026-01-12T09:48:48+00:00","dateModified":"2026-01-12T10:00:17+00:00","description":"Boucles d\u2019oreilles Messika Fiery 0,10 ct en or jaune avec diamant taille poire et pav\u00e9e d\u00e9grad\u00e9. Un bijou de luxe au caract\u00e8re et \u00e0 l\u2019\u00e9l\u00e9gance affirm\u00e9s.","breadcrumb":{"@id":"https:\/\/maisonroca.ad\/fr\/boutique\/boucles-oreilles-messika-fiery-or-jaune-diamants\/#breadcrumb"},"inLanguage":"fr-FR","potentialAction":[{"@type":"ReadAction","target":["https:\/\/maisonroca.ad\/fr\/boutique\/boucles-oreilles-messika-fiery-or-jaune-diamants\/"]}]},{"@type":"ImageObject","inLanguage":"fr-FR","@id":"https:\/\/maisonroca.ad\/fr\/boutique\/boucles-oreilles-messika-fiery-or-jaune-diamants\/#primaryimage","url":"https:\/\/maisonroca.ad\/wp-content\/uploads\/2026\/01\/12809-YG.jpg","contentUrl":"https:\/\/maisonroca.ad\/wp-content\/uploads\/2026\/01\/12809-YG.jpg","width":1080,"height":1080,"caption":"maison-roca-andorra-messika-arracades-fiery-0,10-ct-or-groc-diamants"},{"@type":"BreadcrumbList","@id":"https:\/\/maisonroca.ad\/fr\/boutique\/boucles-oreilles-messika-fiery-or-jaune-diamants\/#breadcrumb","itemListElement":[{"@type":"ListItem","position":1,"name":"Portada","item":"https:\/\/maisonroca.ad\/fr\/"},{"@type":"ListItem","position":2,"name":"Botiga","item":"https:\/\/maisonroca.ad\/botiga\/"},{"@type":"ListItem","position":3,"name":"BOUCLES D&#8217;OREILLES MESSIKA FIERY 0,10 CT EN OR JAUNE ET DIAMANTS"}]},{"@type":"WebSite","@id":"https:\/\/maisonroca.ad\/fr\/#website","url":"https:\/\/maisonroca.ad\/fr\/","name":"Maison Roca","description":"Bold Luxury Life - joieria d&#039;autor - Andorra","publisher":{"@id":"https:\/\/maisonroca.ad\/fr\/#organization"},"potentialAction":[{"@type":"SearchAction","target":{"@type":"EntryPoint","urlTemplate":"https:\/\/maisonroca.ad\/fr\/?s={search_term_string}"},"query-input":{"@type":"PropertyValueSpecification","valueRequired":true,"valueName":"search_term_string"}}],"inLanguage":"fr-FR"},{"@type":"Organization","@id":"https:\/\/maisonroca.ad\/fr\/#organization","name":"Maison Roca","url":"https:\/\/maisonroca.ad\/fr\/","logo":{"@type":"ImageObject","inLanguage":"fr-FR","@id":"https:\/\/maisonroca.ad\/fr\/#\/schema\/logo\/image\/","url":"https:\/\/maisonroca.ad\/wp-content\/uploads\/2023\/10\/icono.png","contentUrl":"https:\/\/maisonroca.ad\/wp-content\/uploads\/2023\/10\/icono.png","width":512,"height":512,"caption":"Maison Roca"},"image":{"@id":"https:\/\/maisonroca.ad\/fr\/#\/schema\/logo\/image\/"},"sameAs":["https:\/\/www.facebook.com\/maisonroca","https:\/\/www.instagram.com\/maisonroca\/"]}]},"product_price_amount":"2593.00","product_price_currency":"EUR","og_availability":"instock","product_availability":"instock","product_retailer_item_id":"12809-YG","product_condition":"new"},"_links":{"self":[{"href":"https:\/\/maisonroca.ad\/fr\/wp-json\/wp\/v2\/product\/82461","targetHints":{"allow":["GET"]}}],"collection":[{"href":"https:\/\/maisonroca.ad\/fr\/wp-json\/wp\/v2\/product"}],"about":[{"href":"https:\/\/maisonroca.ad\/fr\/wp-json\/wp\/v2\/types\/product"}],"replies":[{"embeddable":true,"href":"https:\/\/maisonroca.ad\/fr\/wp-json\/wp\/v2\/comments?post=82461"}],"version-history":[{"count":1,"href":"https:\/\/maisonroca.ad\/fr\/wp-json\/wp\/v2\/product\/82461\/revisions"}],"predecessor-version":[{"id":82462,"href":"https:\/\/maisonroca.ad\/fr\/wp-json\/wp\/v2\/product\/82461\/revisions\/82462"}],"wp:featuredmedia":[{"embeddable":true,"href":"https:\/\/maisonroca.ad\/fr\/wp-json\/wp\/v2\/media\/82449"}],"wp:attachment":[{"href":"https:\/\/maisonroca.ad\/fr\/wp-json\/wp\/v2\/media?parent=82461"}],"wp:term":[{"taxonomy":"product_brand","embeddable":true,"href":"https:\/\/maisonroca.ad\/fr\/wp-json\/wp\/v2\/product_brand?post=82461"},{"taxonomy":"product_cat","embeddable":true,"href":"https:\/\/maisonroca.ad\/fr\/wp-json\/wp\/v2\/product_cat?post=82461"},{"taxonomy":"product_tag","embeddable":true,"href":"https:\/\/maisonroca.ad\/fr\/wp-json\/wp\/v2\/product_tag?post=82461"}],"curies":[{"name":"wp","href":"https:\/\/api.w.org\/{rel}","templated":true}]}}