{"id":82519,"date":"2026-01-13T09:26:34","date_gmt":"2026-01-13T08:26:34","guid":{"rendered":"https:\/\/maisonroca.ad\/?post_type=product&#038;p=82519"},"modified":"2026-01-13T09:52:20","modified_gmt":"2026-01-13T08:52:20","slug":"boucles-oreilles-pomellato-nudo-mini-or-rose-topaze-london-blue","status":"publish","type":"product","link":"https:\/\/maisonroca.ad\/fr\/boutique\/boucles-oreilles-pomellato-nudo-mini-or-rose-topaze-london-blue\/","title":{"rendered":"BOUCLES D&rsquo;OREILLES NUDO MINI EN OR ROSE ET TOPAZE LONDON BLUE"},"content":{"rendered":"<p>Boucles d\u2019oreilles Nudo Mini en or rose et topaze London blue.<\/p>\n<p>Nudo est l\u2019embl\u00e8me de Pomellato, avec un design iconique qui lib\u00e8re les pierres pr\u00e9cieuses des sertissages traditionnels afin de sublimer leur \u00e9clat naturel. La collection Nudo Mini propose une interpr\u00e9tation plus intime et raffin\u00e9e du mod\u00e8le original, id\u00e9ale pour le quotidien. Les boucles d\u2019oreilles Nudo Mini mettent en valeur le charme myst\u00e9rieux de la topaze London blue, avec des pierres taill\u00e9es en forme de sablier qui refl\u00e8tent l\u2019excellence de Pomellato.<\/p>\n<p>D\u00e9tails :<\/p>\n<p>\u2022 Or rose 18 k<br \/>\n\u2022 2 Topaze London Blue<\/p>\n","protected":false},"excerpt":{"rendered":"<p>Les boucles d\u2019oreilles Pomellato Nudo Mini en or rose r\u00e9v\u00e8lent la beaut\u00e9 profonde et myst\u00e9rieuse de la topaze London blue, taill\u00e9e en forme de sablier. Une interpr\u00e9tation plus d\u00e9licate du design iconique Nudo, id\u00e9ale pour une \u00e9l\u00e9gance au quotidien.<\/p>\n","protected":false},"featured_media":82504,"comment_status":"closed","ping_status":"closed","template":"","meta":{"_acf_changed":false,"_monsterinsights_skip_tracking":false,"_monsterinsights_sitenote_active":false,"_monsterinsights_sitenote_note":"","_monsterinsights_sitenote_category":0},"product_brand":[],"product_cat":[1244,1263],"product_tag":[2828,2171,3391,2183],"class_list":{"0":"post-82519","1":"product","2":"type-product","3":"status-publish","4":"has-post-thumbnail","6":"product_cat-bijou","7":"product_cat-pomellato-fr","8":"product_tag-arracades-fr","9":"product_tag-or-blanc-2","10":"product_tag-or-rosa-fr","11":"product_tag-pomellato-2","13":"first","14":"instock","15":"shipping-taxable","16":"purchasable","17":"product-type-simple"},"acf":[],"yoast_head":"<!-- This site is optimized with the Yoast SEO Premium plugin v26.8 (Yoast SEO v27.4) - https:\/\/yoast.com\/product\/yoast-seo-premium-wordpress\/ -->\n<title>Boucles d\u2019oreilles Pomellato Nudo Mini or rose avec topaze London blue | Maison Roca<\/title>\n<meta name=\"description\" content=\"Boucles d\u2019oreilles Pomellato Nudo Mini en or rose avec topaze London blue. Un design iconique et raffin\u00e9 qui sublime l\u2019\u00e9clat naturel de la pierre.\" \/>\n<meta name=\"robots\" content=\"index, follow, max-snippet:-1, max-image-preview:large, max-video-preview:-1\" \/>\n<link rel=\"canonical\" href=\"https:\/\/maisonroca.ad\/fr\/boutique\/boucles-oreilles-pomellato-nudo-mini-or-rose-topaze-london-blue\/\" \/>\n<meta property=\"og:locale\" content=\"fr_FR\" \/>\n<meta property=\"og:type\" content=\"article\" \/>\n<meta property=\"og:title\" content=\"BOUCLES D&#039;OREILLES NUDO MINI EN OR ROSE ET TOPAZE LONDON BLUE\" \/>\n<meta property=\"og:description\" content=\"Boucles d\u2019oreilles Pomellato Nudo Mini en or rose avec topaze London blue. Un design iconique et raffin\u00e9 qui sublime l\u2019\u00e9clat naturel de la pierre.\" \/>\n<meta property=\"og:url\" content=\"https:\/\/maisonroca.ad\/fr\/boutique\/boucles-oreilles-pomellato-nudo-mini-or-rose-topaze-london-blue\/\" \/>\n<meta property=\"og:site_name\" content=\"Maison Roca\" \/>\n<meta property=\"article:publisher\" content=\"https:\/\/www.facebook.com\/maisonroca\" \/>\n<meta property=\"article:modified_time\" content=\"2026-01-13T08:52:20+00:00\" \/>\n<meta property=\"og:image\" content=\"https:\/\/maisonroca.ad\/wp-content\/uploads\/2026\/01\/POC5020-O7000-000TL.jpg\" \/>\n\t<meta property=\"og:image:width\" content=\"1080\" \/>\n\t<meta property=\"og:image:height\" content=\"1080\" \/>\n\t<meta property=\"og:image:type\" content=\"image\/jpeg\" \/>\n<meta name=\"twitter:card\" content=\"summary_large_image\" \/>\n<meta name=\"twitter:label1\" content=\"Prix\" \/>\n\t<meta name=\"twitter:data1\" content=\"3.690,00&nbsp;&euro;\" \/>\n\t<meta name=\"twitter:label2\" content=\"Disponibilit\u00e9\" \/>\n\t<meta name=\"twitter:data2\" content=\"En stock\" \/>\n<script type=\"application\/ld+json\" class=\"yoast-schema-graph\">{\"@context\":\"https:\\\/\\\/schema.org\",\"@graph\":[{\"@type\":\"WebPage\",\"@id\":\"https:\\\/\\\/maisonroca.ad\\\/fr\\\/boutique\\\/boucles-oreilles-pomellato-nudo-mini-or-rose-topaze-london-blue\\\/\",\"url\":\"https:\\\/\\\/maisonroca.ad\\\/fr\\\/boutique\\\/boucles-oreilles-pomellato-nudo-mini-or-rose-topaze-london-blue\\\/\",\"name\":\"Boucles d\u2019oreilles Pomellato Nudo Mini or rose avec topaze London blue | Maison Roca\",\"isPartOf\":{\"@id\":\"https:\\\/\\\/maisonroca.ad\\\/fr\\\/#website\"},\"primaryImageOfPage\":{\"@id\":\"https:\\\/\\\/maisonroca.ad\\\/fr\\\/boutique\\\/boucles-oreilles-pomellato-nudo-mini-or-rose-topaze-london-blue\\\/#primaryimage\"},\"image\":{\"@id\":\"https:\\\/\\\/maisonroca.ad\\\/fr\\\/boutique\\\/boucles-oreilles-pomellato-nudo-mini-or-rose-topaze-london-blue\\\/#primaryimage\"},\"thumbnailUrl\":\"https:\\\/\\\/maisonroca.ad\\\/wp-content\\\/uploads\\\/2026\\\/01\\\/POC5020-O7000-000TL.jpg\",\"datePublished\":\"2026-01-13T08:26:34+00:00\",\"dateModified\":\"2026-01-13T08:52:20+00:00\",\"description\":\"Boucles d\u2019oreilles Pomellato Nudo Mini en or rose avec topaze London blue. Un design iconique et raffin\u00e9 qui sublime l\u2019\u00e9clat naturel de la pierre.\",\"breadcrumb\":{\"@id\":\"https:\\\/\\\/maisonroca.ad\\\/fr\\\/boutique\\\/boucles-oreilles-pomellato-nudo-mini-or-rose-topaze-london-blue\\\/#breadcrumb\"},\"inLanguage\":\"fr-FR\",\"potentialAction\":[{\"@type\":\"ReadAction\",\"target\":[\"https:\\\/\\\/maisonroca.ad\\\/fr\\\/boutique\\\/boucles-oreilles-pomellato-nudo-mini-or-rose-topaze-london-blue\\\/\"]}]},{\"@type\":\"ImageObject\",\"inLanguage\":\"fr-FR\",\"@id\":\"https:\\\/\\\/maisonroca.ad\\\/fr\\\/boutique\\\/boucles-oreilles-pomellato-nudo-mini-or-rose-topaze-london-blue\\\/#primaryimage\",\"url\":\"https:\\\/\\\/maisonroca.ad\\\/wp-content\\\/uploads\\\/2026\\\/01\\\/POC5020-O7000-000TL.jpg\",\"contentUrl\":\"https:\\\/\\\/maisonroca.ad\\\/wp-content\\\/uploads\\\/2026\\\/01\\\/POC5020-O7000-000TL.jpg\",\"width\":1080,\"height\":1080,\"caption\":\"maison-roca-andorra-pomellato-arracades-nudo-mini-or-rosa-topazis-blue-london\"},{\"@type\":\"BreadcrumbList\",\"@id\":\"https:\\\/\\\/maisonroca.ad\\\/fr\\\/boutique\\\/boucles-oreilles-pomellato-nudo-mini-or-rose-topaze-london-blue\\\/#breadcrumb\",\"itemListElement\":[{\"@type\":\"ListItem\",\"position\":1,\"name\":\"Portada\",\"item\":\"https:\\\/\\\/maisonroca.ad\\\/fr\\\/\"},{\"@type\":\"ListItem\",\"position\":2,\"name\":\"Botiga\",\"item\":\"https:\\\/\\\/maisonroca.ad\\\/botiga\\\/\"},{\"@type\":\"ListItem\",\"position\":3,\"name\":\"BOUCLES D&#8217;OREILLES NUDO MINI EN OR ROSE ET TOPAZE LONDON BLUE\"}]},{\"@type\":\"WebSite\",\"@id\":\"https:\\\/\\\/maisonroca.ad\\\/fr\\\/#website\",\"url\":\"https:\\\/\\\/maisonroca.ad\\\/fr\\\/\",\"name\":\"Maison Roca\",\"description\":\"Bold Luxury Life - joieria d&#039;autor - Andorra\",\"publisher\":{\"@id\":\"https:\\\/\\\/maisonroca.ad\\\/fr\\\/#organization\"},\"potentialAction\":[{\"@type\":\"SearchAction\",\"target\":{\"@type\":\"EntryPoint\",\"urlTemplate\":\"https:\\\/\\\/maisonroca.ad\\\/fr\\\/?s={search_term_string}\"},\"query-input\":{\"@type\":\"PropertyValueSpecification\",\"valueRequired\":true,\"valueName\":\"search_term_string\"}}],\"inLanguage\":\"fr-FR\"},{\"@type\":\"Organization\",\"@id\":\"https:\\\/\\\/maisonroca.ad\\\/fr\\\/#organization\",\"name\":\"Maison Roca\",\"url\":\"https:\\\/\\\/maisonroca.ad\\\/fr\\\/\",\"logo\":{\"@type\":\"ImageObject\",\"inLanguage\":\"fr-FR\",\"@id\":\"https:\\\/\\\/maisonroca.ad\\\/fr\\\/#\\\/schema\\\/logo\\\/image\\\/\",\"url\":\"https:\\\/\\\/maisonroca.ad\\\/wp-content\\\/uploads\\\/2023\\\/10\\\/icono.png\",\"contentUrl\":\"https:\\\/\\\/maisonroca.ad\\\/wp-content\\\/uploads\\\/2023\\\/10\\\/icono.png\",\"width\":512,\"height\":512,\"caption\":\"Maison Roca\"},\"image\":{\"@id\":\"https:\\\/\\\/maisonroca.ad\\\/fr\\\/#\\\/schema\\\/logo\\\/image\\\/\"},\"sameAs\":[\"https:\\\/\\\/www.facebook.com\\\/maisonroca\",\"https:\\\/\\\/www.instagram.com\\\/maisonroca\\\/\"]}]}<\/script>\n<meta property=\"product:price:amount\" content=\"3690.00\" \/>\n<meta property=\"product:price:currency\" content=\"EUR\" \/>\n<meta property=\"og:availability\" content=\"instock\" \/>\n<meta property=\"product:availability\" content=\"instock\" \/>\n<meta property=\"product:retailer_item_id\" content=\"POC5020 O7000 000TL\" \/>\n<meta property=\"product:condition\" content=\"new\" \/>\n<!-- \/ Yoast SEO Premium plugin. -->","yoast_head_json":{"title":"Boucles d\u2019oreilles Pomellato Nudo Mini or rose avec topaze London blue | Maison Roca","description":"Boucles d\u2019oreilles Pomellato Nudo Mini en or rose avec topaze London blue. Un design iconique et raffin\u00e9 qui sublime l\u2019\u00e9clat naturel de la pierre.","robots":{"index":"index","follow":"follow","max-snippet":"max-snippet:-1","max-image-preview":"max-image-preview:large","max-video-preview":"max-video-preview:-1"},"canonical":"https:\/\/maisonroca.ad\/fr\/boutique\/boucles-oreilles-pomellato-nudo-mini-or-rose-topaze-london-blue\/","og_locale":"fr_FR","og_type":"article","og_title":"BOUCLES D'OREILLES NUDO MINI EN OR ROSE ET TOPAZE LONDON BLUE","og_description":"Boucles d\u2019oreilles Pomellato Nudo Mini en or rose avec topaze London blue. Un design iconique et raffin\u00e9 qui sublime l\u2019\u00e9clat naturel de la pierre.","og_url":"https:\/\/maisonroca.ad\/fr\/boutique\/boucles-oreilles-pomellato-nudo-mini-or-rose-topaze-london-blue\/","og_site_name":"Maison Roca","article_publisher":"https:\/\/www.facebook.com\/maisonroca","article_modified_time":"2026-01-13T08:52:20+00:00","og_image":[{"width":1080,"height":1080,"url":"https:\/\/maisonroca.ad\/wp-content\/uploads\/2026\/01\/POC5020-O7000-000TL.jpg","type":"image\/jpeg"}],"twitter_card":"summary_large_image","twitter_misc":{"Prix":"3.690,00&nbsp;&euro;","Disponibilit\u00e9":"En stock"},"schema":{"@context":"https:\/\/schema.org","@graph":[{"@type":"WebPage","@id":"https:\/\/maisonroca.ad\/fr\/boutique\/boucles-oreilles-pomellato-nudo-mini-or-rose-topaze-london-blue\/","url":"https:\/\/maisonroca.ad\/fr\/boutique\/boucles-oreilles-pomellato-nudo-mini-or-rose-topaze-london-blue\/","name":"Boucles d\u2019oreilles Pomellato Nudo Mini or rose avec topaze London blue | Maison Roca","isPartOf":{"@id":"https:\/\/maisonroca.ad\/fr\/#website"},"primaryImageOfPage":{"@id":"https:\/\/maisonroca.ad\/fr\/boutique\/boucles-oreilles-pomellato-nudo-mini-or-rose-topaze-london-blue\/#primaryimage"},"image":{"@id":"https:\/\/maisonroca.ad\/fr\/boutique\/boucles-oreilles-pomellato-nudo-mini-or-rose-topaze-london-blue\/#primaryimage"},"thumbnailUrl":"https:\/\/maisonroca.ad\/wp-content\/uploads\/2026\/01\/POC5020-O7000-000TL.jpg","datePublished":"2026-01-13T08:26:34+00:00","dateModified":"2026-01-13T08:52:20+00:00","description":"Boucles d\u2019oreilles Pomellato Nudo Mini en or rose avec topaze London blue. Un design iconique et raffin\u00e9 qui sublime l\u2019\u00e9clat naturel de la pierre.","breadcrumb":{"@id":"https:\/\/maisonroca.ad\/fr\/boutique\/boucles-oreilles-pomellato-nudo-mini-or-rose-topaze-london-blue\/#breadcrumb"},"inLanguage":"fr-FR","potentialAction":[{"@type":"ReadAction","target":["https:\/\/maisonroca.ad\/fr\/boutique\/boucles-oreilles-pomellato-nudo-mini-or-rose-topaze-london-blue\/"]}]},{"@type":"ImageObject","inLanguage":"fr-FR","@id":"https:\/\/maisonroca.ad\/fr\/boutique\/boucles-oreilles-pomellato-nudo-mini-or-rose-topaze-london-blue\/#primaryimage","url":"https:\/\/maisonroca.ad\/wp-content\/uploads\/2026\/01\/POC5020-O7000-000TL.jpg","contentUrl":"https:\/\/maisonroca.ad\/wp-content\/uploads\/2026\/01\/POC5020-O7000-000TL.jpg","width":1080,"height":1080,"caption":"maison-roca-andorra-pomellato-arracades-nudo-mini-or-rosa-topazis-blue-london"},{"@type":"BreadcrumbList","@id":"https:\/\/maisonroca.ad\/fr\/boutique\/boucles-oreilles-pomellato-nudo-mini-or-rose-topaze-london-blue\/#breadcrumb","itemListElement":[{"@type":"ListItem","position":1,"name":"Portada","item":"https:\/\/maisonroca.ad\/fr\/"},{"@type":"ListItem","position":2,"name":"Botiga","item":"https:\/\/maisonroca.ad\/botiga\/"},{"@type":"ListItem","position":3,"name":"BOUCLES D&#8217;OREILLES NUDO MINI EN OR ROSE ET TOPAZE LONDON BLUE"}]},{"@type":"WebSite","@id":"https:\/\/maisonroca.ad\/fr\/#website","url":"https:\/\/maisonroca.ad\/fr\/","name":"Maison Roca","description":"Bold Luxury Life - joieria d&#039;autor - Andorra","publisher":{"@id":"https:\/\/maisonroca.ad\/fr\/#organization"},"potentialAction":[{"@type":"SearchAction","target":{"@type":"EntryPoint","urlTemplate":"https:\/\/maisonroca.ad\/fr\/?s={search_term_string}"},"query-input":{"@type":"PropertyValueSpecification","valueRequired":true,"valueName":"search_term_string"}}],"inLanguage":"fr-FR"},{"@type":"Organization","@id":"https:\/\/maisonroca.ad\/fr\/#organization","name":"Maison Roca","url":"https:\/\/maisonroca.ad\/fr\/","logo":{"@type":"ImageObject","inLanguage":"fr-FR","@id":"https:\/\/maisonroca.ad\/fr\/#\/schema\/logo\/image\/","url":"https:\/\/maisonroca.ad\/wp-content\/uploads\/2023\/10\/icono.png","contentUrl":"https:\/\/maisonroca.ad\/wp-content\/uploads\/2023\/10\/icono.png","width":512,"height":512,"caption":"Maison Roca"},"image":{"@id":"https:\/\/maisonroca.ad\/fr\/#\/schema\/logo\/image\/"},"sameAs":["https:\/\/www.facebook.com\/maisonroca","https:\/\/www.instagram.com\/maisonroca\/"]}]},"product_price_amount":"3690.00","product_price_currency":"EUR","og_availability":"instock","product_availability":"instock","product_retailer_item_id":"POC5020 O7000 000TL","product_condition":"new"},"_links":{"self":[{"href":"https:\/\/maisonroca.ad\/fr\/wp-json\/wp\/v2\/product\/82519","targetHints":{"allow":["GET"]}}],"collection":[{"href":"https:\/\/maisonroca.ad\/fr\/wp-json\/wp\/v2\/product"}],"about":[{"href":"https:\/\/maisonroca.ad\/fr\/wp-json\/wp\/v2\/types\/product"}],"replies":[{"embeddable":true,"href":"https:\/\/maisonroca.ad\/fr\/wp-json\/wp\/v2\/comments?post=82519"}],"version-history":[{"count":1,"href":"https:\/\/maisonroca.ad\/fr\/wp-json\/wp\/v2\/product\/82519\/revisions"}],"predecessor-version":[{"id":82520,"href":"https:\/\/maisonroca.ad\/fr\/wp-json\/wp\/v2\/product\/82519\/revisions\/82520"}],"wp:featuredmedia":[{"embeddable":true,"href":"https:\/\/maisonroca.ad\/fr\/wp-json\/wp\/v2\/media\/82504"}],"wp:attachment":[{"href":"https:\/\/maisonroca.ad\/fr\/wp-json\/wp\/v2\/media?parent=82519"}],"wp:term":[{"taxonomy":"product_brand","embeddable":true,"href":"https:\/\/maisonroca.ad\/fr\/wp-json\/wp\/v2\/product_brand?post=82519"},{"taxonomy":"product_cat","embeddable":true,"href":"https:\/\/maisonroca.ad\/fr\/wp-json\/wp\/v2\/product_cat?post=82519"},{"taxonomy":"product_tag","embeddable":true,"href":"https:\/\/maisonroca.ad\/fr\/wp-json\/wp\/v2\/product_tag?post=82519"}],"curies":[{"name":"wp","href":"https:\/\/api.w.org\/{rel}","templated":true}]}}